{"id":997,"date":"2022-04-19T16:38:59","date_gmt":"2022-04-19T19:38:59","guid":{"rendered":"http:\/\/dermacentro.com.br\/?page_id=997"},"modified":"2022-07-26T11:31:40","modified_gmt":"2022-07-26T14:31:40","slug":"bioestimulacao-com-hidroxiapatita-de-calcio","status":"publish","type":"page","link":"https:\/\/dermacentro.com.br\/index.php\/tratamentos-faciais\/bioestimulacao-com-hidroxiapatita-de-calcio\/","title":{"rendered":"Bioestimula\u00e7\u00e3o com Hidroxiapatita de C\u00e1lcio"},"content":{"rendered":"\t\t<div data-elementor-type=\"wp-page\" data-elementor-id=\"997\" class=\"elementor elementor-997\">\n\t\t\t\t\t\t<section class=\"elementor-section elementor-top-section elementor-element elementor-element-0c5fb4f elementor-section-stretched elementor-section-boxed elementor-section-height-default elementor-section-height-default\" data-id=\"0c5fb4f\" data-element_type=\"section\" data-settings=\"{&quot;stretch_section&quot;:&quot;section-stretched&quot;,&quot;background_background&quot;:&quot;classic&quot;}\">\n\t\t\t\t\t\t\t<div class=\"elementor-background-overlay\"><\/div>\n\t\t\t\t\t\t\t<div class=\"elementor-container elementor-column-gap-default\">\n\t\t\t\t\t<div class=\"elementor-column elementor-col-100 elementor-top-column elementor-element elementor-element-b33aa50\" data-id=\"b33aa50\" data-element_type=\"column\">\n\t\t\t<div class=\"elementor-widget-wrap elementor-element-populated\">\n\t\t\t\t\t\t\t<\/div>\n\t\t<\/div>\n\t\t\t\t\t<\/div>\n\t\t<\/section>\n\t\t\t\t<section class=\"elementor-section elementor-top-section elementor-element elementor-element-3e41c4a elementor-section-stretched elementor-section-boxed elementor-section-height-default elementor-section-height-default\" data-id=\"3e41c4a\" data-element_type=\"section\" data-settings=\"{&quot;stretch_section&quot;:&quot;section-stretched&quot;,&quot;background_background&quot;:&quot;classic&quot;}\">\n\t\t\t\t\t\t<div class=\"elementor-container elementor-column-gap-wider\">\n\t\t\t\t\t<div class=\"elementor-column elementor-col-100 elementor-top-column elementor-element elementor-element-b382ebe\" data-id=\"b382ebe\" data-element_type=\"column\">\n\t\t\t<div class=\"elementor-widget-wrap elementor-element-populated\">\n\t\t\t\t\t\t<section class=\"elementor-section elementor-inner-section elementor-element elementor-element-a05f91a elementor-section-boxed elementor-section-height-default elementor-section-height-default\" data-id=\"a05f91a\" data-element_type=\"section\">\n\t\t\t\t\t\t<div class=\"elementor-container elementor-column-gap-default\">\n\t\t\t\t\t<div class=\"elementor-column elementor-col-50 elementor-inner-column elementor-element elementor-element-530dd7b\" data-id=\"530dd7b\" data-element_type=\"column\">\n\t\t\t<div class=\"elementor-widget-wrap elementor-element-populated\">\n\t\t\t\t\t\t<div class=\"elementor-element elementor-element-4d5caeb elementor-widget elementor-widget-image\" data-id=\"4d5caeb\" data-element_type=\"widget\" data-widget_type=\"image.default\">\n\t\t\t\t<div class=\"elementor-widget-container\">\n\t\t\t<style>\/*! elementor - v3.23.0 - 05-08-2024 *\/\n.elementor-widget-image{text-align:center}.elementor-widget-image a{display:inline-block}.elementor-widget-image a img[src$=\".svg\"]{width:48px}.elementor-widget-image img{vertical-align:middle;display:inline-block}<\/style>\t\t\t\t\t\t\t\t\t\t<img fetchpriority=\"high\" width=\"780\" height=\"1135\" src=\"https:\/\/dermacentro.com.br\/wp-content\/uploads\/2022\/07\/bioestimulacao-2.webp\" class=\"attachment-full size-full wp-image-2054\" alt=\"\" srcset=\"https:\/\/dermacentro.com.br\/wp-content\/uploads\/2022\/07\/bioestimulacao-2.webp 780w, https:\/\/dermacentro.com.br\/wp-content\/uploads\/2022\/07\/bioestimulacao-2-206x300.webp 206w, https:\/\/dermacentro.com.br\/wp-content\/uploads\/2022\/07\/bioestimulacao-2-704x1024.webp 704w, https:\/\/dermacentro.com.br\/wp-content\/uploads\/2022\/07\/bioestimulacao-2-768x1118.webp 768w, https:\/\/dermacentro.com.br\/wp-content\/uploads\/2022\/07\/bioestimulacao-2-100x146.webp 100w, https:\/\/dermacentro.com.br\/wp-content\/uploads\/2022\/07\/bioestimulacao-2-34x50.webp 34w, https:\/\/dermacentro.com.br\/wp-content\/uploads\/2022\/07\/bioestimulacao-2-52x75.webp 52w\" sizes=\"(max-width: 780px) 100vw, 780px\" \/>\t\t\t\t\t\t\t\t\t\t\t\t\t<\/div>\n\t\t\t\t<\/div>\n\t\t\t\t\t<\/div>\n\t\t<\/div>\n\t\t\t\t<div class=\"elementor-column elementor-col-50 elementor-inner-column elementor-element elementor-element-8599277\" data-id=\"8599277\" data-element_type=\"column\">\n\t\t\t<div class=\"elementor-widget-wrap elementor-element-populated\">\n\t\t\t\t\t\t<div class=\"elementor-element elementor-element-d53fc86 elementor-widget elementor-widget-text-editor\" data-id=\"d53fc86\" data-element_type=\"widget\" data-widget_type=\"text-editor.default\">\n\t\t\t\t<div class=\"elementor-widget-container\">\n\t\t\t<style>\/*! elementor - v3.23.0 - 05-08-2024 *\/\n.elementor-widget-text-editor.elementor-drop-cap-view-stacked .elementor-drop-cap{background-color:#69727d;color:#fff}.elementor-widget-text-editor.elementor-drop-cap-view-framed .elementor-drop-cap{color:#69727d;border:3px solid;background-color:transparent}.elementor-widget-text-editor:not(.elementor-drop-cap-view-default) .elementor-drop-cap{margin-top:8px}.elementor-widget-text-editor:not(.elementor-drop-cap-view-default) .elementor-drop-cap-letter{width:1em;height:1em}.elementor-widget-text-editor .elementor-drop-cap{float:left;text-align:center;line-height:1;font-size:50px}.elementor-widget-text-editor .elementor-drop-cap-letter{display:inline-block}<\/style>\t\t\t\t<h3><span style=\"color: #ffffff;\">O que \u00e9?<\/span><\/h3>\t\t\t\t\t\t<\/div>\n\t\t\t\t<\/div>\n\t\t\t\t<div class=\"elementor-element elementor-element-444a6ba elementor-widget elementor-widget-text-editor\" data-id=\"444a6ba\" data-element_type=\"widget\" data-widget_type=\"text-editor.default\">\n\t\t\t\t<div class=\"elementor-widget-container\">\n\t\t\t\t\t\t\t<p>A Hidroxiapatita de C\u00e1lcio \u00e9 um misto de preenchedor e bioestimulador de col\u00e1geno totalmente absorv\u00edvel pelo organismo.<\/p><p>Utilizado no tratamento e preven\u00e7\u00e3o da flacidez de pele.<\/p><p>Seus resultados s\u00e3o extremamente naturais, gradativos e duradouros.<\/p><p>A Hidroxiapatita de C\u00e1lcio atua na pele de dentro para fora, melhorando a flacidez, o volume e o contorno, suavizando os sinais de envelhecimento e deixando a pele mais sedosa.<\/p><h4><span style=\"color: #ffffff;\">O que \u00e9 a T\u00e9cnica de Bioestimula\u00e7\u00e3o?<\/span><\/h4><p>T\u00e9cnica que se utiliza de subst\u00e2ncias que estimulam a atividade das c\u00e9lulas produtoras de\u00a0col\u00e1geno que \u00e9 uma prote\u00edna estrutural que est\u00e1 presente na matriz que sustenta a pele, entremeada a fibras de elastina, ambas misturadas ao nosso pr\u00f3prio \u00e1cido hialur\u00f4nico. O col\u00e1geno \u00e9 respons\u00e1vel por grande parte das propriedades f\u00edsicas da pele, auxiliando na sua sustenta\u00e7\u00e3o e flexibilidade. Ou seja, sua fun\u00e7\u00e3o \u00e9 manter as c\u00e9lulas unidas, o que se traduz em uma pele firme e consistente.<\/p><p>Com o envelhecimento, ocorre a perda do col\u00e1geno e afrouxamento das liga\u00e7\u00f5es entre as c\u00e9lulas da pele, o que resultar\u00e1 em flacidez de pele.<\/p>\t\t\t\t\t\t<\/div>\n\t\t\t\t<\/div>\n\t\t\t\t\t<\/div>\n\t\t<\/div>\n\t\t\t\t\t<\/div>\n\t\t<\/section>\n\t\t\t\t\t<\/div>\n\t\t<\/div>\n\t\t\t\t\t<\/div>\n\t\t<\/section>\n\t\t\t\t<section class=\"elementor-section elementor-top-section elementor-element elementor-element-23c64f6 elementor-section-stretched elementor-section-boxed elementor-section-height-default elementor-section-height-default\" data-id=\"23c64f6\" data-element_type=\"section\" data-settings=\"{&quot;stretch_section&quot;:&quot;section-stretched&quot;,&quot;background_background&quot;:&quot;classic&quot;}\">\n\t\t\t\t\t\t<div class=\"elementor-container elementor-column-gap-wider\">\n\t\t\t\t\t<div class=\"elementor-column elementor-col-100 elementor-top-column elementor-element elementor-element-536a83c\" data-id=\"536a83c\" data-element_type=\"column\">\n\t\t\t<div class=\"elementor-widget-wrap elementor-element-populated\">\n\t\t\t\t\t\t<section class=\"elementor-section elementor-inner-section elementor-element elementor-element-21d1228 elementor-section-boxed elementor-section-height-default elementor-section-height-default\" data-id=\"21d1228\" data-element_type=\"section\">\n\t\t\t\t\t\t<div class=\"elementor-container elementor-column-gap-default\">\n\t\t\t\t\t<div class=\"elementor-column elementor-col-100 elementor-inner-column elementor-element elementor-element-5128357\" data-id=\"5128357\" data-element_type=\"column\">\n\t\t\t<div class=\"elementor-widget-wrap elementor-element-populated\">\n\t\t\t\t\t\t<div class=\"elementor-element elementor-element-942eadf elementor-widget elementor-widget-text-editor\" data-id=\"942eadf\" data-element_type=\"widget\" data-widget_type=\"text-editor.default\">\n\t\t\t\t<div class=\"elementor-widget-container\">\n\t\t\t\t\t\t\t<h4 style=\"text-align: left;\">O que \u00e9\u00a0Hidroxiapatita de Calcio?<\/h4><p style=\"text-align: left;\">\u00c9 um material biocompat\u00edvel e biodegrad\u00e1vel, n\u00e3o t\u00f3xico, que tem a propriedade de bioestimular os tecidos nos quais ela \u00e9 injetada.<\/p><p style=\"text-align: left;\">Utilizada amplamente nos Estados Unidos, no Brasil \u00e9 conhecida h\u00e1 muito por seu uso Odontol\u00f3gico e Ortop\u00e9dico com objetivo de estimular a neoforma\u00e7\u00e3o \u00f3ssea.<\/p><p style=\"text-align: left;\">\u00c9 constitu\u00eddo por pequenas microesferas extremamente lisas e regulares, suspensas em gel aquoso, de f\u00e1cil aplica\u00e7\u00e3o.<\/p><p style=\"text-align: left;\">\u00a0Por ser uma substancia bioestimuladora, quando colocada pr\u00f3xima ao osso, possibilita a forma\u00e7\u00e3o de osso; quando colocada nos tecidos moles, produz um\u00a0est\u00edmulo que leva a prolifera\u00e7\u00e3o de fibroblastos (c\u00e9lulas produtoras de col\u00e1geno), e consequente forma\u00e7\u00e3o de grande quantidade de fibras col\u00e1genas na regi\u00e3o do implante.<\/p><p style=\"text-align: left;\">O gel e as microesferas formam um ambiente que estimula a produ\u00e7\u00e3o de col\u00e1geno e o crescimento tecidual na zona de aplica\u00e7\u00e3o. Com\u00a0o passar do tempo o organismo absorve o gel e o col\u00e1geno em crescimento vai se infiltrando e ocupando o espa\u00e7o com o pr\u00f3prio tecido natural do paciente.<\/p><p style=\"text-align: left;\">As microesferas continuam a servir de suporte para que o organismo produza novo tecido at\u00e9 que estas sejam naturalmente absorvidas. Mais\u00a0do que um efeito de preenchimento, reconstr\u00f3i as camadas da pele e os resultados s\u00e3o imediatos e duradouros. Ao final de 16 semanas o novo col\u00e1geno est\u00e1\u00a0instalado em torno das part\u00edculas.<\/p><p style=\"text-align: left;\">\u00a0As microesferas de hidroxiapatita de c\u00e1lcio tem sido utilizada h\u00e1 d\u00e9cadas com seguran\u00e7a para um vasto leque de aplica\u00e7\u00f5es cl\u00ednicas &#8211; da ortopedia a\u00a0odontologia &#8211; nunca tendo sido reportados efeitos secund\u00e1rios ou colaterais indesejados ou significativos.<\/p><h4 style=\"text-align: left;\">Indica\u00e7\u00f5es:<\/h4><ul><li style=\"text-align: left;\">Flacidez Face<\/li><li style=\"text-align: left;\">Flacidez Corpo<\/li><li style=\"text-align: left;\">Rejuvenescimento Pesco\u00e7o<\/li><li style=\"text-align: left;\">Rejuvenescimento M\u00e3os<\/li><li style=\"text-align: left;\">Celulite Fl\u00e1cida<\/li><li style=\"text-align: left;\">Estrias Atr\u00f3ficas<\/li><li style=\"text-align: left;\">Cicatrizes de Acne<\/li><\/ul><h4 style=\"text-align: left;\">Como \u00e9 o Procedimeto?<\/h4><p style=\"text-align: left;\">O procedimento \u00e9 simples, r\u00e1pido, realizado no consult\u00f3rio, sob anestesia t\u00f3pica (cremes anest\u00e9sicos) ou anestesia de bloqueio local (semelhante \u00e0 usada\u00a0pelos dentistas).<\/p><p style=\"text-align: left;\">Para melhorar o conforto durante a aplica\u00e7\u00e3o \u00e9 aprovada a mistura com lidoca\u00edna, deixando a aplica\u00e7\u00e3o ainda mais f\u00e1cil.<\/p><p style=\"text-align: left;\">A subst\u00e2ncia preenchedora \u00e9 aplicada na camada d\u00e9rmica, criando estruturas que servir\u00e3o de suporte para o col\u00e1geno que ser\u00e1 produzido, aumentando o\u00a0t\u00f4nus da pele e a sua sustenta\u00e7\u00e3o.<\/p><p style=\"text-align: left;\">\u00a0Os seus resultados s\u00e3o progressivos.<\/p><p style=\"text-align: left;\">\u00a0Pode ser necess\u00e1ria a realiza\u00e7\u00e3o de mais de uma sess\u00e3o, dependendo do caso, o que ser\u00e1 repetido ap\u00f3s intervalos mensais.<\/p><h4 style=\"text-align: left;\">Quanto tempo dura o efeito do Preenchimento com Hidroxiapatita de C\u00e1lcio?<\/h4><p style=\"text-align: left;\">\u00a0Sua durabilidade \u00e9 vari\u00e1vel, mas pode at\u00e9 atingir at\u00e9 36 meses, sem apresentar migra\u00e7\u00e3o.<\/p><p style=\"text-align: left;\">\u00a0A varia\u00e7\u00e3o quanto a sua durabilidade depende do volume de Hidroxiapatita de C\u00e1lcio utilizado, da dieta e do metabolismo individual de cada paciente.<\/p><p style=\"text-align: left;\">Pacientes que n\u00e3o consomem prote\u00edna em quantidade adequada podem apresentar resultados mais pobres.<\/p>\t\t\t\t\t\t<\/div>\n\t\t\t\t<\/div>\n\t\t\t\t\t<\/div>\n\t\t<\/div>\n\t\t\t\t\t<\/div>\n\t\t<\/section>\n\t\t\t\t\t<\/div>\n\t\t<\/div>\n\t\t\t\t\t<\/div>\n\t\t<\/section>\n\t\t\t\t<section class=\"elementor-section elementor-top-section elementor-element elementor-element-1e396e2 elementor-section-stretched elementor-section-boxed elementor-section-height-default elementor-section-height-default\" data-id=\"1e396e2\" data-element_type=\"section\" data-settings=\"{&quot;stretch_section&quot;:&quot;section-stretched&quot;,&quot;background_background&quot;:&quot;classic&quot;}\">\n\t\t\t\t\t\t<div class=\"elementor-container elementor-column-gap-wider\">\n\t\t\t\t\t<div class=\"elementor-column elementor-col-100 elementor-top-column elementor-element elementor-element-c87c65b\" data-id=\"c87c65b\" data-element_type=\"column\">\n\t\t\t<div class=\"elementor-widget-wrap elementor-element-populated\">\n\t\t\t\t\t\t<div class=\"elementor-element elementor-element-1e20649 elementor-widget elementor-widget-text-editor\" data-id=\"1e20649\" data-element_type=\"widget\" data-widget_type=\"text-editor.default\">\n\t\t\t\t<div class=\"elementor-widget-container\">\n\t\t\t\t\t\t\t<h4><span style=\"color: #ffffff;\">Como \u00e9 o P\u00f3s-Procedimento?<\/span><\/h4><p>N\u00e3o s\u00e3o necess\u00e1rios cuidados especiais nem o afastamento das atividades de rotina nos primeiros dias depois de sua realiza\u00e7\u00e3o.<\/p><p>Imediatamente ap\u00f3s o procedimento, pode ocorrer incha\u00e7o, vermelhid\u00e3o ou arroxeamento tempor\u00e1rio.<\/p><p>Estes normalmente involuem e desaparecem\u00a0espontaneamente em alguns dias.\u00a0<\/p><p><span style=\"letter-spacing: 0px;\">Podem ser aplicadas compressas geladas por cerca de dez minutos a cada 3 horas nos dois primeiros dias, ap\u00f3s a sess\u00e3o.<\/span><\/p><p>O uso de analg\u00e9sicos \u00e9 desnecess\u00e1rio, na maioria das vezes.<\/p><p>O paciente \u00e9 orientado a massagear os locais da aplica\u00e7\u00e3o, 2 x ao dia, nos primeiros 7 dias, ap\u00f3s a aplica\u00e7\u00e3o, para evitar a forma\u00e7\u00e3o de pequenos ac\u00famulos do produto.<\/p><p>Maquiagem corretiva pode ser aplicada 24 horas, ap\u00f3s o tratamento.<\/p><p>Procedimentos de apoio como drenagem linf\u00e1tica facial, radiofrequ\u00eancia, laser para remo\u00e7\u00e3o de manchas roxas e fototerapia por LED podem ser usados associados nos primeiros dias ap\u00f3s o\u00a0procedimento, uma vez que aceleram a involu\u00e7\u00e3o do processo inflamat\u00f3rio, facilitando a elimina\u00e7\u00e3o dos incha\u00e7os e arroxeados.<\/p><p><span style=\"letter-spacing: 0px;\">Durante o per\u00edodo em que houver manchas arroxeadas, podem ser aplicadas pomadas pr\u00f3prias para sua redu\u00e7\u00e3o.<\/span><\/p><p>Neste per\u00edodo, o sol deve ser evitado.<\/p><p>Exerc\u00edcios podem ser retomados em aproximadamente vinte e quatro horas ap\u00f3s a sess\u00e3o.<\/p><p>\u00a0<\/p><h4><span style=\"letter-spacing: 0px; color: #ffffff;\">Quantas sess\u00f5es s\u00e3o necess\u00e1rias?<\/span><\/h4><p><span style=\"letter-spacing: 0px;\">O n\u00famero de sess\u00f5es necess\u00e1rias vai variar de acordo com o caso e com a expectativa do paciente.<\/span><\/p><p>Pode ser necess\u00e1ria a realiza\u00e7\u00e3o de mais de uma sess\u00e3o, dependendo do caso, o que ser\u00e1 repetido ap\u00f3s intervalos mensais.<\/p><p>A associa\u00e7\u00e3o com aparelhos de tecnologia como o Ultrassom Microfocado e a<\/p><p>Radiofrequ\u00eancia s\u00e3o comprovadamente eficazes e potencializam exponencialmente os resultados finais alcan\u00e7ados.<\/p><h4><span style=\"letter-spacing: 0px; color: #ffffff;\">H\u00e1 algum efeito colateral?<\/span><\/h4><p><span style=\"letter-spacing: 0px;\">Os efeitos colaterais s\u00e3o m\u00ednimos e geralmente relacionados ao local da inje\u00e7\u00e3o.<\/span><\/p><p>\u00a0Dores ou forma\u00e7\u00e3o de leves arroxeados podem ocorrer pr\u00f3ximo aos locais de inje\u00e7\u00e3o.<\/p><p>Maquiagem corretiva pode ser usada a partir de 24 horas ap\u00f3s o tratamento.<\/p><p>Os poss\u00edveis efeitos s\u00e3o leves e tempor\u00e1rios e n\u00e3o limitam significativamente as atividades do paciente.<\/p><h4><span style=\"letter-spacing: 0px; color: #ffffff;\">Contraindica\u00e7\u00f5es:<\/span><\/h4><ul><li>Gestantes;<\/li><li>Lactentes;<\/li><li>Imunossuprimidos;<\/li><li>Pacientes portadores de doen\u00e7as auto-imunes.<\/li><\/ul>\t\t\t\t\t\t<\/div>\n\t\t\t\t<\/div>\n\t\t\t\t\t<\/div>\n\t\t<\/div>\n\t\t\t\t\t<\/div>\n\t\t<\/section>\n\t\t\t\t<section class=\"elementor-section elementor-top-section elementor-element elementor-element-1e1d461 elementor-section-stretched elementor-section-boxed elementor-section-height-default elementor-section-height-default\" data-id=\"1e1d461\" data-element_type=\"section\" data-settings=\"{&quot;stretch_section&quot;:&quot;section-stretched&quot;}\">\n\t\t\t\t\t\t<div class=\"elementor-container elementor-column-gap-wider\">\n\t\t\t\t\t<div class=\"elementor-column elementor-col-100 elementor-top-column elementor-element elementor-element-98eea6e\" data-id=\"98eea6e\" data-element_type=\"column\">\n\t\t\t<div class=\"elementor-widget-wrap elementor-element-populated\">\n\t\t\t\t\t\t<section class=\"elementor-section elementor-inner-section elementor-element elementor-element-8caea67 elementor-section-boxed elementor-section-height-default elementor-section-height-default\" data-id=\"8caea67\" data-element_type=\"section\" data-settings=\"{&quot;background_background&quot;:&quot;classic&quot;}\">\n\t\t\t\t\t\t<div class=\"elementor-container elementor-column-gap-default\">\n\t\t\t\t\t<div class=\"elementor-column elementor-col-100 elementor-inner-column elementor-element elementor-element-7cbc67d\" data-id=\"7cbc67d\" data-element_type=\"column\" data-settings=\"{&quot;background_background&quot;:&quot;classic&quot;}\">\n\t\t\t<div class=\"elementor-widget-wrap elementor-element-populated\">\n\t\t\t\t\t\t<div class=\"elementor-element elementor-element-aa9989b elementor-widget elementor-widget-text-editor\" data-id=\"aa9989b\" data-element_type=\"widget\" data-widget_type=\"text-editor.default\">\n\t\t\t\t<div class=\"elementor-widget-container\">\n\t\t\t\t\t\t\t<h2><b>Contato<\/b><\/h2><div><b>Entre em contato conosco para tirar uma d\u00favida ou agendar uma consulta.<\/b><\/div>\t\t\t\t\t\t<\/div>\n\t\t\t\t<\/div>\n\t\t\t\t<div class=\"elementor-element elementor-element-d89342c elementor-widget elementor-widget-spacer\" data-id=\"d89342c\" data-element_type=\"widget\" data-widget_type=\"spacer.default\">\n\t\t\t\t<div class=\"elementor-widget-container\">\n\t\t\t<style>\/*! elementor - v3.23.0 - 05-08-2024 *\/\n.elementor-column .elementor-spacer-inner{height:var(--spacer-size)}.e-con{--container-widget-width:100%}.e-con-inner>.elementor-widget-spacer,.e-con>.elementor-widget-spacer{width:var(--container-widget-width,var(--spacer-size));--align-self:var(--container-widget-align-self,initial);--flex-shrink:0}.e-con-inner>.elementor-widget-spacer>.elementor-widget-container,.e-con>.elementor-widget-spacer>.elementor-widget-container{height:100%;width:100%}.e-con-inner>.elementor-widget-spacer>.elementor-widget-container>.elementor-spacer,.e-con>.elementor-widget-spacer>.elementor-widget-container>.elementor-spacer{height:100%}.e-con-inner>.elementor-widget-spacer>.elementor-widget-container>.elementor-spacer>.elementor-spacer-inner,.e-con>.elementor-widget-spacer>.elementor-widget-container>.elementor-spacer>.elementor-spacer-inner{height:var(--container-widget-height,var(--spacer-size))}.e-con-inner>.elementor-widget-spacer.elementor-widget-empty,.e-con>.elementor-widget-spacer.elementor-widget-empty{position:relative;min-height:22px;min-width:22px}.e-con-inner>.elementor-widget-spacer.elementor-widget-empty .elementor-widget-empty-icon,.e-con>.elementor-widget-spacer.elementor-widget-empty .elementor-widget-empty-icon{position:absolute;top:0;bottom:0;left:0;right:0;margin:auto;padding:0;width:22px;height:22px}<\/style>\t\t<div class=\"elementor-spacer\">\n\t\t\t<div class=\"elementor-spacer-inner\"><\/div>\n\t\t<\/div>\n\t\t\t\t<\/div>\n\t\t\t\t<\/div>\n\t\t\t\t<div class=\"elementor-element elementor-element-8c37a5d elementor-widget elementor-widget-shortcode\" data-id=\"8c37a5d\" data-element_type=\"widget\" data-widget_type=\"shortcode.default\">\n\t\t\t\t<div class=\"elementor-widget-container\">\n\t\t\t\t\t<div class=\"elementor-shortcode\">\n<div class=\"wpcf7 no-js\" id=\"wpcf7-f112-o1\" lang=\"en-US\" dir=\"ltr\">\n<div class=\"screen-reader-response\"><p role=\"status\" aria-live=\"polite\" aria-atomic=\"true\"><\/p> <ul><\/ul><\/div>\n<form action=\"\/index.php\/wp-json\/wp\/v2\/pages\/997#wpcf7-f112-o1\" method=\"post\" class=\"wpcf7-form init\" aria-label=\"Contact form\" novalidate=\"novalidate\" data-status=\"init\">\n<div style=\"display: none;\">\n<input type=\"hidden\" name=\"_wpcf7\" value=\"112\" \/>\n<input type=\"hidden\" name=\"_wpcf7_version\" value=\"5.7.7\" \/>\n<input type=\"hidden\" name=\"_wpcf7_locale\" value=\"en_US\" \/>\n<input type=\"hidden\" name=\"_wpcf7_unit_tag\" value=\"wpcf7-f112-o1\" \/>\n<input type=\"hidden\" name=\"_wpcf7_container_post\" value=\"0\" \/>\n<input type=\"hidden\" name=\"_wpcf7_posted_data_hash\" value=\"\" \/>\n<\/div>\n<div class=\"column one-second\">\n\t<p><span class=\"wpcf7-form-control-wrap\" data-name=\"your-name\"><input size=\"40\" class=\"wpcf7-form-control wpcf7-text wpcf7-validates-as-required\" aria-required=\"true\" aria-invalid=\"false\" placeholder=\"Nome\" value=\"\" type=\"text\" name=\"your-name\" \/><\/span>\n\t<\/p>\n<\/div>\n<div class=\"column one-second\">\n\t<p><span class=\"wpcf7-form-control-wrap\" data-name=\"your-phone\"><input size=\"40\" class=\"wpcf7-form-control wpcf7-text wpcf7-tel wpcf7-validates-as-tel\" aria-invalid=\"false\" placeholder=\"Telefone\" value=\"\" type=\"tel\" name=\"your-phone\" \/><\/span>\n\t<\/p>\n<\/div>\n<div class=\"column one\">\n\t<p><span class=\"wpcf7-form-control-wrap\" data-name=\"E-mail\"><input size=\"40\" class=\"wpcf7-form-control wpcf7-text wpcf7-email wpcf7-validates-as-required wpcf7-validates-as-email\" aria-required=\"true\" aria-invalid=\"false\" placeholder=\"E-mail\" value=\"\" type=\"email\" name=\"E-mail\" \/><\/span>\n\t<\/p>\n<\/div>\n<div class=\"column one\">\n\t<p><span class=\"wpcf7-form-control-wrap\" data-name=\"your-message\"><textarea cols=\"40\" rows=\"1\" class=\"wpcf7-form-control wpcf7-textarea\" aria-invalid=\"false\" placeholder=\"Mensagem\" name=\"your-message\"><\/textarea><\/span>\n\t<\/p>\n<\/div>\n<div class=\"column one\" style=\"text-align: center;\">\n\t<p><input class=\"wpcf7-form-control has-spinner wpcf7-submit\" type=\"submit\" value=\"Enviar Mensagem\" \/>\n\t<\/p>\n<\/div><div class=\"wpcf7-response-output\" aria-hidden=\"true\"><\/div>\n<\/form>\n<\/div>\n<\/div>\n\t\t\t\t<\/div>\n\t\t\t\t<\/div>\n\t\t\t\t\t<\/div>\n\t\t<\/div>\n\t\t\t\t\t<\/div>\n\t\t<\/section>\n\t\t\t\t\t<\/div>\n\t\t<\/div>\n\t\t\t\t\t<\/div>\n\t\t<\/section>\n\t\t\t\t<\/div>\n\t\t","protected":false},"excerpt":{"rendered":"<p>O que \u00e9? A Hidroxiapatita de C\u00e1lcio \u00e9 um misto de preenchedor e bioestimulador de col\u00e1geno totalmente absorv\u00edvel pelo organismo. Utilizado no tratamento e preven\u00e7\u00e3o da<span class=\"excerpt-hellip\"> [\u2026]<\/span><\/p>\n","protected":false},"author":1,"featured_media":0,"parent":976,"menu_order":0,"comment_status":"closed","ping_status":"closed","template":"","meta":{"_joinchat":[]},"_links":{"self":[{"href":"https:\/\/dermacentro.com.br\/index.php\/wp-json\/wp\/v2\/pages\/997"}],"collection":[{"href":"https:\/\/dermacentro.com.br\/index.php\/wp-json\/wp\/v2\/pages"}],"about":[{"href":"https:\/\/dermacentro.com.br\/index.php\/wp-json\/wp\/v2\/types\/page"}],"author":[{"embeddable":true,"href":"https:\/\/dermacentro.com.br\/index.php\/wp-json\/wp\/v2\/users\/1"}],"replies":[{"embeddable":true,"href":"https:\/\/dermacentro.com.br\/index.php\/wp-json\/wp\/v2\/comments?post=997"}],"version-history":[{"count":8,"href":"https:\/\/dermacentro.com.br\/index.php\/wp-json\/wp\/v2\/pages\/997\/revisions"}],"predecessor-version":[{"id":2057,"href":"https:\/\/dermacentro.com.br\/index.php\/wp-json\/wp\/v2\/pages\/997\/revisions\/2057"}],"up":[{"embeddable":true,"href":"https:\/\/dermacentro.com.br\/index.php\/wp-json\/wp\/v2\/pages\/976"}],"wp:attachment":[{"href":"https:\/\/dermacentro.com.br\/index.php\/wp-json\/wp\/v2\/media?parent=997"}],"curies":[{"name":"wp","href":"https:\/\/api.w.org\/{rel}","templated":true}]}}