{"id":979,"date":"2022-04-19T12:09:17","date_gmt":"2022-04-19T15:09:17","guid":{"rendered":"http:\/\/dermacentro.com.br\/?page_id=979"},"modified":"2022-08-18T20:16:30","modified_gmt":"2022-08-18T23:16:30","slug":"toxina-botulinica","status":"publish","type":"page","link":"https:\/\/dermacentro.com.br\/index.php\/tratamentos-faciais\/toxina-botulinica\/","title":{"rendered":"Toxina Botul\u00ednica"},"content":{"rendered":"\t\t<div data-elementor-type=\"wp-page\" data-elementor-id=\"979\" class=\"elementor elementor-979\">\n\t\t\t\t\t\t<section class=\"elementor-section elementor-top-section elementor-element elementor-element-0c5fb4f elementor-section-stretched elementor-section-boxed elementor-section-height-default elementor-section-height-default\" data-id=\"0c5fb4f\" data-element_type=\"section\" data-settings=\"{&quot;stretch_section&quot;:&quot;section-stretched&quot;,&quot;background_background&quot;:&quot;classic&quot;}\">\n\t\t\t\t\t\t\t<div class=\"elementor-background-overlay\"><\/div>\n\t\t\t\t\t\t\t<div class=\"elementor-container elementor-column-gap-default\">\n\t\t\t\t\t<div class=\"elementor-column elementor-col-100 elementor-top-column elementor-element elementor-element-b33aa50\" data-id=\"b33aa50\" data-element_type=\"column\">\n\t\t\t<div class=\"elementor-widget-wrap elementor-element-populated\">\n\t\t\t\t\t\t\t<\/div>\n\t\t<\/div>\n\t\t\t\t\t<\/div>\n\t\t<\/section>\n\t\t\t\t<section class=\"elementor-section elementor-top-section elementor-element elementor-element-3e41c4a elementor-section-stretched elementor-section-boxed elementor-section-height-default elementor-section-height-default\" data-id=\"3e41c4a\" data-element_type=\"section\" data-settings=\"{&quot;stretch_section&quot;:&quot;section-stretched&quot;,&quot;background_background&quot;:&quot;classic&quot;}\">\n\t\t\t\t\t\t<div class=\"elementor-container elementor-column-gap-wider\">\n\t\t\t\t\t<div class=\"elementor-column elementor-col-100 elementor-top-column elementor-element elementor-element-b382ebe\" data-id=\"b382ebe\" data-element_type=\"column\">\n\t\t\t<div class=\"elementor-widget-wrap elementor-element-populated\">\n\t\t\t\t\t\t<section class=\"elementor-section elementor-inner-section elementor-element elementor-element-a05f91a elementor-section-boxed elementor-section-height-default elementor-section-height-default\" data-id=\"a05f91a\" data-element_type=\"section\">\n\t\t\t\t\t\t<div class=\"elementor-container elementor-column-gap-default\">\n\t\t\t\t\t<div class=\"elementor-column elementor-col-50 elementor-inner-column elementor-element elementor-element-530dd7b\" data-id=\"530dd7b\" data-element_type=\"column\">\n\t\t\t<div class=\"elementor-widget-wrap elementor-element-populated\">\n\t\t\t\t\t\t<div class=\"elementor-element elementor-element-4d5caeb elementor-widget elementor-widget-image\" data-id=\"4d5caeb\" data-element_type=\"widget\" data-widget_type=\"image.default\">\n\t\t\t\t<div class=\"elementor-widget-container\">\n\t\t\t<style>\/*! elementor - v3.23.0 - 05-08-2024 *\/\n.elementor-widget-image{text-align:center}.elementor-widget-image a{display:inline-block}.elementor-widget-image a img[src$=\".svg\"]{width:48px}.elementor-widget-image img{vertical-align:middle;display:inline-block}<\/style>\t\t\t\t\t\t\t\t\t\t<img fetchpriority=\"high\" width=\"1062\" height=\"708\" src=\"https:\/\/dermacentro.com.br\/wp-content\/uploads\/2022\/08\/toxina.webp\" class=\"attachment-full size-full wp-image-2418\" alt=\"\" srcset=\"https:\/\/dermacentro.com.br\/wp-content\/uploads\/2022\/08\/toxina.webp 1062w, https:\/\/dermacentro.com.br\/wp-content\/uploads\/2022\/08\/toxina-300x200.webp 300w, https:\/\/dermacentro.com.br\/wp-content\/uploads\/2022\/08\/toxina-1024x683.webp 1024w, https:\/\/dermacentro.com.br\/wp-content\/uploads\/2022\/08\/toxina-768x512.webp 768w, https:\/\/dermacentro.com.br\/wp-content\/uploads\/2022\/08\/toxina-219x146.webp 219w, https:\/\/dermacentro.com.br\/wp-content\/uploads\/2022\/08\/toxina-50x33.webp 50w, https:\/\/dermacentro.com.br\/wp-content\/uploads\/2022\/08\/toxina-113x75.webp 113w\" sizes=\"(max-width: 1062px) 100vw, 1062px\" \/>\t\t\t\t\t\t\t\t\t\t\t\t\t<\/div>\n\t\t\t\t<\/div>\n\t\t\t\t\t<\/div>\n\t\t<\/div>\n\t\t\t\t<div class=\"elementor-column elementor-col-50 elementor-inner-column elementor-element elementor-element-8599277\" data-id=\"8599277\" data-element_type=\"column\">\n\t\t\t<div class=\"elementor-widget-wrap elementor-element-populated\">\n\t\t\t\t\t\t<div class=\"elementor-element elementor-element-d53fc86 elementor-widget elementor-widget-text-editor\" data-id=\"d53fc86\" data-element_type=\"widget\" data-widget_type=\"text-editor.default\">\n\t\t\t\t<div class=\"elementor-widget-container\">\n\t\t\t<style>\/*! elementor - v3.23.0 - 05-08-2024 *\/\n.elementor-widget-text-editor.elementor-drop-cap-view-stacked .elementor-drop-cap{background-color:#69727d;color:#fff}.elementor-widget-text-editor.elementor-drop-cap-view-framed .elementor-drop-cap{color:#69727d;border:3px solid;background-color:transparent}.elementor-widget-text-editor:not(.elementor-drop-cap-view-default) .elementor-drop-cap{margin-top:8px}.elementor-widget-text-editor:not(.elementor-drop-cap-view-default) .elementor-drop-cap-letter{width:1em;height:1em}.elementor-widget-text-editor .elementor-drop-cap{float:left;text-align:center;line-height:1;font-size:50px}.elementor-widget-text-editor .elementor-drop-cap-letter{display:inline-block}<\/style>\t\t\t\t<h3><span style=\"color: #ffffff;\">O que \u00e9?<\/span><\/h3>\t\t\t\t\t\t<\/div>\n\t\t\t\t<\/div>\n\t\t\t\t<div class=\"elementor-element elementor-element-444a6ba elementor-widget elementor-widget-text-editor\" data-id=\"444a6ba\" data-element_type=\"widget\" data-widget_type=\"text-editor.default\">\n\t\t\t\t<div class=\"elementor-widget-container\">\n\t\t\t\t\t\t\t<p>A aplica\u00e7\u00e3o de toxina botul\u00ednica \u00e9 o procedimento est\u00e9tico mais realizado no mundo.<\/p><p>Usada para atenuar as linhas de express\u00e3o, chamadas rugas din\u00e2micas que se formam devido ao cont\u00ednuo movimento da express\u00e3o facial, como aquelas formadas ao redor dos olhos quando sorrimos e na regi\u00e3o da testa.<\/p><p>As linhas de express\u00e3o d\u00e3o ao rosto um aspecto entristecido e carrancudo, al\u00e9m de envelhecerem a face. Sendo assim, conclu\u00edmos que o melhor a fazer \u00e9 prevenir sua forma\u00e7\u00e3o.<\/p><p>\u00c9 um tratamente seguro, eficaz e com incr\u00edvel \u00edndice de sucesso e satisfa\u00e7\u00e3o.<\/p><h4><span style=\"color: #ffffff;\">O que \u00e9 a Toxina Botul\u00ednica?<\/span><\/h4><p>\u00c9 uma prote\u00edna produzida por uma bact\u00e9ria, o Clostridium Botulinum, que \u00e9 isolada e purificada, sendo utilizada com muita seguran\u00e7a na pr\u00e1tica m\u00e9dica, h\u00e1 aproximadamente 30 anos.<\/p><p>Mesmo sendo a mesma subst\u00e2ncia causadora do botulismo, ap\u00f3s anos de estudo e pesquisa exaustiva concluiu-se que se utilizada em pequenas quantidades inibiria a libera\u00e7\u00e3o de um neurotransmissor respons\u00e1vel pela contra\u00e7\u00e3o muscular, prevenindo a forma\u00e7\u00e3o das rugas de express\u00e3o.<\/p>\t\t\t\t\t\t<\/div>\n\t\t\t\t<\/div>\n\t\t\t\t\t<\/div>\n\t\t<\/div>\n\t\t\t\t\t<\/div>\n\t\t<\/section>\n\t\t\t\t\t<\/div>\n\t\t<\/div>\n\t\t\t\t\t<\/div>\n\t\t<\/section>\n\t\t\t\t<section class=\"elementor-section elementor-top-section elementor-element elementor-element-23c64f6 elementor-section-stretched elementor-section-boxed elementor-section-height-default elementor-section-height-default\" data-id=\"23c64f6\" data-element_type=\"section\" data-settings=\"{&quot;stretch_section&quot;:&quot;section-stretched&quot;,&quot;background_background&quot;:&quot;classic&quot;}\">\n\t\t\t\t\t\t<div class=\"elementor-container elementor-column-gap-wider\">\n\t\t\t\t\t<div class=\"elementor-column elementor-col-100 elementor-top-column elementor-element elementor-element-536a83c\" data-id=\"536a83c\" data-element_type=\"column\">\n\t\t\t<div class=\"elementor-widget-wrap elementor-element-populated\">\n\t\t\t\t\t\t<section class=\"elementor-section elementor-inner-section elementor-element elementor-element-21d1228 elementor-section-boxed elementor-section-height-default elementor-section-height-default\" data-id=\"21d1228\" data-element_type=\"section\">\n\t\t\t\t\t\t<div class=\"elementor-container elementor-column-gap-default\">\n\t\t\t\t\t<div class=\"elementor-column elementor-col-100 elementor-inner-column elementor-element elementor-element-5128357\" data-id=\"5128357\" data-element_type=\"column\">\n\t\t\t<div class=\"elementor-widget-wrap elementor-element-populated\">\n\t\t\t\t\t\t<div class=\"elementor-element elementor-element-942eadf elementor-widget elementor-widget-text-editor\" data-id=\"942eadf\" data-element_type=\"widget\" data-widget_type=\"text-editor.default\">\n\t\t\t\t<div class=\"elementor-widget-container\">\n\t\t\t\t\t\t\t<h4 style=\"text-align: left;\">Para que \u00e9 usada a toxina botul\u00ednica?<\/h4><p style=\"text-align: left;\">\u00c9 usada para eliminar ou amenizar temporariamente rugas de express\u00e3o, as rugas din\u00e2micas que geralmente se formam na testa e ao redor dos olhos, evitando que estas marquem a pele, evitando a forma\u00e7\u00e3o dos sinais de envelhecimento, e proporcionando ao rosto um aspecto mais relaxado e descansado.<\/p><p style=\"text-align: left;\">Incrivelmente eficaz para elevar as sobrancelhas e dar um aspecto mais suave ao olhar.<\/p><p style=\"text-align: left;\">Tamb\u00e9m utilizada para prevenir a flacidez da regi\u00e3o mandibular (o aspecto de \u201cbuldogue\u201d), atrav\u00e9s da aplica\u00e7\u00e3o em pontos espec\u00edficos, realizando o que chamamos de<\/p><p style=\"text-align: left;\">Lift de Nefertite.<\/p><p style=\"text-align: left;\">Utilizada na regi\u00e3o do pesco\u00e7o atenua as bandas do m\u00fasculo chamado Platisma, devolvendo a apar\u00eancia lisa do pesco\u00e7o e diminuindo a \u201cpapada\u201d quando esta \u00e9 formada por excesso de flacidez da musculatura da regi\u00e3o submandibular.<\/p><p style=\"text-align: left;\">\u00datil para elevar os cantos da boca e aliviar as linhas ao redor da boca, conhecidas popularmente como \u201cc\u00f3digo de barras\u201d.<\/p><p style=\"text-align: left;\">Excelente m\u00e9todo para prevenir as ruguinhas nasais e para elevar a ponta do nariz.<\/p><p style=\"text-align: left;\">Tamb\u00e9m utilizado para diminuir a intensidade de contra\u00e7\u00e3o da musculatura usada para a mastiga\u00e7\u00e3o, especialmente \u00fatil nos casos de bruxismo.<\/p><p style=\"text-align: left;\">A corre\u00e7\u00e3o de assimetrias faciais de casos de hipercinesia do rosto, tamb\u00e9m chamadas de \u201ctiques nervosos\u201d.<\/p><p style=\"text-align: left;\">Trata casos de sudorese excessiva (hiperidrose).<\/p><p style=\"text-align: left;\">Suas indica\u00e7\u00f5es s\u00e3o in\u00fameras nas outras \u00e1reas da medicina.<\/p><p style=\"text-align: left;\"><span style=\"color: #000000; font-family: Manrope, -apple-system, BlinkMacSystemFont, 'Segoe UI', Roboto, Oxygen-Sans, Ubuntu, Cantarell, 'Helvetica Neue', sans-serif; font-size: 24px; font-weight: bold; letter-spacing: 0px;\">Com que idade posso iniciar a aplica\u00e7\u00e3o da Toxina Botul\u00ednica?<\/span><\/p><p style=\"text-align: left;\">Qualquer adulto pode utilizar a Toxina Botul\u00ednica,desde que haja indica\u00e7\u00e3o precisa para isto.<\/p><p style=\"text-align: left;\">Sua utiliza\u00e7\u00e3o em pacientes muito jovens \u00e9 conhecido como Beautification que significa o embelezamento durante a idade adulta, tratando precocemente as \u00e1reas potencialmente cr\u00edticas, promovendo um envelhecer mais agrad\u00e1vel e suave.<\/p><p style=\"text-align: left;\">Atualmente, entende-se que quanto antes iniciarmos a preven\u00e7\u00e3o aos sinais de envelhecimento, melhor este ser\u00e1.\u00a0<\/p><p style=\"text-align: left;\"><span style=\"color: #000000; font-family: Manrope, -apple-system, BlinkMacSystemFont, 'Segoe UI', Roboto, Oxygen-Sans, Ubuntu, Cantarell, 'Helvetica Neue', sans-serif; font-size: 24px; font-weight: bold; letter-spacing: 0px;\">Como \u00e9 feita a aplica\u00e7\u00e3o?<\/span><\/p><p style=\"text-align: left;\">Em consult\u00f3rio m\u00e9dico. Na maioria dos casos, utilizam-se previamente cremes anest\u00e9sicos associados \u00e0 aplica\u00e7\u00e3o de gelo local para tornar mais confort\u00e1vel o procedimento.<\/p><p style=\"text-align: left;\">\u00a0\u00c9 extremamente bem tolerado e demora poucos minutos, sem necessidade de afastamento ou per\u00edodo de recupera\u00e7\u00e3o prolongado. A toxina botul\u00ednica inicia seu efeito de \u00a03 a 7 dias, ap\u00f3s o tratamento.<\/p><p style=\"text-align: left;\"><b>O sucesso do tratamento \u00e9 diretamente proporcional \u00e0 experi\u00eancia cl\u00ednica do m\u00e9dico injetor que escolher\u00e1 as \u00e1reas a serem tratadas e a quantidade ideal de produto a ser utilizado.<\/b><\/p>\t\t\t\t\t\t<\/div>\n\t\t\t\t<\/div>\n\t\t\t\t\t<\/div>\n\t\t<\/div>\n\t\t\t\t\t<\/div>\n\t\t<\/section>\n\t\t\t\t\t<\/div>\n\t\t<\/div>\n\t\t\t\t\t<\/div>\n\t\t<\/section>\n\t\t\t\t<section class=\"elementor-section elementor-top-section elementor-element elementor-element-1e396e2 elementor-section-stretched elementor-section-boxed elementor-section-height-default elementor-section-height-default\" data-id=\"1e396e2\" data-element_type=\"section\" data-settings=\"{&quot;stretch_section&quot;:&quot;section-stretched&quot;,&quot;background_background&quot;:&quot;classic&quot;}\">\n\t\t\t\t\t\t<div class=\"elementor-container elementor-column-gap-wider\">\n\t\t\t\t\t<div class=\"elementor-column elementor-col-100 elementor-top-column elementor-element elementor-element-c87c65b\" data-id=\"c87c65b\" data-element_type=\"column\">\n\t\t\t<div class=\"elementor-widget-wrap elementor-element-populated\">\n\t\t\t\t\t\t<div class=\"elementor-element elementor-element-1e20649 elementor-widget elementor-widget-text-editor\" data-id=\"1e20649\" data-element_type=\"widget\" data-widget_type=\"text-editor.default\">\n\t\t\t\t<div class=\"elementor-widget-container\">\n\t\t\t\t\t\t\t<h4><span style=\"color: #ffffff;\">Quanto tempo dura o efeito da Toxina Botul\u00ednica?<\/span><\/h4><p>\u00a0Os resultados geralmente duram de 3 a 6 meses.\u00a0 Antes do t\u00e9rmino gradual do seu efeito, ocorre a retomada gradual da a\u00e7\u00e3o muscular.<\/p><p>A reaplica\u00e7\u00e3o pode ser feita ap\u00f3s o t\u00e9rmino do efeito e seu intervalo ser\u00e1 determinado de acordo com a vontade do pr\u00f3prio paciente, n\u00e3o sendo aconselh\u00e1vel a repeti\u00e7\u00e3o da aplica\u00e7\u00e3o antes de decorridos 3 meses da \u00faltima aplica\u00e7\u00e3o.<\/p><p>Estudos comprovam que pacientes que praticam rotineiramente atividade f\u00edsica extremamente intensa, utilizam determinados tipos de medica\u00e7\u00e3o ou que vivem situa\u00e7\u00f5es extremas de stress emocional tendem a ter a durabilidade do produto diminu\u00edda.<\/p><h4><span style=\"color: #ffffff;\">H\u00e1 algum efeito colateral?<\/span><\/h4><p>Os efeitos colaterais s\u00e3o m\u00ednimos e geralmente relacionados ao local da inje\u00e7\u00e3o.<\/p><p>\u00a0Dores ou forma\u00e7\u00e3o de leves arroxeados podem ocorrer no local da inje\u00e7\u00e3o.<\/p><p>Maquiagem corretiva pode ser usada ap\u00f3s o tratamento.<\/p><p>Pode haver dor de cabe\u00e7a tempor\u00e1ria, especialmente ap\u00f3s o primeiro tratamento.<\/p><p>Os poss\u00edveis efeitos s\u00e3o leves e tempor\u00e1rios e n\u00e3o limitam significativamente as atividades do paciente.<\/p><p>H\u00e1 raros relatos de fraqueza tempor\u00e1ria dos m\u00fasculos vizinhos \u00e0 \u00e1rea da aplica\u00e7\u00e3o e de abaixamento da sobrancelha ou da p\u00e1lpebra. No improv\u00e1vel caso deste tipo de ocorr\u00eancia, m\u00e9todos auxiliares, como a eletroestimula\u00e7\u00e3o, podem ser utilizados para abreviar os efeitos indesejados.<\/p><p>\u00a0Por tratar-se da prote\u00edna isolada, praticamente n\u00e3o s\u00e3o descritos casos de alergia.<\/p><h4><span style=\"color: #ffffff;\">Cuidados P\u00f3s-Procedimento:<\/span><\/h4><p>Ap\u00f3s a aplica\u00e7\u00e3o, o paciente pode movimentar muito os m\u00fasculos tratados para potencializar a a\u00e7\u00e3o da toxina.<\/p><p>\u00c9 ultrapassado o conceito de que se deve evitar abaixar a cabe\u00e7a e n\u00e3o deitar durante as quatro primeiras horas.<\/p><p>Exerc\u00edcios podem ser retomados no mesmo dia.<\/p><h4><span style=\"letter-spacing: 0px; color: #ffffff;\">Contraindica\u00e7\u00f5es:<\/span><\/h4><ul><li>Gestantes;<\/li><li>Lactentes;<\/li><li>Imunossuprimidos;<\/li><li>Pacientes com infec\u00e7\u00e3o de pele e portadores de distrofias musculares.<\/li><\/ul>\t\t\t\t\t\t<\/div>\n\t\t\t\t<\/div>\n\t\t\t\t\t<\/div>\n\t\t<\/div>\n\t\t\t\t\t<\/div>\n\t\t<\/section>\n\t\t\t\t<section class=\"elementor-section elementor-top-section elementor-element elementor-element-1e1d461 elementor-section-stretched elementor-section-boxed elementor-section-height-default elementor-section-height-default\" data-id=\"1e1d461\" data-element_type=\"section\" data-settings=\"{&quot;stretch_section&quot;:&quot;section-stretched&quot;}\">\n\t\t\t\t\t\t<div class=\"elementor-container elementor-column-gap-wider\">\n\t\t\t\t\t<div class=\"elementor-column elementor-col-100 elementor-top-column elementor-element elementor-element-98eea6e\" data-id=\"98eea6e\" data-element_type=\"column\">\n\t\t\t<div class=\"elementor-widget-wrap elementor-element-populated\">\n\t\t\t\t\t\t<section class=\"elementor-section elementor-inner-section elementor-element elementor-element-8caea67 elementor-section-boxed elementor-section-height-default elementor-section-height-default\" data-id=\"8caea67\" data-element_type=\"section\" data-settings=\"{&quot;background_background&quot;:&quot;classic&quot;}\">\n\t\t\t\t\t\t<div class=\"elementor-container elementor-column-gap-default\">\n\t\t\t\t\t<div class=\"elementor-column elementor-col-100 elementor-inner-column elementor-element elementor-element-7cbc67d\" data-id=\"7cbc67d\" data-element_type=\"column\" data-settings=\"{&quot;background_background&quot;:&quot;classic&quot;}\">\n\t\t\t<div class=\"elementor-widget-wrap elementor-element-populated\">\n\t\t\t\t\t\t<div class=\"elementor-element elementor-element-aa9989b elementor-widget elementor-widget-text-editor\" data-id=\"aa9989b\" data-element_type=\"widget\" data-widget_type=\"text-editor.default\">\n\t\t\t\t<div class=\"elementor-widget-container\">\n\t\t\t\t\t\t\t<h2><b>Contato<\/b><\/h2><div><b>Entre em contato conosco para tirar uma d\u00favida ou agendar uma consulta.<\/b><\/div>\t\t\t\t\t\t<\/div>\n\t\t\t\t<\/div>\n\t\t\t\t<div class=\"elementor-element elementor-element-d89342c elementor-widget elementor-widget-spacer\" data-id=\"d89342c\" data-element_type=\"widget\" data-widget_type=\"spacer.default\">\n\t\t\t\t<div class=\"elementor-widget-container\">\n\t\t\t<style>\/*! elementor - v3.23.0 - 05-08-2024 *\/\n.elementor-column .elementor-spacer-inner{height:var(--spacer-size)}.e-con{--container-widget-width:100%}.e-con-inner>.elementor-widget-spacer,.e-con>.elementor-widget-spacer{width:var(--container-widget-width,var(--spacer-size));--align-self:var(--container-widget-align-self,initial);--flex-shrink:0}.e-con-inner>.elementor-widget-spacer>.elementor-widget-container,.e-con>.elementor-widget-spacer>.elementor-widget-container{height:100%;width:100%}.e-con-inner>.elementor-widget-spacer>.elementor-widget-container>.elementor-spacer,.e-con>.elementor-widget-spacer>.elementor-widget-container>.elementor-spacer{height:100%}.e-con-inner>.elementor-widget-spacer>.elementor-widget-container>.elementor-spacer>.elementor-spacer-inner,.e-con>.elementor-widget-spacer>.elementor-widget-container>.elementor-spacer>.elementor-spacer-inner{height:var(--container-widget-height,var(--spacer-size))}.e-con-inner>.elementor-widget-spacer.elementor-widget-empty,.e-con>.elementor-widget-spacer.elementor-widget-empty{position:relative;min-height:22px;min-width:22px}.e-con-inner>.elementor-widget-spacer.elementor-widget-empty .elementor-widget-empty-icon,.e-con>.elementor-widget-spacer.elementor-widget-empty .elementor-widget-empty-icon{position:absolute;top:0;bottom:0;left:0;right:0;margin:auto;padding:0;width:22px;height:22px}<\/style>\t\t<div class=\"elementor-spacer\">\n\t\t\t<div class=\"elementor-spacer-inner\"><\/div>\n\t\t<\/div>\n\t\t\t\t<\/div>\n\t\t\t\t<\/div>\n\t\t\t\t<div class=\"elementor-element elementor-element-8c37a5d elementor-widget elementor-widget-shortcode\" data-id=\"8c37a5d\" data-element_type=\"widget\" data-widget_type=\"shortcode.default\">\n\t\t\t\t<div class=\"elementor-widget-container\">\n\t\t\t\t\t<div class=\"elementor-shortcode\">\n<div class=\"wpcf7 no-js\" id=\"wpcf7-f112-o1\" lang=\"en-US\" dir=\"ltr\">\n<div class=\"screen-reader-response\"><p role=\"status\" aria-live=\"polite\" aria-atomic=\"true\"><\/p> <ul><\/ul><\/div>\n<form action=\"\/index.php\/wp-json\/wp\/v2\/pages\/979#wpcf7-f112-o1\" method=\"post\" class=\"wpcf7-form init\" aria-label=\"Contact form\" novalidate=\"novalidate\" data-status=\"init\">\n<div style=\"display: none;\">\n<input type=\"hidden\" name=\"_wpcf7\" value=\"112\" \/>\n<input type=\"hidden\" name=\"_wpcf7_version\" value=\"5.7.7\" \/>\n<input type=\"hidden\" name=\"_wpcf7_locale\" value=\"en_US\" \/>\n<input type=\"hidden\" name=\"_wpcf7_unit_tag\" value=\"wpcf7-f112-o1\" \/>\n<input type=\"hidden\" name=\"_wpcf7_container_post\" value=\"0\" \/>\n<input type=\"hidden\" name=\"_wpcf7_posted_data_hash\" value=\"\" \/>\n<\/div>\n<div class=\"column one-second\">\n\t<p><span class=\"wpcf7-form-control-wrap\" data-name=\"your-name\"><input size=\"40\" class=\"wpcf7-form-control wpcf7-text wpcf7-validates-as-required\" aria-required=\"true\" aria-invalid=\"false\" placeholder=\"Nome\" value=\"\" type=\"text\" name=\"your-name\" \/><\/span>\n\t<\/p>\n<\/div>\n<div class=\"column one-second\">\n\t<p><span class=\"wpcf7-form-control-wrap\" data-name=\"your-phone\"><input size=\"40\" class=\"wpcf7-form-control wpcf7-text wpcf7-tel wpcf7-validates-as-tel\" aria-invalid=\"false\" placeholder=\"Telefone\" value=\"\" type=\"tel\" name=\"your-phone\" \/><\/span>\n\t<\/p>\n<\/div>\n<div class=\"column one\">\n\t<p><span class=\"wpcf7-form-control-wrap\" data-name=\"E-mail\"><input size=\"40\" class=\"wpcf7-form-control wpcf7-text wpcf7-email wpcf7-validates-as-required wpcf7-validates-as-email\" aria-required=\"true\" aria-invalid=\"false\" placeholder=\"E-mail\" value=\"\" type=\"email\" name=\"E-mail\" \/><\/span>\n\t<\/p>\n<\/div>\n<div class=\"column one\">\n\t<p><span class=\"wpcf7-form-control-wrap\" data-name=\"your-message\"><textarea cols=\"40\" rows=\"1\" class=\"wpcf7-form-control wpcf7-textarea\" aria-invalid=\"false\" placeholder=\"Mensagem\" name=\"your-message\"><\/textarea><\/span>\n\t<\/p>\n<\/div>\n<div class=\"column one\" style=\"text-align: center;\">\n\t<p><input class=\"wpcf7-form-control has-spinner wpcf7-submit\" type=\"submit\" value=\"Enviar Mensagem\" \/>\n\t<\/p>\n<\/div><div class=\"wpcf7-response-output\" aria-hidden=\"true\"><\/div>\n<\/form>\n<\/div>\n<\/div>\n\t\t\t\t<\/div>\n\t\t\t\t<\/div>\n\t\t\t\t\t<\/div>\n\t\t<\/div>\n\t\t\t\t\t<\/div>\n\t\t<\/section>\n\t\t\t\t\t<\/div>\n\t\t<\/div>\n\t\t\t\t\t<\/div>\n\t\t<\/section>\n\t\t\t\t<\/div>\n\t\t","protected":false},"excerpt":{"rendered":"<p>O que \u00e9? A aplica\u00e7\u00e3o de toxina botul\u00ednica \u00e9 o procedimento est\u00e9tico mais realizado no mundo. Usada para atenuar as linhas de express\u00e3o, chamadas rugas din\u00e2micas<span class=\"excerpt-hellip\"> [\u2026]<\/span><\/p>\n","protected":false},"author":1,"featured_media":0,"parent":976,"menu_order":0,"comment_status":"closed","ping_status":"closed","template":"","meta":{"_joinchat":[]},"_links":{"self":[{"href":"https:\/\/dermacentro.com.br\/index.php\/wp-json\/wp\/v2\/pages\/979"}],"collection":[{"href":"https:\/\/dermacentro.com.br\/index.php\/wp-json\/wp\/v2\/pages"}],"about":[{"href":"https:\/\/dermacentro.com.br\/index.php\/wp-json\/wp\/v2\/types\/page"}],"author":[{"embeddable":true,"href":"https:\/\/dermacentro.com.br\/index.php\/wp-json\/wp\/v2\/users\/1"}],"replies":[{"embeddable":true,"href":"https:\/\/dermacentro.com.br\/index.php\/wp-json\/wp\/v2\/comments?post=979"}],"version-history":[{"count":11,"href":"https:\/\/dermacentro.com.br\/index.php\/wp-json\/wp\/v2\/pages\/979\/revisions"}],"predecessor-version":[{"id":2424,"href":"https:\/\/dermacentro.com.br\/index.php\/wp-json\/wp\/v2\/pages\/979\/revisions\/2424"}],"up":[{"embeddable":true,"href":"https:\/\/dermacentro.com.br\/index.php\/wp-json\/wp\/v2\/pages\/976"}],"wp:attachment":[{"href":"https:\/\/dermacentro.com.br\/index.php\/wp-json\/wp\/v2\/media?parent=979"}],"curies":[{"name":"wp","href":"https:\/\/api.w.org\/{rel}","templated":true}]}}