{"id":936,"date":"2022-04-19T10:36:37","date_gmt":"2022-04-19T13:36:37","guid":{"rendered":"http:\/\/dermacentro.com.br\/?page_id=936"},"modified":"2022-08-19T07:14:15","modified_gmt":"2022-08-19T10:14:15","slug":"peelings-corporais","status":"publish","type":"page","link":"https:\/\/dermacentro.com.br\/index.php\/tratamentos-corporais\/peelings-corporais\/","title":{"rendered":"Peelings Corporais"},"content":{"rendered":"\t\t<div data-elementor-type=\"wp-page\" data-elementor-id=\"936\" class=\"elementor elementor-936\">\n\t\t\t\t\t\t<section class=\"elementor-section elementor-top-section elementor-element elementor-element-0c5fb4f elementor-section-stretched elementor-section-boxed elementor-section-height-default elementor-section-height-default\" data-id=\"0c5fb4f\" data-element_type=\"section\" data-settings=\"{&quot;stretch_section&quot;:&quot;section-stretched&quot;,&quot;background_background&quot;:&quot;classic&quot;}\">\n\t\t\t\t\t\t\t<div class=\"elementor-background-overlay\"><\/div>\n\t\t\t\t\t\t\t<div class=\"elementor-container elementor-column-gap-default\">\n\t\t\t\t\t<div class=\"elementor-column elementor-col-100 elementor-top-column elementor-element elementor-element-b33aa50\" data-id=\"b33aa50\" data-element_type=\"column\">\n\t\t\t<div class=\"elementor-widget-wrap elementor-element-populated\">\n\t\t\t\t\t\t\t<\/div>\n\t\t<\/div>\n\t\t\t\t\t<\/div>\n\t\t<\/section>\n\t\t\t\t<section class=\"elementor-section elementor-top-section elementor-element elementor-element-3e41c4a elementor-section-stretched elementor-section-boxed elementor-section-height-default elementor-section-height-default\" data-id=\"3e41c4a\" data-element_type=\"section\" data-settings=\"{&quot;stretch_section&quot;:&quot;section-stretched&quot;,&quot;background_background&quot;:&quot;classic&quot;}\">\n\t\t\t\t\t\t<div class=\"elementor-container elementor-column-gap-wider\">\n\t\t\t\t\t<div class=\"elementor-column elementor-col-100 elementor-top-column elementor-element elementor-element-b382ebe\" data-id=\"b382ebe\" data-element_type=\"column\">\n\t\t\t<div class=\"elementor-widget-wrap elementor-element-populated\">\n\t\t\t\t\t\t<section class=\"elementor-section elementor-inner-section elementor-element elementor-element-a05f91a elementor-section-boxed elementor-section-height-default elementor-section-height-default\" data-id=\"a05f91a\" data-element_type=\"section\">\n\t\t\t\t\t\t<div class=\"elementor-container elementor-column-gap-default\">\n\t\t\t\t\t<div class=\"elementor-column elementor-col-50 elementor-inner-column elementor-element elementor-element-530dd7b\" data-id=\"530dd7b\" data-element_type=\"column\">\n\t\t\t<div class=\"elementor-widget-wrap elementor-element-populated\">\n\t\t\t\t\t\t<div class=\"elementor-element elementor-element-4d5caeb elementor-widget elementor-widget-image\" data-id=\"4d5caeb\" data-element_type=\"widget\" data-widget_type=\"image.default\">\n\t\t\t\t<div class=\"elementor-widget-container\">\n\t\t\t<style>\/*! elementor - v3.23.0 - 05-08-2024 *\/\n.elementor-widget-image{text-align:center}.elementor-widget-image a{display:inline-block}.elementor-widget-image a img[src$=\".svg\"]{width:48px}.elementor-widget-image img{vertical-align:middle;display:inline-block}<\/style>\t\t\t\t\t\t\t\t\t\t<img fetchpriority=\"high\" width=\"1000\" height=\"667\" src=\"https:\/\/dermacentro.com.br\/wp-content\/uploads\/2022\/08\/peelingcorporal.webp\" class=\"attachment-full size-full wp-image-2433\" alt=\"\" srcset=\"https:\/\/dermacentro.com.br\/wp-content\/uploads\/2022\/08\/peelingcorporal.webp 1000w, https:\/\/dermacentro.com.br\/wp-content\/uploads\/2022\/08\/peelingcorporal-300x200.webp 300w, https:\/\/dermacentro.com.br\/wp-content\/uploads\/2022\/08\/peelingcorporal-768x512.webp 768w, https:\/\/dermacentro.com.br\/wp-content\/uploads\/2022\/08\/peelingcorporal-219x146.webp 219w, https:\/\/dermacentro.com.br\/wp-content\/uploads\/2022\/08\/peelingcorporal-50x33.webp 50w, https:\/\/dermacentro.com.br\/wp-content\/uploads\/2022\/08\/peelingcorporal-112x75.webp 112w\" sizes=\"(max-width: 1000px) 100vw, 1000px\" \/>\t\t\t\t\t\t\t\t\t\t\t\t\t<\/div>\n\t\t\t\t<\/div>\n\t\t\t\t\t<\/div>\n\t\t<\/div>\n\t\t\t\t<div class=\"elementor-column elementor-col-50 elementor-inner-column elementor-element elementor-element-8599277\" data-id=\"8599277\" data-element_type=\"column\">\n\t\t\t<div class=\"elementor-widget-wrap elementor-element-populated\">\n\t\t\t\t\t\t<div class=\"elementor-element elementor-element-d53fc86 elementor-widget elementor-widget-text-editor\" data-id=\"d53fc86\" data-element_type=\"widget\" data-widget_type=\"text-editor.default\">\n\t\t\t\t<div class=\"elementor-widget-container\">\n\t\t\t<style>\/*! elementor - v3.23.0 - 05-08-2024 *\/\n.elementor-widget-text-editor.elementor-drop-cap-view-stacked .elementor-drop-cap{background-color:#69727d;color:#fff}.elementor-widget-text-editor.elementor-drop-cap-view-framed .elementor-drop-cap{color:#69727d;border:3px solid;background-color:transparent}.elementor-widget-text-editor:not(.elementor-drop-cap-view-default) .elementor-drop-cap{margin-top:8px}.elementor-widget-text-editor:not(.elementor-drop-cap-view-default) .elementor-drop-cap-letter{width:1em;height:1em}.elementor-widget-text-editor .elementor-drop-cap{float:left;text-align:center;line-height:1;font-size:50px}.elementor-widget-text-editor .elementor-drop-cap-letter{display:inline-block}<\/style>\t\t\t\t<h3><span style=\"color: #ffffff;\">O que \u00e9?<\/span><\/h3>\t\t\t\t\t\t<\/div>\n\t\t\t\t<\/div>\n\t\t\t\t<div class=\"elementor-element elementor-element-9cafbc0 elementor-widget elementor-widget-text-editor\" data-id=\"9cafbc0\" data-element_type=\"widget\" data-widget_type=\"text-editor.default\">\n\t\t\t\t<div class=\"elementor-widget-container\">\n\t\t\t\t\t\t\t<p class=\"MsoNormal\">Peeling \u00e9 o nome dado \u00e0 t\u00e9cnica que utiliza produtos qu\u00edmicos ou f\u00edsicos para provocar a descama\u00e7\u00e3o da pele que posteriormente se regenera, melhorando sua qualidade.<\/p><p class=\"MsoNormal\">Promovem a renova\u00e7\u00e3o da camada mais superficial da pele.<\/p><p class=\"MsoNormal\">Ap\u00f3s as sess\u00f5es de peeling,a pele adquire um aspecto firme,vi\u00e7oso, brilhante e rejuvenescido devido \u00e0 remo\u00e7\u00e3o das c\u00e9lulas antigas que aumentam a espessura\u00a0da camada c\u00f3rnea, deixando-a mais ressecada, opaca e sem vida.<\/p><p class=\"MsoNormal\">S\u00e3o extremamente eficientes para v\u00e1rias finalidades.<\/p><p class=\"MsoNormal\">T\u00e9cnica extremamente popular, uma vez\u00a0que apresenta bons resultados a curto prazo e tem excelente custo\/benef\u00edcio.<\/p><p class=\"MsoNormal\"><span style=\"letter-spacing: 0px;\">Academicamente, s\u00e3o divididos em superficiais, m\u00e9dios e profundos de acordo com a profundidade da esfolia\u00e7\u00e3o.<\/span><\/p>\t\t\t\t\t\t<\/div>\n\t\t\t\t<\/div>\n\t\t\t\t<div class=\"elementor-element elementor-element-07c8234 elementor-widget elementor-widget-text-editor\" data-id=\"07c8234\" data-element_type=\"widget\" data-widget_type=\"text-editor.default\">\n\t\t\t\t<div class=\"elementor-widget-container\">\n\t\t\t\t\t\t\t<h3><span style=\"color: #ffffff;\">Indica\u00e7\u00f5es<\/span><\/h3>\t\t\t\t\t\t<\/div>\n\t\t\t\t<\/div>\n\t\t\t\t<div class=\"elementor-element elementor-element-d870478 elementor-widget elementor-widget-text-editor\" data-id=\"d870478\" data-element_type=\"widget\" data-widget_type=\"text-editor.default\">\n\t\t\t\t<div class=\"elementor-widget-container\">\n\t\t\t\t\t\t\t<ul><li>Envelhecimento da Pele.<\/li><li>Acne<\/li><li>Manchas<\/li><li>Melasmas<\/li><li>Oleosidade da Pele<\/li><li>Pele \u00c1spera e Sem Brilho.<\/li><li>Envelhecimento do Dorso das M\u00e3os.<\/li><li>Envelhecimento Pesco\u00e7o e Colo.<\/li><li>Manchas no Corpo<\/li><li>Manchas Persistentes de Machucados ou Picadas.<\/li><li>Estrias<\/li><li>Roxos Persistentes<\/li><li>Manchas P\u00f3s Cirurgia Vascular<\/li><\/ul>\t\t\t\t\t\t<\/div>\n\t\t\t\t<\/div>\n\t\t\t\t\t<\/div>\n\t\t<\/div>\n\t\t\t\t\t<\/div>\n\t\t<\/section>\n\t\t\t\t\t<\/div>\n\t\t<\/div>\n\t\t\t\t\t<\/div>\n\t\t<\/section>\n\t\t\t\t<section class=\"elementor-section elementor-top-section elementor-element elementor-element-23c64f6 elementor-section-stretched elementor-section-boxed elementor-section-height-default elementor-section-height-default\" data-id=\"23c64f6\" data-element_type=\"section\" data-settings=\"{&quot;stretch_section&quot;:&quot;section-stretched&quot;,&quot;background_background&quot;:&quot;classic&quot;}\">\n\t\t\t\t\t\t<div class=\"elementor-container elementor-column-gap-wider\">\n\t\t\t\t\t<div class=\"elementor-column elementor-col-100 elementor-top-column elementor-element elementor-element-536a83c\" data-id=\"536a83c\" data-element_type=\"column\">\n\t\t\t<div class=\"elementor-widget-wrap elementor-element-populated\">\n\t\t\t\t\t\t<section class=\"elementor-section elementor-inner-section elementor-element elementor-element-21d1228 elementor-section-boxed elementor-section-height-default elementor-section-height-default\" data-id=\"21d1228\" data-element_type=\"section\">\n\t\t\t\t\t\t<div class=\"elementor-container elementor-column-gap-default\">\n\t\t\t\t\t<div class=\"elementor-column elementor-col-100 elementor-inner-column elementor-element elementor-element-5128357\" data-id=\"5128357\" data-element_type=\"column\">\n\t\t\t<div class=\"elementor-widget-wrap elementor-element-populated\">\n\t\t\t\t\t\t<div class=\"elementor-element elementor-element-942eadf elementor-widget elementor-widget-text-editor\" data-id=\"942eadf\" data-element_type=\"widget\" data-widget_type=\"text-editor.default\">\n\t\t\t\t<div class=\"elementor-widget-container\">\n\t\t\t\t\t\t\t<h4 style=\"text-align: left;\"><span style=\"font-family: Manrope, -apple-system, BlinkMacSystemFont,;\">Como \u00e9 o procedimento?<\/span><\/h4><p style=\"text-align: left;\">Diferentes indica\u00e7\u00f5es s\u00e3o tratadas por diferentes tipos de\u00a0peelings.<\/p><p style=\"text-align: left;\">A t\u00e9cnica de cada tipo de peeling bem como seus efeitos, vai\u00a0variar de acordo com o tipo de peeling.<\/p><p style=\"text-align: left;\">Acne, rugas finas, oleosidade da pele, poros abertos,\u00a0olheiras, manchas, envelhecimento da pele s\u00e3o algumas das melhores indida\u00e7\u00f5es\u00a0para a realiza\u00e7\u00e3o dos peelings superficiais.<\/p><p style=\"text-align: left;\">As subst\u00e2ncias mais utilizadas para a realiza\u00e7\u00e3o dos\u00a0peelings superficiais s\u00e3o o \u00c1cido Glic\u00f3lico, \u00c1cido Retin\u00f3ico, \u00c1cido Salic\u00edlico\u00a0e \u00c1cido Nanotioglic\u00f3lico.Tamb\u00e9m s\u00e3o exemplos de peelings superficiais o Peeling\u00a0de Cristal e o Peeling de Diamante.<\/p><p style=\"text-align: left;\">O procedimento \u00e9 simples, r\u00e1pido (cerca de 30 minutos),\u00a0realizado na cl\u00ednica.<\/p><p style=\"text-align: left;\">Este tipo de peeling costuma ser feito em s\u00e9rie, sendo comum\u00a0a realiza\u00e7\u00e3o de aproximadamente 4 sess\u00f5es.<\/p><p style=\"text-align: left;\">Para os peelings m\u00e9dios, geralmente utilizamos o Peeling de\u00a0Jessner, Peeling de \u00c1cido Mand\u00e9lico, \u00c1cido Tricloroac\u00e9tico e s\u00e3o destinados a\u00a0tratar rugas mais profundas, cicatrizes de acne e as queratoses, melanoses e\u00a0les\u00f5es pr\u00e9-malignas. Tamb\u00e9m pode ser \u00fatil no tratamento do pesco\u00e7o, colo,\u00a0bra\u00e7os e m\u00e3os.<\/p><p style=\"text-align: left;\">O procedimento \u00e9 simples, r\u00e1pido (cerca de 30 minutos),\u00a0realizado na cl\u00ednica.<\/p><p style=\"text-align: left;\">A combina\u00e7\u00e3o de diferentes tipos de peeling em uma mesma\u00a0sess\u00e3o pode ser extremamente vantajoso pois assim,podemos potencializar os\u00a0resultados sem aumentar os riscos de efeitos indesejados.<\/p><p style=\"text-align: left;\"><span style=\"letter-spacing: 0px;\">Seu dermatologista sugerir\u00e1 qual o mais apropriado\u00a0para\u00a0voc\u00ea dependendo do que se quer tratar, do tipo de pele e do resultado\u00a0desejado.<\/span><\/p><h4 style=\"font-style: normal; font-variant-ligatures: normal; font-variant-caps: normal; letter-spacing: normal; text-align: left;\">Em que regi\u00f5es podem ser feitos os Peelings?<\/h4><p style=\"text-align: left;\">Face, pesco\u00e7o, colo, bra\u00e7os, m\u00e3os e pernas podem receber os\u00a0diferentes tipos de peeling dependendo do que se deseja tratar. Seu\u00a0dermatologista recomendar\u00e1 o tipo de peeling ideal para cada caso.<\/p><h4 style=\"text-align: left;\">Como \u00e9 o p\u00f3s procedimento?<\/h4><p style=\"text-align: left;\">Os peelings superficiais costumam provocar uma vermelhid\u00e3o\u00a0logo que desaparece nas primeiras 24 h.<\/p><p style=\"text-align: left;\">Em seguida, a pele assume o aspecto \u201cressecado\u201d, muitas\u00a0vezes com acentua\u00e7\u00e3o tempor\u00e1ria das rugas.<\/p><p style=\"text-align: left;\">Do segundo para o terceiro dia do p\u00f3s peeling inicia-se a\u00a0descama\u00e7\u00e3o que costuma ser bem fina.<\/p><p style=\"text-align: left;\">O processo de descama\u00e7\u00e3o dura uma semana, no m\u00e1ximo.<\/p><p style=\"text-align: left;\">A partir deste momento o peeling j\u00e1 pode ser repetido.<\/p><p style=\"text-align: left;\">Alguns tipos de peeling podem provocar uma descama\u00e7\u00e3o t\u00e3o fina\u00a0que nem \u00e9 percebida pelo paciente. S\u00e3o exemplos destes os Peelings de Cristal,\u00a0de Diamante, de \u00c1cido Salic\u00edlico e de \u00c1cido Nanotioglic\u00f3lico.<\/p><p style=\"text-align: left;\">Os peelings m\u00e9dios requerem um tempo maior de recupera\u00e7\u00e3o,\u00a0podendo chegar a quinze dias antes de se completar o processo de descama\u00e7\u00e3o.\u00a0Esta costuma ser um pouco mais espessa, at\u00e9 mesmo com forma\u00e7\u00e3o de crostas.<\/p><p style=\"text-align: left;\">Podem ser repetidos duas ou tr\u00eas vezes, mas sempre com\u00a0intervalo de aproximadamente um m\u00eas.<\/p><p style=\"text-align: left;\">J\u00e1 os peelings profundos geralmente s\u00e3o realizados em sess\u00e3o\u00a0\u00fanica. Sua recupera\u00e7\u00e3o \u00e9 mais sofrida e arrastada, mas o resultado final \u00e9\u00a0exuberante.<\/p><p style=\"text-align: left;\">Procedimentos de apoio como realiza\u00e7\u00e3o de m\u00e1scara\u00a0calmante,\u00a0fototerapia por LED, aplica\u00e7\u00e3o de laser de baixa pot\u00eancia podem ser realizados\u00a0nos primeiros dias ap\u00f3s o procedimento para acelerarem o processo de\u00a0cicatriza\u00e7\u00e3o e aumentarem o conforto do paciente.<\/p><p style=\"text-align: left;\">Para que a pele se recomponha completamente e que o paciente<br \/>volte \u00e0s suas atividades normais, pode ser necess\u00e1rio um m\u00eas.<\/p><p style=\"text-align: left;\">Os produtos usados para a restaura\u00e7\u00e3o da pele ser\u00e3o\u00a0diferentes para cada tipo de Peeling. Entretanto em TODOS os casos \u00e9 mandat\u00f3rio\u00a0o uso cont\u00ednuo de filtros solares de amplo espectro, pois, ap\u00f3s a descama\u00e7\u00e3o se\u00a0completar, surge uma camada de pele fina e sens\u00edvel, mais suscet\u00edvel \u00e0 forma\u00e7\u00e3o\u00a0de manchas.<\/p><p style=\"text-align: left;\">No per\u00edodo de recupera\u00e7\u00e3o de todos os tipos de peeling, o\u00a0paciente deve evitar traumas sobre a pele. N\u00e3o se deve esfoliar a pele nem usar\u00a0qualquer m\u00e9todo de limpeza vigorosa para acelerar remo\u00e7\u00e3o das crostas ou\u00a0escamas.<\/p><p style=\"text-align: left;\">A exposi\u00e7\u00e3o ao sol \u00e9 proibida por, no m\u00ednimo de tr\u00eas meses,\u00a0ap\u00f3s a \u00faltima sess\u00e3o de peeling, quando for o caso. Os meses de outono e\u00a0inverno s\u00e3o os preferidos para realiza\u00e7\u00e3o deste tipo de procedimento.<\/p><p style=\"text-align: left;\">Filtro solar de amplo espectro, de prefer\u00eancia\u00a0contendo cor, chap\u00e9u e bon\u00e9s de tecido com prote\u00e7\u00e3o ultravioleta podem ajudar\u00a0na prote\u00e7\u00e3o solar nos pacientes, ap\u00f3s o procedimento.<\/p>\t\t\t\t\t\t<\/div>\n\t\t\t\t<\/div>\n\t\t\t\t\t<\/div>\n\t\t<\/div>\n\t\t\t\t\t<\/div>\n\t\t<\/section>\n\t\t\t\t\t<\/div>\n\t\t<\/div>\n\t\t\t\t\t<\/div>\n\t\t<\/section>\n\t\t\t\t<section class=\"elementor-section elementor-top-section elementor-element elementor-element-1e396e2 elementor-section-stretched elementor-section-boxed elementor-section-height-default elementor-section-height-default\" data-id=\"1e396e2\" data-element_type=\"section\" data-settings=\"{&quot;stretch_section&quot;:&quot;section-stretched&quot;,&quot;background_background&quot;:&quot;classic&quot;}\">\n\t\t\t\t\t\t<div class=\"elementor-container elementor-column-gap-wider\">\n\t\t\t\t\t<div class=\"elementor-column elementor-col-100 elementor-top-column elementor-element elementor-element-c87c65b\" data-id=\"c87c65b\" data-element_type=\"column\">\n\t\t\t<div class=\"elementor-widget-wrap elementor-element-populated\">\n\t\t\t\t\t\t<div class=\"elementor-element elementor-element-1e20649 elementor-widget elementor-widget-text-editor\" data-id=\"1e20649\" data-element_type=\"widget\" data-widget_type=\"text-editor.default\">\n\t\t\t\t<div class=\"elementor-widget-container\">\n\t\t\t\t\t\t\t<h4><span style=\"color: #ffffff; letter-spacing: 0px;\">H\u00e1 algum efeito colateral?<\/span><\/h4><div><p>Os efeitos colaterais mais comuns s\u00e3o as manchas, geralmente por falta de cuidado com a prote\u00e7\u00e3o solar ou excesso de manipula\u00e7\u00e3o da \u00e1rea submetida ao tratamento.<\/p><p>Peelings\u00a0profundos geralmente evoluem com vermelhid\u00e3o que pode persistir durante meses. Este sempre \u00e9 seguidos por uma fase tempor\u00e1ria de\u00a0hiperpigmenta\u00e7\u00e3o. Esta regredir\u00e1 em algumas semanas desde que tratadas corretamente e que seja mantido o afastamento do sol.<\/p><p>Apesar de mais\u00a0raras, as manchas mais claras s\u00e3o mais persistentes e voltam a repigmentar ap\u00f3s meses.<\/p><p>Embora raro, nos peelings m\u00e9dios e profundos \u00e9 poss\u00edvel o surgimento de cicatrizes atr\u00f3ficas e manchas esbranqui\u00e7adas, caso as crostas sejam retiradas antes do momento certo, principalmente no caso de peelings corporais.<\/p><h4><span style=\"color: #ffffff;\">Contraindica\u00e7\u00f5es<\/span><\/h4><ul><li><p>Gestantes;\u00a0<\/p><\/li><li><p>Lactentes;\u00a0<\/p><\/li><li><p>Imunossuprimidos;\u00a0<\/p><\/li><li><p>Pacientes com h\u00e1bito de exposi\u00e7\u00e3o solar frequente;\u00a0<\/p><\/li><li><p>Pacientes de pele muito morena;\u00a0<\/p><\/li><li><p>Pacientes com instabilidade emocional;\u00a0<\/p><\/li><li><p>Pacientes com h\u00e1bito de manipular e machucar a pele;\u00a0<\/p><\/li><li><p>Pacientes com infec\u00e7\u00f5es de pele.<\/p><\/li><\/ul><\/div>\t\t\t\t\t\t<\/div>\n\t\t\t\t<\/div>\n\t\t\t\t\t<\/div>\n\t\t<\/div>\n\t\t\t\t\t<\/div>\n\t\t<\/section>\n\t\t\t\t<section class=\"elementor-section elementor-top-section elementor-element elementor-element-1e1d461 elementor-section-stretched elementor-section-boxed elementor-section-height-default elementor-section-height-default\" data-id=\"1e1d461\" data-element_type=\"section\" data-settings=\"{&quot;stretch_section&quot;:&quot;section-stretched&quot;}\">\n\t\t\t\t\t\t<div class=\"elementor-container elementor-column-gap-wider\">\n\t\t\t\t\t<div class=\"elementor-column elementor-col-100 elementor-top-column elementor-element elementor-element-98eea6e\" data-id=\"98eea6e\" data-element_type=\"column\">\n\t\t\t<div class=\"elementor-widget-wrap elementor-element-populated\">\n\t\t\t\t\t\t<section class=\"elementor-section elementor-inner-section elementor-element elementor-element-8caea67 elementor-section-boxed elementor-section-height-default elementor-section-height-default\" data-id=\"8caea67\" data-element_type=\"section\" data-settings=\"{&quot;background_background&quot;:&quot;classic&quot;}\">\n\t\t\t\t\t\t<div class=\"elementor-container elementor-column-gap-default\">\n\t\t\t\t\t<div class=\"elementor-column elementor-col-100 elementor-inner-column elementor-element elementor-element-7cbc67d\" data-id=\"7cbc67d\" data-element_type=\"column\" data-settings=\"{&quot;background_background&quot;:&quot;classic&quot;}\">\n\t\t\t<div class=\"elementor-widget-wrap elementor-element-populated\">\n\t\t\t\t\t\t<div class=\"elementor-element elementor-element-aa9989b elementor-widget elementor-widget-text-editor\" data-id=\"aa9989b\" data-element_type=\"widget\" data-widget_type=\"text-editor.default\">\n\t\t\t\t<div class=\"elementor-widget-container\">\n\t\t\t\t\t\t\t<h2><b>Contato<\/b><\/h2><div><b>Entre em contato conosco para tirar uma d\u00favida ou agendar uma consulta.<\/b><\/div>\t\t\t\t\t\t<\/div>\n\t\t\t\t<\/div>\n\t\t\t\t<div class=\"elementor-element elementor-element-d89342c elementor-widget elementor-widget-spacer\" data-id=\"d89342c\" data-element_type=\"widget\" data-widget_type=\"spacer.default\">\n\t\t\t\t<div class=\"elementor-widget-container\">\n\t\t\t<style>\/*! elementor - v3.23.0 - 05-08-2024 *\/\n.elementor-column .elementor-spacer-inner{height:var(--spacer-size)}.e-con{--container-widget-width:100%}.e-con-inner>.elementor-widget-spacer,.e-con>.elementor-widget-spacer{width:var(--container-widget-width,var(--spacer-size));--align-self:var(--container-widget-align-self,initial);--flex-shrink:0}.e-con-inner>.elementor-widget-spacer>.elementor-widget-container,.e-con>.elementor-widget-spacer>.elementor-widget-container{height:100%;width:100%}.e-con-inner>.elementor-widget-spacer>.elementor-widget-container>.elementor-spacer,.e-con>.elementor-widget-spacer>.elementor-widget-container>.elementor-spacer{height:100%}.e-con-inner>.elementor-widget-spacer>.elementor-widget-container>.elementor-spacer>.elementor-spacer-inner,.e-con>.elementor-widget-spacer>.elementor-widget-container>.elementor-spacer>.elementor-spacer-inner{height:var(--container-widget-height,var(--spacer-size))}.e-con-inner>.elementor-widget-spacer.elementor-widget-empty,.e-con>.elementor-widget-spacer.elementor-widget-empty{position:relative;min-height:22px;min-width:22px}.e-con-inner>.elementor-widget-spacer.elementor-widget-empty .elementor-widget-empty-icon,.e-con>.elementor-widget-spacer.elementor-widget-empty .elementor-widget-empty-icon{position:absolute;top:0;bottom:0;left:0;right:0;margin:auto;padding:0;width:22px;height:22px}<\/style>\t\t<div class=\"elementor-spacer\">\n\t\t\t<div class=\"elementor-spacer-inner\"><\/div>\n\t\t<\/div>\n\t\t\t\t<\/div>\n\t\t\t\t<\/div>\n\t\t\t\t<div class=\"elementor-element elementor-element-8c37a5d elementor-widget elementor-widget-shortcode\" data-id=\"8c37a5d\" data-element_type=\"widget\" data-widget_type=\"shortcode.default\">\n\t\t\t\t<div class=\"elementor-widget-container\">\n\t\t\t\t\t<div class=\"elementor-shortcode\">\n<div class=\"wpcf7 no-js\" id=\"wpcf7-f112-o1\" lang=\"en-US\" dir=\"ltr\">\n<div class=\"screen-reader-response\"><p role=\"status\" aria-live=\"polite\" aria-atomic=\"true\"><\/p> <ul><\/ul><\/div>\n<form action=\"\/index.php\/wp-json\/wp\/v2\/pages\/936#wpcf7-f112-o1\" method=\"post\" class=\"wpcf7-form init\" aria-label=\"Contact form\" novalidate=\"novalidate\" data-status=\"init\">\n<div style=\"display: none;\">\n<input type=\"hidden\" name=\"_wpcf7\" value=\"112\" \/>\n<input type=\"hidden\" name=\"_wpcf7_version\" value=\"5.7.7\" \/>\n<input type=\"hidden\" name=\"_wpcf7_locale\" value=\"en_US\" \/>\n<input type=\"hidden\" name=\"_wpcf7_unit_tag\" value=\"wpcf7-f112-o1\" \/>\n<input type=\"hidden\" name=\"_wpcf7_container_post\" value=\"0\" \/>\n<input type=\"hidden\" name=\"_wpcf7_posted_data_hash\" value=\"\" \/>\n<\/div>\n<div class=\"column one-second\">\n\t<p><span class=\"wpcf7-form-control-wrap\" data-name=\"your-name\"><input size=\"40\" class=\"wpcf7-form-control wpcf7-text wpcf7-validates-as-required\" aria-required=\"true\" aria-invalid=\"false\" placeholder=\"Nome\" value=\"\" type=\"text\" name=\"your-name\" \/><\/span>\n\t<\/p>\n<\/div>\n<div class=\"column one-second\">\n\t<p><span class=\"wpcf7-form-control-wrap\" data-name=\"your-phone\"><input size=\"40\" class=\"wpcf7-form-control wpcf7-text wpcf7-tel wpcf7-validates-as-tel\" aria-invalid=\"false\" placeholder=\"Telefone\" value=\"\" type=\"tel\" name=\"your-phone\" \/><\/span>\n\t<\/p>\n<\/div>\n<div class=\"column one\">\n\t<p><span class=\"wpcf7-form-control-wrap\" data-name=\"E-mail\"><input size=\"40\" class=\"wpcf7-form-control wpcf7-text wpcf7-email wpcf7-validates-as-required wpcf7-validates-as-email\" aria-required=\"true\" aria-invalid=\"false\" placeholder=\"E-mail\" value=\"\" type=\"email\" name=\"E-mail\" \/><\/span>\n\t<\/p>\n<\/div>\n<div class=\"column one\">\n\t<p><span class=\"wpcf7-form-control-wrap\" data-name=\"your-message\"><textarea cols=\"40\" rows=\"1\" class=\"wpcf7-form-control wpcf7-textarea\" aria-invalid=\"false\" placeholder=\"Mensagem\" name=\"your-message\"><\/textarea><\/span>\n\t<\/p>\n<\/div>\n<div class=\"column one\" style=\"text-align: center;\">\n\t<p><input class=\"wpcf7-form-control has-spinner wpcf7-submit\" type=\"submit\" value=\"Enviar Mensagem\" \/>\n\t<\/p>\n<\/div><div class=\"wpcf7-response-output\" aria-hidden=\"true\"><\/div>\n<\/form>\n<\/div>\n<\/div>\n\t\t\t\t<\/div>\n\t\t\t\t<\/div>\n\t\t\t\t\t<\/div>\n\t\t<\/div>\n\t\t\t\t\t<\/div>\n\t\t<\/section>\n\t\t\t\t\t<\/div>\n\t\t<\/div>\n\t\t\t\t\t<\/div>\n\t\t<\/section>\n\t\t\t\t<\/div>\n\t\t","protected":false},"excerpt":{"rendered":"<p>O que \u00e9? Peeling \u00e9 o nome dado \u00e0 t\u00e9cnica que utiliza produtos qu\u00edmicos ou f\u00edsicos para provocar a descama\u00e7\u00e3o da pele que posteriormente se regenera,<span class=\"excerpt-hellip\"> [\u2026]<\/span><\/p>\n","protected":false},"author":1,"featured_media":0,"parent":843,"menu_order":0,"comment_status":"closed","ping_status":"closed","template":"","meta":{"_joinchat":[]},"_links":{"self":[{"href":"https:\/\/dermacentro.com.br\/index.php\/wp-json\/wp\/v2\/pages\/936"}],"collection":[{"href":"https:\/\/dermacentro.com.br\/index.php\/wp-json\/wp\/v2\/pages"}],"about":[{"href":"https:\/\/dermacentro.com.br\/index.php\/wp-json\/wp\/v2\/types\/page"}],"author":[{"embeddable":true,"href":"https:\/\/dermacentro.com.br\/index.php\/wp-json\/wp\/v2\/users\/1"}],"replies":[{"embeddable":true,"href":"https:\/\/dermacentro.com.br\/index.php\/wp-json\/wp\/v2\/comments?post=936"}],"version-history":[{"count":9,"href":"https:\/\/dermacentro.com.br\/index.php\/wp-json\/wp\/v2\/pages\/936\/revisions"}],"predecessor-version":[{"id":2444,"href":"https:\/\/dermacentro.com.br\/index.php\/wp-json\/wp\/v2\/pages\/936\/revisions\/2444"}],"up":[{"embeddable":true,"href":"https:\/\/dermacentro.com.br\/index.php\/wp-json\/wp\/v2\/pages\/843"}],"wp:attachment":[{"href":"https:\/\/dermacentro.com.br\/index.php\/wp-json\/wp\/v2\/media?parent=936"}],"curies":[{"name":"wp","href":"https:\/\/api.w.org\/{rel}","templated":true}]}}