{"id":925,"date":"2022-04-19T10:12:46","date_gmt":"2022-04-19T13:12:46","guid":{"rendered":"http:\/\/dermacentro.com.br\/?page_id=925"},"modified":"2022-08-19T07:30:29","modified_gmt":"2022-08-19T10:30:29","slug":"microagulhamento-dermaroller-dermapen","status":"publish","type":"page","link":"https:\/\/dermacentro.com.br\/index.php\/tratamentos-faciais\/microagulhamento-dermaroller-dermapen\/","title":{"rendered":"Microagulhamento (Dermaroller\/ Dermapen)"},"content":{"rendered":"\t\t<div data-elementor-type=\"wp-page\" data-elementor-id=\"925\" class=\"elementor elementor-925\">\n\t\t\t\t\t\t<section class=\"elementor-section elementor-top-section elementor-element elementor-element-0c5fb4f elementor-section-stretched elementor-section-boxed elementor-section-height-default elementor-section-height-default\" data-id=\"0c5fb4f\" data-element_type=\"section\" data-settings=\"{&quot;stretch_section&quot;:&quot;section-stretched&quot;,&quot;background_background&quot;:&quot;classic&quot;}\">\n\t\t\t\t\t\t\t<div class=\"elementor-background-overlay\"><\/div>\n\t\t\t\t\t\t\t<div class=\"elementor-container elementor-column-gap-default\">\n\t\t\t\t\t<div class=\"elementor-column elementor-col-100 elementor-top-column elementor-element elementor-element-b33aa50\" data-id=\"b33aa50\" data-element_type=\"column\">\n\t\t\t<div class=\"elementor-widget-wrap elementor-element-populated\">\n\t\t\t\t\t\t\t<\/div>\n\t\t<\/div>\n\t\t\t\t\t<\/div>\n\t\t<\/section>\n\t\t\t\t<section class=\"elementor-section elementor-top-section elementor-element elementor-element-3e41c4a elementor-section-stretched elementor-section-boxed elementor-section-height-default elementor-section-height-default\" data-id=\"3e41c4a\" data-element_type=\"section\" data-settings=\"{&quot;stretch_section&quot;:&quot;section-stretched&quot;,&quot;background_background&quot;:&quot;classic&quot;}\">\n\t\t\t\t\t\t<div class=\"elementor-container elementor-column-gap-wider\">\n\t\t\t\t\t<div class=\"elementor-column elementor-col-100 elementor-top-column elementor-element elementor-element-b382ebe\" data-id=\"b382ebe\" data-element_type=\"column\">\n\t\t\t<div class=\"elementor-widget-wrap elementor-element-populated\">\n\t\t\t\t\t\t<section class=\"elementor-section elementor-inner-section elementor-element elementor-element-a05f91a elementor-section-boxed elementor-section-height-default elementor-section-height-default\" data-id=\"a05f91a\" data-element_type=\"section\">\n\t\t\t\t\t\t<div class=\"elementor-container elementor-column-gap-default\">\n\t\t\t\t\t<div class=\"elementor-column elementor-col-50 elementor-inner-column elementor-element elementor-element-530dd7b\" data-id=\"530dd7b\" data-element_type=\"column\">\n\t\t\t<div class=\"elementor-widget-wrap elementor-element-populated\">\n\t\t\t\t\t\t<div class=\"elementor-element elementor-element-4d5caeb elementor-widget elementor-widget-image\" data-id=\"4d5caeb\" data-element_type=\"widget\" data-widget_type=\"image.default\">\n\t\t\t\t<div class=\"elementor-widget-container\">\n\t\t\t<style>\/*! elementor - v3.23.0 - 05-08-2024 *\/\n.elementor-widget-image{text-align:center}.elementor-widget-image a{display:inline-block}.elementor-widget-image a img[src$=\".svg\"]{width:48px}.elementor-widget-image img{vertical-align:middle;display:inline-block}<\/style>\t\t\t\t\t\t\t\t\t\t<img fetchpriority=\"high\" width=\"1000\" height=\"667\" src=\"https:\/\/dermacentro.com.br\/wp-content\/uploads\/2022\/08\/microderma.webp\" class=\"attachment-full size-full wp-image-2498\" alt=\"\" srcset=\"https:\/\/dermacentro.com.br\/wp-content\/uploads\/2022\/08\/microderma.webp 1000w, https:\/\/dermacentro.com.br\/wp-content\/uploads\/2022\/08\/microderma-300x200.webp 300w, https:\/\/dermacentro.com.br\/wp-content\/uploads\/2022\/08\/microderma-768x512.webp 768w, https:\/\/dermacentro.com.br\/wp-content\/uploads\/2022\/08\/microderma-219x146.webp 219w, https:\/\/dermacentro.com.br\/wp-content\/uploads\/2022\/08\/microderma-50x33.webp 50w, https:\/\/dermacentro.com.br\/wp-content\/uploads\/2022\/08\/microderma-112x75.webp 112w\" sizes=\"(max-width: 1000px) 100vw, 1000px\" \/>\t\t\t\t\t\t\t\t\t\t\t\t\t<\/div>\n\t\t\t\t<\/div>\n\t\t\t\t\t<\/div>\n\t\t<\/div>\n\t\t\t\t<div class=\"elementor-column elementor-col-50 elementor-inner-column elementor-element elementor-element-8599277\" data-id=\"8599277\" data-element_type=\"column\">\n\t\t\t<div class=\"elementor-widget-wrap elementor-element-populated\">\n\t\t\t\t\t\t<div class=\"elementor-element elementor-element-d53fc86 elementor-widget elementor-widget-text-editor\" data-id=\"d53fc86\" data-element_type=\"widget\" data-widget_type=\"text-editor.default\">\n\t\t\t\t<div class=\"elementor-widget-container\">\n\t\t\t<style>\/*! elementor - v3.23.0 - 05-08-2024 *\/\n.elementor-widget-text-editor.elementor-drop-cap-view-stacked .elementor-drop-cap{background-color:#69727d;color:#fff}.elementor-widget-text-editor.elementor-drop-cap-view-framed .elementor-drop-cap{color:#69727d;border:3px solid;background-color:transparent}.elementor-widget-text-editor:not(.elementor-drop-cap-view-default) .elementor-drop-cap{margin-top:8px}.elementor-widget-text-editor:not(.elementor-drop-cap-view-default) .elementor-drop-cap-letter{width:1em;height:1em}.elementor-widget-text-editor .elementor-drop-cap{float:left;text-align:center;line-height:1;font-size:50px}.elementor-widget-text-editor .elementor-drop-cap-letter{display:inline-block}<\/style>\t\t\t\t<h3><span style=\"color: #ffffff;\">O que \u00e9?<\/span><\/h3>\t\t\t\t\t\t<\/div>\n\t\t\t\t<\/div>\n\t\t\t\t<div class=\"elementor-element elementor-element-9cafbc0 elementor-widget elementor-widget-text-editor\" data-id=\"9cafbc0\" data-element_type=\"widget\" data-widget_type=\"text-editor.default\">\n\t\t\t\t<div class=\"elementor-widget-container\">\n\t\t\t\t\t\t\t<p>A t\u00e9cnica de Microagulhamento, ou Indu\u00e7\u00e3o Percut\u00e2nea de Col\u00e1geno com Agulhas, \u00e9 uma t\u00e9cnica que utiliza pequenas agulhas para produzir micro les\u00f5es na pele, abrindo uma via transcutanea para a introdu\u00e7\u00e3o de substancias terap\u00eauticas. A regi\u00e3o tratada sofrer\u00e1 um processo de cicatriza\u00e7\u00e3o na qual haver\u00e1 libera\u00e7\u00e3o de fatores de crescimento, estimulando a forma\u00e7\u00e3o de col\u00e1geno e elastina, permitindo a remodela\u00e7\u00e3o e regenera\u00e7\u00e3o das camadas profundas da pele, sendo efetivo no tratamento de diversas situa\u00e7\u00f5es da Dermatologia Cl\u00ednica e Est\u00e9tica.<\/p>\t\t\t\t\t\t<\/div>\n\t\t\t\t<\/div>\n\t\t\t\t<div class=\"elementor-element elementor-element-07c8234 elementor-widget elementor-widget-text-editor\" data-id=\"07c8234\" data-element_type=\"widget\" data-widget_type=\"text-editor.default\">\n\t\t\t\t<div class=\"elementor-widget-container\">\n\t\t\t\t\t\t\t<h3><span style=\"color: #ffffff;\">Indica\u00e7\u00f5es<\/span><\/h3>\t\t\t\t\t\t<\/div>\n\t\t\t\t<\/div>\n\t\t\t\t<div class=\"elementor-element elementor-element-d870478 elementor-widget elementor-widget-text-editor\" data-id=\"d870478\" data-element_type=\"widget\" data-widget_type=\"text-editor.default\">\n\t\t\t\t<div class=\"elementor-widget-container\">\n\t\t\t\t\t\t\t<ul><li>Altera\u00e7\u00f5es de Textura da pele.<\/li><li>Alopecias.<\/li><li>Melasma.<\/li><li>Leucodermia Gutata (Sardas brancas).<\/li><li>Poros abertos.<\/li><li>Queloides.<\/li><li>Rugas e Flacidez da pele do Pesco\u00e7o e Colo.<\/li><li>Cicatrizes de Acne.<\/li><li>Estrias Recentes.<\/li><li>Estrias Atr\u00f3ficas.<\/li><\/ul>\t\t\t\t\t\t<\/div>\n\t\t\t\t<\/div>\n\t\t\t\t\t<\/div>\n\t\t<\/div>\n\t\t\t\t\t<\/div>\n\t\t<\/section>\n\t\t\t\t\t<\/div>\n\t\t<\/div>\n\t\t\t\t\t<\/div>\n\t\t<\/section>\n\t\t\t\t<section class=\"elementor-section elementor-top-section elementor-element elementor-element-23c64f6 elementor-section-stretched elementor-section-boxed elementor-section-height-default elementor-section-height-default\" data-id=\"23c64f6\" data-element_type=\"section\" data-settings=\"{&quot;stretch_section&quot;:&quot;section-stretched&quot;,&quot;background_background&quot;:&quot;classic&quot;}\">\n\t\t\t\t\t\t<div class=\"elementor-container elementor-column-gap-wider\">\n\t\t\t\t\t<div class=\"elementor-column elementor-col-100 elementor-top-column elementor-element elementor-element-536a83c\" data-id=\"536a83c\" data-element_type=\"column\">\n\t\t\t<div class=\"elementor-widget-wrap elementor-element-populated\">\n\t\t\t\t\t\t<section class=\"elementor-section elementor-inner-section elementor-element elementor-element-21d1228 elementor-section-boxed elementor-section-height-default elementor-section-height-default\" data-id=\"21d1228\" data-element_type=\"section\">\n\t\t\t\t\t\t<div class=\"elementor-container elementor-column-gap-default\">\n\t\t\t\t\t<div class=\"elementor-column elementor-col-100 elementor-inner-column elementor-element elementor-element-5128357\" data-id=\"5128357\" data-element_type=\"column\">\n\t\t\t<div class=\"elementor-widget-wrap elementor-element-populated\">\n\t\t\t\t\t\t<div class=\"elementor-element elementor-element-942eadf elementor-widget elementor-widget-text-editor\" data-id=\"942eadf\" data-element_type=\"widget\" data-widget_type=\"text-editor.default\">\n\t\t\t\t<div class=\"elementor-widget-container\">\n\t\t\t\t\t\t\t<h4 style=\"text-align: left;\"><span style=\"font-family: Manrope, -apple-system, BlinkMacSystemFont,;\">Como \u00e9 o procedimento?<\/span><\/h4><p class=\"MsoNormal\" style=\"text-align: left;\">O procedimento \u00e9 simples, r\u00e1pido (cerca de 30 minutos),\u00a0realizado no consult\u00f3rio, sob anestesia t\u00f3pica (cremes anest\u00e9sicos) ou\u00a0anestesia de bloqueio local (semelhante \u00e0 usada\u00a0pelos dentistas),\u00a0geralmente associado a compressas de gelo para diminuir a dor e a incid\u00eancia de\u00a0equimoses ou manchas arroxeadas.<\/p><p class=\"MsoNormal\" style=\"text-align: left;\">Medicamentos antiinflamat\u00f3rios e contra a dor podem ser\u00a0utilizados imediatamente antes da sess\u00e3o, com a orienta\u00e7\u00e3o do m\u00e9dico, desde que\u00a0seja a vontade do paciente.<\/p><p class=\"MsoNormal\" style=\"text-align: left;\">Baseia-se no deslizamento de rolinhos descart\u00e1veis (Dermaroller)\u00a0ou caneta aplicadora com ponteira descart\u00e1vel (Demapen) em diversos sentidos na\u00a0pele. Estes instrumentos s\u00e3o compostos de finas microagulhas que variam entre\u00a00,25 mm e 2,5 mm de profundidade.<\/p><p class=\"MsoNormal\" style=\"text-align: left;\">A aplica\u00e7\u00e3o provoca pequenos pontos de perfura\u00e7\u00e3o,\u00a0produzindo sangramento leve.<\/p><p class=\"MsoNormal\" style=\"text-align: left;\">Estas microles\u00f5es criam canais para que possamos introduzir\u00a0subst\u00e2ncias terap\u00eauticas nas camadas mais profundas da pele (drug delivery). O\u00a0profissional perfura delicadamente a pele,injetando, a seguir, os medicamentos\u00a0escolhidos para cada tipo de tratamento. A elei\u00e7\u00e3o e a dosagem do produto usado\u00a0deve ser feita pelo m\u00e9dico.<\/p><p class=\"MsoNormal\" style=\"text-align: left;\">A partir destas microles\u00f5es, inicia-se o processo de\u00a0cicatriza\u00e7\u00e3o com o objetivo de fechar os canais abertos, o que leva a remodela\u00e7\u00e3o\u00a0da matriz da derme. Assim, cria-se um novo tecido rico em col\u00e1geno e elastina\u00a0reconfigurando a estrutura da pele.<\/p><p class=\"MsoNormal\" style=\"text-align: left;\">Quase n\u00e3o existe sensa\u00e7\u00e3o de dor.<\/p><p class=\"MsoNormal\" style=\"text-align: left;\">O paciente percebe um leve aquecimento da pele, durante o\u00a0tratamento.<\/p><p class=\"MsoNormal\" style=\"text-align: left;\">O procedimento \u00e9 realizado, quinzenalmente, de 4 a 10 sess\u00f5es,\u00a0dependendo do caso.<\/p><p class=\"MsoNormal\" style=\"text-align: left;\">A determina\u00e7\u00e3o do n\u00famero de sess\u00f5es varia de acordo com a\u00a0patologia, a expectativa do paciente e da resposta obtida.<\/p><p class=\"MsoNormal\" style=\"text-align: left;\">Apesar de parecer extremamente simples e de baixo risco, o\u00a0microagulhamento \u00e9 um procedimento cir\u00fargico que deve ser feito exclusivamente\u00a0em cl\u00ednicas m\u00e9dicas, por profissionais habilitados, seguindo rigorosos\u00a0crit\u00e9rios de assepsia e esteriliza\u00e7\u00e3o.<\/p><h4 style=\"text-align: left;\">Como \u00e9 o p\u00f3s procedimento?<\/h4><p class=\"MsoNormal\" style=\"text-align: left;\">N\u00e3o s\u00e3o necess\u00e1rios cuidados especiais nem o afastamento das\u00a0atividades de rotina nos primeiros dias depois da aplica\u00e7\u00e3o.<\/p><p class=\"MsoNormal\" style=\"text-align: left;\">Imediatamente ap\u00f3s o procedimento, pode ocorrer leve incha\u00e7o,\u00a0vermelhid\u00e3o ou arroxeamento nas \u00e1reas das picadas.<\/p><p class=\"MsoNormal\" style=\"text-align: left;\">Estes normalmente involuem e\u00a0desaparecem\u00a0espontaneamente em alguns dias.<\/p><p class=\"MsoNormal\" style=\"text-align: left;\">Podem ser aplicadas compressas geladas por cerca de dez\u00a0minutos a cada 3 horas nos dois primeiros dias, ap\u00f3s a sess\u00e3o.<\/p><p class=\"MsoNormal\" style=\"text-align: left;\">O uso de analg\u00e9sicos geralmente \u00e9 desnecess\u00e1rio.<\/p><p class=\"MsoNormal\" style=\"text-align: left;\">A utiliza\u00e7\u00e3o de cremes cicatrizantes adequados, orientados\u00a0pelo profissional.<\/p><p class=\"MsoNormal\" style=\"text-align: left;\">Imediatamente ap\u00f3s a sess\u00e3o, acelerar\u00e1 o processo de\u00a0recupera\u00e7\u00e3o.<\/p><p class=\"MsoNormal\" style=\"text-align: left;\">Maquiagem corretiva pode ser aplicada 24 horas, ap\u00f3s o\u00a0tratamento.<\/p><p class=\"MsoNormal\" style=\"text-align: left;\">Procedimentos de apoio como laser para redu\u00e7\u00e3o das manchas\u00a0arroxeadas e fototerapia por LED podem ser usados associados nos primeiros dias\u00a0ap\u00f3s o\u00a0procedimento, uma vez que aceleram a involu\u00e7\u00e3o do processo\u00a0inflamat\u00f3rio, facilitando a elimina\u00e7\u00e3o dos arroxeados.<\/p><p class=\"MsoNormal\" style=\"text-align: left;\">Durante o per\u00edodo em que houver manchas arroxeadas, podem\u00a0ser aplicadas pomadas pr\u00f3prias para sua redu\u00e7\u00e3o.<\/p><p class=\"MsoNormal\" style=\"text-align: left;\">Neste per\u00edodo, o sol deve ser evitado.<\/p><p class=\"MsoNormal\" style=\"text-align: left;\">Exerc\u00edcios podem ser retomados imediatamente ap\u00f3s a sess\u00e3o.<\/p><p class=\"MsoNormal\" style=\"text-align: left;\">O paciente deve suspender o uso dos cremes dermatol\u00f3gicos,\u00a0at\u00e9 a recupera\u00e7\u00e3o completa da pele.<\/p><p style=\"text-align: left;\">\u00a0<\/p>\t\t\t\t\t\t<\/div>\n\t\t\t\t<\/div>\n\t\t\t\t\t<\/div>\n\t\t<\/div>\n\t\t\t\t\t<\/div>\n\t\t<\/section>\n\t\t\t\t\t<\/div>\n\t\t<\/div>\n\t\t\t\t\t<\/div>\n\t\t<\/section>\n\t\t\t\t<section class=\"elementor-section elementor-top-section elementor-element elementor-element-1e396e2 elementor-section-stretched elementor-section-boxed elementor-section-height-default elementor-section-height-default\" data-id=\"1e396e2\" data-element_type=\"section\" data-settings=\"{&quot;stretch_section&quot;:&quot;section-stretched&quot;,&quot;background_background&quot;:&quot;classic&quot;}\">\n\t\t\t\t\t\t<div class=\"elementor-container elementor-column-gap-wider\">\n\t\t\t\t\t<div class=\"elementor-column elementor-col-100 elementor-top-column elementor-element elementor-element-c87c65b\" data-id=\"c87c65b\" data-element_type=\"column\">\n\t\t\t<div class=\"elementor-widget-wrap elementor-element-populated\">\n\t\t\t\t\t\t<div class=\"elementor-element elementor-element-1e20649 elementor-widget elementor-widget-text-editor\" data-id=\"1e20649\" data-element_type=\"widget\" data-widget_type=\"text-editor.default\">\n\t\t\t\t<div class=\"elementor-widget-container\">\n\t\t\t\t\t\t\t<h4><span style=\"color: rgb(255, 255, 255); letter-spacing: 0px;\">H\u00e1 algum efeito colateral?<\/span><br><\/h4>\n<div>\n<p>Os efeitos colaterais s\u00e3o m\u00ednimos e geralmente relacionados<br>\naos pequenos traumas nos locais das perfura\u00e7\u00f5es.<o:p><\/o:p><\/p>\n<p>Maquiagem corretiva pode ser usada a partir de 24 horas ap\u00f3s<br>\no tratamento. <o:p><\/o:p><\/p>\n<p>Os poss\u00edveis efeitos s\u00e3o leves e tempor\u00e1rios e n\u00e3o limitam<br>\nsignificativamente as atividades do paciente.<o:p><\/o:p><\/p>\n<p><\/p>\n<p>Crescentes relatos de complica\u00e7\u00f5es relacionadas aos fios de<br>\nsutura geralmente est\u00e3o associados a erros t\u00e9cnicos devido \u00e0 utiliza\u00e7\u00e3o<br>\nindiscriminada deste tipo de tratamento por profissionais n\u00e3o m\u00e9dicos o que tem<br>\ncontribu\u00eddo para o desmerecimento deste m\u00e9todo t\u00e3o eficaz.&nbsp;<o:p><\/o:p><\/p>\n<h4><span style=\"color: #ffffff;\">Contraindica\u00e7\u00f5es<\/span><\/h4>\n<ul>\n<li><p>Gestantes;<\/p><\/li><li><p>&nbsp;Lactentes;&nbsp;<\/p><\/li><li><p>Imunossuprimidos;&nbsp;<\/p><\/li><li><p>Pacientes portadores\nde doen\u00e7as auto-imunes;&nbsp;<\/p><\/li><li><p>Pacientes com infec\u00e7\u00f5es de pele.<o:p><\/o:p><\/p><\/li>\n<\/ul>\n<\/div>\t\t\t\t\t\t<\/div>\n\t\t\t\t<\/div>\n\t\t\t\t\t<\/div>\n\t\t<\/div>\n\t\t\t\t\t<\/div>\n\t\t<\/section>\n\t\t\t\t<section class=\"elementor-section elementor-top-section elementor-element elementor-element-1e1d461 elementor-section-stretched elementor-section-boxed elementor-section-height-default elementor-section-height-default\" data-id=\"1e1d461\" data-element_type=\"section\" data-settings=\"{&quot;stretch_section&quot;:&quot;section-stretched&quot;}\">\n\t\t\t\t\t\t<div class=\"elementor-container elementor-column-gap-wider\">\n\t\t\t\t\t<div class=\"elementor-column elementor-col-100 elementor-top-column elementor-element elementor-element-98eea6e\" data-id=\"98eea6e\" data-element_type=\"column\">\n\t\t\t<div class=\"elementor-widget-wrap elementor-element-populated\">\n\t\t\t\t\t\t<section class=\"elementor-section elementor-inner-section elementor-element elementor-element-8caea67 elementor-section-boxed elementor-section-height-default elementor-section-height-default\" data-id=\"8caea67\" data-element_type=\"section\" data-settings=\"{&quot;background_background&quot;:&quot;classic&quot;}\">\n\t\t\t\t\t\t<div class=\"elementor-container elementor-column-gap-default\">\n\t\t\t\t\t<div class=\"elementor-column elementor-col-100 elementor-inner-column elementor-element elementor-element-7cbc67d\" data-id=\"7cbc67d\" data-element_type=\"column\" data-settings=\"{&quot;background_background&quot;:&quot;classic&quot;}\">\n\t\t\t<div class=\"elementor-widget-wrap elementor-element-populated\">\n\t\t\t\t\t\t<div class=\"elementor-element elementor-element-aa9989b elementor-widget elementor-widget-text-editor\" data-id=\"aa9989b\" data-element_type=\"widget\" data-widget_type=\"text-editor.default\">\n\t\t\t\t<div class=\"elementor-widget-container\">\n\t\t\t\t\t\t\t<h2><b>Contato<\/b><\/h2><div><b>Entre em contato conosco para tirar uma d\u00favida ou agendar uma consulta.<\/b><\/div>\t\t\t\t\t\t<\/div>\n\t\t\t\t<\/div>\n\t\t\t\t<div class=\"elementor-element elementor-element-d89342c elementor-widget elementor-widget-spacer\" data-id=\"d89342c\" data-element_type=\"widget\" data-widget_type=\"spacer.default\">\n\t\t\t\t<div class=\"elementor-widget-container\">\n\t\t\t<style>\/*! elementor - v3.23.0 - 05-08-2024 *\/\n.elementor-column .elementor-spacer-inner{height:var(--spacer-size)}.e-con{--container-widget-width:100%}.e-con-inner>.elementor-widget-spacer,.e-con>.elementor-widget-spacer{width:var(--container-widget-width,var(--spacer-size));--align-self:var(--container-widget-align-self,initial);--flex-shrink:0}.e-con-inner>.elementor-widget-spacer>.elementor-widget-container,.e-con>.elementor-widget-spacer>.elementor-widget-container{height:100%;width:100%}.e-con-inner>.elementor-widget-spacer>.elementor-widget-container>.elementor-spacer,.e-con>.elementor-widget-spacer>.elementor-widget-container>.elementor-spacer{height:100%}.e-con-inner>.elementor-widget-spacer>.elementor-widget-container>.elementor-spacer>.elementor-spacer-inner,.e-con>.elementor-widget-spacer>.elementor-widget-container>.elementor-spacer>.elementor-spacer-inner{height:var(--container-widget-height,var(--spacer-size))}.e-con-inner>.elementor-widget-spacer.elementor-widget-empty,.e-con>.elementor-widget-spacer.elementor-widget-empty{position:relative;min-height:22px;min-width:22px}.e-con-inner>.elementor-widget-spacer.elementor-widget-empty .elementor-widget-empty-icon,.e-con>.elementor-widget-spacer.elementor-widget-empty .elementor-widget-empty-icon{position:absolute;top:0;bottom:0;left:0;right:0;margin:auto;padding:0;width:22px;height:22px}<\/style>\t\t<div class=\"elementor-spacer\">\n\t\t\t<div class=\"elementor-spacer-inner\"><\/div>\n\t\t<\/div>\n\t\t\t\t<\/div>\n\t\t\t\t<\/div>\n\t\t\t\t<div class=\"elementor-element elementor-element-8c37a5d elementor-widget elementor-widget-shortcode\" data-id=\"8c37a5d\" data-element_type=\"widget\" data-widget_type=\"shortcode.default\">\n\t\t\t\t<div class=\"elementor-widget-container\">\n\t\t\t\t\t<div class=\"elementor-shortcode\">\n<div class=\"wpcf7 no-js\" id=\"wpcf7-f112-o1\" lang=\"en-US\" dir=\"ltr\">\n<div class=\"screen-reader-response\"><p role=\"status\" aria-live=\"polite\" aria-atomic=\"true\"><\/p> <ul><\/ul><\/div>\n<form action=\"\/index.php\/wp-json\/wp\/v2\/pages\/925#wpcf7-f112-o1\" method=\"post\" class=\"wpcf7-form init\" aria-label=\"Contact form\" novalidate=\"novalidate\" data-status=\"init\">\n<div style=\"display: none;\">\n<input type=\"hidden\" name=\"_wpcf7\" value=\"112\" \/>\n<input type=\"hidden\" name=\"_wpcf7_version\" value=\"5.7.7\" \/>\n<input type=\"hidden\" name=\"_wpcf7_locale\" value=\"en_US\" \/>\n<input type=\"hidden\" name=\"_wpcf7_unit_tag\" value=\"wpcf7-f112-o1\" \/>\n<input type=\"hidden\" name=\"_wpcf7_container_post\" value=\"0\" \/>\n<input type=\"hidden\" name=\"_wpcf7_posted_data_hash\" value=\"\" \/>\n<\/div>\n<div class=\"column one-second\">\n\t<p><span class=\"wpcf7-form-control-wrap\" data-name=\"your-name\"><input size=\"40\" class=\"wpcf7-form-control wpcf7-text wpcf7-validates-as-required\" aria-required=\"true\" aria-invalid=\"false\" placeholder=\"Nome\" value=\"\" type=\"text\" name=\"your-name\" \/><\/span>\n\t<\/p>\n<\/div>\n<div class=\"column one-second\">\n\t<p><span class=\"wpcf7-form-control-wrap\" data-name=\"your-phone\"><input size=\"40\" class=\"wpcf7-form-control wpcf7-text wpcf7-tel wpcf7-validates-as-tel\" aria-invalid=\"false\" placeholder=\"Telefone\" value=\"\" type=\"tel\" name=\"your-phone\" \/><\/span>\n\t<\/p>\n<\/div>\n<div class=\"column one\">\n\t<p><span class=\"wpcf7-form-control-wrap\" data-name=\"E-mail\"><input size=\"40\" class=\"wpcf7-form-control wpcf7-text wpcf7-email wpcf7-validates-as-required wpcf7-validates-as-email\" aria-required=\"true\" aria-invalid=\"false\" placeholder=\"E-mail\" value=\"\" type=\"email\" name=\"E-mail\" \/><\/span>\n\t<\/p>\n<\/div>\n<div class=\"column one\">\n\t<p><span class=\"wpcf7-form-control-wrap\" data-name=\"your-message\"><textarea cols=\"40\" rows=\"1\" class=\"wpcf7-form-control wpcf7-textarea\" aria-invalid=\"false\" placeholder=\"Mensagem\" name=\"your-message\"><\/textarea><\/span>\n\t<\/p>\n<\/div>\n<div class=\"column one\" style=\"text-align: center;\">\n\t<p><input class=\"wpcf7-form-control has-spinner wpcf7-submit\" type=\"submit\" value=\"Enviar Mensagem\" \/>\n\t<\/p>\n<\/div><div class=\"wpcf7-response-output\" aria-hidden=\"true\"><\/div>\n<\/form>\n<\/div>\n<\/div>\n\t\t\t\t<\/div>\n\t\t\t\t<\/div>\n\t\t\t\t\t<\/div>\n\t\t<\/div>\n\t\t\t\t\t<\/div>\n\t\t<\/section>\n\t\t\t\t\t<\/div>\n\t\t<\/div>\n\t\t\t\t\t<\/div>\n\t\t<\/section>\n\t\t\t\t<\/div>\n\t\t","protected":false},"excerpt":{"rendered":"<p>O que \u00e9? A t\u00e9cnica de Microagulhamento, ou Indu\u00e7\u00e3o Percut\u00e2nea de Col\u00e1geno com Agulhas, \u00e9 uma t\u00e9cnica que utiliza pequenas agulhas para produzir micro les\u00f5es na<span class=\"excerpt-hellip\"> [\u2026]<\/span><\/p>\n","protected":false},"author":1,"featured_media":0,"parent":976,"menu_order":0,"comment_status":"closed","ping_status":"closed","template":"","meta":{"_joinchat":[]},"_links":{"self":[{"href":"https:\/\/dermacentro.com.br\/index.php\/wp-json\/wp\/v2\/pages\/925"}],"collection":[{"href":"https:\/\/dermacentro.com.br\/index.php\/wp-json\/wp\/v2\/pages"}],"about":[{"href":"https:\/\/dermacentro.com.br\/index.php\/wp-json\/wp\/v2\/types\/page"}],"author":[{"embeddable":true,"href":"https:\/\/dermacentro.com.br\/index.php\/wp-json\/wp\/v2\/users\/1"}],"replies":[{"embeddable":true,"href":"https:\/\/dermacentro.com.br\/index.php\/wp-json\/wp\/v2\/comments?post=925"}],"version-history":[{"count":11,"href":"https:\/\/dermacentro.com.br\/index.php\/wp-json\/wp\/v2\/pages\/925\/revisions"}],"predecessor-version":[{"id":2504,"href":"https:\/\/dermacentro.com.br\/index.php\/wp-json\/wp\/v2\/pages\/925\/revisions\/2504"}],"up":[{"embeddable":true,"href":"https:\/\/dermacentro.com.br\/index.php\/wp-json\/wp\/v2\/pages\/976"}],"wp:attachment":[{"href":"https:\/\/dermacentro.com.br\/index.php\/wp-json\/wp\/v2\/media?parent=925"}],"curies":[{"name":"wp","href":"https:\/\/api.w.org\/{rel}","templated":true}]}}