{"id":910,"date":"2022-04-19T09:38:01","date_gmt":"2022-04-19T12:38:01","guid":{"rendered":"http:\/\/dermacentro.com.br\/?page_id=910"},"modified":"2022-07-26T12:24:59","modified_gmt":"2022-07-26T15:24:59","slug":"celulite","status":"publish","type":"page","link":"https:\/\/dermacentro.com.br\/index.php\/tratamentos-corporais\/celulite\/","title":{"rendered":"Celulite"},"content":{"rendered":"\t\t<div data-elementor-type=\"wp-page\" data-elementor-id=\"910\" class=\"elementor elementor-910\">\n\t\t\t\t\t\t<section class=\"elementor-section elementor-top-section elementor-element elementor-element-0c5fb4f elementor-section-stretched elementor-section-boxed elementor-section-height-default elementor-section-height-default\" data-id=\"0c5fb4f\" data-element_type=\"section\" data-settings=\"{&quot;stretch_section&quot;:&quot;section-stretched&quot;,&quot;background_background&quot;:&quot;classic&quot;}\">\n\t\t\t\t\t\t\t<div class=\"elementor-background-overlay\"><\/div>\n\t\t\t\t\t\t\t<div class=\"elementor-container elementor-column-gap-default\">\n\t\t\t\t\t<div class=\"elementor-column elementor-col-100 elementor-top-column elementor-element elementor-element-b33aa50\" data-id=\"b33aa50\" data-element_type=\"column\">\n\t\t\t<div class=\"elementor-widget-wrap elementor-element-populated\">\n\t\t\t\t\t\t\t<\/div>\n\t\t<\/div>\n\t\t\t\t\t<\/div>\n\t\t<\/section>\n\t\t\t\t<section class=\"elementor-section elementor-top-section elementor-element elementor-element-3e41c4a elementor-section-stretched elementor-section-boxed elementor-section-height-default elementor-section-height-default\" data-id=\"3e41c4a\" data-element_type=\"section\" data-settings=\"{&quot;stretch_section&quot;:&quot;section-stretched&quot;,&quot;background_background&quot;:&quot;classic&quot;}\">\n\t\t\t\t\t\t<div class=\"elementor-container elementor-column-gap-wider\">\n\t\t\t\t\t<div class=\"elementor-column elementor-col-100 elementor-top-column elementor-element elementor-element-b382ebe\" data-id=\"b382ebe\" data-element_type=\"column\">\n\t\t\t<div class=\"elementor-widget-wrap elementor-element-populated\">\n\t\t\t\t\t\t<section class=\"elementor-section elementor-inner-section elementor-element elementor-element-a05f91a elementor-section-boxed elementor-section-height-default elementor-section-height-default\" data-id=\"a05f91a\" data-element_type=\"section\">\n\t\t\t\t\t\t<div class=\"elementor-container elementor-column-gap-default\">\n\t\t\t\t\t<div class=\"elementor-column elementor-col-50 elementor-inner-column elementor-element elementor-element-530dd7b\" data-id=\"530dd7b\" data-element_type=\"column\">\n\t\t\t<div class=\"elementor-widget-wrap elementor-element-populated\">\n\t\t\t\t\t\t<div class=\"elementor-element elementor-element-4d5caeb elementor-widget elementor-widget-image\" data-id=\"4d5caeb\" data-element_type=\"widget\" data-widget_type=\"image.default\">\n\t\t\t\t<div class=\"elementor-widget-container\">\n\t\t\t<style>\/*! elementor - v3.23.0 - 05-08-2024 *\/\n.elementor-widget-image{text-align:center}.elementor-widget-image a{display:inline-block}.elementor-widget-image a img[src$=\".svg\"]{width:48px}.elementor-widget-image img{vertical-align:middle;display:inline-block}<\/style>\t\t\t\t\t\t\t\t\t\t<img fetchpriority=\"high\" width=\"780\" height=\"1135\" src=\"https:\/\/dermacentro.com.br\/wp-content\/uploads\/2022\/07\/celu.webp\" class=\"attachment-full size-full wp-image-2187\" alt=\"\" srcset=\"https:\/\/dermacentro.com.br\/wp-content\/uploads\/2022\/07\/celu.webp 780w, https:\/\/dermacentro.com.br\/wp-content\/uploads\/2022\/07\/celu-206x300.webp 206w, https:\/\/dermacentro.com.br\/wp-content\/uploads\/2022\/07\/celu-704x1024.webp 704w, https:\/\/dermacentro.com.br\/wp-content\/uploads\/2022\/07\/celu-768x1118.webp 768w, https:\/\/dermacentro.com.br\/wp-content\/uploads\/2022\/07\/celu-100x146.webp 100w, https:\/\/dermacentro.com.br\/wp-content\/uploads\/2022\/07\/celu-34x50.webp 34w, https:\/\/dermacentro.com.br\/wp-content\/uploads\/2022\/07\/celu-52x75.webp 52w\" sizes=\"(max-width: 780px) 100vw, 780px\" \/>\t\t\t\t\t\t\t\t\t\t\t\t\t<\/div>\n\t\t\t\t<\/div>\n\t\t\t\t\t<\/div>\n\t\t<\/div>\n\t\t\t\t<div class=\"elementor-column elementor-col-50 elementor-inner-column elementor-element elementor-element-8599277\" data-id=\"8599277\" data-element_type=\"column\">\n\t\t\t<div class=\"elementor-widget-wrap elementor-element-populated\">\n\t\t\t\t\t\t<div class=\"elementor-element elementor-element-d53fc86 elementor-widget elementor-widget-text-editor\" data-id=\"d53fc86\" data-element_type=\"widget\" data-widget_type=\"text-editor.default\">\n\t\t\t\t<div class=\"elementor-widget-container\">\n\t\t\t<style>\/*! elementor - v3.23.0 - 05-08-2024 *\/\n.elementor-widget-text-editor.elementor-drop-cap-view-stacked .elementor-drop-cap{background-color:#69727d;color:#fff}.elementor-widget-text-editor.elementor-drop-cap-view-framed .elementor-drop-cap{color:#69727d;border:3px solid;background-color:transparent}.elementor-widget-text-editor:not(.elementor-drop-cap-view-default) .elementor-drop-cap{margin-top:8px}.elementor-widget-text-editor:not(.elementor-drop-cap-view-default) .elementor-drop-cap-letter{width:1em;height:1em}.elementor-widget-text-editor .elementor-drop-cap{float:left;text-align:center;line-height:1;font-size:50px}.elementor-widget-text-editor .elementor-drop-cap-letter{display:inline-block}<\/style>\t\t\t\t<h3><span style=\"color: #ffffff;\">O que \u00e9?<\/span><\/h3>\t\t\t\t\t\t<\/div>\n\t\t\t\t<\/div>\n\t\t\t\t<div class=\"elementor-element elementor-element-d870478 elementor-widget elementor-widget-text-editor\" data-id=\"d870478\" data-element_type=\"widget\" data-widget_type=\"text-editor.default\">\n\t\t\t\t<div class=\"elementor-widget-container\">\n\t\t\t\t\t\t\t<p>Conhecida como Lipodistrofia Gin\u00f3ide, a celulite costuma surgir com frequ\u00eancia em regi\u00f5es do corpo que acumulam gordura com mais facilidade. Ocorre, sobretudo, em pessoas com sobrepeso ou obesas, mas tamb\u00e9m pode aparecer em indiv\u00edduos magros. N\u00e3o se trata de uma doen\u00e7a, mas sim um problema est\u00e9tico que afeta, principalmente, as mulheres.<\/p><p>\u00c9 quase imposs\u00edvel existir uma mulher que n\u00e3o se incomode com a Celulite. Presente tamb\u00e9m em homens, mas com menor frequ\u00eancia, a celulite pode causar constrangimentos, diminuir a autoestima e comprometer passeios, idas \u00e0 praia e atividades rotineiras.<\/p><p>A origem est\u00e1 no mau funcionamento da circula\u00e7\u00e3o sangu\u00ednea e linf\u00e1tica, principalmente relacionada \u00e0 a\u00e7\u00e3o dos horm\u00f4nios sexuais femininos.<\/p><p>O desempenho dos vasos \u00e9 insuficiente, sua fun\u00e7\u00e3o de carregar o oxig\u00eanio para as c\u00e9lulas e eliminar as toxinas do organismo fica prejudicada. Isso leva ao ac\u00famulo de l\u00edquidos, prote\u00ednas e gorduras, que uma vez no espa\u00e7o entre as c\u00e9lulas, transformam-se numa esp\u00e9cie de gel amolecido que ao envolver as c\u00e9lulas de gordura alteram suas caracter\u00edsticas, havendo a transforma\u00e7\u00e3o de todo o conjunto em algo semelhante a um &#8220;sagu&#8221;, formado por uma mistura de material amorfo e c\u00e9lulas amolecidas. Este conjunto mant\u00e9m a \u00e1rea &#8220;INCHADA&#8221;, comprimindo os vasos sangu\u00edneos que nutrem a regi\u00e3o, aumentando ainda mais a circula\u00e7\u00e3o do sangue na regi\u00e3o. \u00c9 um c\u00edrculo vicioso que uma vez instalado s\u00f3 tende a agravar-se. Clinicamente, observamos a pele adquirir o aspecto &#8220;Casca de Laranja&#8221;.<\/p>\t\t\t\t\t\t<\/div>\n\t\t\t\t<\/div>\n\t\t\t\t\t<\/div>\n\t\t<\/div>\n\t\t\t\t\t<\/div>\n\t\t<\/section>\n\t\t\t\t\t<\/div>\n\t\t<\/div>\n\t\t\t\t\t<\/div>\n\t\t<\/section>\n\t\t\t\t<section class=\"elementor-section elementor-top-section elementor-element elementor-element-23c64f6 elementor-section-stretched elementor-section-boxed elementor-section-height-default elementor-section-height-default\" data-id=\"23c64f6\" data-element_type=\"section\" data-settings=\"{&quot;stretch_section&quot;:&quot;section-stretched&quot;,&quot;background_background&quot;:&quot;classic&quot;}\">\n\t\t\t\t\t\t<div class=\"elementor-container elementor-column-gap-wider\">\n\t\t\t\t\t<div class=\"elementor-column elementor-col-100 elementor-top-column elementor-element elementor-element-536a83c\" data-id=\"536a83c\" data-element_type=\"column\">\n\t\t\t<div class=\"elementor-widget-wrap elementor-element-populated\">\n\t\t\t\t\t\t<section class=\"elementor-section elementor-inner-section elementor-element elementor-element-21d1228 elementor-section-boxed elementor-section-height-default elementor-section-height-default\" data-id=\"21d1228\" data-element_type=\"section\">\n\t\t\t\t\t\t<div class=\"elementor-container elementor-column-gap-default\">\n\t\t\t\t\t<div class=\"elementor-column elementor-col-100 elementor-inner-column elementor-element elementor-element-5128357\" data-id=\"5128357\" data-element_type=\"column\">\n\t\t\t<div class=\"elementor-widget-wrap elementor-element-populated\">\n\t\t\t\t\t\t<div class=\"elementor-element elementor-element-942eadf elementor-widget elementor-widget-text-editor\" data-id=\"942eadf\" data-element_type=\"widget\" data-widget_type=\"text-editor.default\">\n\t\t\t\t<div class=\"elementor-widget-container\">\n\t\t\t\t\t\t\t<h4 style=\"text-align: left;\">Quais os fatores envolvidos?<\/h4><ul style=\"text-align: left;\"><li><b>Hereditariedade;<\/b><\/li><li><b>Horm\u00f4nios femininos:<\/b> as altera\u00e7\u00f5es que ocorrem durante o ciclo menstrual interferem na reten\u00e7\u00e3o\u00a0\u00a0de l\u00edquidos e comprometem a circula\u00e7\u00e3o sangu\u00ednea e linf\u00e1tica. Mulheres com dist\u00farbios hormonais\u00a0\u00a0(como ov\u00e1rios polic\u00edsticos) e as que tomam p\u00edlulas anticoncepcionais, fazem reposi\u00e7\u00e3o hormonal ou\u00a0est\u00e3o gr\u00e1vidas t\u00eam muito mais chances de desenvolver a celulite;<\/li><li><b>Stress e cigarro<\/b>: aumentam a concentra\u00e7\u00e3o de toxinas nos organismos e alteram a circula\u00e7\u00e3o sangu\u00ednea;<\/li><li style=\"text-align: left;\"><b>Sedentarismo:<\/b> Ficar muito tempo sentada ou em p\u00e9 tamb\u00e9m piora a circula\u00e7\u00e3o sangu\u00ednea.<\/li><\/ul><h4 style=\"text-align: left;\">Como aparece a Celulite?<\/h4><p style=\"text-align: left;\">As paredes dos vasos capilares que irrigam a pele ficam fr\u00e1geis, deixam vazar l\u00edquido que se acumula entre as c\u00e9lulas de gordura e n\u00e3o conseguem levar embora as toxinas. Essa \u00e9 a celulite de Grau, que n\u00e3o d\u00e1 para ver.<\/p><p style=\"text-align: left;\">O ac\u00famulo de l\u00edquidos entre as c\u00e9lulas altera o ph e dificulta ainda mais o metabolismo. A celulite chegou ao segundo grau. A \u00e1rea incha e o aumento de volume entre as c\u00e9lulas causado por este ac\u00famulo, comprime os vasos sangu\u00edneos dificultando ainda mais a chegada de oxig\u00eanio e a retirada de toxinas da regi\u00e3o. Nesta fase h\u00e1 grande influ\u00eancia da varia\u00e7\u00e3o hormonal, havendo a piora do aspecto da pele, cl\u00ednicamente em \u00e9pocas que coincidem com o aumento do edema (incha\u00e7o),\u00a0como na fase pr\u00e9-menstrual, por exemplo.<\/p><p style=\"text-align: left;\">O excesso de toxinas provoca uma rea\u00e7\u00e3o inflamat\u00f3ria. Numa tentativa de isolar a \u00e1rea, os fibroblastos (c\u00e9lulas que produzem col\u00e1geno) fabricam fibras grossas que forma os n\u00f3dulos.\u00a0Estamos no terceiro grau de celulite. A pele tem aspecto de casca de laranja.<\/p><p style=\"text-align: left;\">Os n\u00f3dulos comprimem vasos e nervos, provocando dor. A essa altura, todo o tecido gorduroso est\u00e1 desorganizado. As c\u00e9lulas de gordura t\u00eam tamanhos diferentes e suas membranas se rompem facilmente. Ocorre a forma\u00e7\u00e3o de travas fibrosas que tracionam a pele manifestando-se em forma de retra\u00e7\u00f5es e ader\u00eancias, sempre vis\u00edveis, caracter\u00edsticas desta fase da celulite, ou seja, do quarto grau. \u00c9 frequente que as pernas inchem<\/p>\t\t\t\t\t\t<\/div>\n\t\t\t\t<\/div>\n\t\t\t\t\t<\/div>\n\t\t<\/div>\n\t\t\t\t\t<\/div>\n\t\t<\/section>\n\t\t\t\t\t<\/div>\n\t\t<\/div>\n\t\t\t\t\t<\/div>\n\t\t<\/section>\n\t\t\t\t<section class=\"elementor-section elementor-top-section elementor-element elementor-element-1e396e2 elementor-section-stretched elementor-section-boxed elementor-section-height-default elementor-section-height-default\" data-id=\"1e396e2\" data-element_type=\"section\" data-settings=\"{&quot;stretch_section&quot;:&quot;section-stretched&quot;,&quot;background_background&quot;:&quot;classic&quot;}\">\n\t\t\t\t\t\t<div class=\"elementor-container elementor-column-gap-wider\">\n\t\t\t\t\t<div class=\"elementor-column elementor-col-100 elementor-top-column elementor-element elementor-element-c87c65b\" data-id=\"c87c65b\" data-element_type=\"column\">\n\t\t\t<div class=\"elementor-widget-wrap elementor-element-populated\">\n\t\t\t\t\t\t<div class=\"elementor-element elementor-element-1e20649 elementor-widget elementor-widget-text-editor\" data-id=\"1e20649\" data-element_type=\"widget\" data-widget_type=\"text-editor.default\">\n\t\t\t\t<div class=\"elementor-widget-container\">\n\t\t\t\t\t\t\t<h4><span style=\"color: #ffffff; letter-spacing: 0px;\">Quais os tratamentos para a Celulite?<\/span><\/h4><div><p><b>Exerc\u00edcios F\u00edsicos:<\/b> Melhoram a circula\u00e7\u00e3o da pele, reduzindo\u00a0o ac\u00famulo de toxinas, minimizando o edema. Como tamb\u00e9m agem como coadjuvantes\u00a0no emagrecimento, auxiliam na redu\u00e7\u00e3o da camada de gordura, que por si s\u00f3\u00a0melhora o aspecto geral da celulite.<\/p><p><b>Dieta Saud\u00e1vel:<\/b> Alimenta\u00e7\u00e3o natural, com a menor quantidade\u00a0poss\u00edvel de produtos industrializados, com baixo teor de gordura e muitas\u00a0fibras ajuda a minimizar o ac\u00famulo de toxinas no tecido subcut\u00e2neo que \u00e9 uma\u00a0das causas da celulite. Dietas que favorecem o emagrecimento melhoram a\u00a0apar\u00eancia da celulite pelo simples fato de haver uma diminui\u00e7\u00e3o da camada de\u00a0gordura.<\/p><p><b>Aumento do Consumo de \u00c1gua:<\/b> a \u00e1gua est\u00e1 diretamente\u00a0envolvida nos mecanismos de desintoxica\u00e7\u00e3o do organismo e no aumento da diurese\u00a0que, por sua vez, auxilia na minimiza\u00e7\u00e3o do edema subcut\u00e2neo, presente na\u00a0celulite.<\/p><p><b>Drenagem Linf\u00e1tica<\/b>: Massagem lenta e suave que estimula o\u00a0sistema linf\u00e1tico do organismo, ajudando a diminuir o edema e a reten\u00e7\u00e3o\u00a0l\u00edquida corporal. Auxilia na desentoxica\u00e7\u00e3o das c\u00e9lulas do corpo, ajudando a\u00a0combater a celulite.<\/p><p><b>Intradermoterapia:<\/b> Aplica\u00e7\u00e3o de microinje\u00e7\u00f5es nos locais\u00a0onde h\u00e1 celulite, com microdoses de subst\u00e2ncias que promovem a recupera\u00e7\u00e3o da\u00a0microcircula\u00e7\u00e3o, combatem o armazenamento de gordura e estimulam a forma\u00e7\u00e3o de fibras de sustenta\u00e7\u00e3o da pele. \u00a0Podem ser\u00a0usadas substancias como a Rutina, Cafe\u00edna, a Pentoxifilina, a Benzopirona, L\u00a0Carnitina e o Sil\u00edcio.<\/p><p>As substancias injetadas promovem uma reorganiza\u00e7\u00e3o profunda\u00a0da derme, promovendo a neoforma\u00e7\u00e3o de col\u00e1geno, melhora da perfus\u00e3o da pele e\u00a0melhora da textura dos septos fibrosos.<\/p><p><b>Radiofrequencia:<\/b> (para casos de celulite edematosa,\u00a0associada \u00e0 gordura ou n\u00e3o) (Exilis): Seu objetivo \u00e9 estimular a compacta\u00e7\u00e3o e a\u00a0s\u00edntese das fibras de\u00a0col\u00e1geno, reestruturando as camadas mais profundas\u00a0da pele e melhorando sua sustenta\u00e7\u00e3o. Proporciona efeito progressivo de melhora\u00a0da flacidez, reestruturando a pele e produzindo efeito de suaviza\u00e7\u00e3o da apar\u00eancia\u00a0das irregularidades da pele, presentes na celulite. Como leva \u00e0 estimula\u00e7\u00e3o dos<br \/>fibroblastos, levando-os a produzir um novo col\u00e1geno, mais denso e organizado,<br \/>podem ser efetivos para o tratamento tanto da celulite de Grau 1 como nos\u00a0quadros mais avan\u00e7ados. Sua a\u00e7\u00e3o esvaziadora dos adip\u00f3citos, leva a redu\u00e7\u00e3o da\u00a0gordura e melhora do contorno corporal.<\/p><p><b>Radiofrequencia Seletiva Externa (Vanquish)<\/b>: A energia\u00a0emitida pelo aparelho atinge os adip\u00f3citos causando sua ruptura, al\u00e9m de aumentar\u00a0a produ\u00e7\u00e3o de fibras de col\u00e1geno e a contra\u00e7\u00e3o do existente, reduzindo a\u00a0flacidez da pele.<\/p><p><b>Terapia por Ondas de Choque (X-Wave): <\/b>melhora da microcircula\u00e7\u00e3o,\u00a0est\u00edmulo a produ\u00e7\u00e3o de col\u00e1geno, redu\u00e7\u00e3o das toxinas pelo aumento da\u00a0permeabilidade das membranas celulares, minimiza\u00e7\u00e3o do edema e redu\u00e7\u00e3o do\u00a0conte\u00fado dos adip\u00f3citos, levando ao aumento da firmeza, brilho e alisamento da\u00a0regi\u00e3o.<\/p><p><b>Ultrassom Micro e Macrofocado (para casos de celulite\u00a0edematosa, associada \u00e0 gordura ou n\u00e3o)<\/b>: age na derme profunda, onde produz os efeitos termomec\u00e2nicos, como microcauteriza\u00e7\u00f5es, estimulando os fibroblastos, ocasionando a produ\u00e7\u00e3o de novo col\u00e1geno, mais denso e el\u00e1stico, melhorando a flacidez. Tamb\u00e9m age na camada de gordura, levando ao colapso dos adip\u00f3citos, reduzindo a gordura da regi\u00e3o.<\/p><p><b>Bioestimuladores de Col\u00e1geno (para casos de celulite flacidez):\u00a0<\/b>Induz \u00e0 s\u00edntese de fibras de\u00a0col\u00e1geno, melhorando a sustenta\u00e7\u00e3o da pele<i> <\/i>e\u00a0refinando a qualidade dos septos fibrosos. Proporciona efeito progressivo de\u00a0melhora da flacidez, reestruturando a pele e produzindo efeito de suaviza\u00e7\u00e3o da\u00a0superf\u00edcie da pele.<\/p><p><b>Subcis\u00e3o (para casos de retra\u00e7\u00e3o e fibrose da pele):\u00a0<\/b>Indicado para os casos que tem fibrose associada. Consiste no descolamento da\u00a0pele, atrav\u00e9s da ruptura dos septos fibrosos da celulite, atrav\u00e9s da utiliza\u00e7\u00e3o\u00a0de instrumentos especiais para promover a posterior cicatriza\u00e7\u00e3o tecidual,\u00a0reorganiza\u00e7\u00e3o do col\u00e1geno, deixando o aspecto da superf\u00edcie da pele mais liso.<\/p><\/div>\t\t\t\t\t\t<\/div>\n\t\t\t\t<\/div>\n\t\t\t\t\t<\/div>\n\t\t<\/div>\n\t\t\t\t\t<\/div>\n\t\t<\/section>\n\t\t\t\t<section class=\"elementor-section elementor-top-section elementor-element elementor-element-1e1d461 elementor-section-stretched elementor-section-boxed elementor-section-height-default elementor-section-height-default\" data-id=\"1e1d461\" data-element_type=\"section\" data-settings=\"{&quot;stretch_section&quot;:&quot;section-stretched&quot;}\">\n\t\t\t\t\t\t<div class=\"elementor-container elementor-column-gap-wider\">\n\t\t\t\t\t<div class=\"elementor-column elementor-col-100 elementor-top-column elementor-element elementor-element-98eea6e\" data-id=\"98eea6e\" data-element_type=\"column\">\n\t\t\t<div class=\"elementor-widget-wrap elementor-element-populated\">\n\t\t\t\t\t\t<section class=\"elementor-section elementor-inner-section elementor-element elementor-element-8caea67 elementor-section-boxed elementor-section-height-default elementor-section-height-default\" data-id=\"8caea67\" data-element_type=\"section\" data-settings=\"{&quot;background_background&quot;:&quot;classic&quot;}\">\n\t\t\t\t\t\t<div class=\"elementor-container elementor-column-gap-default\">\n\t\t\t\t\t<div class=\"elementor-column elementor-col-100 elementor-inner-column elementor-element elementor-element-7cbc67d\" data-id=\"7cbc67d\" data-element_type=\"column\" data-settings=\"{&quot;background_background&quot;:&quot;classic&quot;}\">\n\t\t\t<div class=\"elementor-widget-wrap elementor-element-populated\">\n\t\t\t\t\t\t<div class=\"elementor-element elementor-element-aa9989b elementor-widget elementor-widget-text-editor\" data-id=\"aa9989b\" data-element_type=\"widget\" data-widget_type=\"text-editor.default\">\n\t\t\t\t<div class=\"elementor-widget-container\">\n\t\t\t\t\t\t\t<h2><b>Contato<\/b><\/h2><div><b>Entre em contato conosco para tirar uma d\u00favida ou agendar uma consulta.<\/b><\/div>\t\t\t\t\t\t<\/div>\n\t\t\t\t<\/div>\n\t\t\t\t<div class=\"elementor-element elementor-element-d89342c elementor-widget elementor-widget-spacer\" data-id=\"d89342c\" data-element_type=\"widget\" data-widget_type=\"spacer.default\">\n\t\t\t\t<div class=\"elementor-widget-container\">\n\t\t\t<style>\/*! elementor - v3.23.0 - 05-08-2024 *\/\n.elementor-column .elementor-spacer-inner{height:var(--spacer-size)}.e-con{--container-widget-width:100%}.e-con-inner>.elementor-widget-spacer,.e-con>.elementor-widget-spacer{width:var(--container-widget-width,var(--spacer-size));--align-self:var(--container-widget-align-self,initial);--flex-shrink:0}.e-con-inner>.elementor-widget-spacer>.elementor-widget-container,.e-con>.elementor-widget-spacer>.elementor-widget-container{height:100%;width:100%}.e-con-inner>.elementor-widget-spacer>.elementor-widget-container>.elementor-spacer,.e-con>.elementor-widget-spacer>.elementor-widget-container>.elementor-spacer{height:100%}.e-con-inner>.elementor-widget-spacer>.elementor-widget-container>.elementor-spacer>.elementor-spacer-inner,.e-con>.elementor-widget-spacer>.elementor-widget-container>.elementor-spacer>.elementor-spacer-inner{height:var(--container-widget-height,var(--spacer-size))}.e-con-inner>.elementor-widget-spacer.elementor-widget-empty,.e-con>.elementor-widget-spacer.elementor-widget-empty{position:relative;min-height:22px;min-width:22px}.e-con-inner>.elementor-widget-spacer.elementor-widget-empty .elementor-widget-empty-icon,.e-con>.elementor-widget-spacer.elementor-widget-empty .elementor-widget-empty-icon{position:absolute;top:0;bottom:0;left:0;right:0;margin:auto;padding:0;width:22px;height:22px}<\/style>\t\t<div class=\"elementor-spacer\">\n\t\t\t<div class=\"elementor-spacer-inner\"><\/div>\n\t\t<\/div>\n\t\t\t\t<\/div>\n\t\t\t\t<\/div>\n\t\t\t\t<div class=\"elementor-element elementor-element-8c37a5d elementor-widget elementor-widget-shortcode\" data-id=\"8c37a5d\" data-element_type=\"widget\" data-widget_type=\"shortcode.default\">\n\t\t\t\t<div class=\"elementor-widget-container\">\n\t\t\t\t\t<div class=\"elementor-shortcode\">\n<div class=\"wpcf7 no-js\" id=\"wpcf7-f112-o1\" lang=\"en-US\" dir=\"ltr\">\n<div class=\"screen-reader-response\"><p role=\"status\" aria-live=\"polite\" aria-atomic=\"true\"><\/p> <ul><\/ul><\/div>\n<form action=\"\/index.php\/wp-json\/wp\/v2\/pages\/910#wpcf7-f112-o1\" method=\"post\" class=\"wpcf7-form init\" aria-label=\"Contact form\" novalidate=\"novalidate\" data-status=\"init\">\n<div style=\"display: none;\">\n<input type=\"hidden\" name=\"_wpcf7\" value=\"112\" \/>\n<input type=\"hidden\" name=\"_wpcf7_version\" value=\"5.7.7\" \/>\n<input type=\"hidden\" name=\"_wpcf7_locale\" value=\"en_US\" \/>\n<input type=\"hidden\" name=\"_wpcf7_unit_tag\" value=\"wpcf7-f112-o1\" \/>\n<input type=\"hidden\" name=\"_wpcf7_container_post\" value=\"0\" \/>\n<input type=\"hidden\" name=\"_wpcf7_posted_data_hash\" value=\"\" \/>\n<\/div>\n<div class=\"column one-second\">\n\t<p><span class=\"wpcf7-form-control-wrap\" data-name=\"your-name\"><input size=\"40\" class=\"wpcf7-form-control wpcf7-text wpcf7-validates-as-required\" aria-required=\"true\" aria-invalid=\"false\" placeholder=\"Nome\" value=\"\" type=\"text\" name=\"your-name\" \/><\/span>\n\t<\/p>\n<\/div>\n<div class=\"column one-second\">\n\t<p><span class=\"wpcf7-form-control-wrap\" data-name=\"your-phone\"><input size=\"40\" class=\"wpcf7-form-control wpcf7-text wpcf7-tel wpcf7-validates-as-tel\" aria-invalid=\"false\" placeholder=\"Telefone\" value=\"\" type=\"tel\" name=\"your-phone\" \/><\/span>\n\t<\/p>\n<\/div>\n<div class=\"column one\">\n\t<p><span class=\"wpcf7-form-control-wrap\" data-name=\"E-mail\"><input size=\"40\" class=\"wpcf7-form-control wpcf7-text wpcf7-email wpcf7-validates-as-required wpcf7-validates-as-email\" aria-required=\"true\" aria-invalid=\"false\" placeholder=\"E-mail\" value=\"\" type=\"email\" name=\"E-mail\" \/><\/span>\n\t<\/p>\n<\/div>\n<div class=\"column one\">\n\t<p><span class=\"wpcf7-form-control-wrap\" data-name=\"your-message\"><textarea cols=\"40\" rows=\"1\" class=\"wpcf7-form-control wpcf7-textarea\" aria-invalid=\"false\" placeholder=\"Mensagem\" name=\"your-message\"><\/textarea><\/span>\n\t<\/p>\n<\/div>\n<div class=\"column one\" style=\"text-align: center;\">\n\t<p><input class=\"wpcf7-form-control has-spinner wpcf7-submit\" type=\"submit\" value=\"Enviar Mensagem\" \/>\n\t<\/p>\n<\/div><div class=\"wpcf7-response-output\" aria-hidden=\"true\"><\/div>\n<\/form>\n<\/div>\n<\/div>\n\t\t\t\t<\/div>\n\t\t\t\t<\/div>\n\t\t\t\t\t<\/div>\n\t\t<\/div>\n\t\t\t\t\t<\/div>\n\t\t<\/section>\n\t\t\t\t\t<\/div>\n\t\t<\/div>\n\t\t\t\t\t<\/div>\n\t\t<\/section>\n\t\t\t\t<\/div>\n\t\t","protected":false},"excerpt":{"rendered":"<p>O que \u00e9? Conhecida como Lipodistrofia Gin\u00f3ide, a celulite costuma surgir com frequ\u00eancia em regi\u00f5es do corpo que acumulam gordura com mais facilidade. Ocorre, sobretudo, em<span class=\"excerpt-hellip\"> [\u2026]<\/span><\/p>\n","protected":false},"author":1,"featured_media":0,"parent":843,"menu_order":0,"comment_status":"closed","ping_status":"closed","template":"","meta":{"_joinchat":[]},"_links":{"self":[{"href":"https:\/\/dermacentro.com.br\/index.php\/wp-json\/wp\/v2\/pages\/910"}],"collection":[{"href":"https:\/\/dermacentro.com.br\/index.php\/wp-json\/wp\/v2\/pages"}],"about":[{"href":"https:\/\/dermacentro.com.br\/index.php\/wp-json\/wp\/v2\/types\/page"}],"author":[{"embeddable":true,"href":"https:\/\/dermacentro.com.br\/index.php\/wp-json\/wp\/v2\/users\/1"}],"replies":[{"embeddable":true,"href":"https:\/\/dermacentro.com.br\/index.php\/wp-json\/wp\/v2\/comments?post=910"}],"version-history":[{"count":7,"href":"https:\/\/dermacentro.com.br\/index.php\/wp-json\/wp\/v2\/pages\/910\/revisions"}],"predecessor-version":[{"id":2230,"href":"https:\/\/dermacentro.com.br\/index.php\/wp-json\/wp\/v2\/pages\/910\/revisions\/2230"}],"up":[{"embeddable":true,"href":"https:\/\/dermacentro.com.br\/index.php\/wp-json\/wp\/v2\/pages\/843"}],"wp:attachment":[{"href":"https:\/\/dermacentro.com.br\/index.php\/wp-json\/wp\/v2\/media?parent=910"}],"curies":[{"name":"wp","href":"https:\/\/api.w.org\/{rel}","templated":true}]}}