{"id":905,"date":"2022-04-19T09:27:47","date_gmt":"2022-04-19T12:27:47","guid":{"rendered":"http:\/\/dermacentro.com.br\/?page_id=905"},"modified":"2022-07-26T12:32:03","modified_gmt":"2022-07-26T15:32:03","slug":"tratamento-de-estrias","status":"publish","type":"page","link":"https:\/\/dermacentro.com.br\/index.php\/tratamentos-corporais\/tratamento-de-estrias\/","title":{"rendered":"Tratamento de Estrias"},"content":{"rendered":"\t\t<div data-elementor-type=\"wp-page\" data-elementor-id=\"905\" class=\"elementor elementor-905\">\n\t\t\t\t\t\t<section class=\"elementor-section elementor-top-section elementor-element elementor-element-0c5fb4f elementor-section-stretched elementor-section-boxed elementor-section-height-default elementor-section-height-default\" data-id=\"0c5fb4f\" data-element_type=\"section\" data-settings=\"{&quot;stretch_section&quot;:&quot;section-stretched&quot;,&quot;background_background&quot;:&quot;classic&quot;}\">\n\t\t\t\t\t\t\t<div class=\"elementor-background-overlay\"><\/div>\n\t\t\t\t\t\t\t<div class=\"elementor-container elementor-column-gap-default\">\n\t\t\t\t\t<div class=\"elementor-column elementor-col-100 elementor-top-column elementor-element elementor-element-b33aa50\" data-id=\"b33aa50\" data-element_type=\"column\">\n\t\t\t<div class=\"elementor-widget-wrap elementor-element-populated\">\n\t\t\t\t\t\t\t<\/div>\n\t\t<\/div>\n\t\t\t\t\t<\/div>\n\t\t<\/section>\n\t\t\t\t<section class=\"elementor-section elementor-top-section elementor-element elementor-element-3e41c4a elementor-section-stretched elementor-section-boxed elementor-section-height-default elementor-section-height-default\" data-id=\"3e41c4a\" data-element_type=\"section\" data-settings=\"{&quot;stretch_section&quot;:&quot;section-stretched&quot;,&quot;background_background&quot;:&quot;classic&quot;}\">\n\t\t\t\t\t\t<div class=\"elementor-container elementor-column-gap-wider\">\n\t\t\t\t\t<div class=\"elementor-column elementor-col-100 elementor-top-column elementor-element elementor-element-b382ebe\" data-id=\"b382ebe\" data-element_type=\"column\">\n\t\t\t<div class=\"elementor-widget-wrap elementor-element-populated\">\n\t\t\t\t\t\t<section class=\"elementor-section elementor-inner-section elementor-element elementor-element-a05f91a elementor-section-boxed elementor-section-height-default elementor-section-height-default\" data-id=\"a05f91a\" data-element_type=\"section\">\n\t\t\t\t\t\t<div class=\"elementor-container elementor-column-gap-default\">\n\t\t\t\t\t<div class=\"elementor-column elementor-col-50 elementor-inner-column elementor-element elementor-element-530dd7b\" data-id=\"530dd7b\" data-element_type=\"column\">\n\t\t\t<div class=\"elementor-widget-wrap elementor-element-populated\">\n\t\t\t\t\t\t<div class=\"elementor-element elementor-element-4d5caeb elementor-widget elementor-widget-image\" data-id=\"4d5caeb\" data-element_type=\"widget\" data-widget_type=\"image.default\">\n\t\t\t\t<div class=\"elementor-widget-container\">\n\t\t\t<style>\/*! elementor - v3.23.0 - 05-08-2024 *\/\n.elementor-widget-image{text-align:center}.elementor-widget-image a{display:inline-block}.elementor-widget-image a img[src$=\".svg\"]{width:48px}.elementor-widget-image img{vertical-align:middle;display:inline-block}<\/style>\t\t\t\t\t\t\t\t\t\t<img fetchpriority=\"high\" width=\"780\" height=\"1135\" src=\"https:\/\/dermacentro.com.br\/wp-content\/uploads\/2022\/07\/estria.webp\" class=\"attachment-full size-full wp-image-2197\" alt=\"\" srcset=\"https:\/\/dermacentro.com.br\/wp-content\/uploads\/2022\/07\/estria.webp 780w, https:\/\/dermacentro.com.br\/wp-content\/uploads\/2022\/07\/estria-206x300.webp 206w, https:\/\/dermacentro.com.br\/wp-content\/uploads\/2022\/07\/estria-704x1024.webp 704w, https:\/\/dermacentro.com.br\/wp-content\/uploads\/2022\/07\/estria-768x1118.webp 768w, https:\/\/dermacentro.com.br\/wp-content\/uploads\/2022\/07\/estria-100x146.webp 100w, https:\/\/dermacentro.com.br\/wp-content\/uploads\/2022\/07\/estria-34x50.webp 34w, https:\/\/dermacentro.com.br\/wp-content\/uploads\/2022\/07\/estria-52x75.webp 52w\" sizes=\"(max-width: 780px) 100vw, 780px\" \/>\t\t\t\t\t\t\t\t\t\t\t\t\t<\/div>\n\t\t\t\t<\/div>\n\t\t\t\t\t<\/div>\n\t\t<\/div>\n\t\t\t\t<div class=\"elementor-column elementor-col-50 elementor-inner-column elementor-element elementor-element-8599277\" data-id=\"8599277\" data-element_type=\"column\">\n\t\t\t<div class=\"elementor-widget-wrap elementor-element-populated\">\n\t\t\t\t\t\t<div class=\"elementor-element elementor-element-d53fc86 elementor-widget elementor-widget-text-editor\" data-id=\"d53fc86\" data-element_type=\"widget\" data-widget_type=\"text-editor.default\">\n\t\t\t\t<div class=\"elementor-widget-container\">\n\t\t\t<style>\/*! elementor - v3.23.0 - 05-08-2024 *\/\n.elementor-widget-text-editor.elementor-drop-cap-view-stacked .elementor-drop-cap{background-color:#69727d;color:#fff}.elementor-widget-text-editor.elementor-drop-cap-view-framed .elementor-drop-cap{color:#69727d;border:3px solid;background-color:transparent}.elementor-widget-text-editor:not(.elementor-drop-cap-view-default) .elementor-drop-cap{margin-top:8px}.elementor-widget-text-editor:not(.elementor-drop-cap-view-default) .elementor-drop-cap-letter{width:1em;height:1em}.elementor-widget-text-editor .elementor-drop-cap{float:left;text-align:center;line-height:1;font-size:50px}.elementor-widget-text-editor .elementor-drop-cap-letter{display:inline-block}<\/style>\t\t\t\t<h3><span style=\"color: #ffffff;\">O que s\u00e3o?<\/span><\/h3>\t\t\t\t\t\t<\/div>\n\t\t\t\t<\/div>\n\t\t\t\t<div class=\"elementor-element elementor-element-d870478 elementor-widget elementor-widget-text-editor\" data-id=\"d870478\" data-element_type=\"widget\" data-widget_type=\"text-editor.default\">\n\t\t\t\t<div class=\"elementor-widget-container\">\n\t\t\t\t\t\t\t<p>Estrias s\u00e3o cicatrizes suaves que se formam sobre a pele em locais onde houve seu estiramento excessivo, levando a uma ruptura precoce das fibras col\u00e1genas de sustenta\u00e7\u00e3o.<\/p><p>Podem ser lineares ou onduladas, podendo variar de alguns mil\u00edmetros a alguns cent\u00edmetros.<\/p><p>Podem ser esbranqui\u00e7adas ou avermelhadas, sobrelevadas ou at\u00f3ficas, dependendo da regi\u00e3o em que se encontram e da fase em que surgiram.<\/p><p>Consistem numa ruptura do tecido d\u00e9rmico com consequente forma\u00e7\u00e3o de uma linha vertical, ou seja, perpendicular \u00e0 superf\u00edcie da pele, levando \u00e0 forma\u00e7\u00e3o de listras \u201ccaneladas\u201d na pele, com linhas mais elevadas entremeadas com outras atr\u00f3ficas.<\/p><p>No come\u00e7o, h\u00e1 um processo inflamat\u00f3rio e surgem linhas vermelhas. As estrias se mant\u00eam assim por alguns meses. O organismo passa a produzir um col\u00e1geno mais espesso e a marca fica semelhante a uma cicatriz com colora\u00e7\u00e3o perolada \u2013 a melanina, pigmento que d\u00e1 cor \u00e0 pele, desaparece.<\/p><p>Com o passar do tempo, d\u00e3o origem a uma pele com tecido mais fraco, menos resistente aos processos de envelhecimento e com mais potencial para flacidez.<\/p><p>S\u00e3o mais frequentes em algumas fases da vida, como adolesc\u00eancia e na \u00e9poca da gravidez, sugerindo um forte envolvimento hormonal, em especial com um dos horm\u00f4nios da gl\u00e2ndula SupraRenal, o Cortisol.<\/p><p>Podem acometer homens e mulheres (sendo 2,5 vezes mais comuns nestas), ocorrendo preferencialmente em \u00e1reas como seios, coxas, n\u00e1degas, quadris, abdome, regi\u00e3o lombar, bra\u00e7os, ombros e nas panturrilhas.<\/p><p>Suas causas mais comuns s\u00e3o gravidez, obesidade, s\u00fabito aumento de peso, crescimento r\u00e1pido, atividades f\u00edsicas com s\u00fabita hipertrofia muscular, uso de horm\u00f4nios sist\u00eamicos, como anabolizantes e corticoides, corticoides t\u00f3picos e coloca\u00e7\u00e3o de pr\u00f3teses que causem s\u00fabito estiramento da pele.<\/p>\t\t\t\t\t\t<\/div>\n\t\t\t\t<\/div>\n\t\t\t\t\t<\/div>\n\t\t<\/div>\n\t\t\t\t\t<\/div>\n\t\t<\/section>\n\t\t\t\t\t<\/div>\n\t\t<\/div>\n\t\t\t\t\t<\/div>\n\t\t<\/section>\n\t\t\t\t<section class=\"elementor-section elementor-top-section elementor-element elementor-element-23c64f6 elementor-section-stretched elementor-section-boxed elementor-section-height-default elementor-section-height-default\" data-id=\"23c64f6\" data-element_type=\"section\" data-settings=\"{&quot;stretch_section&quot;:&quot;section-stretched&quot;,&quot;background_background&quot;:&quot;classic&quot;}\">\n\t\t\t\t\t\t<div class=\"elementor-container elementor-column-gap-wider\">\n\t\t\t\t\t<div class=\"elementor-column elementor-col-100 elementor-top-column elementor-element elementor-element-536a83c\" data-id=\"536a83c\" data-element_type=\"column\">\n\t\t\t<div class=\"elementor-widget-wrap elementor-element-populated\">\n\t\t\t\t\t\t<section class=\"elementor-section elementor-inner-section elementor-element elementor-element-21d1228 elementor-section-boxed elementor-section-height-default elementor-section-height-default\" data-id=\"21d1228\" data-element_type=\"section\">\n\t\t\t\t\t\t<div class=\"elementor-container elementor-column-gap-default\">\n\t\t\t\t\t<div class=\"elementor-column elementor-col-100 elementor-inner-column elementor-element elementor-element-5128357\" data-id=\"5128357\" data-element_type=\"column\">\n\t\t\t<div class=\"elementor-widget-wrap elementor-element-populated\">\n\t\t\t\t\t\t<div class=\"elementor-element elementor-element-942eadf elementor-widget elementor-widget-text-editor\" data-id=\"942eadf\" data-element_type=\"widget\" data-widget_type=\"text-editor.default\">\n\t\t\t\t<div class=\"elementor-widget-container\">\n\t\t\t\t\t\t\t<h4 style=\"text-align: left;\">Quais os tratamentos para Estrias?<\/h4><p style=\"text-align: left;\">As estrias s\u00e3o uma queixa muito comum e existem v\u00e1rios\u00a0tratamentos poss\u00edveis, entretanto, nenhum deles \u00e9 completamente satisfat\u00f3rio.<\/p><p style=\"text-align: left;\">Os melhores resultados s\u00e3o obtidos quando as estrias s\u00e3o\u00a0mais recentes, mais finas e avermelhadas e menos extensas sobre a pele.<\/p><p style=\"text-align: left;\"><b>Laser para Vasos (Laser Nd Yag 1064 e Laser Q-Switched Yag):<\/b><br \/>Especialmente \u00fatil para as estrias recentes e avermelhadas. O calor produzido<br \/>pela luz do laser somente \u00e9 absorvido pela hemoglobina (pigmento vermelho do<br \/>sangue).<\/p><p style=\"text-align: left;\"><b>Laser Fracionado Ablativo e Subablativo:<\/b> Utilzado\u00a0principalmente para estrias antigas, esbranqui\u00e7adas e atr\u00f3ficas. As sess\u00f5es de\u00a0laser levam ao lixamento superficial da pele, promovendo uma recupera\u00e7\u00e3o global\u00a0da pele da regi\u00e3o tratada, levando \u00e0 diminui\u00e7\u00e3o do calibre e profundidade das\u00a0estrias tratadas, homogeneizando a colora\u00e7\u00e3o da pele, deixando-a com a colora\u00e7\u00e3o\u00a0menos nacarada, menos evidente quando expostas \u00e0 luz.<\/p><p style=\"text-align: left;\"><b>Microagulhamento:<\/b> Utilzado principalmente para estrias\u00a0antigas, esbranqui\u00e7adas e atr\u00f3ficas. As sess\u00f5es de microagulhamento, induzem a<br \/>forma\u00e7\u00e3o de um novo col\u00e1geno atrav\u00e9s das microperfura\u00e7\u00f5es causadas pelas<br \/>agulhas, proporcionando a melhora do relevo e a qualidade geral da pele. Pode<br \/>ser associado ao procedimento de Drug Delivery que consiste na aplica\u00e7\u00e3o de<br \/>medica\u00e7\u00f5es atrav\u00e9s da pele, utilizando os canais abertos pelas microagulhas,<br \/>potencializando os resultados alcan\u00e7ados. Podem ser utilizadas substancias como\u00a0a Vitamina C, o \u00c1cido Hialur\u00f4nico e o Sil\u00edcio para auxiliarem na recupera\u00e7\u00e3o da\u00a0pele. Tamb\u00e9m podem ser utilizadas substancias que favore\u00e7am a pigmenta\u00e7\u00e3o das\u00a0estrias esbranqui\u00e7adas.<\/p><p style=\"text-align: left;\">\u00a0<b>MMP \u2013 Microinfus\u00e3o de\u00a0Medicamentos atrav\u00e9s da Pele: <\/b>\u00datil especialmente para as estrias esbranqui\u00e7adas\u00a0e atr\u00f3ficas, utiliza-se de aparelho espec\u00edfico que promove a ruptura\u00a0superficial da epiderme, atrav\u00e9s de pequeninas agulhas, atrav\u00e9s dos quais\u00a0realiza-se a infus\u00e3o de produtos como o Cobre, a Vitamina C, o \u00c1cido\u00a0Hialur\u00f4nico e o Sil\u00edcio. Tal t\u00e9cnica restaura a vitalidade da pele tratada,<br \/>melhorando sua colora\u00e7\u00e3o, textura e t\u00f4nus, devido ao est\u00edmulo para a \u00a0forma\u00e7\u00e3o de um novo col\u00e1geno, melhorando a\u00a0qualidade geral da pele d tornando as estrias menos percept\u00edveis.<\/p><p style=\"text-align: left;\"><b>Intradermoterapia ou Mesoterapia:<\/b> M\u00e9todo que utiliza a\u00a0inje\u00e7\u00e3o de melanges ou misturas espec\u00edficas de medicamentos nas camadas mais\u00a0superficiais da derme, promovendo a recupera\u00e7\u00e3o da pele lesada pelas estrias. \u00a0Podem ser usadas substancias como o Carbonato\u00a0de C\u00e1lcio, a Pentoxifilina, a Benzopirona, as Glucosaminoglicanas, o Cobre, a\u00a0Vitamina C, o \u00c1cido Hialur\u00f4nico e o Sil\u00edcio.<\/p><p style=\"text-align: left;\">Dependendo dos medicamentos utilizados, podem induzir\u00a0melhora tanto \u00e0s estrias mais recentes como \u00e0s mais antigas. As substancias\u00a0injetadas promovem uma reorganiza\u00e7\u00e3o profunda da derme, promovendo a\u00a0neoforma\u00e7\u00e3o de col\u00e1geno, a diminui\u00e7\u00e3o da largura e profundidade das estrias,\u00a0com melhora na sua colora\u00e7\u00e3o e estrutura. Assim, s\u00e3o \u00fateis tanto para estrias\u00a0antigas como para as mais recentes.<\/p><p style=\"text-align: left;\"><b>Bioestimuladores de Col\u00e1geno:<\/b> (\u00c1cido Poli-L-L\u00e1ctico,\u00a0Hidr\u00f3xiapatita de C\u00e1lcio, Fios de PDO): Seu objetivo \u00e9 estimular a s\u00edntese de\u00a0fibras de\u00a0col\u00e1geno, reestruturando as camadas mais profundas da pele que\u00a0foram danificadas pela forma\u00e7\u00e3o das estrias. Proporciona efeito progressivo de\u00a0melhora da flacidez, reestruturando a pele e produzindo efeito de suaviza\u00e7\u00e3o da\u00a0apar\u00eancia das estrias na pele. Como leva \u00e0 estimula\u00e7\u00e3o dos fibroblastos,\u00a0levando-os a produzir um novo col\u00e1geno, mais denso e organizado, podem ser\u00a0efetivos para o tratamento tanto de estrias recentes como das mais antigas.<\/p><p style=\"text-align: left;\"><b>Subcis\u00e3o: <\/b>Indicado para as estrias mais largas e volumosas,\u00a0consiste no descolamento da pele abaixo das estrias, atrav\u00e9s da utiliza\u00e7\u00e3o de\u00a0instrumentos especiais para promover a posterior cicatriza\u00e7\u00e3o tecidual,\u00a0reorganiza\u00e7\u00e3o do col\u00e1geno, promovendo a contra\u00e7\u00e3o superficial das estrias\u00a0tratadas.<\/p><p style=\"text-align: left;\"><b>Peelings:<\/b> atrav\u00e9s da aplica\u00e7\u00e3o de peelings qu\u00edmicos promovem\u00a0a remo\u00e7\u00e3o das camadas superficiais da pele, melhorando colora\u00e7\u00e3o e o relevo das\u00a0estrias. Podem ser utilizadas substancias como o \u00c1cido Retin\u00f3ico, \u00c1cido\u00a0Glic\u00f3lico e \u00c1cido Mand\u00e9lico, podem ser \u00fateis para todos os tipos de estrias,\u00a0recentes e antigas, de maior ou menor profundidade.\u00a0<\/p><p style=\"text-align: left;\"><span style=\"letter-spacing: 0px; text-align: center;\">As t\u00e9cnicas podem ser utilizadas separadas ou associadas em\u00a0uma mesma sess\u00e3o, potencializando os resultados, sem aumentar os efeitos\u00a0colaterais individuais.<\/span><span style=\"letter-spacing: 0px;\">\u00a0<\/span><\/p>\t\t\t\t\t\t<\/div>\n\t\t\t\t<\/div>\n\t\t\t\t\t<\/div>\n\t\t<\/div>\n\t\t\t\t\t<\/div>\n\t\t<\/section>\n\t\t\t\t\t<\/div>\n\t\t<\/div>\n\t\t\t\t\t<\/div>\n\t\t<\/section>\n\t\t\t\t<section class=\"elementor-section elementor-top-section elementor-element elementor-element-1e396e2 elementor-section-stretched elementor-section-boxed elementor-section-height-default elementor-section-height-default\" data-id=\"1e396e2\" data-element_type=\"section\" data-settings=\"{&quot;stretch_section&quot;:&quot;section-stretched&quot;,&quot;background_background&quot;:&quot;classic&quot;}\">\n\t\t\t\t\t\t<div class=\"elementor-container elementor-column-gap-wider\">\n\t\t\t\t\t<div class=\"elementor-column elementor-col-100 elementor-top-column elementor-element elementor-element-c87c65b\" data-id=\"c87c65b\" data-element_type=\"column\">\n\t\t\t<div class=\"elementor-widget-wrap elementor-element-populated\">\n\t\t\t\t\t\t<div class=\"elementor-element elementor-element-1e20649 elementor-widget elementor-widget-text-editor\" data-id=\"1e20649\" data-element_type=\"widget\" data-widget_type=\"text-editor.default\">\n\t\t\t\t<div class=\"elementor-widget-container\">\n\t\t\t\t\t\t\t<h4><span style=\"color: #ffffff; letter-spacing: 0px;\">Quantas sess\u00f5es s\u00e3o necess\u00e1rias?<\/span><\/h4><div><p><span style=\"letter-spacing: 0px;\">O n\u00famero de sess\u00f5es \u00e9 vari\u00e1vel e depende da caracter\u00edstica das estrias, da sua localiza\u00e7\u00e3o, do tipo de tratamento escolhido do tipo de pele do paciente, dos resultados obtidos e da expectativa do paciente.<\/span><\/p><h4><span style=\"letter-spacing: 0px; color: #ffffff;\">P\u00f3s procedimento<\/span><\/h4><p>Ap\u00f3s o procedimento, o paciente pode voltar imediatamente \u00e0\u00a0sua rotina normal. A pele tratada n\u00e3o fica marcada ou arroxeada.\u00a0<\/p><p>Nos primeiros dias, ap\u00f3s a aplica\u00e7\u00e3o, a pele pode apresentar\u00a0alguma retra\u00e7\u00e3o, transit\u00f3ria.<\/p><p><span style=\"letter-spacing: 0px;\">O paciente pode sentir uma leve dor ou sensa\u00e7\u00e3o de peso sob\u00a0<\/span><span style=\"letter-spacing: 0px;\">a pele da regi\u00e3o tratada. A sintomatologia costuma ser leve, n\u00e3o sendo\u00a0<\/span><span style=\"letter-spacing: 0px;\">necess\u00e1rio o uso de medicamentos. Tal sensa\u00e7\u00e3o \u00e9 transit\u00f3ria e costuma\u00a0<\/span><span style=\"letter-spacing: 0px;\">desaparecer espontaneamente em cerca de 48 a 72 horas.<\/span><\/p><h4><span style=\"color: #ffffff; letter-spacing: 0px;\">Contraindica\u00e7\u00f5es<\/span><\/h4><ul><li><p>Pacientes gr\u00e1vidas ou amamentando;<\/p><\/li><li><p><span style=\"letter-spacing: 0px;\">Predisposi\u00e7\u00e3o a infec\u00e7\u00e3o de Herpes Simples pode necessitar de tratamento profil\u00e1tico pr\u00e9vio.<\/span><\/p><\/li><li><p><span style=\"letter-spacing: 0px;\">Doen\u00e7as desencadeadas pela luz ou calor.<\/span><\/p><\/li><li><p><span style=\"letter-spacing: 0px;\">Infec\u00e7\u00f5es de pele, na \u00e1rea tratada.<\/span><\/p><\/li><li><p><span style=\"letter-spacing: 0px;\">Pacientes com Pele \u00c9tnica ( pode ser realizado, desde que com a pele preparada).<\/span><\/p><\/li><\/ul><\/div>\t\t\t\t\t\t<\/div>\n\t\t\t\t<\/div>\n\t\t\t\t\t<\/div>\n\t\t<\/div>\n\t\t\t\t\t<\/div>\n\t\t<\/section>\n\t\t\t\t<section class=\"elementor-section elementor-top-section elementor-element elementor-element-1e1d461 elementor-section-stretched elementor-section-boxed elementor-section-height-default elementor-section-height-default\" data-id=\"1e1d461\" data-element_type=\"section\" data-settings=\"{&quot;stretch_section&quot;:&quot;section-stretched&quot;}\">\n\t\t\t\t\t\t<div class=\"elementor-container elementor-column-gap-wider\">\n\t\t\t\t\t<div class=\"elementor-column elementor-col-100 elementor-top-column elementor-element elementor-element-98eea6e\" data-id=\"98eea6e\" data-element_type=\"column\">\n\t\t\t<div class=\"elementor-widget-wrap elementor-element-populated\">\n\t\t\t\t\t\t<section class=\"elementor-section elementor-inner-section elementor-element elementor-element-8caea67 elementor-section-boxed elementor-section-height-default elementor-section-height-default\" data-id=\"8caea67\" data-element_type=\"section\" data-settings=\"{&quot;background_background&quot;:&quot;classic&quot;}\">\n\t\t\t\t\t\t<div class=\"elementor-container elementor-column-gap-default\">\n\t\t\t\t\t<div class=\"elementor-column elementor-col-100 elementor-inner-column elementor-element elementor-element-7cbc67d\" data-id=\"7cbc67d\" data-element_type=\"column\" data-settings=\"{&quot;background_background&quot;:&quot;classic&quot;}\">\n\t\t\t<div class=\"elementor-widget-wrap elementor-element-populated\">\n\t\t\t\t\t\t<div class=\"elementor-element elementor-element-aa9989b elementor-widget elementor-widget-text-editor\" data-id=\"aa9989b\" data-element_type=\"widget\" data-widget_type=\"text-editor.default\">\n\t\t\t\t<div class=\"elementor-widget-container\">\n\t\t\t\t\t\t\t<h2><b>Contato<\/b><\/h2><div><b>Entre em contato conosco para tirar uma d\u00favida ou agendar uma consulta.<\/b><\/div>\t\t\t\t\t\t<\/div>\n\t\t\t\t<\/div>\n\t\t\t\t<div class=\"elementor-element elementor-element-d89342c elementor-widget elementor-widget-spacer\" data-id=\"d89342c\" data-element_type=\"widget\" data-widget_type=\"spacer.default\">\n\t\t\t\t<div class=\"elementor-widget-container\">\n\t\t\t<style>\/*! elementor - v3.23.0 - 05-08-2024 *\/\n.elementor-column .elementor-spacer-inner{height:var(--spacer-size)}.e-con{--container-widget-width:100%}.e-con-inner>.elementor-widget-spacer,.e-con>.elementor-widget-spacer{width:var(--container-widget-width,var(--spacer-size));--align-self:var(--container-widget-align-self,initial);--flex-shrink:0}.e-con-inner>.elementor-widget-spacer>.elementor-widget-container,.e-con>.elementor-widget-spacer>.elementor-widget-container{height:100%;width:100%}.e-con-inner>.elementor-widget-spacer>.elementor-widget-container>.elementor-spacer,.e-con>.elementor-widget-spacer>.elementor-widget-container>.elementor-spacer{height:100%}.e-con-inner>.elementor-widget-spacer>.elementor-widget-container>.elementor-spacer>.elementor-spacer-inner,.e-con>.elementor-widget-spacer>.elementor-widget-container>.elementor-spacer>.elementor-spacer-inner{height:var(--container-widget-height,var(--spacer-size))}.e-con-inner>.elementor-widget-spacer.elementor-widget-empty,.e-con>.elementor-widget-spacer.elementor-widget-empty{position:relative;min-height:22px;min-width:22px}.e-con-inner>.elementor-widget-spacer.elementor-widget-empty .elementor-widget-empty-icon,.e-con>.elementor-widget-spacer.elementor-widget-empty .elementor-widget-empty-icon{position:absolute;top:0;bottom:0;left:0;right:0;margin:auto;padding:0;width:22px;height:22px}<\/style>\t\t<div class=\"elementor-spacer\">\n\t\t\t<div class=\"elementor-spacer-inner\"><\/div>\n\t\t<\/div>\n\t\t\t\t<\/div>\n\t\t\t\t<\/div>\n\t\t\t\t<div class=\"elementor-element elementor-element-8c37a5d elementor-widget elementor-widget-shortcode\" data-id=\"8c37a5d\" data-element_type=\"widget\" data-widget_type=\"shortcode.default\">\n\t\t\t\t<div class=\"elementor-widget-container\">\n\t\t\t\t\t<div class=\"elementor-shortcode\">\n<div class=\"wpcf7 no-js\" id=\"wpcf7-f112-o1\" lang=\"en-US\" dir=\"ltr\">\n<div class=\"screen-reader-response\"><p role=\"status\" aria-live=\"polite\" aria-atomic=\"true\"><\/p> <ul><\/ul><\/div>\n<form action=\"\/index.php\/wp-json\/wp\/v2\/pages\/905#wpcf7-f112-o1\" method=\"post\" class=\"wpcf7-form init\" aria-label=\"Contact form\" novalidate=\"novalidate\" data-status=\"init\">\n<div style=\"display: none;\">\n<input type=\"hidden\" name=\"_wpcf7\" value=\"112\" \/>\n<input type=\"hidden\" name=\"_wpcf7_version\" value=\"5.7.7\" \/>\n<input type=\"hidden\" name=\"_wpcf7_locale\" value=\"en_US\" \/>\n<input type=\"hidden\" name=\"_wpcf7_unit_tag\" value=\"wpcf7-f112-o1\" \/>\n<input type=\"hidden\" name=\"_wpcf7_container_post\" value=\"0\" \/>\n<input type=\"hidden\" name=\"_wpcf7_posted_data_hash\" value=\"\" \/>\n<\/div>\n<div class=\"column one-second\">\n\t<p><span class=\"wpcf7-form-control-wrap\" data-name=\"your-name\"><input size=\"40\" class=\"wpcf7-form-control wpcf7-text wpcf7-validates-as-required\" aria-required=\"true\" aria-invalid=\"false\" placeholder=\"Nome\" value=\"\" type=\"text\" name=\"your-name\" \/><\/span>\n\t<\/p>\n<\/div>\n<div class=\"column one-second\">\n\t<p><span class=\"wpcf7-form-control-wrap\" data-name=\"your-phone\"><input size=\"40\" class=\"wpcf7-form-control wpcf7-text wpcf7-tel wpcf7-validates-as-tel\" aria-invalid=\"false\" placeholder=\"Telefone\" value=\"\" type=\"tel\" name=\"your-phone\" \/><\/span>\n\t<\/p>\n<\/div>\n<div class=\"column one\">\n\t<p><span class=\"wpcf7-form-control-wrap\" data-name=\"E-mail\"><input size=\"40\" class=\"wpcf7-form-control wpcf7-text wpcf7-email wpcf7-validates-as-required wpcf7-validates-as-email\" aria-required=\"true\" aria-invalid=\"false\" placeholder=\"E-mail\" value=\"\" type=\"email\" name=\"E-mail\" \/><\/span>\n\t<\/p>\n<\/div>\n<div class=\"column one\">\n\t<p><span class=\"wpcf7-form-control-wrap\" data-name=\"your-message\"><textarea cols=\"40\" rows=\"1\" class=\"wpcf7-form-control wpcf7-textarea\" aria-invalid=\"false\" placeholder=\"Mensagem\" name=\"your-message\"><\/textarea><\/span>\n\t<\/p>\n<\/div>\n<div class=\"column one\" style=\"text-align: center;\">\n\t<p><input class=\"wpcf7-form-control has-spinner wpcf7-submit\" type=\"submit\" value=\"Enviar Mensagem\" \/>\n\t<\/p>\n<\/div><div class=\"wpcf7-response-output\" aria-hidden=\"true\"><\/div>\n<\/form>\n<\/div>\n<\/div>\n\t\t\t\t<\/div>\n\t\t\t\t<\/div>\n\t\t\t\t\t<\/div>\n\t\t<\/div>\n\t\t\t\t\t<\/div>\n\t\t<\/section>\n\t\t\t\t\t<\/div>\n\t\t<\/div>\n\t\t\t\t\t<\/div>\n\t\t<\/section>\n\t\t\t\t<\/div>\n\t\t","protected":false},"excerpt":{"rendered":"<p>O que s\u00e3o? Estrias s\u00e3o cicatrizes suaves que se formam sobre a pele em locais onde houve seu estiramento excessivo, levando a uma ruptura precoce das<span class=\"excerpt-hellip\"> [\u2026]<\/span><\/p>\n","protected":false},"author":1,"featured_media":0,"parent":843,"menu_order":0,"comment_status":"closed","ping_status":"closed","template":"","meta":{"_joinchat":[]},"_links":{"self":[{"href":"https:\/\/dermacentro.com.br\/index.php\/wp-json\/wp\/v2\/pages\/905"}],"collection":[{"href":"https:\/\/dermacentro.com.br\/index.php\/wp-json\/wp\/v2\/pages"}],"about":[{"href":"https:\/\/dermacentro.com.br\/index.php\/wp-json\/wp\/v2\/types\/page"}],"author":[{"embeddable":true,"href":"https:\/\/dermacentro.com.br\/index.php\/wp-json\/wp\/v2\/users\/1"}],"replies":[{"embeddable":true,"href":"https:\/\/dermacentro.com.br\/index.php\/wp-json\/wp\/v2\/comments?post=905"}],"version-history":[{"count":7,"href":"https:\/\/dermacentro.com.br\/index.php\/wp-json\/wp\/v2\/pages\/905\/revisions"}],"predecessor-version":[{"id":2282,"href":"https:\/\/dermacentro.com.br\/index.php\/wp-json\/wp\/v2\/pages\/905\/revisions\/2282"}],"up":[{"embeddable":true,"href":"https:\/\/dermacentro.com.br\/index.php\/wp-json\/wp\/v2\/pages\/843"}],"wp:attachment":[{"href":"https:\/\/dermacentro.com.br\/index.php\/wp-json\/wp\/v2\/media?parent=905"}],"curies":[{"name":"wp","href":"https:\/\/api.w.org\/{rel}","templated":true}]}}