{"id":834,"date":"2022-04-11T18:31:30","date_gmt":"2022-04-11T21:31:30","guid":{"rendered":"http:\/\/dermacentro.com.br\/?page_id=834"},"modified":"2022-08-19T07:34:00","modified_gmt":"2022-08-19T10:34:00","slug":"correcao-cirurgica-de-queloides","status":"publish","type":"page","link":"https:\/\/dermacentro.com.br\/index.php\/dermatologia-cirurgica\/correcao-cirurgica-de-queloides\/","title":{"rendered":"Corre\u00e7\u00e3o Cir\u00fargica de Quel\u00f3ides"},"content":{"rendered":"\t\t<div data-elementor-type=\"wp-page\" data-elementor-id=\"834\" class=\"elementor elementor-834\">\n\t\t\t\t\t\t<section class=\"elementor-section elementor-top-section elementor-element elementor-element-0c5fb4f elementor-section-stretched elementor-section-boxed elementor-section-height-default elementor-section-height-default\" data-id=\"0c5fb4f\" data-element_type=\"section\" data-settings=\"{&quot;stretch_section&quot;:&quot;section-stretched&quot;,&quot;background_background&quot;:&quot;classic&quot;}\">\n\t\t\t\t\t\t\t<div class=\"elementor-background-overlay\"><\/div>\n\t\t\t\t\t\t\t<div class=\"elementor-container elementor-column-gap-default\">\n\t\t\t\t\t<div class=\"elementor-column elementor-col-100 elementor-top-column elementor-element elementor-element-b33aa50\" data-id=\"b33aa50\" data-element_type=\"column\">\n\t\t\t<div class=\"elementor-widget-wrap elementor-element-populated\">\n\t\t\t\t\t\t\t<\/div>\n\t\t<\/div>\n\t\t\t\t\t<\/div>\n\t\t<\/section>\n\t\t\t\t<section class=\"elementor-section elementor-top-section elementor-element elementor-element-3e41c4a elementor-section-stretched elementor-section-boxed elementor-section-height-default elementor-section-height-default\" data-id=\"3e41c4a\" data-element_type=\"section\" data-settings=\"{&quot;stretch_section&quot;:&quot;section-stretched&quot;,&quot;background_background&quot;:&quot;classic&quot;}\">\n\t\t\t\t\t\t<div class=\"elementor-container elementor-column-gap-wider\">\n\t\t\t\t\t<div class=\"elementor-column elementor-col-100 elementor-top-column elementor-element elementor-element-b382ebe\" data-id=\"b382ebe\" data-element_type=\"column\">\n\t\t\t<div class=\"elementor-widget-wrap elementor-element-populated\">\n\t\t\t\t\t\t<section class=\"elementor-section elementor-inner-section elementor-element elementor-element-a05f91a elementor-section-boxed elementor-section-height-default elementor-section-height-default\" data-id=\"a05f91a\" data-element_type=\"section\">\n\t\t\t\t\t\t<div class=\"elementor-container elementor-column-gap-default\">\n\t\t\t\t\t<div class=\"elementor-column elementor-col-50 elementor-inner-column elementor-element elementor-element-530dd7b\" data-id=\"530dd7b\" data-element_type=\"column\">\n\t\t\t<div class=\"elementor-widget-wrap elementor-element-populated\">\n\t\t\t\t\t\t<div class=\"elementor-element elementor-element-4d5caeb elementor-widget elementor-widget-image\" data-id=\"4d5caeb\" data-element_type=\"widget\" data-widget_type=\"image.default\">\n\t\t\t\t<div class=\"elementor-widget-container\">\n\t\t\t<style>\/*! elementor - v3.23.0 - 05-08-2024 *\/\n.elementor-widget-image{text-align:center}.elementor-widget-image a{display:inline-block}.elementor-widget-image a img[src$=\".svg\"]{width:48px}.elementor-widget-image img{vertical-align:middle;display:inline-block}<\/style>\t\t\t\t\t\t\t\t\t\t<img fetchpriority=\"high\" width=\"1000\" height=\"666\" src=\"https:\/\/dermacentro.com.br\/wp-content\/uploads\/2022\/08\/queloide.webp\" class=\"attachment-full size-full wp-image-2507\" alt=\"\" srcset=\"https:\/\/dermacentro.com.br\/wp-content\/uploads\/2022\/08\/queloide.webp 1000w, https:\/\/dermacentro.com.br\/wp-content\/uploads\/2022\/08\/queloide-300x200.webp 300w, https:\/\/dermacentro.com.br\/wp-content\/uploads\/2022\/08\/queloide-768x511.webp 768w, https:\/\/dermacentro.com.br\/wp-content\/uploads\/2022\/08\/queloide-219x146.webp 219w, https:\/\/dermacentro.com.br\/wp-content\/uploads\/2022\/08\/queloide-50x33.webp 50w, https:\/\/dermacentro.com.br\/wp-content\/uploads\/2022\/08\/queloide-113x75.webp 113w\" sizes=\"(max-width: 1000px) 100vw, 1000px\" \/>\t\t\t\t\t\t\t\t\t\t\t\t\t<\/div>\n\t\t\t\t<\/div>\n\t\t\t\t\t<\/div>\n\t\t<\/div>\n\t\t\t\t<div class=\"elementor-column elementor-col-50 elementor-inner-column elementor-element elementor-element-8599277\" data-id=\"8599277\" data-element_type=\"column\">\n\t\t\t<div class=\"elementor-widget-wrap elementor-element-populated\">\n\t\t\t\t\t\t<div class=\"elementor-element elementor-element-d53fc86 elementor-widget elementor-widget-text-editor\" data-id=\"d53fc86\" data-element_type=\"widget\" data-widget_type=\"text-editor.default\">\n\t\t\t\t<div class=\"elementor-widget-container\">\n\t\t\t<style>\/*! elementor - v3.23.0 - 05-08-2024 *\/\n.elementor-widget-text-editor.elementor-drop-cap-view-stacked .elementor-drop-cap{background-color:#69727d;color:#fff}.elementor-widget-text-editor.elementor-drop-cap-view-framed .elementor-drop-cap{color:#69727d;border:3px solid;background-color:transparent}.elementor-widget-text-editor:not(.elementor-drop-cap-view-default) .elementor-drop-cap{margin-top:8px}.elementor-widget-text-editor:not(.elementor-drop-cap-view-default) .elementor-drop-cap-letter{width:1em;height:1em}.elementor-widget-text-editor .elementor-drop-cap{float:left;text-align:center;line-height:1;font-size:50px}.elementor-widget-text-editor .elementor-drop-cap-letter{display:inline-block}<\/style>\t\t\t\t<h3><span style=\"color: #ffffff;\">O que \u00e9?<\/span><\/h3>\t\t\t\t\t\t<\/div>\n\t\t\t\t<\/div>\n\t\t\t\t<div class=\"elementor-element elementor-element-d870478 elementor-widget elementor-widget-text-editor\" data-id=\"d870478\" data-element_type=\"widget\" data-widget_type=\"text-editor.default\">\n\t\t\t\t<div class=\"elementor-widget-container\">\n\t\t\t\t\t\t\t<div class=\"wpb_text_column wpb_content_element \" style=\"background: 0px 0px; margin-bottom: 35px; outline: 0px;\"><div class=\"wpb_wrapper\" style=\"background: 0px 0px; outline: 0px;\"><p><span style=\"color: #ffffff;\">A cicatriza\u00e7\u00e3o \u00e9 um processo natural do corpo, que ocorre quando o organismo sofre alguma les\u00e3o na pele. Geralmente, as marcas deixadas por esse processo s\u00e3o percept\u00edveis, mas n\u00e3o incomodam o paciente.<\/span><\/p><p><span style=\"color: #ffffff;\">Cicatrizes hipert\u00f3ficas e queloides s\u00e3o processos de cicatriza\u00e7\u00e3o anormais, provocados por uma resposta cicatricial intensa do organismo a um trauma cut\u00e2neo, como cirurgias, infec\u00e7\u00f5es e queimaduras. S\u00e3o caracterizados pelo aspecto elevado e duro da cicatriz, que ultrapassa os limites da les\u00e3o original. Isto pode trazer inc\u00f4modo, principalmente quando o problema se manifesta em regi\u00f5es mais vis\u00edveis do corpo e pr\u00f3ximo de orif\u00edcios naturais, como por exemplo, boca, narinas, olhos e \u00e2nus.<\/span><\/p><p><span style=\"color: #ffffff;\">Na verdade, o queloide se forma a partir de um trauma em uma pessoa que tem essa propens\u00e3o gen\u00e9tica e \u00e0 medida que existam machucados ou trauma na pele, elas produzem muito col\u00e1geno que cresce de forma desorganizada.<\/span><\/p><p><span style=\"color: #ffffff;\">Parece um tumor, mas na verdade \u00e9 uma grande cicatriz.<\/span><\/p><p><span style=\"color: #ffffff;\">O queloide sempre \u00e9 maior do que a \u00e1rea de trauma. Exemplo, voc\u00ea faz um furo na orelha e faz um queloide do tamanho de um queloide, ou seja, j\u00e1 \u00e9 algo muito exagerado, produzindo sempre uma les\u00e3o grande e endurecida.<\/span><\/p><p><span style=\"color: #ffffff;\">\u00a0Algumas \u00e1reas s\u00e3o mais propensas a forma\u00e7\u00e3o do queloide, como a regi\u00e3o do colo, ombros e dorso.<\/span><\/p><p><span style=\"color: #ffffff;\">O afrodescendente tamb\u00e9m tem uma propens\u00e3o maior \u00e0 forma\u00e7\u00e3o de queloides, por uma quest\u00e3o gen\u00e9tica.<\/span><\/p><p><span style=\"color: #ffffff;\">A presen\u00e7a de uma cicatriz com tamanho ou formato acima do normal traz v\u00e1rios impactos na vida do paciente.<\/span><\/p><p><span style=\"color: #ffffff;\">O principal deles \u00e9 no \u00e2mbito psicol\u00f3gico, uma vez que uma cicatriz com irregularidades em textura ou cor pode fazer com que o indiv\u00edduo deixe de participar de eventos sociais e tenha mais inseguran\u00e7a em compromissos profissionais, dependendo do local onde a cicatriz se encontra. Logo, a busca por corre\u00e7\u00e3o destas cicatrizes\u00a0significa o restabelecimento da autoestima e qualidade de vida do paciente.<\/span><\/p><\/div><\/div>\t\t\t\t\t\t<\/div>\n\t\t\t\t<\/div>\n\t\t\t\t\t<\/div>\n\t\t<\/div>\n\t\t\t\t\t<\/div>\n\t\t<\/section>\n\t\t\t\t\t<\/div>\n\t\t<\/div>\n\t\t\t\t\t<\/div>\n\t\t<\/section>\n\t\t\t\t<section class=\"elementor-section elementor-top-section elementor-element elementor-element-23c64f6 elementor-section-stretched elementor-section-boxed elementor-section-height-default elementor-section-height-default\" data-id=\"23c64f6\" data-element_type=\"section\" data-settings=\"{&quot;stretch_section&quot;:&quot;section-stretched&quot;,&quot;background_background&quot;:&quot;classic&quot;}\">\n\t\t\t\t\t\t<div class=\"elementor-container elementor-column-gap-wider\">\n\t\t\t\t\t<div class=\"elementor-column elementor-col-100 elementor-top-column elementor-element elementor-element-536a83c\" data-id=\"536a83c\" data-element_type=\"column\">\n\t\t\t<div class=\"elementor-widget-wrap elementor-element-populated\">\n\t\t\t\t\t\t<section class=\"elementor-section elementor-inner-section elementor-element elementor-element-21d1228 elementor-section-boxed elementor-section-height-default elementor-section-height-default\" data-id=\"21d1228\" data-element_type=\"section\">\n\t\t\t\t\t\t<div class=\"elementor-container elementor-column-gap-default\">\n\t\t\t\t\t<div class=\"elementor-column elementor-col-100 elementor-inner-column elementor-element elementor-element-5128357\" data-id=\"5128357\" data-element_type=\"column\">\n\t\t\t<div class=\"elementor-widget-wrap elementor-element-populated\">\n\t\t\t\t\t\t<div class=\"elementor-element elementor-element-4aed83e elementor-widget elementor-widget-text-editor\" data-id=\"4aed83e\" data-element_type=\"widget\" data-widget_type=\"text-editor.default\">\n\t\t\t\t<div class=\"elementor-widget-container\">\n\t\t\t\t\t\t\t<h3 style=\"text-align: left;\">Como <b>Tratar<\/b>?<\/h3>\t\t\t\t\t\t<\/div>\n\t\t\t\t<\/div>\n\t\t\t\t<div class=\"elementor-element elementor-element-942eadf elementor-widget elementor-widget-text-editor\" data-id=\"942eadf\" data-element_type=\"widget\" data-widget_type=\"text-editor.default\">\n\t\t\t\t<div class=\"elementor-widget-container\">\n\t\t\t\t\t\t\t<p style=\"text-align: left;\">H\u00e1 muitos recursos para melhorar ou corrigir estas inconvenientes cicatrizes, mas, nenhuma \u00e9 completamente efetiva.<\/p><p style=\"text-align: left;\">H\u00e1 diversas formas de tratamento para o queloide, que podem ser utilizadas separadamente ou combinadas, com sucesso vari\u00e1vel.<\/p><p style=\"text-align: left;\">Existem evid\u00eancias de que a terap\u00eautica combinada de um ou mais m\u00e9todos seja mais eficiente do que a utiliza\u00e7\u00e3o de uma t\u00e9cnica s\u00f3, visando a sinergia de a\u00e7\u00e3o entre as diversas metodologias, potencializando os resultados.<\/p><p style=\"text-align: left;\">\u00a0Entretanto, n\u00e3o h\u00e1 consenso quanto \u00e0s melhores combina\u00e7\u00f5es e respectivas indica\u00e7\u00f5es para a obten\u00e7\u00e3o das melhores respostas terap\u00eauticas.<\/p><p style=\"text-align: left;\">A escolha do tratamento depender\u00e1 do local, do tempo de surgimento e do tamanho da les\u00e3o.<\/p><p style=\"text-align: left;\">A combina\u00e7\u00e3o de t\u00e9cnicas \u00e9 bastante utilizada<\/p><p style=\"text-align: left;\">Quando o queloide est\u00e1 em forma\u00e7\u00e3o, o uso de\u00a0placas de silicone, utilizadas para pressionar a regi\u00e3o e diminuir a tend\u00eancia do crescimento exagerado \u00e9 eficaz.<\/p><p style=\"text-align: left;\">Al\u00e9m disso, o tratamento pode diminuir a capacidade da pele de produzir um pigmento irregular, sendo indicado em casos de descolora\u00e7\u00e3o ou de cicatrizes superficiais.<\/p><p style=\"text-align: left;\">Nesta fase, tamb\u00e9m podemos utilizar algumas pomadas espec\u00edficas, mas estas funcionam muito pouco no tratamento do quel\u00f3ide.<\/p><p style=\"text-align: left;\">As infiltra\u00e7\u00f5es de corticoides (potente anti-inflamat\u00f3rio) intralesionais, bem como a aplica\u00e7\u00e3o de 5-fluoracil ou bleomicina (drogas utilizadas nos tratamentos de determinados tumores), podem ser \u00fateis pois diminuem a velocidade de forma\u00e7\u00e3o do col\u00e1geno, reduzindo o tamanho dos mesmos, fazendo que pare\u00e7am menos avermelhados.<\/p><p style=\"text-align: left;\">A ressec\u00e7\u00e3o cir\u00fargica pode ser feita com t\u00e9cnicas como a incis\u00e3o e sutura simples, ou t\u00e9cnicas mais sofisticadas como a zetaplastia.<\/p><p style=\"text-align: left;\">A abordagem terap\u00eautica utilizada no tratamento de cicatrizes depender\u00e1 do tipo, forma, tamanho, gravidade e localiza\u00e7\u00e3o da cicatriz.<\/p><p style=\"text-align: left;\">Quando se trata de quel\u00f3ides, \u00e9 poss\u00edvel ressec\u00e1-las sem retirar as bordas e em seguida infiltr\u00e1-las com corticoide.<\/p><p style=\"text-align: left;\">Muitas vezes, a retirada pode associar-se com o uso de coloca\u00e7\u00e3o oclusiva de silicone e tamb\u00e9m com infiltra\u00e7\u00e3o de cortic\u00f3ide.<\/p><p style=\"text-align: left;\">A utiliza\u00e7\u00e3o da t\u00e9cnica de Betaterapia nos p\u00f3s cir\u00fargicos imediato j\u00e1 foi bastante popular.<\/p><p style=\"text-align: left;\">Trabalhos mais recentes mostram que a t\u00e9cnica mais satisfat\u00f3ria \u00e9 a retirada cir\u00fargica com a imediata aplica\u00e7\u00e3o de Radioterapia sobre a les\u00e3o.<\/p><p style=\"text-align: left;\">A criocirurgia tamb\u00e9m pode ser utilizada, entretanto \u00e9 agressiva e pode causar \u00falceras importantes, motivo pelo qual deve ser reservada para situa\u00e7\u00f5es especiais.<\/p><p style=\"text-align: left;\">A aplica\u00e7\u00e3o de laser pode diminuir o tamanho da cicatriz e principalmente pode melhorar a cor. Utilizam-se lasers com comprimento de onda para vasos (560-580).<\/p>\t\t\t\t\t\t<\/div>\n\t\t\t\t<\/div>\n\t\t\t\t\t<\/div>\n\t\t<\/div>\n\t\t\t\t\t<\/div>\n\t\t<\/section>\n\t\t\t\t\t<\/div>\n\t\t<\/div>\n\t\t\t\t\t<\/div>\n\t\t<\/section>\n\t\t\t\t<section class=\"elementor-section elementor-top-section elementor-element elementor-element-1e396e2 elementor-section-stretched elementor-section-boxed elementor-section-height-default elementor-section-height-default\" data-id=\"1e396e2\" data-element_type=\"section\" data-settings=\"{&quot;stretch_section&quot;:&quot;section-stretched&quot;,&quot;background_background&quot;:&quot;classic&quot;}\">\n\t\t\t\t\t\t<div class=\"elementor-container elementor-column-gap-wider\">\n\t\t\t\t\t<div class=\"elementor-column elementor-col-100 elementor-top-column elementor-element elementor-element-c87c65b\" data-id=\"c87c65b\" data-element_type=\"column\">\n\t\t\t<div class=\"elementor-widget-wrap elementor-element-populated\">\n\t\t\t\t\t\t<div class=\"elementor-element elementor-element-fa02d70 elementor-widget elementor-widget-text-editor\" data-id=\"fa02d70\" data-element_type=\"widget\" data-widget_type=\"text-editor.default\">\n\t\t\t\t<div class=\"elementor-widget-container\">\n\t\t\t\t\t\t\t<h3><span style=\"color: #ffffff;\">Cuidados <strong>P\u00f3s-Tratamentos<\/strong><\/span><\/h3>\t\t\t\t\t\t<\/div>\n\t\t\t\t<\/div>\n\t\t\t\t<div class=\"elementor-element elementor-element-32399a3 elementor-widget elementor-widget-text-editor\" data-id=\"32399a3\" data-element_type=\"widget\" data-widget_type=\"text-editor.default\">\n\t\t\t\t<div class=\"elementor-widget-container\">\n\t\t\t\t\t\t\t<ul><li><span style=\"color: #ffffff;\">Evitar exposi\u00e7\u00e3o solar durante um m\u00eas;<\/span><\/li><li><span style=\"color: #ffffff;\">Suspender atividades f\u00edsicas at\u00e9 libera\u00e7\u00e3o m\u00e9dica;<\/span><\/li><li><span style=\"color: #ffffff;\">Usar o protetor solar regularmente, sobretudo nos per\u00edodos em que a radia\u00e7\u00e3o solar \u00e9 mais intensa (entre as 10h e 16h).<\/span><\/li><\/ul>\t\t\t\t\t\t<\/div>\n\t\t\t\t<\/div>\n\t\t\t\t\t<\/div>\n\t\t<\/div>\n\t\t\t\t\t<\/div>\n\t\t<\/section>\n\t\t\t\t<section class=\"elementor-section elementor-top-section elementor-element elementor-element-1e1d461 elementor-section-stretched elementor-section-boxed elementor-section-height-default elementor-section-height-default\" data-id=\"1e1d461\" data-element_type=\"section\" data-settings=\"{&quot;stretch_section&quot;:&quot;section-stretched&quot;}\">\n\t\t\t\t\t\t<div class=\"elementor-container elementor-column-gap-wider\">\n\t\t\t\t\t<div class=\"elementor-column elementor-col-100 elementor-top-column elementor-element elementor-element-98eea6e\" data-id=\"98eea6e\" data-element_type=\"column\">\n\t\t\t<div class=\"elementor-widget-wrap elementor-element-populated\">\n\t\t\t\t\t\t<section class=\"elementor-section elementor-inner-section elementor-element elementor-element-8caea67 elementor-section-boxed elementor-section-height-default elementor-section-height-default\" data-id=\"8caea67\" data-element_type=\"section\" data-settings=\"{&quot;background_background&quot;:&quot;classic&quot;}\">\n\t\t\t\t\t\t<div class=\"elementor-container elementor-column-gap-default\">\n\t\t\t\t\t<div class=\"elementor-column elementor-col-100 elementor-inner-column elementor-element elementor-element-7cbc67d\" data-id=\"7cbc67d\" data-element_type=\"column\" data-settings=\"{&quot;background_background&quot;:&quot;classic&quot;}\">\n\t\t\t<div class=\"elementor-widget-wrap elementor-element-populated\">\n\t\t\t\t\t\t<div class=\"elementor-element elementor-element-aa9989b elementor-widget elementor-widget-text-editor\" data-id=\"aa9989b\" data-element_type=\"widget\" data-widget_type=\"text-editor.default\">\n\t\t\t\t<div class=\"elementor-widget-container\">\n\t\t\t\t\t\t\t<h2><b>Contato<\/b><\/h2><div><b>Entre em contato conosco para tirar uma d\u00favida ou agendar uma consulta.<\/b><\/div>\t\t\t\t\t\t<\/div>\n\t\t\t\t<\/div>\n\t\t\t\t<div class=\"elementor-element elementor-element-d89342c elementor-widget elementor-widget-spacer\" data-id=\"d89342c\" data-element_type=\"widget\" data-widget_type=\"spacer.default\">\n\t\t\t\t<div class=\"elementor-widget-container\">\n\t\t\t<style>\/*! elementor - v3.23.0 - 05-08-2024 *\/\n.elementor-column .elementor-spacer-inner{height:var(--spacer-size)}.e-con{--container-widget-width:100%}.e-con-inner>.elementor-widget-spacer,.e-con>.elementor-widget-spacer{width:var(--container-widget-width,var(--spacer-size));--align-self:var(--container-widget-align-self,initial);--flex-shrink:0}.e-con-inner>.elementor-widget-spacer>.elementor-widget-container,.e-con>.elementor-widget-spacer>.elementor-widget-container{height:100%;width:100%}.e-con-inner>.elementor-widget-spacer>.elementor-widget-container>.elementor-spacer,.e-con>.elementor-widget-spacer>.elementor-widget-container>.elementor-spacer{height:100%}.e-con-inner>.elementor-widget-spacer>.elementor-widget-container>.elementor-spacer>.elementor-spacer-inner,.e-con>.elementor-widget-spacer>.elementor-widget-container>.elementor-spacer>.elementor-spacer-inner{height:var(--container-widget-height,var(--spacer-size))}.e-con-inner>.elementor-widget-spacer.elementor-widget-empty,.e-con>.elementor-widget-spacer.elementor-widget-empty{position:relative;min-height:22px;min-width:22px}.e-con-inner>.elementor-widget-spacer.elementor-widget-empty .elementor-widget-empty-icon,.e-con>.elementor-widget-spacer.elementor-widget-empty .elementor-widget-empty-icon{position:absolute;top:0;bottom:0;left:0;right:0;margin:auto;padding:0;width:22px;height:22px}<\/style>\t\t<div class=\"elementor-spacer\">\n\t\t\t<div class=\"elementor-spacer-inner\"><\/div>\n\t\t<\/div>\n\t\t\t\t<\/div>\n\t\t\t\t<\/div>\n\t\t\t\t<div class=\"elementor-element elementor-element-8c37a5d elementor-widget elementor-widget-shortcode\" data-id=\"8c37a5d\" data-element_type=\"widget\" data-widget_type=\"shortcode.default\">\n\t\t\t\t<div class=\"elementor-widget-container\">\n\t\t\t\t\t<div class=\"elementor-shortcode\">\n<div class=\"wpcf7 no-js\" id=\"wpcf7-f112-o1\" lang=\"en-US\" dir=\"ltr\">\n<div class=\"screen-reader-response\"><p role=\"status\" aria-live=\"polite\" aria-atomic=\"true\"><\/p> <ul><\/ul><\/div>\n<form action=\"\/index.php\/wp-json\/wp\/v2\/pages\/834#wpcf7-f112-o1\" method=\"post\" class=\"wpcf7-form init\" aria-label=\"Contact form\" novalidate=\"novalidate\" data-status=\"init\">\n<div style=\"display: none;\">\n<input type=\"hidden\" name=\"_wpcf7\" value=\"112\" \/>\n<input type=\"hidden\" name=\"_wpcf7_version\" value=\"5.7.7\" \/>\n<input type=\"hidden\" name=\"_wpcf7_locale\" value=\"en_US\" \/>\n<input type=\"hidden\" name=\"_wpcf7_unit_tag\" value=\"wpcf7-f112-o1\" \/>\n<input type=\"hidden\" name=\"_wpcf7_container_post\" value=\"0\" \/>\n<input type=\"hidden\" name=\"_wpcf7_posted_data_hash\" value=\"\" \/>\n<\/div>\n<div class=\"column one-second\">\n\t<p><span class=\"wpcf7-form-control-wrap\" data-name=\"your-name\"><input size=\"40\" class=\"wpcf7-form-control wpcf7-text wpcf7-validates-as-required\" aria-required=\"true\" aria-invalid=\"false\" placeholder=\"Nome\" value=\"\" type=\"text\" name=\"your-name\" \/><\/span>\n\t<\/p>\n<\/div>\n<div class=\"column one-second\">\n\t<p><span class=\"wpcf7-form-control-wrap\" data-name=\"your-phone\"><input size=\"40\" class=\"wpcf7-form-control wpcf7-text wpcf7-tel wpcf7-validates-as-tel\" aria-invalid=\"false\" placeholder=\"Telefone\" value=\"\" type=\"tel\" name=\"your-phone\" \/><\/span>\n\t<\/p>\n<\/div>\n<div class=\"column one\">\n\t<p><span class=\"wpcf7-form-control-wrap\" data-name=\"E-mail\"><input size=\"40\" class=\"wpcf7-form-control wpcf7-text wpcf7-email wpcf7-validates-as-required wpcf7-validates-as-email\" aria-required=\"true\" aria-invalid=\"false\" placeholder=\"E-mail\" value=\"\" type=\"email\" name=\"E-mail\" \/><\/span>\n\t<\/p>\n<\/div>\n<div class=\"column one\">\n\t<p><span class=\"wpcf7-form-control-wrap\" data-name=\"your-message\"><textarea cols=\"40\" rows=\"1\" class=\"wpcf7-form-control wpcf7-textarea\" aria-invalid=\"false\" placeholder=\"Mensagem\" name=\"your-message\"><\/textarea><\/span>\n\t<\/p>\n<\/div>\n<div class=\"column one\" style=\"text-align: center;\">\n\t<p><input class=\"wpcf7-form-control has-spinner wpcf7-submit\" type=\"submit\" value=\"Enviar Mensagem\" \/>\n\t<\/p>\n<\/div><div class=\"wpcf7-response-output\" aria-hidden=\"true\"><\/div>\n<\/form>\n<\/div>\n<\/div>\n\t\t\t\t<\/div>\n\t\t\t\t<\/div>\n\t\t\t\t\t<\/div>\n\t\t<\/div>\n\t\t\t\t\t<\/div>\n\t\t<\/section>\n\t\t\t\t\t<\/div>\n\t\t<\/div>\n\t\t\t\t\t<\/div>\n\t\t<\/section>\n\t\t\t\t<\/div>\n\t\t","protected":false},"excerpt":{"rendered":"<p>O que \u00e9? A cicatriza\u00e7\u00e3o \u00e9 um processo natural do corpo, que ocorre quando o organismo sofre alguma les\u00e3o na pele. Geralmente, as marcas deixadas por<span class=\"excerpt-hellip\"> [\u2026]<\/span><\/p>\n","protected":false},"author":1,"featured_media":0,"parent":755,"menu_order":0,"comment_status":"closed","ping_status":"closed","template":"","meta":{"_joinchat":[]},"_links":{"self":[{"href":"https:\/\/dermacentro.com.br\/index.php\/wp-json\/wp\/v2\/pages\/834"}],"collection":[{"href":"https:\/\/dermacentro.com.br\/index.php\/wp-json\/wp\/v2\/pages"}],"about":[{"href":"https:\/\/dermacentro.com.br\/index.php\/wp-json\/wp\/v2\/types\/page"}],"author":[{"embeddable":true,"href":"https:\/\/dermacentro.com.br\/index.php\/wp-json\/wp\/v2\/users\/1"}],"replies":[{"embeddable":true,"href":"https:\/\/dermacentro.com.br\/index.php\/wp-json\/wp\/v2\/comments?post=834"}],"version-history":[{"count":10,"href":"https:\/\/dermacentro.com.br\/index.php\/wp-json\/wp\/v2\/pages\/834\/revisions"}],"predecessor-version":[{"id":2513,"href":"https:\/\/dermacentro.com.br\/index.php\/wp-json\/wp\/v2\/pages\/834\/revisions\/2513"}],"up":[{"embeddable":true,"href":"https:\/\/dermacentro.com.br\/index.php\/wp-json\/wp\/v2\/pages\/755"}],"wp:attachment":[{"href":"https:\/\/dermacentro.com.br\/index.php\/wp-json\/wp\/v2\/media?parent=834"}],"curies":[{"name":"wp","href":"https:\/\/api.w.org\/{rel}","templated":true}]}}