{"id":777,"date":"2022-04-11T17:07:53","date_gmt":"2022-04-11T20:07:53","guid":{"rendered":"http:\/\/dermacentro.com.br\/?page_id=777"},"modified":"2022-06-03T17:13:17","modified_gmt":"2022-06-03T20:13:17","slug":"tratamento-sirigomas","status":"publish","type":"page","link":"https:\/\/dermacentro.com.br\/index.php\/dermatologia-cirurgica\/tratamento-sirigomas\/","title":{"rendered":"Tratamento Sirigomas"},"content":{"rendered":"\t\t<div data-elementor-type=\"wp-page\" data-elementor-id=\"777\" class=\"elementor elementor-777\">\n\t\t\t\t\t\t<section class=\"elementor-section elementor-top-section elementor-element elementor-element-0c5fb4f elementor-section-stretched elementor-section-boxed elementor-section-height-default elementor-section-height-default\" data-id=\"0c5fb4f\" data-element_type=\"section\" data-settings=\"{&quot;stretch_section&quot;:&quot;section-stretched&quot;,&quot;background_background&quot;:&quot;classic&quot;}\">\n\t\t\t\t\t\t\t<div class=\"elementor-background-overlay\"><\/div>\n\t\t\t\t\t\t\t<div class=\"elementor-container elementor-column-gap-default\">\n\t\t\t\t\t<div class=\"elementor-column elementor-col-100 elementor-top-column elementor-element elementor-element-b33aa50\" data-id=\"b33aa50\" data-element_type=\"column\">\n\t\t\t<div class=\"elementor-widget-wrap elementor-element-populated\">\n\t\t\t\t\t\t\t<\/div>\n\t\t<\/div>\n\t\t\t\t\t<\/div>\n\t\t<\/section>\n\t\t\t\t<section class=\"elementor-section elementor-top-section elementor-element elementor-element-3e41c4a elementor-section-stretched elementor-section-boxed elementor-section-height-default elementor-section-height-default\" data-id=\"3e41c4a\" data-element_type=\"section\" data-settings=\"{&quot;stretch_section&quot;:&quot;section-stretched&quot;,&quot;background_background&quot;:&quot;classic&quot;}\">\n\t\t\t\t\t\t<div class=\"elementor-container elementor-column-gap-wider\">\n\t\t\t\t\t<div class=\"elementor-column elementor-col-100 elementor-top-column elementor-element elementor-element-b382ebe\" data-id=\"b382ebe\" data-element_type=\"column\">\n\t\t\t<div class=\"elementor-widget-wrap elementor-element-populated\">\n\t\t\t\t\t\t<section class=\"elementor-section elementor-inner-section elementor-element elementor-element-a05f91a elementor-section-boxed elementor-section-height-default elementor-section-height-default\" data-id=\"a05f91a\" data-element_type=\"section\">\n\t\t\t\t\t\t<div class=\"elementor-container elementor-column-gap-default\">\n\t\t\t\t\t<div class=\"elementor-column elementor-col-50 elementor-inner-column elementor-element elementor-element-530dd7b\" data-id=\"530dd7b\" data-element_type=\"column\">\n\t\t\t<div class=\"elementor-widget-wrap elementor-element-populated\">\n\t\t\t\t\t\t<div class=\"elementor-element elementor-element-4d5caeb elementor-widget elementor-widget-image\" data-id=\"4d5caeb\" data-element_type=\"widget\" data-widget_type=\"image.default\">\n\t\t\t\t<div class=\"elementor-widget-container\">\n\t\t\t<style>\/*! elementor - v3.23.0 - 05-08-2024 *\/\n.elementor-widget-image{text-align:center}.elementor-widget-image a{display:inline-block}.elementor-widget-image a img[src$=\".svg\"]{width:48px}.elementor-widget-image img{vertical-align:middle;display:inline-block}<\/style>\t\t\t\t\t\t\t\t\t\t<img fetchpriority=\"high\" width=\"780\" height=\"1135\" src=\"https:\/\/dermacentro.com.br\/wp-content\/uploads\/2022\/06\/Sirigoma-page.webp\" class=\"attachment-full size-full wp-image-1512\" alt=\"\" srcset=\"https:\/\/dermacentro.com.br\/wp-content\/uploads\/2022\/06\/Sirigoma-page.webp 780w, https:\/\/dermacentro.com.br\/wp-content\/uploads\/2022\/06\/Sirigoma-page-206x300.webp 206w, https:\/\/dermacentro.com.br\/wp-content\/uploads\/2022\/06\/Sirigoma-page-704x1024.webp 704w, https:\/\/dermacentro.com.br\/wp-content\/uploads\/2022\/06\/Sirigoma-page-768x1118.webp 768w, https:\/\/dermacentro.com.br\/wp-content\/uploads\/2022\/06\/Sirigoma-page-100x146.webp 100w, https:\/\/dermacentro.com.br\/wp-content\/uploads\/2022\/06\/Sirigoma-page-34x50.webp 34w, https:\/\/dermacentro.com.br\/wp-content\/uploads\/2022\/06\/Sirigoma-page-52x75.webp 52w\" sizes=\"(max-width: 780px) 100vw, 780px\" \/>\t\t\t\t\t\t\t\t\t\t\t\t\t<\/div>\n\t\t\t\t<\/div>\n\t\t\t\t\t<\/div>\n\t\t<\/div>\n\t\t\t\t<div class=\"elementor-column elementor-col-50 elementor-inner-column elementor-element elementor-element-8599277\" data-id=\"8599277\" data-element_type=\"column\">\n\t\t\t<div class=\"elementor-widget-wrap elementor-element-populated\">\n\t\t\t\t\t\t<div class=\"elementor-element elementor-element-d53fc86 elementor-widget elementor-widget-text-editor\" data-id=\"d53fc86\" data-element_type=\"widget\" data-widget_type=\"text-editor.default\">\n\t\t\t\t<div class=\"elementor-widget-container\">\n\t\t\t<style>\/*! elementor - v3.23.0 - 05-08-2024 *\/\n.elementor-widget-text-editor.elementor-drop-cap-view-stacked .elementor-drop-cap{background-color:#69727d;color:#fff}.elementor-widget-text-editor.elementor-drop-cap-view-framed .elementor-drop-cap{color:#69727d;border:3px solid;background-color:transparent}.elementor-widget-text-editor:not(.elementor-drop-cap-view-default) .elementor-drop-cap{margin-top:8px}.elementor-widget-text-editor:not(.elementor-drop-cap-view-default) .elementor-drop-cap-letter{width:1em;height:1em}.elementor-widget-text-editor .elementor-drop-cap{float:left;text-align:center;line-height:1;font-size:50px}.elementor-widget-text-editor .elementor-drop-cap-letter{display:inline-block}<\/style>\t\t\t\t<h3><span style=\"color: #ffffff;\">O que \u00e9?<\/span><\/h3>\t\t\t\t\t\t<\/div>\n\t\t\t\t<\/div>\n\t\t\t\t<div class=\"elementor-element elementor-element-d870478 elementor-widget elementor-widget-text-editor\" data-id=\"d870478\" data-element_type=\"widget\" data-widget_type=\"text-editor.default\">\n\t\t\t\t<div class=\"elementor-widget-container\">\n\t\t\t\t\t\t\t<div class=\"wpb_text_column wpb_content_element \" style=\"background: 0px 0px; margin-bottom: 35px; outline: 0px;\"><div class=\"wpb_wrapper\" style=\"background: 0px 0px; outline: 0px;\"><p><span style=\"color: #ffffff;\">Os siringomas s\u00e3o les\u00f5es benignas m\u00faltiplas, representadas por pequenas p\u00e1pulas, cor da pele, de aproximadamente 5 mm, ou seja, com discreto relevo e assintom\u00e1ticas, que podem ser m\u00faltiplas ou isoladas. Essas les\u00f5es aparecem principalmente na face, em especial na regi\u00e3o das p\u00e1lpebras, ao redor dos olhos. S\u00e3o derivadas do ducto das gl\u00e2ndulas \u00e9crinas, produtoras de suor.<\/span><\/p><p><span style=\"color: #ffffff;\">Al\u00e9m destas, outras \u00e1reas podem ser acometidas como t\u00f3rax, pesco\u00e7o, gl\u00fateos e zonas pubianas e vulvares.\u00a0Quando pr\u00f3xima as genitais, costumam aparecer em forma de m\u00faltiplas les\u00f5es e podem ocasionar prurido.\u00a0<\/span><\/p><p><span style=\"color: #ffffff;\">Existem prov\u00e1veis fatores gen\u00e9ticos associados ao problema. A doen\u00e7a \u00e9 mais comum em indiv\u00edduos brancos, principalmente em mulheres jovens.\u00a0<\/span><\/p><p><span style=\"color: #ffffff;\">Embora se trate de uma condi\u00e7\u00e3o puramente est\u00e9tica, ou seja, inofensiva em termos de sa\u00fade, os siringomas tendem a afetar significativamente a apar\u00eancia das pessoas acometidas, impactando negativamente na autoestima.<\/span><\/p><p><span style=\"color: #ffffff;\">N\u00e3o existe maneira de prevenir o surgimento dos siringomas, por\u00e9m, conforme forem surgindo as les\u00f5es, \u00e9 poss\u00edvel remov\u00ea-las atrav\u00e9s de procedimentos, minimamente invazivos, realizados no consult\u00f3rio, sob anestesia local.<\/span><\/p><p><span style=\"color: #ffffff;\">Dentre os m\u00e9todos mais utilizados, citamos a Cauteriza\u00e7\u00e3o Qu\u00edmica, Eletrocoagula\u00e7\u00e3o, Microagulhamento com drug delivery, Lasers ablativos ou retirada cir\u00fargica das les\u00f5es, sendo ainda poss\u00edvel a associa\u00e7\u00e3o de mais de uma t\u00e9cnicas.<\/span><\/p><\/div><\/div>\t\t\t\t\t\t<\/div>\n\t\t\t\t<\/div>\n\t\t\t\t\t<\/div>\n\t\t<\/div>\n\t\t\t\t\t<\/div>\n\t\t<\/section>\n\t\t\t\t\t<\/div>\n\t\t<\/div>\n\t\t\t\t\t<\/div>\n\t\t<\/section>\n\t\t\t\t<section class=\"elementor-section elementor-top-section elementor-element elementor-element-23c64f6 elementor-section-stretched elementor-section-boxed elementor-section-height-default elementor-section-height-default\" data-id=\"23c64f6\" data-element_type=\"section\" data-settings=\"{&quot;stretch_section&quot;:&quot;section-stretched&quot;,&quot;background_background&quot;:&quot;classic&quot;}\">\n\t\t\t\t\t\t<div class=\"elementor-container elementor-column-gap-wider\">\n\t\t\t\t\t<div class=\"elementor-column elementor-col-100 elementor-top-column elementor-element elementor-element-536a83c\" data-id=\"536a83c\" data-element_type=\"column\">\n\t\t\t<div class=\"elementor-widget-wrap elementor-element-populated\">\n\t\t\t\t\t\t<section class=\"elementor-section elementor-inner-section elementor-element elementor-element-3a3b428 elementor-section-boxed elementor-section-height-default elementor-section-height-default\" data-id=\"3a3b428\" data-element_type=\"section\">\n\t\t\t\t\t\t<div class=\"elementor-container elementor-column-gap-default\">\n\t\t\t\t\t<div class=\"elementor-column elementor-col-100 elementor-inner-column elementor-element elementor-element-d665486\" data-id=\"d665486\" data-element_type=\"column\">\n\t\t\t<div class=\"elementor-widget-wrap elementor-element-populated\">\n\t\t\t\t\t\t<div class=\"elementor-element elementor-element-d323d0e elementor-widget elementor-widget-text-editor\" data-id=\"d323d0e\" data-element_type=\"widget\" data-widget_type=\"text-editor.default\">\n\t\t\t\t<div class=\"elementor-widget-container\">\n\t\t\t\t\t\t\t<p style=\"text-align: left;\">Em geral, o procedimento se inicia com a utiliza\u00e7\u00e3o de um anest\u00e9sico t\u00f3pico, de alta absor\u00e7\u00e3o, com subsequente infiltra\u00e7\u00e3o anest\u00e9sica para maior conforto.<\/p><p style=\"text-align: left;\">Pode-se optar por retirar a les\u00e3o por completo, atrav\u00e9s de shaving, geralmente sem necessidade de suturar as bordas da les\u00e3o, deixando-as cicatrizar espontaneamente.<\/p><p style=\"text-align: left;\">Tamb\u00e9m podemos optar pela eletrocauteriza\u00e7\u00e3o, quando as les\u00f5es ser\u00e3o carbonizadas por eletricidade e calor.\u00a0<\/p><p style=\"text-align: left;\">A cauteriza\u00e7\u00e3o qu\u00edmica \u00e9 um processo similar a eletrocauteriza\u00e7\u00e3o, mas o tratamento \u00e9 feito por meio da aplica\u00e7\u00e3o de uma subst\u00e2ncia c\u00e1ustica ou \u00e1cida, geralmente, o \u00e1cido tricloroac\u00e9tico. Logo ap\u00f3s a aplica\u00e7\u00e3o, a les\u00e3o se torna esbranqui\u00e7ada ou amarelada devido \u00e0 a\u00e7\u00e3o da subst\u00e2ncia, dando origem a pequenas crostas, devido \u00e0 morte celular.\u00a0<\/p><p style=\"text-align: left;\"><span style=\"letter-spacing: 0px;\">Quanto ao tratamento a laser, os mais utilizados s\u00e3o os de CO2 ou o Erbium YAG que provocam um processo inflamat\u00f3rio na pele, estimulando a produ\u00e7\u00e3o de col\u00e1geno e a cicatriza\u00e7\u00e3o, melhorando les\u00f5es.\u00a0<\/span><\/p><p style=\"text-align: left;\">De maneira geral, ap\u00f3s qualquer um dos procedimentos, formam-se pequeninas crostas locais que caem sozinhas.<\/p><p style=\"text-align: left;\"><span style=\"letter-spacing: 0px;\">\u00a0A recupera\u00e7\u00e3o dura de 7 a 14 dias.<\/span><\/p><p style=\"text-align: left;\">\u00a0Normalmente, o paciente pode retornar as suas atividades rotineiras no mesmo dia, desde que evite a exposi\u00e7\u00e3o ao solar e suspenda a utiliza\u00e7\u00e3o de qualquer produto abrasivo.\u00a0<\/p><p style=\"text-align: left;\">O uso de protetor solar e hidrata\u00e7\u00e3o da pele \u00e9 muito importante no per\u00edodo p\u00f3s tratamento.<\/p><p style=\"text-align: left;\"><span style=\"letter-spacing: 0px;\">Como a pele pode ficar sensibilizada, o uso de \u00e1gua termal ou compressas com \u00e1gua gelada s\u00e3o recomendadas para aliviar desconfortos e facilitar a cicatriza\u00e7\u00e3o.<\/span><\/p><p style=\"text-align: left;\">Dependendo do n\u00famero de les\u00f5es, se forem muito numerosas, o tratamento pode ser realizado em uma ou mais etapas.<\/p>\t\t\t\t\t\t<\/div>\n\t\t\t\t<\/div>\n\t\t\t\t\t<\/div>\n\t\t<\/div>\n\t\t\t\t\t<\/div>\n\t\t<\/section>\n\t\t\t\t\t<\/div>\n\t\t<\/div>\n\t\t\t\t\t<\/div>\n\t\t<\/section>\n\t\t\t\t<section class=\"elementor-section elementor-top-section elementor-element elementor-element-1e396e2 elementor-section-stretched elementor-section-boxed elementor-section-height-default elementor-section-height-default\" data-id=\"1e396e2\" data-element_type=\"section\" data-settings=\"{&quot;stretch_section&quot;:&quot;section-stretched&quot;,&quot;background_background&quot;:&quot;classic&quot;}\">\n\t\t\t\t\t\t<div class=\"elementor-container elementor-column-gap-wider\">\n\t\t\t\t\t<div class=\"elementor-column elementor-col-100 elementor-top-column elementor-element elementor-element-c87c65b\" data-id=\"c87c65b\" data-element_type=\"column\">\n\t\t\t<div class=\"elementor-widget-wrap elementor-element-populated\">\n\t\t\t\t\t\t<div class=\"elementor-element elementor-element-d741640 elementor-widget elementor-widget-text-editor\" data-id=\"d741640\" data-element_type=\"widget\" data-widget_type=\"text-editor.default\">\n\t\t\t\t<div class=\"elementor-widget-container\">\n\t\t\t\t\t\t\t<p><span style=\"color: #ffffff;\">A escolha do m\u00e9todo de tratamento varia de acordo com a extens\u00e3o das les\u00f5es, suas caracter\u00edsticas e tipo de pele do paciente.<\/span><\/p><p><span style=\"color: #ffffff;\">Cabe ao m\u00e9dico respons\u00e1vel indicar qual o melhor m\u00e9todo, garantindo a seguran\u00e7a do paciente e um excelente progn\u00f3stico.<\/span><\/p><p><span style=\"color: #ffffff;\">Mas, o mais importante \u00e9 buscar tratamento precoce e efetivo, evitando recidivas e cicatrizes inest\u00e9ticas desnecess\u00e1rias.<\/span><\/p><p><span style=\"color: #ffffff;\">Ainda n\u00e3o h\u00e1 um recurso capaz de impedir que novas les\u00f5es apare\u00e7am em pacientes predispostos ao problema, da mesma forma que n\u00e3o existe um tratamento preventivo para siringoma.\u00a0Recidivas podem ocorrer e, neste caso, ir\u00e3o requerer novas abordagens terap\u00eauticas.<\/span><\/p><p><span style=\"color: #ffffff;\">Uma vez seguidas corretamente as orienta\u00e7\u00f5es m\u00e9dicas, a pele\u00a0gradualmente\u00a0vai desenvolvendo um aspecto saud\u00e1vel e belo.<\/span><\/p>\t\t\t\t\t\t<\/div>\n\t\t\t\t<\/div>\n\t\t\t\t\t<\/div>\n\t\t<\/div>\n\t\t\t\t\t<\/div>\n\t\t<\/section>\n\t\t\t\t<section class=\"elementor-section elementor-top-section elementor-element elementor-element-1e1d461 elementor-section-stretched elementor-section-boxed elementor-section-height-default elementor-section-height-default\" data-id=\"1e1d461\" data-element_type=\"section\" data-settings=\"{&quot;stretch_section&quot;:&quot;section-stretched&quot;}\">\n\t\t\t\t\t\t<div class=\"elementor-container elementor-column-gap-wider\">\n\t\t\t\t\t<div class=\"elementor-column elementor-col-100 elementor-top-column elementor-element elementor-element-98eea6e\" data-id=\"98eea6e\" data-element_type=\"column\">\n\t\t\t<div class=\"elementor-widget-wrap elementor-element-populated\">\n\t\t\t\t\t\t<section class=\"elementor-section elementor-inner-section elementor-element elementor-element-8caea67 elementor-section-boxed elementor-section-height-default elementor-section-height-default\" data-id=\"8caea67\" data-element_type=\"section\" data-settings=\"{&quot;background_background&quot;:&quot;classic&quot;}\">\n\t\t\t\t\t\t<div class=\"elementor-container elementor-column-gap-default\">\n\t\t\t\t\t<div class=\"elementor-column elementor-col-100 elementor-inner-column elementor-element elementor-element-7cbc67d\" data-id=\"7cbc67d\" data-element_type=\"column\" data-settings=\"{&quot;background_background&quot;:&quot;classic&quot;}\">\n\t\t\t<div class=\"elementor-widget-wrap elementor-element-populated\">\n\t\t\t\t\t\t<div class=\"elementor-element elementor-element-aa9989b elementor-widget elementor-widget-text-editor\" data-id=\"aa9989b\" data-element_type=\"widget\" data-widget_type=\"text-editor.default\">\n\t\t\t\t<div class=\"elementor-widget-container\">\n\t\t\t\t\t\t\t<h2><b>Contato<\/b><\/h2><div><b>Entre em contato conosco para tirar uma d\u00favida ou agendar uma consulta.<\/b><\/div>\t\t\t\t\t\t<\/div>\n\t\t\t\t<\/div>\n\t\t\t\t<div class=\"elementor-element elementor-element-d89342c elementor-widget elementor-widget-spacer\" data-id=\"d89342c\" data-element_type=\"widget\" data-widget_type=\"spacer.default\">\n\t\t\t\t<div class=\"elementor-widget-container\">\n\t\t\t<style>\/*! elementor - v3.23.0 - 05-08-2024 *\/\n.elementor-column .elementor-spacer-inner{height:var(--spacer-size)}.e-con{--container-widget-width:100%}.e-con-inner>.elementor-widget-spacer,.e-con>.elementor-widget-spacer{width:var(--container-widget-width,var(--spacer-size));--align-self:var(--container-widget-align-self,initial);--flex-shrink:0}.e-con-inner>.elementor-widget-spacer>.elementor-widget-container,.e-con>.elementor-widget-spacer>.elementor-widget-container{height:100%;width:100%}.e-con-inner>.elementor-widget-spacer>.elementor-widget-container>.elementor-spacer,.e-con>.elementor-widget-spacer>.elementor-widget-container>.elementor-spacer{height:100%}.e-con-inner>.elementor-widget-spacer>.elementor-widget-container>.elementor-spacer>.elementor-spacer-inner,.e-con>.elementor-widget-spacer>.elementor-widget-container>.elementor-spacer>.elementor-spacer-inner{height:var(--container-widget-height,var(--spacer-size))}.e-con-inner>.elementor-widget-spacer.elementor-widget-empty,.e-con>.elementor-widget-spacer.elementor-widget-empty{position:relative;min-height:22px;min-width:22px}.e-con-inner>.elementor-widget-spacer.elementor-widget-empty .elementor-widget-empty-icon,.e-con>.elementor-widget-spacer.elementor-widget-empty .elementor-widget-empty-icon{position:absolute;top:0;bottom:0;left:0;right:0;margin:auto;padding:0;width:22px;height:22px}<\/style>\t\t<div class=\"elementor-spacer\">\n\t\t\t<div class=\"elementor-spacer-inner\"><\/div>\n\t\t<\/div>\n\t\t\t\t<\/div>\n\t\t\t\t<\/div>\n\t\t\t\t<div class=\"elementor-element elementor-element-8c37a5d elementor-widget elementor-widget-shortcode\" data-id=\"8c37a5d\" data-element_type=\"widget\" data-widget_type=\"shortcode.default\">\n\t\t\t\t<div class=\"elementor-widget-container\">\n\t\t\t\t\t<div class=\"elementor-shortcode\">\n<div class=\"wpcf7 no-js\" id=\"wpcf7-f112-o1\" lang=\"en-US\" dir=\"ltr\">\n<div class=\"screen-reader-response\"><p role=\"status\" aria-live=\"polite\" aria-atomic=\"true\"><\/p> <ul><\/ul><\/div>\n<form action=\"\/index.php\/wp-json\/wp\/v2\/pages\/777#wpcf7-f112-o1\" method=\"post\" class=\"wpcf7-form init\" aria-label=\"Contact form\" novalidate=\"novalidate\" data-status=\"init\">\n<div style=\"display: none;\">\n<input type=\"hidden\" name=\"_wpcf7\" value=\"112\" \/>\n<input type=\"hidden\" name=\"_wpcf7_version\" value=\"5.7.7\" \/>\n<input type=\"hidden\" name=\"_wpcf7_locale\" value=\"en_US\" \/>\n<input type=\"hidden\" name=\"_wpcf7_unit_tag\" value=\"wpcf7-f112-o1\" \/>\n<input type=\"hidden\" name=\"_wpcf7_container_post\" value=\"0\" \/>\n<input type=\"hidden\" name=\"_wpcf7_posted_data_hash\" value=\"\" \/>\n<\/div>\n<div class=\"column one-second\">\n\t<p><span class=\"wpcf7-form-control-wrap\" data-name=\"your-name\"><input size=\"40\" class=\"wpcf7-form-control wpcf7-text wpcf7-validates-as-required\" aria-required=\"true\" aria-invalid=\"false\" placeholder=\"Nome\" value=\"\" type=\"text\" name=\"your-name\" \/><\/span>\n\t<\/p>\n<\/div>\n<div class=\"column one-second\">\n\t<p><span class=\"wpcf7-form-control-wrap\" data-name=\"your-phone\"><input size=\"40\" class=\"wpcf7-form-control wpcf7-text wpcf7-tel wpcf7-validates-as-tel\" aria-invalid=\"false\" placeholder=\"Telefone\" value=\"\" type=\"tel\" name=\"your-phone\" \/><\/span>\n\t<\/p>\n<\/div>\n<div class=\"column one\">\n\t<p><span class=\"wpcf7-form-control-wrap\" data-name=\"E-mail\"><input size=\"40\" class=\"wpcf7-form-control wpcf7-text wpcf7-email wpcf7-validates-as-required wpcf7-validates-as-email\" aria-required=\"true\" aria-invalid=\"false\" placeholder=\"E-mail\" value=\"\" type=\"email\" name=\"E-mail\" \/><\/span>\n\t<\/p>\n<\/div>\n<div class=\"column one\">\n\t<p><span class=\"wpcf7-form-control-wrap\" data-name=\"your-message\"><textarea cols=\"40\" rows=\"1\" class=\"wpcf7-form-control wpcf7-textarea\" aria-invalid=\"false\" placeholder=\"Mensagem\" name=\"your-message\"><\/textarea><\/span>\n\t<\/p>\n<\/div>\n<div class=\"column one\" style=\"text-align: center;\">\n\t<p><input class=\"wpcf7-form-control has-spinner wpcf7-submit\" type=\"submit\" value=\"Enviar Mensagem\" \/>\n\t<\/p>\n<\/div><div class=\"wpcf7-response-output\" aria-hidden=\"true\"><\/div>\n<\/form>\n<\/div>\n<\/div>\n\t\t\t\t<\/div>\n\t\t\t\t<\/div>\n\t\t\t\t\t<\/div>\n\t\t<\/div>\n\t\t\t\t\t<\/div>\n\t\t<\/section>\n\t\t\t\t\t<\/div>\n\t\t<\/div>\n\t\t\t\t\t<\/div>\n\t\t<\/section>\n\t\t\t\t<\/div>\n\t\t","protected":false},"excerpt":{"rendered":"<p>O que \u00e9? Os siringomas s\u00e3o les\u00f5es benignas m\u00faltiplas, representadas por pequenas p\u00e1pulas, cor da pele, de aproximadamente 5 mm, ou seja, com discreto relevo e<span class=\"excerpt-hellip\"> [\u2026]<\/span><\/p>\n","protected":false},"author":1,"featured_media":0,"parent":755,"menu_order":0,"comment_status":"closed","ping_status":"closed","template":"","meta":{"_joinchat":[]},"_links":{"self":[{"href":"https:\/\/dermacentro.com.br\/index.php\/wp-json\/wp\/v2\/pages\/777"}],"collection":[{"href":"https:\/\/dermacentro.com.br\/index.php\/wp-json\/wp\/v2\/pages"}],"about":[{"href":"https:\/\/dermacentro.com.br\/index.php\/wp-json\/wp\/v2\/types\/page"}],"author":[{"embeddable":true,"href":"https:\/\/dermacentro.com.br\/index.php\/wp-json\/wp\/v2\/users\/1"}],"replies":[{"embeddable":true,"href":"https:\/\/dermacentro.com.br\/index.php\/wp-json\/wp\/v2\/comments?post=777"}],"version-history":[{"count":7,"href":"https:\/\/dermacentro.com.br\/index.php\/wp-json\/wp\/v2\/pages\/777\/revisions"}],"predecessor-version":[{"id":1518,"href":"https:\/\/dermacentro.com.br\/index.php\/wp-json\/wp\/v2\/pages\/777\/revisions\/1518"}],"up":[{"embeddable":true,"href":"https:\/\/dermacentro.com.br\/index.php\/wp-json\/wp\/v2\/pages\/755"}],"wp:attachment":[{"href":"https:\/\/dermacentro.com.br\/index.php\/wp-json\/wp\/v2\/media?parent=777"}],"curies":[{"name":"wp","href":"https:\/\/api.w.org\/{rel}","templated":true}]}}