{"id":757,"date":"2022-04-11T16:48:59","date_gmt":"2022-04-11T19:48:59","guid":{"rendered":"http:\/\/dermacentro.com.br\/?page_id=757"},"modified":"2022-06-03T17:11:10","modified_gmt":"2022-06-03T20:11:10","slug":"remocao-de-pintas-nevus","status":"publish","type":"page","link":"https:\/\/dermacentro.com.br\/index.php\/dermatologia-cirurgica\/remocao-de-pintas-nevus\/","title":{"rendered":"Remo\u00e7\u00e3o de Pintas (Nevus)"},"content":{"rendered":"\t\t<div data-elementor-type=\"wp-page\" data-elementor-id=\"757\" class=\"elementor elementor-757\">\n\t\t\t\t\t\t<section class=\"elementor-section elementor-top-section elementor-element elementor-element-0c5fb4f elementor-section-stretched elementor-section-boxed elementor-section-height-default elementor-section-height-default\" data-id=\"0c5fb4f\" data-element_type=\"section\" data-settings=\"{&quot;stretch_section&quot;:&quot;section-stretched&quot;,&quot;background_background&quot;:&quot;classic&quot;}\">\n\t\t\t\t\t\t\t<div class=\"elementor-background-overlay\"><\/div>\n\t\t\t\t\t\t\t<div class=\"elementor-container elementor-column-gap-default\">\n\t\t\t\t\t<div class=\"elementor-column elementor-col-100 elementor-top-column elementor-element elementor-element-b33aa50\" data-id=\"b33aa50\" data-element_type=\"column\">\n\t\t\t<div class=\"elementor-widget-wrap elementor-element-populated\">\n\t\t\t\t\t\t\t<\/div>\n\t\t<\/div>\n\t\t\t\t\t<\/div>\n\t\t<\/section>\n\t\t\t\t<section class=\"elementor-section elementor-top-section elementor-element elementor-element-3e41c4a elementor-section-stretched elementor-section-boxed elementor-section-height-default elementor-section-height-default\" data-id=\"3e41c4a\" data-element_type=\"section\" data-settings=\"{&quot;stretch_section&quot;:&quot;section-stretched&quot;,&quot;background_background&quot;:&quot;classic&quot;}\">\n\t\t\t\t\t\t<div class=\"elementor-container elementor-column-gap-wider\">\n\t\t\t\t\t<div class=\"elementor-column elementor-col-100 elementor-top-column elementor-element elementor-element-b382ebe\" data-id=\"b382ebe\" data-element_type=\"column\">\n\t\t\t<div class=\"elementor-widget-wrap elementor-element-populated\">\n\t\t\t\t\t\t<section class=\"elementor-section elementor-inner-section elementor-element elementor-element-a05f91a elementor-section-boxed elementor-section-height-default elementor-section-height-default\" data-id=\"a05f91a\" data-element_type=\"section\">\n\t\t\t\t\t\t<div class=\"elementor-container elementor-column-gap-default\">\n\t\t\t\t\t<div class=\"elementor-column elementor-col-50 elementor-inner-column elementor-element elementor-element-530dd7b\" data-id=\"530dd7b\" data-element_type=\"column\">\n\t\t\t<div class=\"elementor-widget-wrap elementor-element-populated\">\n\t\t\t\t\t\t<div class=\"elementor-element elementor-element-4d5caeb elementor-widget elementor-widget-image\" data-id=\"4d5caeb\" data-element_type=\"widget\" data-widget_type=\"image.default\">\n\t\t\t\t<div class=\"elementor-widget-container\">\n\t\t\t<style>\/*! elementor - v3.23.0 - 05-08-2024 *\/\n.elementor-widget-image{text-align:center}.elementor-widget-image a{display:inline-block}.elementor-widget-image a img[src$=\".svg\"]{width:48px}.elementor-widget-image img{vertical-align:middle;display:inline-block}<\/style>\t\t\t\t\t\t\t\t\t\t<img fetchpriority=\"high\" width=\"780\" height=\"1135\" src=\"https:\/\/dermacentro.com.br\/wp-content\/uploads\/2022\/06\/nevus.webp\" class=\"attachment-full size-full wp-image-1483\" alt=\"\" srcset=\"https:\/\/dermacentro.com.br\/wp-content\/uploads\/2022\/06\/nevus.webp 780w, https:\/\/dermacentro.com.br\/wp-content\/uploads\/2022\/06\/nevus-206x300.webp 206w, https:\/\/dermacentro.com.br\/wp-content\/uploads\/2022\/06\/nevus-704x1024.webp 704w, https:\/\/dermacentro.com.br\/wp-content\/uploads\/2022\/06\/nevus-768x1118.webp 768w, https:\/\/dermacentro.com.br\/wp-content\/uploads\/2022\/06\/nevus-100x146.webp 100w, https:\/\/dermacentro.com.br\/wp-content\/uploads\/2022\/06\/nevus-34x50.webp 34w, https:\/\/dermacentro.com.br\/wp-content\/uploads\/2022\/06\/nevus-52x75.webp 52w\" sizes=\"(max-width: 780px) 100vw, 780px\" \/>\t\t\t\t\t\t\t\t\t\t\t\t\t<\/div>\n\t\t\t\t<\/div>\n\t\t\t\t\t<\/div>\n\t\t<\/div>\n\t\t\t\t<div class=\"elementor-column elementor-col-50 elementor-inner-column elementor-element elementor-element-8599277\" data-id=\"8599277\" data-element_type=\"column\">\n\t\t\t<div class=\"elementor-widget-wrap elementor-element-populated\">\n\t\t\t\t\t\t<div class=\"elementor-element elementor-element-d53fc86 elementor-widget elementor-widget-text-editor\" data-id=\"d53fc86\" data-element_type=\"widget\" data-widget_type=\"text-editor.default\">\n\t\t\t\t<div class=\"elementor-widget-container\">\n\t\t\t<style>\/*! elementor - v3.23.0 - 05-08-2024 *\/\n.elementor-widget-text-editor.elementor-drop-cap-view-stacked .elementor-drop-cap{background-color:#69727d;color:#fff}.elementor-widget-text-editor.elementor-drop-cap-view-framed .elementor-drop-cap{color:#69727d;border:3px solid;background-color:transparent}.elementor-widget-text-editor:not(.elementor-drop-cap-view-default) .elementor-drop-cap{margin-top:8px}.elementor-widget-text-editor:not(.elementor-drop-cap-view-default) .elementor-drop-cap-letter{width:1em;height:1em}.elementor-widget-text-editor .elementor-drop-cap{float:left;text-align:center;line-height:1;font-size:50px}.elementor-widget-text-editor .elementor-drop-cap-letter{display:inline-block}<\/style>\t\t\t\t<h3><span style=\"color: #ffffff;\">O que \u00e9?<\/span><\/h3>\t\t\t\t\t\t<\/div>\n\t\t\t\t<\/div>\n\t\t\t\t<div class=\"elementor-element elementor-element-d870478 elementor-widget elementor-widget-text-editor\" data-id=\"d870478\" data-element_type=\"widget\" data-widget_type=\"text-editor.default\">\n\t\t\t\t<div class=\"elementor-widget-container\">\n\t\t\t\t\t\t\t<div class=\"wpb_text_column wpb_content_element \" style=\"background: 0px 0px; margin-bottom: 35px; outline: 0px;\"><div class=\"wpb_wrapper\" style=\"background: 0px 0px; outline: 0px;\"><p><span style=\"color: #ffffff;\">As pintas, ou os nevos melanoc\u00edticos como s\u00e3o chamadas pelos m\u00e9dicos especialistas, s\u00e3o sinais de pele, planas ou com relevo e que basicamente aparecem de duas formas \u2013 os sinais cong\u00eanitos (presentes desde o nascimento), e os adquiridos (quando surgem ap\u00f3s o nascimento, durante a vida).<\/span><\/p><p><span style=\"color: #ffffff;\">Os nevus surgem principalmente at\u00e9 a primeira metade da nossa vida. As pintas podem ser planas ou elevadas e sua colora\u00e7\u00e3o pode variar desde a cor da pele, at\u00e9 acastanhadas ou enegrecidas. Algumas pintas podem apresentar pelos.<\/span><\/p><p><span style=\"color: #ffffff;\">O termo nevos vem do latim n\u00e6vus e descreve pequenas\u00a0les\u00f5es na pele, que tamb\u00e9m podem ser chamadas de manchas, sinais ou pintas.\u00a0<\/span><\/p><p><span style=\"color: #ffffff;\">N\u00e3o h\u00e1 uma estimativa epidemiol\u00f3gica segura quanto a sua preval\u00eancia, contudo, ao que tudo indica, quase todas as pessoas possuem nevos, variando apenas na quantidade presente em cada indiv\u00edduo.<\/span><\/p><p><span style=\"color: #ffffff;\">Na inf\u00e2ncia e adolesc\u00eancia, geralmente, elas aparecem bem planificadas e com o tempo, tendem a se tornar elevadas.<\/span><\/p><p><span style=\"color: #ffffff;\">\u00a0\u00c0 medida que v\u00e3o se desenvolvendo, tamb\u00e9m acabam perdendo um pouco a cor. Algumas chegam a ficar bem pr\u00f3ximas da cor da pele, confundindo-se com verrugas.<\/span><\/p><p class=\"MsoNormal\"><span style=\"color: #ffffff;\">Os nevos podem surgir em qualquer idade, por\u00e9m, se tornam mais comuns ap\u00f3s os 30 anos.<\/span><\/p><p class=\"MsoNormal\"><span style=\"color: #ffffff;\">Com o\u00a0avan\u00e7ar da idade, a pele vai sofrendo continuamente os danos act\u00ednicos, causados pela irradia\u00e7\u00e3o solar, e por isso, come\u00e7a a demonstrar os sinais do seu envelhecimento, que al\u00e9m de rugas e flacidez, incluem tamb\u00e9m pintas.\u00a0<\/span><\/p><p>\u00a0<\/p><p class=\"MsoNormal\"><span style=\"color: #ffffff;\">Estas, podem aparecer em qualquer parte do corpo. Contudo, especialmente em pessoas de pele clara, elas tendem a surgir com maior frequ\u00eancia em zonas expostas ao sol, como rosto, colo e bra\u00e7os.<\/span><\/p><\/div><\/div>\t\t\t\t\t\t<\/div>\n\t\t\t\t<\/div>\n\t\t\t\t<div class=\"elementor-element elementor-element-b950e3d elementor-widget elementor-widget-spacer\" data-id=\"b950e3d\" data-element_type=\"widget\" data-widget_type=\"spacer.default\">\n\t\t\t\t<div class=\"elementor-widget-container\">\n\t\t\t<style>\/*! elementor - v3.23.0 - 05-08-2024 *\/\n.elementor-column .elementor-spacer-inner{height:var(--spacer-size)}.e-con{--container-widget-width:100%}.e-con-inner>.elementor-widget-spacer,.e-con>.elementor-widget-spacer{width:var(--container-widget-width,var(--spacer-size));--align-self:var(--container-widget-align-self,initial);--flex-shrink:0}.e-con-inner>.elementor-widget-spacer>.elementor-widget-container,.e-con>.elementor-widget-spacer>.elementor-widget-container{height:100%;width:100%}.e-con-inner>.elementor-widget-spacer>.elementor-widget-container>.elementor-spacer,.e-con>.elementor-widget-spacer>.elementor-widget-container>.elementor-spacer{height:100%}.e-con-inner>.elementor-widget-spacer>.elementor-widget-container>.elementor-spacer>.elementor-spacer-inner,.e-con>.elementor-widget-spacer>.elementor-widget-container>.elementor-spacer>.elementor-spacer-inner{height:var(--container-widget-height,var(--spacer-size))}.e-con-inner>.elementor-widget-spacer.elementor-widget-empty,.e-con>.elementor-widget-spacer.elementor-widget-empty{position:relative;min-height:22px;min-width:22px}.e-con-inner>.elementor-widget-spacer.elementor-widget-empty .elementor-widget-empty-icon,.e-con>.elementor-widget-spacer.elementor-widget-empty .elementor-widget-empty-icon{position:absolute;top:0;bottom:0;left:0;right:0;margin:auto;padding:0;width:22px;height:22px}<\/style>\t\t<div class=\"elementor-spacer\">\n\t\t\t<div class=\"elementor-spacer-inner\"><\/div>\n\t\t<\/div>\n\t\t\t\t<\/div>\n\t\t\t\t<\/div>\n\t\t\t\t<div class=\"elementor-element elementor-element-b91021b elementor-widget elementor-widget-spacer\" data-id=\"b91021b\" data-element_type=\"widget\" data-widget_type=\"spacer.default\">\n\t\t\t\t<div class=\"elementor-widget-container\">\n\t\t\t\t\t<div class=\"elementor-spacer\">\n\t\t\t<div class=\"elementor-spacer-inner\"><\/div>\n\t\t<\/div>\n\t\t\t\t<\/div>\n\t\t\t\t<\/div>\n\t\t\t\t\t<\/div>\n\t\t<\/div>\n\t\t\t\t\t<\/div>\n\t\t<\/section>\n\t\t\t\t\t<\/div>\n\t\t<\/div>\n\t\t\t\t\t<\/div>\n\t\t<\/section>\n\t\t\t\t<section class=\"elementor-section elementor-top-section elementor-element elementor-element-23c64f6 elementor-section-stretched elementor-section-boxed elementor-section-height-default elementor-section-height-default\" data-id=\"23c64f6\" data-element_type=\"section\" data-settings=\"{&quot;stretch_section&quot;:&quot;section-stretched&quot;,&quot;background_background&quot;:&quot;classic&quot;}\">\n\t\t\t\t\t\t<div class=\"elementor-container elementor-column-gap-wider\">\n\t\t\t\t\t<div class=\"elementor-column elementor-col-100 elementor-top-column elementor-element elementor-element-536a83c\" data-id=\"536a83c\" data-element_type=\"column\">\n\t\t\t<div class=\"elementor-widget-wrap elementor-element-populated\">\n\t\t\t\t\t\t<section class=\"elementor-section elementor-inner-section elementor-element elementor-element-3a3b428 elementor-section-boxed elementor-section-height-default elementor-section-height-default\" data-id=\"3a3b428\" data-element_type=\"section\">\n\t\t\t\t\t\t<div class=\"elementor-container elementor-column-gap-default\">\n\t\t\t\t\t<div class=\"elementor-column elementor-col-100 elementor-inner-column elementor-element elementor-element-d665486\" data-id=\"d665486\" data-element_type=\"column\">\n\t\t\t<div class=\"elementor-widget-wrap elementor-element-populated\">\n\t\t\t\t\t\t<div class=\"elementor-element elementor-element-d323d0e elementor-widget elementor-widget-text-editor\" data-id=\"d323d0e\" data-element_type=\"widget\" data-widget_type=\"text-editor.default\">\n\t\t\t\t<div class=\"elementor-widget-container\">\n\t\t\t\t\t\t\t<p style=\"text-align: left;\">No que diz respeito a colora\u00e7\u00e3o, diversos fatores parecem produzir interfer\u00eancias. Exemplos importantes seriam as altera\u00e7\u00f5es hormonais durante a puberdade, a gravidez e a menopausa, que tendem a deixar essas manchas mais escuras do que o normal.\u00a0<\/p><p style=\"text-align: left;\">A grande maioria dos nevos \u00e9 benigna, por\u00e9m alguns podem se transformar em c\u00e2ncer de pele.<\/p><p style=\"text-align: left;\">Ent\u00e3o, normalmente, n\u00e3o h\u00e1 necessidade de preocupa\u00e7\u00e3o e nenhum tratamento \u00e9 indicado.<\/p><p style=\"text-align: left;\">\u00a0A interven\u00e7\u00e3o \u00e9 recomendada em casos onde h\u00e1 ind\u00edcios de maligniza\u00e7\u00e3o, ou predisposi\u00e7\u00e3o para tanto, ou seja, quando h\u00e1 suspeita de muta\u00e7\u00e3o celular, o que poderia evoluir para um c\u00e2ncer de pele.<\/p><p style=\"text-align: left;\">A maior preocupa\u00e7\u00e3o com as pintas ou nevos \u00e9 a possibilidade das mesmas se transformarem em melanoma.<\/p><p style=\"text-align: left;\">O melanoma \u00e9 um tumor maligno agressivo, que produz met\u00e1stases que significam a invas\u00e3o em outros \u00f3rg\u00e3os al\u00e9m da pele.<\/p><p style=\"text-align: left;\">Estima-se que, os\u00a0melanomas, em grande parte,\u00a0se originem a partir de pintas pr\u00e9-existentes. Por isso, \u00e9 necess\u00e1rio que todas as novas manchinhas na pele sejam acompanhadas por um profissional.\u00a0<\/p><p style=\"text-align: left;\">O ideal \u00e9 que o Dermatologista fa\u00e7a a averigua\u00e7\u00e3o atrav\u00e9s da Dermatoscopia.<\/p><p style=\"text-align: left;\">A Dermatoscopia \u00e9 feita com um aparelho, chamado Dermatosc\u00f3pio que aumenta a vis\u00e3o dos detalhes da pinta e determina crit\u00e9rios, que permitem um diagn\u00f3stico mais preciso.<\/p><p style=\"text-align: left;\"><span style=\"letter-spacing: 0px;\">Em geral, usamos a regra do ABCD para avaliar o risco das pintas.<\/span><\/p><p style=\"text-align: left;\"><span style=\"letter-spacing: 0px;\">Quando os crit\u00e9rios da Dermatoscopia somados a regra do ABCD apontam para um risco muito alto (bordas irregulares, muitas cores e di\u00e2metro maior que meio cent\u00edmetro), a pinta suspeita deve ser retirada.<\/span><\/p><p style=\"text-align: left;\"><span style=\"letter-spacing: 0px;\">A Regra ABCDE \u00e9 um m\u00e9todo recomendado pela Sociedade Brasileira de Dermatologia (SBD) e pela American Cancer Society para ajudar a distinguir uma les\u00e3o benigna de uma maligna.\u00a0<\/span><\/p><p style=\"text-align: left;\"><b>As letras da regra representam os seguintes aspectos:<\/b><\/p><p style=\"text-align: left;\"><b>A:<\/b>\u00a0Assimetria (se a les\u00e3o for sim\u00e9trica, pode indicar um tumor benigno; caso contr\u00e1rio, pode se tratar de uma les\u00e3o maligna);<\/p><p style=\"text-align: left;\"><b>B:<\/b>\u00a0Bordas, que podem ser irregulares (o que sugere uma les\u00e3o maligna) ou regulares (podendo significar uma les\u00e3o benigna);<\/p><p style=\"text-align: left;\"><b>C<\/b>:\u00a0Cor, duas ou mais tonalidades (refor\u00e7am a possibilidade de tumor maligno) ou apenas uma cor (sugerindo tumor benigno);<\/p><p style=\"text-align: left;\">D<b>:<\/b>\u00a0Dimens\u00e3o, com mais de 6mm (prov\u00e1vel tumor maligno) ou menos de 6mm (pode indicar um tumor benigno);<\/p><p style=\"text-align: left;\"><b>E:<\/b>\u00a0evolu\u00e7\u00e3o, ou seja, apresentando r\u00e1pido crescimento e mudan\u00e7a na cor (sugerem les\u00e3o maligna) ou sem mostrar altera\u00e7\u00f5es (benigno).<\/p>\t\t\t\t\t\t<\/div>\n\t\t\t\t<\/div>\n\t\t\t\t\t<\/div>\n\t\t<\/div>\n\t\t\t\t\t<\/div>\n\t\t<\/section>\n\t\t\t\t\t<\/div>\n\t\t<\/div>\n\t\t\t\t\t<\/div>\n\t\t<\/section>\n\t\t\t\t<section class=\"elementor-section elementor-top-section elementor-element elementor-element-1e396e2 elementor-section-stretched elementor-section-boxed elementor-section-height-default elementor-section-height-default\" data-id=\"1e396e2\" data-element_type=\"section\" data-settings=\"{&quot;stretch_section&quot;:&quot;section-stretched&quot;,&quot;background_background&quot;:&quot;classic&quot;}\">\n\t\t\t\t\t\t<div class=\"elementor-container elementor-column-gap-wider\">\n\t\t\t\t\t<div class=\"elementor-column elementor-col-100 elementor-top-column elementor-element elementor-element-c87c65b\" data-id=\"c87c65b\" data-element_type=\"column\">\n\t\t\t<div class=\"elementor-widget-wrap elementor-element-populated\">\n\t\t\t\t\t\t<div class=\"elementor-element elementor-element-cf07036 elementor-widget elementor-widget-text-editor\" data-id=\"cf07036\" data-element_type=\"widget\" data-widget_type=\"text-editor.default\">\n\t\t\t\t<div class=\"elementor-widget-container\">\n\t\t\t\t\t\t\t<p><span style=\"color: #ffffff;\">Os nevos ou pintas que tenham suspeita ou risco de ser melanoma n\u00e3o podem ser retirados por procedimentos como eletrocauteriza\u00e7\u00e3o ou laser. Isso \u00e9 importante, pois h\u00e1 necessidade da comprova\u00e7\u00e3o do diagn\u00f3stico da les\u00e3o e quando queimamos com laser ou eletrocauteriza\u00e7\u00e3o, perdemos essa refer\u00eancia.<\/span><\/p><p><span style=\"color: #ffffff;\">O melanoma \u00e9 grave e agressivo e, portanto, o atraso de alguns meses na retirada da pinta suspeita pode mudar totalmente o prognostico da cura do tumor.<\/span><\/p><p><span style=\"letter-spacing: 0px; color: #ffffff;\">Quando a pinta, aparentemente tem alta possibilidade de maligniza\u00e7\u00e3o ou quando aparentemente tem aspecto suspeito de ser melanoma, indicamos sua retirada.<\/span><\/p><p><span style=\"color: #ffffff;\">A cirurgia para retirada das pintas \u00e9 um procedimento simples e realizado no consult\u00f3rio, com o paciente sob anestesia local. O procedimento consiste em fazer uma incis\u00e3o na pele, dissecar o tumor e realizar a sutura.<\/span><\/p><p><span style=\"color: #ffffff;\">Esta cirurgia precisa levar em conta as linhas de for\u00e7a da pele no local afetado e retirar a pinta com margens de seguran\u00e7a.<\/span><\/p><p><span style=\"color: #ffffff;\">Em geral \u00e9 feito um desenho de fuso com margem de 3-4 mm sendo ent\u00e3o, encaminhado o material para exame histopatol\u00f3gico que definir\u00e1 se as margens est\u00e3o livres.<\/span><\/p><p><span style=\"color: #ffffff;\">Ap\u00f3s o tratamento cir\u00fargico, o paciente dever\u00e1 seguir \u00e0 risca as recomenda\u00e7\u00f5es m\u00e9dicas para que o per\u00edodo p\u00f3s-cir\u00fargico seja o mais tranquilo poss\u00edvel. Dentre os cuidados nesta fase, destacam-se: Evitar esfor\u00e7os f\u00edsicos \u2014 como levantar peso ou praticar atividades f\u00edsicas \u2014 durante duas semanas.<\/span><\/p><p><span style=\"color: #ffffff;\">E evitar expor-se ao sol.<\/span><\/p>\t\t\t\t\t\t<\/div>\n\t\t\t\t<\/div>\n\t\t\t\t\t<\/div>\n\t\t<\/div>\n\t\t\t\t\t<\/div>\n\t\t<\/section>\n\t\t\t\t<section class=\"elementor-section elementor-top-section elementor-element elementor-element-1e1d461 elementor-section-stretched elementor-section-boxed elementor-section-height-default elementor-section-height-default\" data-id=\"1e1d461\" data-element_type=\"section\" data-settings=\"{&quot;stretch_section&quot;:&quot;section-stretched&quot;}\">\n\t\t\t\t\t\t<div class=\"elementor-container elementor-column-gap-wider\">\n\t\t\t\t\t<div class=\"elementor-column elementor-col-100 elementor-top-column elementor-element elementor-element-98eea6e\" data-id=\"98eea6e\" data-element_type=\"column\">\n\t\t\t<div class=\"elementor-widget-wrap elementor-element-populated\">\n\t\t\t\t\t\t<section class=\"elementor-section elementor-inner-section elementor-element elementor-element-8caea67 elementor-section-boxed elementor-section-height-default elementor-section-height-default\" data-id=\"8caea67\" data-element_type=\"section\" data-settings=\"{&quot;background_background&quot;:&quot;classic&quot;}\">\n\t\t\t\t\t\t<div class=\"elementor-container elementor-column-gap-default\">\n\t\t\t\t\t<div class=\"elementor-column elementor-col-100 elementor-inner-column elementor-element elementor-element-7cbc67d\" data-id=\"7cbc67d\" data-element_type=\"column\" data-settings=\"{&quot;background_background&quot;:&quot;classic&quot;}\">\n\t\t\t<div class=\"elementor-widget-wrap elementor-element-populated\">\n\t\t\t\t\t\t<div class=\"elementor-element elementor-element-aa9989b elementor-widget elementor-widget-text-editor\" data-id=\"aa9989b\" data-element_type=\"widget\" data-widget_type=\"text-editor.default\">\n\t\t\t\t<div class=\"elementor-widget-container\">\n\t\t\t\t\t\t\t<h2><b>Contato<\/b><\/h2><div><b>Entre em contato conosco para tirar uma d\u00favida ou agendar uma consulta.<\/b><\/div>\t\t\t\t\t\t<\/div>\n\t\t\t\t<\/div>\n\t\t\t\t<div class=\"elementor-element elementor-element-d89342c elementor-widget elementor-widget-spacer\" data-id=\"d89342c\" data-element_type=\"widget\" data-widget_type=\"spacer.default\">\n\t\t\t\t<div class=\"elementor-widget-container\">\n\t\t\t\t\t<div class=\"elementor-spacer\">\n\t\t\t<div class=\"elementor-spacer-inner\"><\/div>\n\t\t<\/div>\n\t\t\t\t<\/div>\n\t\t\t\t<\/div>\n\t\t\t\t<div class=\"elementor-element elementor-element-8c37a5d elementor-widget elementor-widget-shortcode\" data-id=\"8c37a5d\" data-element_type=\"widget\" data-widget_type=\"shortcode.default\">\n\t\t\t\t<div class=\"elementor-widget-container\">\n\t\t\t\t\t<div class=\"elementor-shortcode\">\n<div class=\"wpcf7 no-js\" id=\"wpcf7-f112-o1\" lang=\"en-US\" dir=\"ltr\">\n<div class=\"screen-reader-response\"><p role=\"status\" aria-live=\"polite\" aria-atomic=\"true\"><\/p> <ul><\/ul><\/div>\n<form action=\"\/index.php\/wp-json\/wp\/v2\/pages\/757#wpcf7-f112-o1\" method=\"post\" class=\"wpcf7-form init\" aria-label=\"Contact form\" novalidate=\"novalidate\" data-status=\"init\">\n<div style=\"display: none;\">\n<input type=\"hidden\" name=\"_wpcf7\" value=\"112\" \/>\n<input type=\"hidden\" name=\"_wpcf7_version\" value=\"5.7.7\" \/>\n<input type=\"hidden\" name=\"_wpcf7_locale\" value=\"en_US\" \/>\n<input type=\"hidden\" name=\"_wpcf7_unit_tag\" value=\"wpcf7-f112-o1\" \/>\n<input type=\"hidden\" name=\"_wpcf7_container_post\" value=\"0\" \/>\n<input type=\"hidden\" name=\"_wpcf7_posted_data_hash\" value=\"\" \/>\n<\/div>\n<div class=\"column one-second\">\n\t<p><span class=\"wpcf7-form-control-wrap\" data-name=\"your-name\"><input size=\"40\" class=\"wpcf7-form-control wpcf7-text wpcf7-validates-as-required\" aria-required=\"true\" aria-invalid=\"false\" placeholder=\"Nome\" value=\"\" type=\"text\" name=\"your-name\" \/><\/span>\n\t<\/p>\n<\/div>\n<div class=\"column one-second\">\n\t<p><span class=\"wpcf7-form-control-wrap\" data-name=\"your-phone\"><input size=\"40\" class=\"wpcf7-form-control wpcf7-text wpcf7-tel wpcf7-validates-as-tel\" aria-invalid=\"false\" placeholder=\"Telefone\" value=\"\" type=\"tel\" name=\"your-phone\" \/><\/span>\n\t<\/p>\n<\/div>\n<div class=\"column one\">\n\t<p><span class=\"wpcf7-form-control-wrap\" data-name=\"E-mail\"><input size=\"40\" class=\"wpcf7-form-control wpcf7-text wpcf7-email wpcf7-validates-as-required wpcf7-validates-as-email\" aria-required=\"true\" aria-invalid=\"false\" placeholder=\"E-mail\" value=\"\" type=\"email\" name=\"E-mail\" \/><\/span>\n\t<\/p>\n<\/div>\n<div class=\"column one\">\n\t<p><span class=\"wpcf7-form-control-wrap\" data-name=\"your-message\"><textarea cols=\"40\" rows=\"1\" class=\"wpcf7-form-control wpcf7-textarea\" aria-invalid=\"false\" placeholder=\"Mensagem\" name=\"your-message\"><\/textarea><\/span>\n\t<\/p>\n<\/div>\n<div class=\"column one\" style=\"text-align: center;\">\n\t<p><input class=\"wpcf7-form-control has-spinner wpcf7-submit\" type=\"submit\" value=\"Enviar Mensagem\" \/>\n\t<\/p>\n<\/div><div class=\"wpcf7-response-output\" aria-hidden=\"true\"><\/div>\n<\/form>\n<\/div>\n<\/div>\n\t\t\t\t<\/div>\n\t\t\t\t<\/div>\n\t\t\t\t\t<\/div>\n\t\t<\/div>\n\t\t\t\t\t<\/div>\n\t\t<\/section>\n\t\t\t\t\t<\/div>\n\t\t<\/div>\n\t\t\t\t\t<\/div>\n\t\t<\/section>\n\t\t\t\t<\/div>\n\t\t","protected":false},"excerpt":{"rendered":"<p>O que \u00e9? As pintas, ou os nevos melanoc\u00edticos como s\u00e3o chamadas pelos m\u00e9dicos especialistas, s\u00e3o sinais de pele, planas ou com relevo e que basicamente<span class=\"excerpt-hellip\"> [\u2026]<\/span><\/p>\n","protected":false},"author":1,"featured_media":0,"parent":755,"menu_order":0,"comment_status":"closed","ping_status":"closed","template":"","meta":{"_joinchat":[]},"_links":{"self":[{"href":"https:\/\/dermacentro.com.br\/index.php\/wp-json\/wp\/v2\/pages\/757"}],"collection":[{"href":"https:\/\/dermacentro.com.br\/index.php\/wp-json\/wp\/v2\/pages"}],"about":[{"href":"https:\/\/dermacentro.com.br\/index.php\/wp-json\/wp\/v2\/types\/page"}],"author":[{"embeddable":true,"href":"https:\/\/dermacentro.com.br\/index.php\/wp-json\/wp\/v2\/users\/1"}],"replies":[{"embeddable":true,"href":"https:\/\/dermacentro.com.br\/index.php\/wp-json\/wp\/v2\/comments?post=757"}],"version-history":[{"count":7,"href":"https:\/\/dermacentro.com.br\/index.php\/wp-json\/wp\/v2\/pages\/757\/revisions"}],"predecessor-version":[{"id":1486,"href":"https:\/\/dermacentro.com.br\/index.php\/wp-json\/wp\/v2\/pages\/757\/revisions\/1486"}],"up":[{"embeddable":true,"href":"https:\/\/dermacentro.com.br\/index.php\/wp-json\/wp\/v2\/pages\/755"}],"wp:attachment":[{"href":"https:\/\/dermacentro.com.br\/index.php\/wp-json\/wp\/v2\/media?parent=757"}],"curies":[{"name":"wp","href":"https:\/\/api.w.org\/{rel}","templated":true}]}}