{"id":612,"date":"2022-04-05T11:41:36","date_gmt":"2022-04-05T14:41:36","guid":{"rendered":"http:\/\/dermacentro.com.br\/?page_id=612"},"modified":"2022-08-19T07:26:45","modified_gmt":"2022-08-19T10:26:45","slug":"dermatite-seborreica-de-couro-cabeludo","status":"publish","type":"page","link":"https:\/\/dermacentro.com.br\/index.php\/dermatologia-capilar\/dermatite-seborreica-de-couro-cabeludo\/","title":{"rendered":"Dermatite Seborreica de Couro Cabeludo"},"content":{"rendered":"\t\t<div data-elementor-type=\"wp-page\" data-elementor-id=\"612\" class=\"elementor elementor-612\">\n\t\t\t\t\t\t<section class=\"elementor-section elementor-top-section elementor-element elementor-element-0c5fb4f elementor-section-stretched elementor-section-boxed elementor-section-height-default elementor-section-height-default\" data-id=\"0c5fb4f\" data-element_type=\"section\" data-settings=\"{&quot;stretch_section&quot;:&quot;section-stretched&quot;,&quot;background_background&quot;:&quot;classic&quot;}\">\n\t\t\t\t\t\t\t<div class=\"elementor-background-overlay\"><\/div>\n\t\t\t\t\t\t\t<div class=\"elementor-container elementor-column-gap-default\">\n\t\t\t\t\t<div class=\"elementor-column elementor-col-100 elementor-top-column elementor-element elementor-element-b33aa50\" data-id=\"b33aa50\" data-element_type=\"column\">\n\t\t\t<div class=\"elementor-widget-wrap elementor-element-populated\">\n\t\t\t\t\t\t\t<\/div>\n\t\t<\/div>\n\t\t\t\t\t<\/div>\n\t\t<\/section>\n\t\t\t\t<section class=\"elementor-section elementor-top-section elementor-element elementor-element-3e41c4a elementor-section-stretched elementor-section-boxed elementor-section-height-default elementor-section-height-default\" data-id=\"3e41c4a\" data-element_type=\"section\" data-settings=\"{&quot;stretch_section&quot;:&quot;section-stretched&quot;,&quot;background_background&quot;:&quot;classic&quot;}\">\n\t\t\t\t\t\t<div class=\"elementor-container elementor-column-gap-wider\">\n\t\t\t\t\t<div class=\"elementor-column elementor-col-100 elementor-top-column elementor-element elementor-element-b382ebe\" data-id=\"b382ebe\" data-element_type=\"column\">\n\t\t\t<div class=\"elementor-widget-wrap elementor-element-populated\">\n\t\t\t\t\t\t<section class=\"elementor-section elementor-inner-section elementor-element elementor-element-a05f91a elementor-section-boxed elementor-section-height-default elementor-section-height-default\" data-id=\"a05f91a\" data-element_type=\"section\">\n\t\t\t\t\t\t<div class=\"elementor-container elementor-column-gap-default\">\n\t\t\t\t\t<div class=\"elementor-column elementor-col-50 elementor-inner-column elementor-element elementor-element-530dd7b\" data-id=\"530dd7b\" data-element_type=\"column\">\n\t\t\t<div class=\"elementor-widget-wrap elementor-element-populated\">\n\t\t\t\t\t\t<div class=\"elementor-element elementor-element-4d5caeb elementor-widget elementor-widget-image\" data-id=\"4d5caeb\" data-element_type=\"widget\" data-widget_type=\"image.default\">\n\t\t\t\t<div class=\"elementor-widget-container\">\n\t\t\t<style>\/*! elementor - v3.23.0 - 05-08-2024 *\/\n.elementor-widget-image{text-align:center}.elementor-widget-image a{display:inline-block}.elementor-widget-image a img[src$=\".svg\"]{width:48px}.elementor-widget-image img{vertical-align:middle;display:inline-block}<\/style>\t\t\t\t\t\t\t\t\t\t<img fetchpriority=\"high\" width=\"1000\" height=\"667\" src=\"https:\/\/dermacentro.com.br\/wp-content\/uploads\/2022\/08\/dermatiteca.webp\" class=\"attachment-full size-full wp-image-2477\" alt=\"\" srcset=\"https:\/\/dermacentro.com.br\/wp-content\/uploads\/2022\/08\/dermatiteca.webp 1000w, https:\/\/dermacentro.com.br\/wp-content\/uploads\/2022\/08\/dermatiteca-300x200.webp 300w, https:\/\/dermacentro.com.br\/wp-content\/uploads\/2022\/08\/dermatiteca-768x512.webp 768w, https:\/\/dermacentro.com.br\/wp-content\/uploads\/2022\/08\/dermatiteca-219x146.webp 219w, https:\/\/dermacentro.com.br\/wp-content\/uploads\/2022\/08\/dermatiteca-50x33.webp 50w, https:\/\/dermacentro.com.br\/wp-content\/uploads\/2022\/08\/dermatiteca-112x75.webp 112w\" sizes=\"(max-width: 1000px) 100vw, 1000px\" \/>\t\t\t\t\t\t\t\t\t\t\t\t\t<\/div>\n\t\t\t\t<\/div>\n\t\t\t\t\t<\/div>\n\t\t<\/div>\n\t\t\t\t<div class=\"elementor-column elementor-col-50 elementor-inner-column elementor-element elementor-element-8599277\" data-id=\"8599277\" data-element_type=\"column\">\n\t\t\t<div class=\"elementor-widget-wrap elementor-element-populated\">\n\t\t\t\t\t\t<div class=\"elementor-element elementor-element-d53fc86 elementor-widget elementor-widget-text-editor\" data-id=\"d53fc86\" data-element_type=\"widget\" data-widget_type=\"text-editor.default\">\n\t\t\t\t<div class=\"elementor-widget-container\">\n\t\t\t<style>\/*! elementor - v3.23.0 - 05-08-2024 *\/\n.elementor-widget-text-editor.elementor-drop-cap-view-stacked .elementor-drop-cap{background-color:#69727d;color:#fff}.elementor-widget-text-editor.elementor-drop-cap-view-framed .elementor-drop-cap{color:#69727d;border:3px solid;background-color:transparent}.elementor-widget-text-editor:not(.elementor-drop-cap-view-default) .elementor-drop-cap{margin-top:8px}.elementor-widget-text-editor:not(.elementor-drop-cap-view-default) .elementor-drop-cap-letter{width:1em;height:1em}.elementor-widget-text-editor .elementor-drop-cap{float:left;text-align:center;line-height:1;font-size:50px}.elementor-widget-text-editor .elementor-drop-cap-letter{display:inline-block}<\/style>\t\t\t\t<h3><span style=\"color: #ffffff;\">O que \u00e9?<\/span><\/h3>\t\t\t\t\t\t<\/div>\n\t\t\t\t<\/div>\n\t\t\t\t<div class=\"elementor-element elementor-element-d870478 elementor-widget elementor-widget-text-editor\" data-id=\"d870478\" data-element_type=\"widget\" data-widget_type=\"text-editor.default\">\n\t\t\t\t<div class=\"elementor-widget-container\">\n\t\t\t\t\t\t\t<p><span style=\"color: #ffffff;\">A Dermatite Seborreica \u00e9 uma doen\u00e7a extremamente comum, cr\u00f4nica, que ocorre em indiv\u00edduos de ambos os sexos, durante toda a vida.<\/span><\/p><p><span style=\"color: #ffffff;\">Ocorre em ciclos, podendo haver surtos de melhora e piora dos sintomas.<\/span><\/p><p><span style=\"color: #ffffff;\">A doen\u00e7a n\u00e3o \u00e9 contagiosa e n\u00e3o \u00e9 causada por falta de higiene. Tamb\u00e9m n\u00e3o \u00e9 uma alergia e tampouco perigosa.<\/span><\/p><p><span style=\"color: #ffffff;\">Sua causa n\u00e3o \u00e9 totalmente conhecida, e pode ter origem gen\u00e9tica ou ser desencadeada por agentes externos, como alergias, situa\u00e7\u00f5es de fadiga ou estresse emocional (devido ao aumento do cortisol que favorece a inflama\u00e7\u00e3o da pele), baixa temperatura, \u00e1lcool, medicamentos, excesso de oleosidade,\u00a0 obesidade e a ingest\u00e3o de alimentos muito gordurosos ou condimentados.<\/span><\/p><p><span style=\"color: #ffffff;\">Embora a caspa n\u00e3o seja causada por fungos, a presen\u00e7a do fungo <u>Pityrosporum ovale<\/u> tamb\u00e9m pode estar associado ao desencadeamento da doen\u00e7a, pois, devido a inflama\u00e7\u00e3o, eles crescem com mais facilidade e perpetuam o processo inflamat\u00f3rio.<\/span><\/p><p><span style=\"font-family: Manrope, -apple-system, BlinkMacSystemFont, 'Segoe UI', Roboto, Oxygen-Sans, Ubuntu, Cantarell, 'Helvetica Neue', sans-serif; font-size: 16px; font-style: normal; font-variant-ligatures: normal; font-variant-caps: normal; font-weight: 300; color: #ffffff;\">Nos rec\u00e9m-nascidos, a dermatite seborreica \u00e9 uma condi\u00e7\u00e3o inofensiva e tempor\u00e1ria, conhecida como crosta l\u00e1ctea, na qual aparecem escamas gordurosas e aderentes no couro cabeludo. Escamas semelhantes tamb\u00e9m podem ser encontradas nas p\u00e1lpebras, nas orelhas, ao redor do nariz e na virilha. Normalmente, as les\u00f5es somem ap\u00f3s alguns meses, podendo reaparecer na puberdade.<\/span><\/p>\t\t\t\t\t\t<\/div>\n\t\t\t\t<\/div>\n\t\t\t\t<div class=\"elementor-element elementor-element-b950e3d elementor-widget elementor-widget-spacer\" data-id=\"b950e3d\" data-element_type=\"widget\" data-widget_type=\"spacer.default\">\n\t\t\t\t<div class=\"elementor-widget-container\">\n\t\t\t<style>\/*! elementor - v3.23.0 - 05-08-2024 *\/\n.elementor-column .elementor-spacer-inner{height:var(--spacer-size)}.e-con{--container-widget-width:100%}.e-con-inner>.elementor-widget-spacer,.e-con>.elementor-widget-spacer{width:var(--container-widget-width,var(--spacer-size));--align-self:var(--container-widget-align-self,initial);--flex-shrink:0}.e-con-inner>.elementor-widget-spacer>.elementor-widget-container,.e-con>.elementor-widget-spacer>.elementor-widget-container{height:100%;width:100%}.e-con-inner>.elementor-widget-spacer>.elementor-widget-container>.elementor-spacer,.e-con>.elementor-widget-spacer>.elementor-widget-container>.elementor-spacer{height:100%}.e-con-inner>.elementor-widget-spacer>.elementor-widget-container>.elementor-spacer>.elementor-spacer-inner,.e-con>.elementor-widget-spacer>.elementor-widget-container>.elementor-spacer>.elementor-spacer-inner{height:var(--container-widget-height,var(--spacer-size))}.e-con-inner>.elementor-widget-spacer.elementor-widget-empty,.e-con>.elementor-widget-spacer.elementor-widget-empty{position:relative;min-height:22px;min-width:22px}.e-con-inner>.elementor-widget-spacer.elementor-widget-empty .elementor-widget-empty-icon,.e-con>.elementor-widget-spacer.elementor-widget-empty .elementor-widget-empty-icon{position:absolute;top:0;bottom:0;left:0;right:0;margin:auto;padding:0;width:22px;height:22px}<\/style>\t\t<div class=\"elementor-spacer\">\n\t\t\t<div class=\"elementor-spacer-inner\"><\/div>\n\t\t<\/div>\n\t\t\t\t<\/div>\n\t\t\t\t<\/div>\n\t\t\t\t<div class=\"elementor-element elementor-element-b91021b elementor-widget elementor-widget-spacer\" data-id=\"b91021b\" data-element_type=\"widget\" data-widget_type=\"spacer.default\">\n\t\t\t\t<div class=\"elementor-widget-container\">\n\t\t\t\t\t<div class=\"elementor-spacer\">\n\t\t\t<div class=\"elementor-spacer-inner\"><\/div>\n\t\t<\/div>\n\t\t\t\t<\/div>\n\t\t\t\t<\/div>\n\t\t\t\t\t<\/div>\n\t\t<\/div>\n\t\t\t\t\t<\/div>\n\t\t<\/section>\n\t\t\t\t<section class=\"elementor-section elementor-inner-section elementor-element elementor-element-22501de elementor-section-boxed elementor-section-height-default elementor-section-height-default\" data-id=\"22501de\" data-element_type=\"section\">\n\t\t\t\t\t\t<div class=\"elementor-container elementor-column-gap-default\">\n\t\t\t\t\t<div class=\"elementor-column elementor-col-100 elementor-inner-column elementor-element elementor-element-56cad39\" data-id=\"56cad39\" data-element_type=\"column\">\n\t\t\t<div class=\"elementor-widget-wrap elementor-element-populated\">\n\t\t\t\t\t\t<div class=\"elementor-element elementor-element-7db36cb elementor-widget elementor-widget-text-editor\" data-id=\"7db36cb\" data-element_type=\"widget\" data-widget_type=\"text-editor.default\">\n\t\t\t\t<div class=\"elementor-widget-container\">\n\t\t\t\t\t\t\t<p><span style=\"letter-spacing: 0px; color: #ffffff;\">J\u00e1 nos adultos, o principal sintoma \u00e9 a queda aguda do cabelo, com aumento dos fios que caem dia a dia. Coceira no couro cabeludo, principalmente na regi\u00e3o posterior, pode estar presente em alguns casos.<\/span><\/p><p><span style=\"color: #ffffff;\">De forma geral, os sintomas da dermatite seborreica s\u00e3o:<\/span><\/p><ul><li><span style=\"color: #ffffff;\">oleosidade na pele e no couro cabeludo;<\/span><\/li><li><span style=\"color: #ffffff;\">escamas brancas que descamam \u2013 conhecida popularmente como \u201ccaspa\u201d.<\/span><\/li><li><span style=\"color: #ffffff;\">escamas amareladas que s\u00e3o oleosas e ardem;<\/span><\/li><li><span style=\"color: #ffffff;\">coceira, que pode piorar caso a \u00e1rea seja infectada pelo ato de \u201ccutucar\u201d a pele;<\/span><\/li><li><span style=\"color: #ffffff;\">leve vermelhid\u00e3o na \u00e1rea;<\/span><\/li><li><span style=\"color: #ffffff;\">poss\u00edvel perda de cabelo.<\/span><\/li><\/ul><p><span style=\"color: #ffffff;\">A dermatite pode ocorrer em diversas \u00e1reas do corpo. Quando mais intensa, al\u00e9m do couro cabeludo, acomete tamb\u00e9m c\u00edlios e sobrancelhas. Podem ocorrer les\u00f5es descamativas e avermelhadas na face, principalmente nos sulcos ao redor da boca, glabela e atr\u00e1s das orelhas. Em algumas pessoas, pode haver comprometimento da regi\u00e3o anterior do t\u00f3rax. Normalmente, o prurido acompanha o quadro.<\/span><\/p><p><span style=\"color: #ffffff;\">\u00c9 importante o acompanhamento de um m\u00e9dico dermatologista, para que o diagn\u00f3stico seja feito e o melhor tratamento seja indicado.<\/span><\/p>\t\t\t\t\t\t<\/div>\n\t\t\t\t<\/div>\n\t\t\t\t<div class=\"elementor-element elementor-element-d6c743b elementor-widget elementor-widget-spacer\" data-id=\"d6c743b\" data-element_type=\"widget\" data-widget_type=\"spacer.default\">\n\t\t\t\t<div class=\"elementor-widget-container\">\n\t\t\t\t\t<div class=\"elementor-spacer\">\n\t\t\t<div class=\"elementor-spacer-inner\"><\/div>\n\t\t<\/div>\n\t\t\t\t<\/div>\n\t\t\t\t<\/div>\n\t\t\t\t<div class=\"elementor-element elementor-element-e97d748 elementor-widget elementor-widget-spacer\" data-id=\"e97d748\" data-element_type=\"widget\" data-widget_type=\"spacer.default\">\n\t\t\t\t<div class=\"elementor-widget-container\">\n\t\t\t\t\t<div class=\"elementor-spacer\">\n\t\t\t<div class=\"elementor-spacer-inner\"><\/div>\n\t\t<\/div>\n\t\t\t\t<\/div>\n\t\t\t\t<\/div>\n\t\t\t\t\t<\/div>\n\t\t<\/div>\n\t\t\t\t\t<\/div>\n\t\t<\/section>\n\t\t\t\t\t<\/div>\n\t\t<\/div>\n\t\t\t\t\t<\/div>\n\t\t<\/section>\n\t\t\t\t<section class=\"elementor-section elementor-top-section elementor-element elementor-element-23c64f6 elementor-section-stretched elementor-section-boxed elementor-section-height-default elementor-section-height-default\" data-id=\"23c64f6\" data-element_type=\"section\" data-settings=\"{&quot;stretch_section&quot;:&quot;section-stretched&quot;,&quot;background_background&quot;:&quot;classic&quot;}\">\n\t\t\t\t\t\t<div class=\"elementor-container elementor-column-gap-wider\">\n\t\t\t\t\t<div class=\"elementor-column elementor-col-100 elementor-top-column elementor-element elementor-element-536a83c\" data-id=\"536a83c\" data-element_type=\"column\">\n\t\t\t<div class=\"elementor-widget-wrap elementor-element-populated\">\n\t\t\t\t\t\t<div class=\"elementor-element elementor-element-05db7fd elementor-widget elementor-widget-text-editor\" data-id=\"05db7fd\" data-element_type=\"widget\" data-widget_type=\"text-editor.default\">\n\t\t\t\t<div class=\"elementor-widget-container\">\n\t\t\t\t\t\t\t<h3 style=\"text-align: center;\">Como <b>Tratar<\/b><\/h3>\t\t\t\t\t\t<\/div>\n\t\t\t\t<\/div>\n\t\t\t\t<section class=\"elementor-section elementor-inner-section elementor-element elementor-element-3a3b428 elementor-section-boxed elementor-section-height-default elementor-section-height-default\" data-id=\"3a3b428\" data-element_type=\"section\">\n\t\t\t\t\t\t<div class=\"elementor-container elementor-column-gap-default\">\n\t\t\t\t\t<div class=\"elementor-column elementor-col-100 elementor-inner-column elementor-element elementor-element-d665486\" data-id=\"d665486\" data-element_type=\"column\">\n\t\t\t<div class=\"elementor-widget-wrap elementor-element-populated\">\n\t\t\t\t\t\t<div class=\"elementor-element elementor-element-d323d0e elementor-widget elementor-widget-text-editor\" data-id=\"d323d0e\" data-element_type=\"widget\" data-widget_type=\"text-editor.default\">\n\t\t\t\t<div class=\"elementor-widget-container\">\n\t\t\t\t\t\t\t<p style=\"text-align: left;\">O diagn\u00f3stico \u00e9 feito clinicamente por um dermatologista que ir\u00e1 se basear na localiza\u00e7\u00e3o das les\u00f5es e no relato do paciente. Em alguns casos \u00e9 necess\u00e1ria a realiza\u00e7\u00e3o de alguns exames cl\u00ednicos, como o micol\u00f3gico, a bi\u00f3psia e o teste de contato.<\/p><p style=\"text-align: left;\">A caspa n\u00e3o tem cura definitiva, mas sim controle. Pessoas muito predispostas precisam tratar continuamente, sendo necess\u00e1rios cuidados de manuten\u00e7\u00e3o.<\/p><p style=\"text-align: left;\">O tratamento precoce das crises \u00e9 importante e pode envolver as seguintes medidas: lavagens mais frequentes; interrup\u00e7\u00e3o do uso de sprays, pomadas e g\u00e9is para o cabelo; o n\u00e3o uso de chap\u00e9us ou bon\u00e9s;<\/p><p style=\"text-align: left;\">Devido a frequente presen\u00e7a de fungos nas les\u00f5es, s\u00e3o usadas subst\u00e2ncias que controlem o seu crescimento e diminuam a oleosidade.<\/p><p style=\"text-align: left;\">O uso de xampus que contenham \u00e1cido salic\u00edlico, alcatr\u00e3o, sel\u00eanio, enxofre, zinco e antif\u00fangicos deve ser constante ou a cada duas lavadas.<\/p><p style=\"text-align: left;\">O uso de cremes\/pomadas com antif\u00fangicos tamb\u00e9m pode ser \u00fatil.<\/p><p style=\"text-align: left;\">Lo\u00e7\u00f5es capilares \u00e0 base de corticosteroides reduzem significantemente o processo inflamat\u00f3rio agudo.<\/p><p style=\"text-align: left;\">Casos mais graves podem necessitar de tratamento sist\u00eamico com antif\u00fangicos como o Itraconazol sist\u00eamico 100mg, 2 vezes ao dia por 1-3 meses.<\/p><p style=\"text-align: left;\">Realizado na cl\u00ednica dermatol\u00f3gica, o\u00a0 <b>Laser de Baixa Pot\u00eancia ou LED<\/b>,\u00a0 emite energia que atinge diretamente o fol\u00edculo piloso promovendo bioestimula\u00e7\u00e3o local. Esta bioestimula\u00e7\u00e3o afeta a mitoc\u00f4ndria melhorando o desempenho celular , reestruturando as fun\u00e7\u00f5es das c\u00e9lulas tronco do bulbo capilar, estimulando a divis\u00e3o celular , o crescimento e espessamento capilar. Tamb\u00e9m possui excelente efeito anti-inflamat\u00f3rio. S\u00e3o necess\u00e1rias 8 a 10 sess\u00f5es com intervalos semanais.<\/p><p style=\"text-align: left;\">Dada a\u00a0 predisposi\u00e7\u00e3o gen\u00e9tica para a dermatite seborr\u00e9ica, s\u00e3o necess\u00e1rios os cuidados constantes para evitar gatilhos, como banhos muito quentes, stress\u00a0 descompensado, ressecamento e\u00a0\u00a0 irritabilidade da pele.<\/p>\t\t\t\t\t\t<\/div>\n\t\t\t\t<\/div>\n\t\t\t\t\t<\/div>\n\t\t<\/div>\n\t\t\t\t\t<\/div>\n\t\t<\/section>\n\t\t\t\t\t<\/div>\n\t\t<\/div>\n\t\t\t\t\t<\/div>\n\t\t<\/section>\n\t\t\t\t<section class=\"elementor-section elementor-top-section elementor-element elementor-element-1e1d461 elementor-section-stretched elementor-section-boxed elementor-section-height-default elementor-section-height-default\" data-id=\"1e1d461\" data-element_type=\"section\" data-settings=\"{&quot;stretch_section&quot;:&quot;section-stretched&quot;}\">\n\t\t\t\t\t\t<div class=\"elementor-container elementor-column-gap-wider\">\n\t\t\t\t\t<div class=\"elementor-column elementor-col-100 elementor-top-column elementor-element elementor-element-98eea6e\" data-id=\"98eea6e\" data-element_type=\"column\">\n\t\t\t<div class=\"elementor-widget-wrap elementor-element-populated\">\n\t\t\t\t\t\t<section class=\"elementor-section elementor-inner-section elementor-element elementor-element-8caea67 elementor-section-boxed elementor-section-height-default elementor-section-height-default\" data-id=\"8caea67\" data-element_type=\"section\" data-settings=\"{&quot;background_background&quot;:&quot;classic&quot;}\">\n\t\t\t\t\t\t<div class=\"elementor-container elementor-column-gap-default\">\n\t\t\t\t\t<div class=\"elementor-column elementor-col-100 elementor-inner-column elementor-element elementor-element-7cbc67d\" data-id=\"7cbc67d\" data-element_type=\"column\" data-settings=\"{&quot;background_background&quot;:&quot;classic&quot;}\">\n\t\t\t<div class=\"elementor-widget-wrap elementor-element-populated\">\n\t\t\t\t\t\t<div class=\"elementor-element elementor-element-aa9989b elementor-widget elementor-widget-text-editor\" data-id=\"aa9989b\" data-element_type=\"widget\" data-widget_type=\"text-editor.default\">\n\t\t\t\t<div class=\"elementor-widget-container\">\n\t\t\t\t\t\t\t<h2><b>Contato<\/b><\/h2><div><b>Entre em contato conosco para tirar uma d\u00favida ou agendar uma consulta.<\/b><\/div>\t\t\t\t\t\t<\/div>\n\t\t\t\t<\/div>\n\t\t\t\t<div class=\"elementor-element elementor-element-d89342c elementor-widget elementor-widget-spacer\" data-id=\"d89342c\" data-element_type=\"widget\" data-widget_type=\"spacer.default\">\n\t\t\t\t<div class=\"elementor-widget-container\">\n\t\t\t\t\t<div class=\"elementor-spacer\">\n\t\t\t<div class=\"elementor-spacer-inner\"><\/div>\n\t\t<\/div>\n\t\t\t\t<\/div>\n\t\t\t\t<\/div>\n\t\t\t\t<div class=\"elementor-element elementor-element-8c37a5d elementor-widget elementor-widget-shortcode\" data-id=\"8c37a5d\" data-element_type=\"widget\" data-widget_type=\"shortcode.default\">\n\t\t\t\t<div class=\"elementor-widget-container\">\n\t\t\t\t\t<div class=\"elementor-shortcode\">\n<div class=\"wpcf7 no-js\" id=\"wpcf7-f112-o1\" lang=\"en-US\" dir=\"ltr\">\n<div class=\"screen-reader-response\"><p role=\"status\" aria-live=\"polite\" aria-atomic=\"true\"><\/p> <ul><\/ul><\/div>\n<form action=\"\/index.php\/wp-json\/wp\/v2\/pages\/612#wpcf7-f112-o1\" method=\"post\" class=\"wpcf7-form init\" aria-label=\"Contact form\" novalidate=\"novalidate\" data-status=\"init\">\n<div style=\"display: none;\">\n<input type=\"hidden\" name=\"_wpcf7\" value=\"112\" \/>\n<input type=\"hidden\" name=\"_wpcf7_version\" value=\"5.7.7\" \/>\n<input type=\"hidden\" name=\"_wpcf7_locale\" value=\"en_US\" \/>\n<input type=\"hidden\" name=\"_wpcf7_unit_tag\" value=\"wpcf7-f112-o1\" \/>\n<input type=\"hidden\" name=\"_wpcf7_container_post\" value=\"0\" \/>\n<input type=\"hidden\" name=\"_wpcf7_posted_data_hash\" value=\"\" \/>\n<\/div>\n<div class=\"column one-second\">\n\t<p><span class=\"wpcf7-form-control-wrap\" data-name=\"your-name\"><input size=\"40\" class=\"wpcf7-form-control wpcf7-text wpcf7-validates-as-required\" aria-required=\"true\" aria-invalid=\"false\" placeholder=\"Nome\" value=\"\" type=\"text\" name=\"your-name\" \/><\/span>\n\t<\/p>\n<\/div>\n<div class=\"column one-second\">\n\t<p><span class=\"wpcf7-form-control-wrap\" data-name=\"your-phone\"><input size=\"40\" class=\"wpcf7-form-control wpcf7-text wpcf7-tel wpcf7-validates-as-tel\" aria-invalid=\"false\" placeholder=\"Telefone\" value=\"\" type=\"tel\" name=\"your-phone\" \/><\/span>\n\t<\/p>\n<\/div>\n<div class=\"column one\">\n\t<p><span class=\"wpcf7-form-control-wrap\" data-name=\"E-mail\"><input size=\"40\" class=\"wpcf7-form-control wpcf7-text wpcf7-email wpcf7-validates-as-required wpcf7-validates-as-email\" aria-required=\"true\" aria-invalid=\"false\" placeholder=\"E-mail\" value=\"\" type=\"email\" name=\"E-mail\" \/><\/span>\n\t<\/p>\n<\/div>\n<div class=\"column one\">\n\t<p><span class=\"wpcf7-form-control-wrap\" data-name=\"your-message\"><textarea cols=\"40\" rows=\"1\" class=\"wpcf7-form-control wpcf7-textarea\" aria-invalid=\"false\" placeholder=\"Mensagem\" name=\"your-message\"><\/textarea><\/span>\n\t<\/p>\n<\/div>\n<div class=\"column one\" style=\"text-align: center;\">\n\t<p><input class=\"wpcf7-form-control has-spinner wpcf7-submit\" type=\"submit\" value=\"Enviar Mensagem\" \/>\n\t<\/p>\n<\/div><div class=\"wpcf7-response-output\" aria-hidden=\"true\"><\/div>\n<\/form>\n<\/div>\n<\/div>\n\t\t\t\t<\/div>\n\t\t\t\t<\/div>\n\t\t\t\t\t<\/div>\n\t\t<\/div>\n\t\t\t\t\t<\/div>\n\t\t<\/section>\n\t\t\t\t\t<\/div>\n\t\t<\/div>\n\t\t\t\t\t<\/div>\n\t\t<\/section>\n\t\t\t\t<\/div>\n\t\t","protected":false},"excerpt":{"rendered":"<p>O que \u00e9? A Dermatite Seborreica \u00e9 uma doen\u00e7a extremamente comum, cr\u00f4nica, que ocorre em indiv\u00edduos de ambos os sexos, durante toda a vida. Ocorre em<span class=\"excerpt-hellip\"> [\u2026]<\/span><\/p>\n","protected":false},"author":1,"featured_media":0,"parent":95,"menu_order":0,"comment_status":"closed","ping_status":"closed","template":"","meta":{"_joinchat":[]},"_links":{"self":[{"href":"https:\/\/dermacentro.com.br\/index.php\/wp-json\/wp\/v2\/pages\/612"}],"collection":[{"href":"https:\/\/dermacentro.com.br\/index.php\/wp-json\/wp\/v2\/pages"}],"about":[{"href":"https:\/\/dermacentro.com.br\/index.php\/wp-json\/wp\/v2\/types\/page"}],"author":[{"embeddable":true,"href":"https:\/\/dermacentro.com.br\/index.php\/wp-json\/wp\/v2\/users\/1"}],"replies":[{"embeddable":true,"href":"https:\/\/dermacentro.com.br\/index.php\/wp-json\/wp\/v2\/comments?post=612"}],"version-history":[{"count":17,"href":"https:\/\/dermacentro.com.br\/index.php\/wp-json\/wp\/v2\/pages\/612\/revisions"}],"predecessor-version":[{"id":2482,"href":"https:\/\/dermacentro.com.br\/index.php\/wp-json\/wp\/v2\/pages\/612\/revisions\/2482"}],"up":[{"embeddable":true,"href":"https:\/\/dermacentro.com.br\/index.php\/wp-json\/wp\/v2\/pages\/95"}],"wp:attachment":[{"href":"https:\/\/dermacentro.com.br\/index.php\/wp-json\/wp\/v2\/media?parent=612"}],"curies":[{"name":"wp","href":"https:\/\/api.w.org\/{rel}","templated":true}]}}