{"id":2677,"date":"2022-09-06T10:53:40","date_gmt":"2022-09-06T13:53:40","guid":{"rendered":"https:\/\/dermacentro.com.br\/?page_id=2677"},"modified":"2022-09-06T10:54:07","modified_gmt":"2022-09-06T13:54:07","slug":"especialidades","status":"publish","type":"page","link":"https:\/\/dermacentro.com.br\/index.php\/especialidades\/","title":{"rendered":"Especialidades"},"content":{"rendered":"\t\t<div data-elementor-type=\"wp-page\" data-elementor-id=\"2677\" class=\"elementor elementor-2677\">\n\t\t\t\t\t\t<section class=\"elementor-section elementor-top-section elementor-element elementor-element-6b345e99 elementor-section-stretched elementor-section-boxed elementor-section-height-default elementor-section-height-default\" data-id=\"6b345e99\" data-element_type=\"section\" data-settings=\"{&quot;stretch_section&quot;:&quot;section-stretched&quot;}\">\n\t\t\t\t\t\t<div class=\"elementor-container elementor-column-gap-wider\">\n\t\t\t\t\t<div class=\"elementor-column elementor-col-100 elementor-top-column elementor-element elementor-element-7a034483\" data-id=\"7a034483\" data-element_type=\"column\">\n\t\t\t<div class=\"elementor-widget-wrap elementor-element-populated\">\n\t\t\t\t\t\t<section class=\"elementor-section elementor-inner-section elementor-element elementor-element-72752430 elementor-section-boxed elementor-section-height-default elementor-section-height-default\" data-id=\"72752430\" data-element_type=\"section\">\n\t\t\t\t\t\t<div class=\"elementor-container elementor-column-gap-default\">\n\t\t\t\t\t<div class=\"elementor-column elementor-col-50 elementor-inner-column elementor-element elementor-element-5d808d60\" data-id=\"5d808d60\" data-element_type=\"column\">\n\t\t\t<div class=\"elementor-widget-wrap elementor-element-populated\">\n\t\t\t\t\t\t<div class=\"elementor-element elementor-element-3bb46636 elementor-widget elementor-widget-text-editor\" data-id=\"3bb46636\" data-element_type=\"widget\" data-widget_type=\"text-editor.default\">\n\t\t\t\t<div class=\"elementor-widget-container\">\n\t\t\t<style>\/*! elementor - v3.23.0 - 05-08-2024 *\/\n.elementor-widget-text-editor.elementor-drop-cap-view-stacked .elementor-drop-cap{background-color:#69727d;color:#fff}.elementor-widget-text-editor.elementor-drop-cap-view-framed .elementor-drop-cap{color:#69727d;border:3px solid;background-color:transparent}.elementor-widget-text-editor:not(.elementor-drop-cap-view-default) .elementor-drop-cap{margin-top:8px}.elementor-widget-text-editor:not(.elementor-drop-cap-view-default) .elementor-drop-cap-letter{width:1em;height:1em}.elementor-widget-text-editor .elementor-drop-cap{float:left;text-align:center;line-height:1;font-size:50px}.elementor-widget-text-editor .elementor-drop-cap-letter{display:inline-block}<\/style>\t\t\t\t<h2>Nossas<br \/><b>Especialidades<\/b><\/h2>\t\t\t\t\t\t<\/div>\n\t\t\t\t<\/div>\n\t\t\t\t\t<\/div>\n\t\t<\/div>\n\t\t\t\t<div class=\"elementor-column elementor-col-50 elementor-inner-column elementor-element elementor-element-484680af\" data-id=\"484680af\" data-element_type=\"column\">\n\t\t\t<div class=\"elementor-widget-wrap elementor-element-populated\">\n\t\t\t\t\t\t<div class=\"elementor-element elementor-element-60819436 elementor-align-right elementor-mobile-align-center elementor-widget elementor-widget-button\" data-id=\"60819436\" data-element_type=\"widget\" data-widget_type=\"button.default\">\n\t\t\t\t<div class=\"elementor-widget-container\">\n\t\t\t\t\t<div class=\"elementor-button-wrapper\">\n\t\t\t<a class=\"elementor-button elementor-size-sm\" role=\"button\">\n\t\t\t\t\t\t<span class=\"elementor-button-content-wrapper\">\n\t\t\t\t\t\t\t\t\t<span class=\"elementor-button-text\">Veja todas as nossas especialidades<\/span>\n\t\t\t\t\t<\/span>\n\t\t\t\t\t<\/a>\n\t\t<\/div>\n\t\t\t\t<\/div>\n\t\t\t\t<\/div>\n\t\t\t\t\t<\/div>\n\t\t<\/div>\n\t\t\t\t\t<\/div>\n\t\t<\/section>\n\t\t\t\t<div class=\"elementor-element elementor-element-5ff461da elementor-widget elementor-widget-spacer\" data-id=\"5ff461da\" data-element_type=\"widget\" data-widget_type=\"spacer.default\">\n\t\t\t\t<div class=\"elementor-widget-container\">\n\t\t\t<style>\/*! elementor - v3.23.0 - 05-08-2024 *\/\n.elementor-column .elementor-spacer-inner{height:var(--spacer-size)}.e-con{--container-widget-width:100%}.e-con-inner>.elementor-widget-spacer,.e-con>.elementor-widget-spacer{width:var(--container-widget-width,var(--spacer-size));--align-self:var(--container-widget-align-self,initial);--flex-shrink:0}.e-con-inner>.elementor-widget-spacer>.elementor-widget-container,.e-con>.elementor-widget-spacer>.elementor-widget-container{height:100%;width:100%}.e-con-inner>.elementor-widget-spacer>.elementor-widget-container>.elementor-spacer,.e-con>.elementor-widget-spacer>.elementor-widget-container>.elementor-spacer{height:100%}.e-con-inner>.elementor-widget-spacer>.elementor-widget-container>.elementor-spacer>.elementor-spacer-inner,.e-con>.elementor-widget-spacer>.elementor-widget-container>.elementor-spacer>.elementor-spacer-inner{height:var(--container-widget-height,var(--spacer-size))}.e-con-inner>.elementor-widget-spacer.elementor-widget-empty,.e-con>.elementor-widget-spacer.elementor-widget-empty{position:relative;min-height:22px;min-width:22px}.e-con-inner>.elementor-widget-spacer.elementor-widget-empty .elementor-widget-empty-icon,.e-con>.elementor-widget-spacer.elementor-widget-empty .elementor-widget-empty-icon{position:absolute;top:0;bottom:0;left:0;right:0;margin:auto;padding:0;width:22px;height:22px}<\/style>\t\t<div class=\"elementor-spacer\">\n\t\t\t<div class=\"elementor-spacer-inner\"><\/div>\n\t\t<\/div>\n\t\t\t\t<\/div>\n\t\t\t\t<\/div>\n\t\t\t\t<section class=\"elementor-section elementor-inner-section elementor-element elementor-element-557bdae8 elementor-section-boxed elementor-section-height-default elementor-section-height-default\" data-id=\"557bdae8\" data-element_type=\"section\">\n\t\t\t\t\t\t<div class=\"elementor-container elementor-column-gap-default\">\n\t\t\t\t\t<div class=\"elementor-column elementor-col-33 elementor-inner-column elementor-element elementor-element-23d14346\" data-id=\"23d14346\" data-element_type=\"column\">\n\t\t\t<div class=\"elementor-widget-wrap elementor-element-populated\">\n\t\t\t\t\t\t<div class=\"elementor-element elementor-element-4000eefb elementor-position-top elementor-widget elementor-widget-image-box\" data-id=\"4000eefb\" data-element_type=\"widget\" data-widget_type=\"image-box.default\">\n\t\t\t\t<div class=\"elementor-widget-container\">\n\t\t\t<style>\/*! elementor - v3.23.0 - 05-08-2024 *\/\n.elementor-widget-image-box .elementor-image-box-content{width:100%}@media (min-width:768px){.elementor-widget-image-box.elementor-position-left .elementor-image-box-wrapper,.elementor-widget-image-box.elementor-position-right .elementor-image-box-wrapper{display:flex}.elementor-widget-image-box.elementor-position-right .elementor-image-box-wrapper{text-align:end;flex-direction:row-reverse}.elementor-widget-image-box.elementor-position-left .elementor-image-box-wrapper{text-align:start;flex-direction:row}.elementor-widget-image-box.elementor-position-top .elementor-image-box-img{margin:auto}.elementor-widget-image-box.elementor-vertical-align-top .elementor-image-box-wrapper{align-items:flex-start}.elementor-widget-image-box.elementor-vertical-align-middle .elementor-image-box-wrapper{align-items:center}.elementor-widget-image-box.elementor-vertical-align-bottom .elementor-image-box-wrapper{align-items:flex-end}}@media (max-width:767px){.elementor-widget-image-box .elementor-image-box-img{margin-left:auto!important;margin-right:auto!important;margin-bottom:15px}}.elementor-widget-image-box .elementor-image-box-img{display:inline-block}.elementor-widget-image-box .elementor-image-box-title a{color:inherit}.elementor-widget-image-box .elementor-image-box-wrapper{text-align:center}.elementor-widget-image-box .elementor-image-box-description{margin:0}<\/style><div class=\"elementor-image-box-wrapper\"><figure class=\"elementor-image-box-img\"><a href=\"https:\/\/dermacentro.com.br\/index.php\/dermatologia-clinica\/\" tabindex=\"-1\"><img fetchpriority=\"high\" width=\"1000\" height=\"668\" src=\"https:\/\/dermacentro.com.br\/wp-content\/uploads\/2022\/06\/dermatite-1.webp\" class=\"attachment-full size-full wp-image-1575\" alt=\"\" srcset=\"https:\/\/dermacentro.com.br\/wp-content\/uploads\/2022\/06\/dermatite-1.webp 1000w, https:\/\/dermacentro.com.br\/wp-content\/uploads\/2022\/06\/dermatite-1-300x200.webp 300w, https:\/\/dermacentro.com.br\/wp-content\/uploads\/2022\/06\/dermatite-1-768x513.webp 768w, https:\/\/dermacentro.com.br\/wp-content\/uploads\/2022\/06\/dermatite-1-219x146.webp 219w, https:\/\/dermacentro.com.br\/wp-content\/uploads\/2022\/06\/dermatite-1-50x33.webp 50w, https:\/\/dermacentro.com.br\/wp-content\/uploads\/2022\/06\/dermatite-1-112x75.webp 112w\" sizes=\"(max-width: 1000px) 100vw, 1000px\" \/><\/a><\/figure><div class=\"elementor-image-box-content\"><h5 class=\"elementor-image-box-title\"><a href=\"https:\/\/dermacentro.com.br\/index.php\/dermatologia-clinica\/\">Dermatologia Cl\u00ednica<\/a><\/h5><p class=\"elementor-image-box-description\"><p>A pele \u00e9 o maior \u00f3rg\u00e3o do corpo humano.\n\nEla nos separa do mundo exterior, definindo os limites da nossa individualidade.\n\n\u00c9 atrav\u00e9s da pele que nos \u201ccomunicamos\u201d com o mundo, atrav\u00e9s do toque e do tato.<\/p>\n<hr class=\"no_line\" style=\"margin: 0 auto 10px auto\"\/>\n\n<a href=\"https:\/\/dermacentro.com.br\/index.php\/dermatologia-clinica\/\"><span class=\"single_icon  themecolor\"><i style=\"font-size:25px;line-height:25px;\" class=\"fas fa-arrow-right\n\"><\/i><\/span>\n<\/a>\n<\/p><\/div><\/div>\t\t<\/div>\n\t\t\t\t<\/div>\n\t\t\t\t\t<\/div>\n\t\t<\/div>\n\t\t\t\t<div class=\"elementor-column elementor-col-33 elementor-inner-column elementor-element elementor-element-32a72c81\" data-id=\"32a72c81\" data-element_type=\"column\">\n\t\t\t<div class=\"elementor-widget-wrap elementor-element-populated\">\n\t\t\t\t\t\t<div class=\"elementor-element elementor-element-427dbe04 elementor-position-top elementor-widget elementor-widget-image-box\" data-id=\"427dbe04\" data-element_type=\"widget\" data-widget_type=\"image-box.default\">\n\t\t\t\t<div class=\"elementor-widget-container\">\n\t\t\t<div class=\"elementor-image-box-wrapper\"><figure class=\"elementor-image-box-img\"><a href=\"https:\/\/dermacentro.com.br\/index.php\/dermatologia-cirurgica\/\" tabindex=\"-1\"><img width=\"1000\" height=\"665\" src=\"https:\/\/dermacentro.com.br\/wp-content\/uploads\/2022\/06\/nevus-copiar.webp\" class=\"attachment-full size-full wp-image-1443\" alt=\"\" srcset=\"https:\/\/dermacentro.com.br\/wp-content\/uploads\/2022\/06\/nevus-copiar.webp 1000w, https:\/\/dermacentro.com.br\/wp-content\/uploads\/2022\/06\/nevus-copiar-300x200.webp 300w, https:\/\/dermacentro.com.br\/wp-content\/uploads\/2022\/06\/nevus-copiar-768x511.webp 768w, https:\/\/dermacentro.com.br\/wp-content\/uploads\/2022\/06\/nevus-copiar-220x146.webp 220w, https:\/\/dermacentro.com.br\/wp-content\/uploads\/2022\/06\/nevus-copiar-50x33.webp 50w, https:\/\/dermacentro.com.br\/wp-content\/uploads\/2022\/06\/nevus-copiar-113x75.webp 113w\" sizes=\"(max-width: 1000px) 100vw, 1000px\" \/><\/a><\/figure><div class=\"elementor-image-box-content\"><h5 class=\"elementor-image-box-title\"><a href=\"https:\/\/dermacentro.com.br\/index.php\/dermatologia-cirurgica\/\">Dermartologia Cir\u00fargica<\/a><\/h5><p class=\"elementor-image-box-description\"><p>A Cirurgia Dermatol\u00f3gica \u00e9 a \u00e1rea da Dermatologia especializada em procedimentos diagn\u00f3sticos, cir\u00fargicos, est\u00e9ticos minimamente invasivos e oncol\u00f3gicos realizados na pele e mucosas e que t\u00eam por objetivo prevenir, restaurar e manter a sa\u00fade de sua pele, cabelo ou unhas.<\/p>\n<hr class=\"no_line\" style=\"margin: 0 auto 10px auto\"\/>\n\n<a href=\"https:\/\/dermacentro.com.br\/index.php\/dermatologia-cirurgica\/\"><span class=\"single_icon  themecolor\"><i style=\"font-size:25px;line-height:25px;\" class=\"fas fa-arrow-right\n\"><\/i><\/span>\n<\/a><\/p><\/div><\/div>\t\t<\/div>\n\t\t\t\t<\/div>\n\t\t\t\t\t<\/div>\n\t\t<\/div>\n\t\t\t\t<div class=\"elementor-column elementor-col-33 elementor-inner-column elementor-element elementor-element-179401cc\" data-id=\"179401cc\" data-element_type=\"column\">\n\t\t\t<div class=\"elementor-widget-wrap elementor-element-populated\">\n\t\t\t\t\t\t<div class=\"elementor-element elementor-element-54f41883 elementor-position-top elementor-widget elementor-widget-image-box\" data-id=\"54f41883\" data-element_type=\"widget\" data-widget_type=\"image-box.default\">\n\t\t\t\t<div class=\"elementor-widget-container\">\n\t\t\t<div class=\"elementor-image-box-wrapper\"><figure class=\"elementor-image-box-img\"><a href=\"https:\/\/dermacentro.com.br\/index.php\/dermatologia-capilar\/\" tabindex=\"-1\"><img width=\"1000\" height=\"667\" src=\"https:\/\/dermacentro.com.br\/wp-content\/uploads\/2022\/06\/laser-capilar.webp\" class=\"attachment-full size-full wp-image-1323\" alt=\"\" srcset=\"https:\/\/dermacentro.com.br\/wp-content\/uploads\/2022\/06\/laser-capilar.webp 1000w, https:\/\/dermacentro.com.br\/wp-content\/uploads\/2022\/06\/laser-capilar-300x200.webp 300w, https:\/\/dermacentro.com.br\/wp-content\/uploads\/2022\/06\/laser-capilar-768x512.webp 768w, https:\/\/dermacentro.com.br\/wp-content\/uploads\/2022\/06\/laser-capilar-219x146.webp 219w, https:\/\/dermacentro.com.br\/wp-content\/uploads\/2022\/06\/laser-capilar-50x33.webp 50w, https:\/\/dermacentro.com.br\/wp-content\/uploads\/2022\/06\/laser-capilar-112x75.webp 112w\" sizes=\"(max-width: 1000px) 100vw, 1000px\" \/><\/a><\/figure><div class=\"elementor-image-box-content\"><h5 class=\"elementor-image-box-title\"><a href=\"https:\/\/dermacentro.com.br\/index.php\/dermatologia-capilar\/\">Dermartologia Capilar<\/a><\/h5><p class=\"elementor-image-box-description\"><p>O cabelo possui uma complexidade \u00edmpar. S\u00e3o diversas estruturas vivas integradas ao nosso organismo e que existem com a fun\u00e7\u00e3o de proteger certas regi\u00f5es, como o couro cabeludo contra a a\u00e7\u00e3o do frio, do calor e da luz solar. <\/p>\n<hr class=\"no_line\" style=\"margin: 0 auto 10px auto\"\/>\n\n<a href=\"https:\/\/dermacentro.com.br\/index.php\/dermatologia-capilar\/\"><span class=\"single_icon  themecolor\"><i style=\"font-size:25px;line-height:25px;\" class=\"fas fa-arrow-right\n\"><\/i><\/span>\n<\/a><\/p><\/div><\/div>\t\t<\/div>\n\t\t\t\t<\/div>\n\t\t\t\t\t<\/div>\n\t\t<\/div>\n\t\t\t\t\t<\/div>\n\t\t<\/section>\n\t\t\t\t<section class=\"elementor-section elementor-inner-section elementor-element elementor-element-4475da71 elementor-section-boxed elementor-section-height-default elementor-section-height-default\" data-id=\"4475da71\" data-element_type=\"section\">\n\t\t\t\t\t\t<div class=\"elementor-container elementor-column-gap-default\">\n\t\t\t\t\t<div class=\"elementor-column elementor-col-33 elementor-inner-column elementor-element elementor-element-617c6748\" data-id=\"617c6748\" data-element_type=\"column\">\n\t\t\t<div class=\"elementor-widget-wrap elementor-element-populated\">\n\t\t\t\t\t\t<div class=\"elementor-element elementor-element-1d2164a4 elementor-position-top elementor-widget elementor-widget-image-box\" data-id=\"1d2164a4\" data-element_type=\"widget\" data-widget_type=\"image-box.default\">\n\t\t\t\t<div class=\"elementor-widget-container\">\n\t\t\t<div class=\"elementor-image-box-wrapper\"><figure class=\"elementor-image-box-img\"><a href=\"https:\/\/dermacentro.com.br\/index.php\/dermatologia-intima\/\" tabindex=\"-1\"><img loading=\"lazy\" width=\"1000\" height=\"667\" src=\"https:\/\/dermacentro.com.br\/wp-content\/uploads\/2022\/07\/laser-intra.webp\" class=\"attachment-full size-full wp-image-1887\" alt=\"\" srcset=\"https:\/\/dermacentro.com.br\/wp-content\/uploads\/2022\/07\/laser-intra.webp 1000w, https:\/\/dermacentro.com.br\/wp-content\/uploads\/2022\/07\/laser-intra-300x200.webp 300w, https:\/\/dermacentro.com.br\/wp-content\/uploads\/2022\/07\/laser-intra-768x512.webp 768w, https:\/\/dermacentro.com.br\/wp-content\/uploads\/2022\/07\/laser-intra-219x146.webp 219w, https:\/\/dermacentro.com.br\/wp-content\/uploads\/2022\/07\/laser-intra-50x33.webp 50w, https:\/\/dermacentro.com.br\/wp-content\/uploads\/2022\/07\/laser-intra-112x75.webp 112w\" sizes=\"(max-width: 1000px) 100vw, 1000px\" \/><\/a><\/figure><div class=\"elementor-image-box-content\"><h5 class=\"elementor-image-box-title\"><a href=\"https:\/\/dermacentro.com.br\/index.php\/dermatologia-intima\/\">Dermartologia  \u00cdntitima<\/a><\/h5><p class=\"elementor-image-box-description\"><p>A busca pela juventude geralmente foca na busca de um rosto mais fresco e suave. Aqueles que s\u00e3o extremamente cuidadosos, eventualmente preocupam-se com a apar\u00eancia do pesco\u00e7o, colo e, no m\u00e1ximo, com o dorso das m\u00e3os.<\/p>\n<hr class=\"no_line\" style=\"margin: 0 auto 10px auto\"\/>\n\n<a href=\"https:\/\/dermacentro.com.br\/index.php\/dermatologia-intima\/\"><span class=\"single_icon  themecolor\"><i style=\"font-size:25px;line-height:25px;\" class=\"fas fa-arrow-right\n\"><\/i><\/span>\n<\/a>\n<\/p><\/div><\/div>\t\t<\/div>\n\t\t\t\t<\/div>\n\t\t\t\t\t<\/div>\n\t\t<\/div>\n\t\t\t\t<div class=\"elementor-column elementor-col-33 elementor-inner-column elementor-element elementor-element-519a8a0\" data-id=\"519a8a0\" data-element_type=\"column\">\n\t\t\t<div class=\"elementor-widget-wrap elementor-element-populated\">\n\t\t\t\t\t\t<div class=\"elementor-element elementor-element-622dfddb elementor-position-top elementor-widget elementor-widget-image-box\" data-id=\"622dfddb\" data-element_type=\"widget\" data-widget_type=\"image-box.default\">\n\t\t\t\t<div class=\"elementor-widget-container\">\n\t\t\t<div class=\"elementor-image-box-wrapper\"><figure class=\"elementor-image-box-img\"><a href=\"https:\/\/dermacentro.com.br\/index.php\/cirurgia-plastica\/\" tabindex=\"-1\"><img loading=\"lazy\" width=\"1000\" height=\"667\" src=\"https:\/\/dermacentro.com.br\/wp-content\/uploads\/2022\/07\/abdomi.webp\" class=\"attachment-full size-full wp-image-1926\" alt=\"\" srcset=\"https:\/\/dermacentro.com.br\/wp-content\/uploads\/2022\/07\/abdomi.webp 1000w, https:\/\/dermacentro.com.br\/wp-content\/uploads\/2022\/07\/abdomi-300x200.webp 300w, https:\/\/dermacentro.com.br\/wp-content\/uploads\/2022\/07\/abdomi-768x512.webp 768w, https:\/\/dermacentro.com.br\/wp-content\/uploads\/2022\/07\/abdomi-219x146.webp 219w, https:\/\/dermacentro.com.br\/wp-content\/uploads\/2022\/07\/abdomi-50x33.webp 50w, https:\/\/dermacentro.com.br\/wp-content\/uploads\/2022\/07\/abdomi-112x75.webp 112w\" sizes=\"(max-width: 1000px) 100vw, 1000px\" \/><\/a><\/figure><div class=\"elementor-image-box-content\"><h5 class=\"elementor-image-box-title\"><a href=\"https:\/\/dermacentro.com.br\/index.php\/cirurgia-plastica\/\">Cirurgia Pl\u00e1stica<\/a><\/h5><p class=\"elementor-image-box-description\"><p>A Cirurgia Pl\u00e1stica \u00e9 uma especialidade m\u00e9dica cir\u00fargica que envolve a restaura\u00e7\u00e3o, reconstru\u00e7\u00e3o ou altera\u00e7\u00e3o do corpo humano. Ela pode ser dividida em duas categorias principais: cirurgia reconstrutiva e cirurgia est\u00e9tica. <\/p>\n<hr class=\"no_line\" style=\"margin: 0 auto 10px auto\"\/>\n\n<a href=\"https:\/\/dermacentro.com.br\/index.php\/cirurgia-plastica\/\"><span class=\"single_icon  themecolor\"><i style=\"font-size:25px;line-height:25px;\" class=\"fas fa-arrow-right\n\"><\/i><\/span>\n<\/a><\/p><\/div><\/div>\t\t<\/div>\n\t\t\t\t<\/div>\n\t\t\t\t\t<\/div>\n\t\t<\/div>\n\t\t\t\t<div class=\"elementor-column elementor-col-33 elementor-inner-column elementor-element elementor-element-448b7ac6\" data-id=\"448b7ac6\" data-element_type=\"column\">\n\t\t\t<div class=\"elementor-widget-wrap elementor-element-populated\">\n\t\t\t\t\t\t<div class=\"elementor-element elementor-element-bac4df4 elementor-position-top elementor-widget elementor-widget-image-box\" data-id=\"bac4df4\" data-element_type=\"widget\" data-widget_type=\"image-box.default\">\n\t\t\t\t<div class=\"elementor-widget-container\">\n\t\t\t<div class=\"elementor-image-box-wrapper\"><figure class=\"elementor-image-box-img\"><a href=\"https:\/\/dermacentro.com.br\/index.php\/dermacentro-estetica\/\" tabindex=\"-1\"><img loading=\"lazy\" width=\"1000\" height=\"667\" src=\"https:\/\/dermacentro.com.br\/wp-content\/uploads\/2022\/07\/limpeza-de-pele-copiar.webp\" class=\"attachment-full size-full wp-image-1994\" alt=\"\" srcset=\"https:\/\/dermacentro.com.br\/wp-content\/uploads\/2022\/07\/limpeza-de-pele-copiar.webp 1000w, https:\/\/dermacentro.com.br\/wp-content\/uploads\/2022\/07\/limpeza-de-pele-copiar-300x200.webp 300w, https:\/\/dermacentro.com.br\/wp-content\/uploads\/2022\/07\/limpeza-de-pele-copiar-768x512.webp 768w, https:\/\/dermacentro.com.br\/wp-content\/uploads\/2022\/07\/limpeza-de-pele-copiar-219x146.webp 219w, https:\/\/dermacentro.com.br\/wp-content\/uploads\/2022\/07\/limpeza-de-pele-copiar-50x33.webp 50w, https:\/\/dermacentro.com.br\/wp-content\/uploads\/2022\/07\/limpeza-de-pele-copiar-112x75.webp 112w\" sizes=\"(max-width: 1000px) 100vw, 1000px\" \/><\/a><\/figure><div class=\"elementor-image-box-content\"><h5 class=\"elementor-image-box-title\"><a href=\"https:\/\/dermacentro.com.br\/index.php\/dermacentro-estetica\/\">Est\u00e9tica <\/a><\/h5><p class=\"elementor-image-box-description\"><p>Voc\u00ea j\u00e1 parou para pensar no que faz uma pessoa ser bela?\n\nNosso time de Fisioterapeutas e Esteticistas promovem a beleza e o bem-estar dos nossos pacientes utilizando t\u00e9cnicas e tecnologias em procedimentos no rosto, cabelo e no corpo. <\/p>\n<hr class=\"no_line\" style=\"margin: 0 auto 10px auto\"\/>\n\n<a href=\"https:\/\/dermacentro.com.br\/index.php\/dermacentro-estetica\/\"><span class=\"single_icon  themecolor\"><i style=\"font-size:25px;line-height:25px;\" class=\"fas fa-arrow-right\n\"><\/i><\/span>\n<\/a><\/p><\/div><\/div>\t\t<\/div>\n\t\t\t\t<\/div>\n\t\t\t\t\t<\/div>\n\t\t<\/div>\n\t\t\t\t\t<\/div>\n\t\t<\/section>\n\t\t\t\t\t<\/div>\n\t\t<\/div>\n\t\t\t\t\t<\/div>\n\t\t<\/section>\n\t\t\t\t<\/div>\n\t\t","protected":false},"excerpt":{"rendered":"<p>NossasEspecialidades Veja todas as nossas especialidades Dermatologia Cl\u00ednica A pele \u00e9 o maior \u00f3rg\u00e3o do corpo humano. Ela nos separa do mundo exterior, definindo os limites<span class=\"excerpt-hellip\"> [\u2026]<\/span><\/p>\n","protected":false},"author":1,"featured_media":0,"parent":0,"menu_order":0,"comment_status":"closed","ping_status":"closed","template":"","meta":{"_joinchat":[]},"_links":{"self":[{"href":"https:\/\/dermacentro.com.br\/index.php\/wp-json\/wp\/v2\/pages\/2677"}],"collection":[{"href":"https:\/\/dermacentro.com.br\/index.php\/wp-json\/wp\/v2\/pages"}],"about":[{"href":"https:\/\/dermacentro.com.br\/index.php\/wp-json\/wp\/v2\/types\/page"}],"author":[{"embeddable":true,"href":"https:\/\/dermacentro.com.br\/index.php\/wp-json\/wp\/v2\/users\/1"}],"replies":[{"embeddable":true,"href":"https:\/\/dermacentro.com.br\/index.php\/wp-json\/wp\/v2\/comments?post=2677"}],"version-history":[{"count":4,"href":"https:\/\/dermacentro.com.br\/index.php\/wp-json\/wp\/v2\/pages\/2677\/revisions"}],"predecessor-version":[{"id":2682,"href":"https:\/\/dermacentro.com.br\/index.php\/wp-json\/wp\/v2\/pages\/2677\/revisions\/2682"}],"wp:attachment":[{"href":"https:\/\/dermacentro.com.br\/index.php\/wp-json\/wp\/v2\/media?parent=2677"}],"curies":[{"name":"wp","href":"https:\/\/api.w.org\/{rel}","templated":true}]}}