{"id":1808,"date":"2022-07-19T21:53:21","date_gmt":"2022-07-20T00:53:21","guid":{"rendered":"http:\/\/dermacentro.com.br\/?page_id=1808"},"modified":"2022-07-21T10:26:22","modified_gmt":"2022-07-21T13:26:22","slug":"cirurgia-de-face-ritidoplastia","status":"publish","type":"page","link":"https:\/\/dermacentro.com.br\/index.php\/cirurgia-plastica\/cirurgia-de-face-ritidoplastia\/","title":{"rendered":"Cirurgia de Face \u2013 Ritidoplastia"},"content":{"rendered":"\t\t<div data-elementor-type=\"wp-page\" data-elementor-id=\"1808\" class=\"elementor elementor-1808\">\n\t\t\t\t\t\t<section class=\"elementor-section elementor-top-section elementor-element elementor-element-0c5fb4f elementor-section-stretched elementor-section-boxed elementor-section-height-default elementor-section-height-default\" data-id=\"0c5fb4f\" data-element_type=\"section\" data-settings=\"{&quot;stretch_section&quot;:&quot;section-stretched&quot;,&quot;background_background&quot;:&quot;classic&quot;}\">\n\t\t\t\t\t\t\t<div class=\"elementor-background-overlay\"><\/div>\n\t\t\t\t\t\t\t<div class=\"elementor-container elementor-column-gap-default\">\n\t\t\t\t\t<div class=\"elementor-column elementor-col-100 elementor-top-column elementor-element elementor-element-b33aa50\" data-id=\"b33aa50\" data-element_type=\"column\">\n\t\t\t<div class=\"elementor-widget-wrap elementor-element-populated\">\n\t\t\t\t\t\t\t<\/div>\n\t\t<\/div>\n\t\t\t\t\t<\/div>\n\t\t<\/section>\n\t\t\t\t<section class=\"elementor-section elementor-top-section elementor-element elementor-element-3e41c4a elementor-section-stretched elementor-section-boxed elementor-section-height-default elementor-section-height-default\" data-id=\"3e41c4a\" data-element_type=\"section\" data-settings=\"{&quot;stretch_section&quot;:&quot;section-stretched&quot;,&quot;background_background&quot;:&quot;classic&quot;}\">\n\t\t\t\t\t\t<div class=\"elementor-container elementor-column-gap-wider\">\n\t\t\t\t\t<div class=\"elementor-column elementor-col-100 elementor-top-column elementor-element elementor-element-b382ebe\" data-id=\"b382ebe\" data-element_type=\"column\">\n\t\t\t<div class=\"elementor-widget-wrap elementor-element-populated\">\n\t\t\t\t\t\t<section class=\"elementor-section elementor-inner-section elementor-element elementor-element-a05f91a elementor-section-boxed elementor-section-height-default elementor-section-height-default\" data-id=\"a05f91a\" data-element_type=\"section\">\n\t\t\t\t\t\t<div class=\"elementor-container elementor-column-gap-default\">\n\t\t\t\t\t<div class=\"elementor-column elementor-col-50 elementor-inner-column elementor-element elementor-element-530dd7b\" data-id=\"530dd7b\" data-element_type=\"column\">\n\t\t\t<div class=\"elementor-widget-wrap elementor-element-populated\">\n\t\t\t\t\t\t<div class=\"elementor-element elementor-element-4d5caeb elementor-widget elementor-widget-image\" data-id=\"4d5caeb\" data-element_type=\"widget\" data-widget_type=\"image.default\">\n\t\t\t\t<div class=\"elementor-widget-container\">\n\t\t\t<style>\/*! elementor - v3.23.0 - 05-08-2024 *\/\n.elementor-widget-image{text-align:center}.elementor-widget-image a{display:inline-block}.elementor-widget-image a img[src$=\".svg\"]{width:48px}.elementor-widget-image img{vertical-align:middle;display:inline-block}<\/style>\t\t\t\t\t\t\t\t\t\t<img fetchpriority=\"high\" width=\"780\" height=\"1135\" src=\"https:\/\/dermacentro.com.br\/wp-content\/uploads\/2022\/07\/ritido.webp\" class=\"attachment-full size-full wp-image-1948\" alt=\"\" srcset=\"https:\/\/dermacentro.com.br\/wp-content\/uploads\/2022\/07\/ritido.webp 780w, https:\/\/dermacentro.com.br\/wp-content\/uploads\/2022\/07\/ritido-206x300.webp 206w, https:\/\/dermacentro.com.br\/wp-content\/uploads\/2022\/07\/ritido-704x1024.webp 704w, https:\/\/dermacentro.com.br\/wp-content\/uploads\/2022\/07\/ritido-768x1118.webp 768w, https:\/\/dermacentro.com.br\/wp-content\/uploads\/2022\/07\/ritido-100x146.webp 100w, https:\/\/dermacentro.com.br\/wp-content\/uploads\/2022\/07\/ritido-34x50.webp 34w, https:\/\/dermacentro.com.br\/wp-content\/uploads\/2022\/07\/ritido-52x75.webp 52w\" sizes=\"(max-width: 780px) 100vw, 780px\" \/>\t\t\t\t\t\t\t\t\t\t\t\t\t<\/div>\n\t\t\t\t<\/div>\n\t\t\t\t\t<\/div>\n\t\t<\/div>\n\t\t\t\t<div class=\"elementor-column elementor-col-50 elementor-inner-column elementor-element elementor-element-8599277\" data-id=\"8599277\" data-element_type=\"column\">\n\t\t\t<div class=\"elementor-widget-wrap elementor-element-populated\">\n\t\t\t\t\t\t<div class=\"elementor-element elementor-element-d53fc86 elementor-widget elementor-widget-text-editor\" data-id=\"d53fc86\" data-element_type=\"widget\" data-widget_type=\"text-editor.default\">\n\t\t\t\t<div class=\"elementor-widget-container\">\n\t\t\t<style>\/*! elementor - v3.23.0 - 05-08-2024 *\/\n.elementor-widget-text-editor.elementor-drop-cap-view-stacked .elementor-drop-cap{background-color:#69727d;color:#fff}.elementor-widget-text-editor.elementor-drop-cap-view-framed .elementor-drop-cap{color:#69727d;border:3px solid;background-color:transparent}.elementor-widget-text-editor:not(.elementor-drop-cap-view-default) .elementor-drop-cap{margin-top:8px}.elementor-widget-text-editor:not(.elementor-drop-cap-view-default) .elementor-drop-cap-letter{width:1em;height:1em}.elementor-widget-text-editor .elementor-drop-cap{float:left;text-align:center;line-height:1;font-size:50px}.elementor-widget-text-editor .elementor-drop-cap-letter{display:inline-block}<\/style>\t\t\t\t<h3><span style=\"color: #ffffff;\">O que \u00e9?<\/span><\/h3>\t\t\t\t\t\t<\/div>\n\t\t\t\t<\/div>\n\t\t\t\t<div class=\"elementor-element elementor-element-d870478 elementor-widget elementor-widget-text-editor\" data-id=\"d870478\" data-element_type=\"widget\" data-widget_type=\"text-editor.default\">\n\t\t\t\t<div class=\"elementor-widget-container\">\n\t\t\t\t\t\t\t<p><span style=\"color: #ffffff;\">As rugas e a flacidez s\u00e3o uma consequ\u00eancia inevit\u00e1vel da idade. A cirurgia, tamb\u00e9m conhecia por Ritidectomia, Ritidoplastia ou Lifting Facial tem por objetivo minimizar simultaneamente as rugas e a flacidez da pele da face e do pesco\u00e7o, devolvendo para o paciente uma apar\u00eancia mais jovial.Com o progredir da idade, a pele vai perdendo sua elasticidade e turgor, o que se traduz por flacidez facial com perda do contorno e o aparecimento de rugas. A musculatura tamb\u00e9m perde t\u00f4nus com o decorrer da idade levando ao aparecimento de \u201cvincos\u201d ao redor dos l\u00e1bios, queda da \u201cma\u00e7\u00e3 do rosto\u201d e queda do superc\u00edlios.<\/span><\/p><p><span style=\"color: #ffffff;\">S\u00e3o todas estas altera\u00e7\u00f5es juntas que representam o envelhecimento.<\/span><br \/><span style=\"color: #ffffff;\">O lifting facial tem como objetivo reverter parcialmente este processo, reposicionando a musculatura e retirando os excessos de pele, sem modificar os tra\u00e7os e express\u00f5es do paciente.<\/span><\/p><p><span style=\"color: #ffffff;\">Associado a outros procedimentos como peelings, preenchimentos, toxina botul\u00ednica e aparelhos de tecnologia, devolve ao rosto um aspecto mais jovial e harm\u00f4nico, mantendo a apar\u00eancia extremamente natural.<\/span><\/p>\t\t\t\t\t\t<\/div>\n\t\t\t\t<\/div>\n\t\t\t\t<div class=\"elementor-element elementor-element-b91021b elementor-widget elementor-widget-spacer\" data-id=\"b91021b\" data-element_type=\"widget\" data-widget_type=\"spacer.default\">\n\t\t\t\t<div class=\"elementor-widget-container\">\n\t\t\t<style>\/*! elementor - v3.23.0 - 05-08-2024 *\/\n.elementor-column .elementor-spacer-inner{height:var(--spacer-size)}.e-con{--container-widget-width:100%}.e-con-inner>.elementor-widget-spacer,.e-con>.elementor-widget-spacer{width:var(--container-widget-width,var(--spacer-size));--align-self:var(--container-widget-align-self,initial);--flex-shrink:0}.e-con-inner>.elementor-widget-spacer>.elementor-widget-container,.e-con>.elementor-widget-spacer>.elementor-widget-container{height:100%;width:100%}.e-con-inner>.elementor-widget-spacer>.elementor-widget-container>.elementor-spacer,.e-con>.elementor-widget-spacer>.elementor-widget-container>.elementor-spacer{height:100%}.e-con-inner>.elementor-widget-spacer>.elementor-widget-container>.elementor-spacer>.elementor-spacer-inner,.e-con>.elementor-widget-spacer>.elementor-widget-container>.elementor-spacer>.elementor-spacer-inner{height:var(--container-widget-height,var(--spacer-size))}.e-con-inner>.elementor-widget-spacer.elementor-widget-empty,.e-con>.elementor-widget-spacer.elementor-widget-empty{position:relative;min-height:22px;min-width:22px}.e-con-inner>.elementor-widget-spacer.elementor-widget-empty .elementor-widget-empty-icon,.e-con>.elementor-widget-spacer.elementor-widget-empty .elementor-widget-empty-icon{position:absolute;top:0;bottom:0;left:0;right:0;margin:auto;padding:0;width:22px;height:22px}<\/style>\t\t<div class=\"elementor-spacer\">\n\t\t\t<div class=\"elementor-spacer-inner\"><\/div>\n\t\t<\/div>\n\t\t\t\t<\/div>\n\t\t\t\t<\/div>\n\t\t\t\t\t<\/div>\n\t\t<\/div>\n\t\t\t\t\t<\/div>\n\t\t<\/section>\n\t\t\t\t\t<\/div>\n\t\t<\/div>\n\t\t\t\t\t<\/div>\n\t\t<\/section>\n\t\t\t\t<section class=\"elementor-section elementor-top-section elementor-element elementor-element-23c64f6 elementor-section-stretched elementor-section-boxed elementor-section-height-default elementor-section-height-default\" data-id=\"23c64f6\" data-element_type=\"section\" data-settings=\"{&quot;stretch_section&quot;:&quot;section-stretched&quot;,&quot;background_background&quot;:&quot;classic&quot;}\">\n\t\t\t\t\t\t<div class=\"elementor-container elementor-column-gap-wider\">\n\t\t\t\t\t<div class=\"elementor-column elementor-col-100 elementor-top-column elementor-element elementor-element-536a83c\" data-id=\"536a83c\" data-element_type=\"column\">\n\t\t\t<div class=\"elementor-widget-wrap elementor-element-populated\">\n\t\t\t\t\t\t<section class=\"elementor-section elementor-inner-section elementor-element elementor-element-3a3b428 elementor-section-boxed elementor-section-height-default elementor-section-height-default\" data-id=\"3a3b428\" data-element_type=\"section\">\n\t\t\t\t\t\t<div class=\"elementor-container elementor-column-gap-default\">\n\t\t\t\t\t<div class=\"elementor-column elementor-col-100 elementor-inner-column elementor-element elementor-element-d665486\" data-id=\"d665486\" data-element_type=\"column\">\n\t\t\t<div class=\"elementor-widget-wrap elementor-element-populated\">\n\t\t\t\t\t\t<div class=\"elementor-element elementor-element-a8cfcb5 elementor-widget elementor-widget-text-editor\" data-id=\"a8cfcb5\" data-element_type=\"widget\" data-widget_type=\"text-editor.default\">\n\t\t\t\t<div class=\"elementor-widget-container\">\n\t\t\t\t\t\t\t<h4 style=\"text-align: left;\">Como \u00e9 a Anestesia?\u00a0<\/h4><p style=\"text-align: left;\">Pode ser geral ou local com seda\u00e7\u00e3o.<\/p><p>\u00a0<\/p><h4 style=\"text-align: left;\">Como \u00e9 a cirurgia?<\/h4><p style=\"text-align: left;\">\u00c9 uma cirurgia de m\u00e9dio porte. Na maioria dos casos, o per\u00edodo de interna\u00e7\u00e3o no hospital n\u00e3o costuma ser superior a 24 horas.<br \/><br \/><\/p><h4 style=\"text-align: left;\">Como \u00e9 o p\u00f3s-operat\u00f3rio?\u00a0<\/h4><p style=\"text-align: left;\">O curativo compressivo e dreno s\u00e3o retirados em 24 horas.<br \/><br \/><\/p><p style=\"text-align: left;\">\u00c9 esperada a ocorr\u00eancia de edema (incha\u00e7o) e equimose (roxid\u00e3o), os quais geralmente regridem em at\u00e9 21 dias.<br \/><br \/><\/p><p style=\"text-align: left;\">A recupera\u00e7\u00e3o \u00e9 indolor. A sensibilidade da pele na \u00e1rea operada fica reduzida por um certo per\u00edodo, ocorrendo recupera\u00e7\u00e3o total com o passar do tempo.<br \/><br \/><\/p><p style=\"text-align: left;\">Deve-se evitar exposi\u00e7\u00e3o solar por 30 dias no m\u00ednimo, sendo importante o uso de bloqueadores solares ininterruptamente por at\u00e9 6 meses ap\u00f3s a cirurgia.<br \/><br \/><\/p><h4 style=\"text-align: left;\">Onde ficam as cicatrizes?\u00a0<\/h4><p style=\"text-align: left;\">Geralmente, s\u00e3o pouco vis\u00edveis, pois ficam localizadas em sulcos, pregas ou em um angulo bem selecionado dentro do couro cabeludo.<br \/>\u00c9 poss\u00edvel prever os resultados? A flacidez cut\u00e2nea e as rugas praticamente desaparecem com esta cirurgia.<\/p>\t\t\t\t\t\t<\/div>\n\t\t\t\t<\/div>\n\t\t\t\t\t<\/div>\n\t\t<\/div>\n\t\t\t\t\t<\/div>\n\t\t<\/section>\n\t\t\t\t\t<\/div>\n\t\t<\/div>\n\t\t\t\t\t<\/div>\n\t\t<\/section>\n\t\t\t\t<section class=\"elementor-section elementor-top-section elementor-element elementor-element-1e396e2 elementor-section-stretched elementor-section-boxed elementor-section-height-default elementor-section-height-default\" data-id=\"1e396e2\" data-element_type=\"section\" data-settings=\"{&quot;stretch_section&quot;:&quot;section-stretched&quot;,&quot;background_background&quot;:&quot;classic&quot;}\">\n\t\t\t\t\t\t<div class=\"elementor-container elementor-column-gap-wider\">\n\t\t\t\t\t<div class=\"elementor-column elementor-col-100 elementor-top-column elementor-element elementor-element-c87c65b\" data-id=\"c87c65b\" data-element_type=\"column\">\n\t\t\t<div class=\"elementor-widget-wrap elementor-element-populated\">\n\t\t\t\t\t\t<div class=\"elementor-element elementor-element-cf07036 elementor-widget elementor-widget-text-editor\" data-id=\"cf07036\" data-element_type=\"widget\" data-widget_type=\"text-editor.default\">\n\t\t\t\t<div class=\"elementor-widget-container\">\n\t\t\t\t\t\t\t<h4><span style=\"color: #ffffff;\">Os resultados s\u00e3o duradouros?\u00a0<\/span><\/h4><p><span style=\"color: #ffffff;\">O resultado final \u00e9 alcan\u00e7ado ap\u00f3s 6 meses, pois este \u00e9 o tempo que o corpo leva para completar o processo de cicatriza\u00e7\u00e3o. Somente ap\u00f3s este per\u00edodo o Cirurgi\u00e3o Pl\u00e1stico considerar\u00e1 os resultados finais.<\/span><\/p><p><span style=\"color: #ffffff;\">A dura\u00e7\u00e3o do resultado obtido \u00e9 permanente; o que n\u00e3o significa dizer que o indiv\u00edduo n\u00e3o vai continuar a envelhecer. Com o passar do tempo, o processo de degenera\u00e7\u00e3o do col\u00e1geno persistir\u00e1, podendo acarretar mais flacidez \u00e0 pele, inclusive \u00e0quela j\u00e1 operada. Portanto, s\u00e3o indispens\u00e1veis os cuidados di\u00e1rios de manuten\u00e7\u00e3o da pele bem como os tratamentos de suporte para manter a qualidade da pele. A indica\u00e7\u00e3o, bem como o melhor momento para a realiza\u00e7\u00e3o deste procedimento devem ser discutidos com o seu Cirurgi\u00e3o Pl\u00e1stico.<\/span><\/p><h4><span style=\"color: #ffffff;\">\u00c9 poss\u00edvel ocorrer complica\u00e7\u00f5es?\u00a0<\/span><\/h4><p><span style=\"color: #ffffff;\">Por tratar-se de um procedimento cir\u00fargico existe chance de problemas, apesar de serem extremamente raros. <\/span><\/p><p><span style=\"color: #ffffff;\">Investiga\u00e7\u00e3o e preparo pr\u00e9-operat\u00f3rio adequados, bem como observ\u00e2ncia \u00e0s orienta\u00e7\u00f5es p\u00f3s-operat\u00f3rias s\u00e3o fundamentais para evit\u00e1-las.<\/span><\/p>\t\t\t\t\t\t<\/div>\n\t\t\t\t<\/div>\n\t\t\t\t\t<\/div>\n\t\t<\/div>\n\t\t\t\t\t<\/div>\n\t\t<\/section>\n\t\t\t\t<section class=\"elementor-section elementor-top-section elementor-element elementor-element-1e1d461 elementor-section-stretched elementor-section-boxed elementor-section-height-default elementor-section-height-default\" data-id=\"1e1d461\" data-element_type=\"section\" data-settings=\"{&quot;stretch_section&quot;:&quot;section-stretched&quot;}\">\n\t\t\t\t\t\t<div class=\"elementor-container elementor-column-gap-wider\">\n\t\t\t\t\t<div class=\"elementor-column elementor-col-100 elementor-top-column elementor-element elementor-element-98eea6e\" data-id=\"98eea6e\" data-element_type=\"column\">\n\t\t\t<div class=\"elementor-widget-wrap elementor-element-populated\">\n\t\t\t\t\t\t<section class=\"elementor-section elementor-inner-section elementor-element elementor-element-8caea67 elementor-section-boxed elementor-section-height-default elementor-section-height-default\" data-id=\"8caea67\" data-element_type=\"section\" data-settings=\"{&quot;background_background&quot;:&quot;classic&quot;}\">\n\t\t\t\t\t\t<div class=\"elementor-container elementor-column-gap-default\">\n\t\t\t\t\t<div class=\"elementor-column elementor-col-100 elementor-inner-column elementor-element elementor-element-7cbc67d\" data-id=\"7cbc67d\" data-element_type=\"column\" data-settings=\"{&quot;background_background&quot;:&quot;classic&quot;}\">\n\t\t\t<div class=\"elementor-widget-wrap elementor-element-populated\">\n\t\t\t\t\t\t<div class=\"elementor-element elementor-element-aa9989b elementor-widget elementor-widget-text-editor\" data-id=\"aa9989b\" data-element_type=\"widget\" data-widget_type=\"text-editor.default\">\n\t\t\t\t<div class=\"elementor-widget-container\">\n\t\t\t\t\t\t\t<h2><b>Contato<\/b><\/h2><div><b>Entre em contato conosco para tirar uma d\u00favida ou agendar uma consulta.<\/b><\/div>\t\t\t\t\t\t<\/div>\n\t\t\t\t<\/div>\n\t\t\t\t<div class=\"elementor-element elementor-element-d89342c elementor-widget elementor-widget-spacer\" data-id=\"d89342c\" data-element_type=\"widget\" data-widget_type=\"spacer.default\">\n\t\t\t\t<div class=\"elementor-widget-container\">\n\t\t\t\t\t<div class=\"elementor-spacer\">\n\t\t\t<div class=\"elementor-spacer-inner\"><\/div>\n\t\t<\/div>\n\t\t\t\t<\/div>\n\t\t\t\t<\/div>\n\t\t\t\t<div class=\"elementor-element elementor-element-8c37a5d elementor-widget elementor-widget-shortcode\" data-id=\"8c37a5d\" data-element_type=\"widget\" data-widget_type=\"shortcode.default\">\n\t\t\t\t<div class=\"elementor-widget-container\">\n\t\t\t\t\t<div class=\"elementor-shortcode\">\n<div class=\"wpcf7 no-js\" id=\"wpcf7-f112-o1\" lang=\"en-US\" dir=\"ltr\">\n<div class=\"screen-reader-response\"><p role=\"status\" aria-live=\"polite\" aria-atomic=\"true\"><\/p> <ul><\/ul><\/div>\n<form action=\"\/index.php\/wp-json\/wp\/v2\/pages\/1808#wpcf7-f112-o1\" method=\"post\" class=\"wpcf7-form init\" aria-label=\"Contact form\" novalidate=\"novalidate\" data-status=\"init\">\n<div style=\"display: none;\">\n<input type=\"hidden\" name=\"_wpcf7\" value=\"112\" \/>\n<input type=\"hidden\" name=\"_wpcf7_version\" value=\"5.7.7\" \/>\n<input type=\"hidden\" name=\"_wpcf7_locale\" value=\"en_US\" \/>\n<input type=\"hidden\" name=\"_wpcf7_unit_tag\" value=\"wpcf7-f112-o1\" \/>\n<input type=\"hidden\" name=\"_wpcf7_container_post\" value=\"0\" \/>\n<input type=\"hidden\" name=\"_wpcf7_posted_data_hash\" value=\"\" \/>\n<\/div>\n<div class=\"column one-second\">\n\t<p><span class=\"wpcf7-form-control-wrap\" data-name=\"your-name\"><input size=\"40\" class=\"wpcf7-form-control wpcf7-text wpcf7-validates-as-required\" aria-required=\"true\" aria-invalid=\"false\" placeholder=\"Nome\" value=\"\" type=\"text\" name=\"your-name\" \/><\/span>\n\t<\/p>\n<\/div>\n<div class=\"column one-second\">\n\t<p><span class=\"wpcf7-form-control-wrap\" data-name=\"your-phone\"><input size=\"40\" class=\"wpcf7-form-control wpcf7-text wpcf7-tel wpcf7-validates-as-tel\" aria-invalid=\"false\" placeholder=\"Telefone\" value=\"\" type=\"tel\" name=\"your-phone\" \/><\/span>\n\t<\/p>\n<\/div>\n<div class=\"column one\">\n\t<p><span class=\"wpcf7-form-control-wrap\" data-name=\"E-mail\"><input size=\"40\" class=\"wpcf7-form-control wpcf7-text wpcf7-email wpcf7-validates-as-required wpcf7-validates-as-email\" aria-required=\"true\" aria-invalid=\"false\" placeholder=\"E-mail\" value=\"\" type=\"email\" name=\"E-mail\" \/><\/span>\n\t<\/p>\n<\/div>\n<div class=\"column one\">\n\t<p><span class=\"wpcf7-form-control-wrap\" data-name=\"your-message\"><textarea cols=\"40\" rows=\"1\" class=\"wpcf7-form-control wpcf7-textarea\" aria-invalid=\"false\" placeholder=\"Mensagem\" name=\"your-message\"><\/textarea><\/span>\n\t<\/p>\n<\/div>\n<div class=\"column one\" style=\"text-align: center;\">\n\t<p><input class=\"wpcf7-form-control has-spinner wpcf7-submit\" type=\"submit\" value=\"Enviar Mensagem\" \/>\n\t<\/p>\n<\/div><div class=\"wpcf7-response-output\" aria-hidden=\"true\"><\/div>\n<\/form>\n<\/div>\n<\/div>\n\t\t\t\t<\/div>\n\t\t\t\t<\/div>\n\t\t\t\t\t<\/div>\n\t\t<\/div>\n\t\t\t\t\t<\/div>\n\t\t<\/section>\n\t\t\t\t\t<\/div>\n\t\t<\/div>\n\t\t\t\t\t<\/div>\n\t\t<\/section>\n\t\t\t\t<\/div>\n\t\t","protected":false},"excerpt":{"rendered":"<p>O que \u00e9? As rugas e a flacidez s\u00e3o uma consequ\u00eancia inevit\u00e1vel da idade. A cirurgia, tamb\u00e9m conhecia por Ritidectomia, Ritidoplastia ou Lifting Facial tem por<span class=\"excerpt-hellip\"> [\u2026]<\/span><\/p>\n","protected":false},"author":1,"featured_media":0,"parent":1778,"menu_order":0,"comment_status":"closed","ping_status":"closed","template":"","meta":{"_joinchat":[]},"_links":{"self":[{"href":"https:\/\/dermacentro.com.br\/index.php\/wp-json\/wp\/v2\/pages\/1808"}],"collection":[{"href":"https:\/\/dermacentro.com.br\/index.php\/wp-json\/wp\/v2\/pages"}],"about":[{"href":"https:\/\/dermacentro.com.br\/index.php\/wp-json\/wp\/v2\/types\/page"}],"author":[{"embeddable":true,"href":"https:\/\/dermacentro.com.br\/index.php\/wp-json\/wp\/v2\/users\/1"}],"replies":[{"embeddable":true,"href":"https:\/\/dermacentro.com.br\/index.php\/wp-json\/wp\/v2\/comments?post=1808"}],"version-history":[{"count":7,"href":"https:\/\/dermacentro.com.br\/index.php\/wp-json\/wp\/v2\/pages\/1808\/revisions"}],"predecessor-version":[{"id":1951,"href":"https:\/\/dermacentro.com.br\/index.php\/wp-json\/wp\/v2\/pages\/1808\/revisions\/1951"}],"up":[{"embeddable":true,"href":"https:\/\/dermacentro.com.br\/index.php\/wp-json\/wp\/v2\/pages\/1778"}],"wp:attachment":[{"href":"https:\/\/dermacentro.com.br\/index.php\/wp-json\/wp\/v2\/media?parent=1808"}],"curies":[{"name":"wp","href":"https:\/\/api.w.org\/{rel}","templated":true}]}}