{"id":1798,"date":"2022-07-19T21:33:43","date_gmt":"2022-07-20T00:33:43","guid":{"rendered":"http:\/\/dermacentro.com.br\/?page_id=1798"},"modified":"2022-07-21T10:25:47","modified_gmt":"2022-07-21T13:25:47","slug":"cirurgia-das-mamas","status":"publish","type":"page","link":"https:\/\/dermacentro.com.br\/index.php\/cirurgia-plastica\/cirurgia-das-mamas\/","title":{"rendered":"Cirurgia das Mamas"},"content":{"rendered":"\t\t<div data-elementor-type=\"wp-page\" data-elementor-id=\"1798\" class=\"elementor elementor-1798\">\n\t\t\t\t\t\t<section class=\"elementor-section elementor-top-section elementor-element elementor-element-0c5fb4f elementor-section-stretched elementor-section-boxed elementor-section-height-default elementor-section-height-default\" data-id=\"0c5fb4f\" data-element_type=\"section\" data-settings=\"{&quot;stretch_section&quot;:&quot;section-stretched&quot;,&quot;background_background&quot;:&quot;classic&quot;}\">\n\t\t\t\t\t\t\t<div class=\"elementor-background-overlay\"><\/div>\n\t\t\t\t\t\t\t<div class=\"elementor-container elementor-column-gap-default\">\n\t\t\t\t\t<div class=\"elementor-column elementor-col-100 elementor-top-column elementor-element elementor-element-b33aa50\" data-id=\"b33aa50\" data-element_type=\"column\">\n\t\t\t<div class=\"elementor-widget-wrap elementor-element-populated\">\n\t\t\t\t\t\t\t<\/div>\n\t\t<\/div>\n\t\t\t\t\t<\/div>\n\t\t<\/section>\n\t\t\t\t<section class=\"elementor-section elementor-top-section elementor-element elementor-element-3e41c4a elementor-section-stretched elementor-section-boxed elementor-section-height-default elementor-section-height-default\" data-id=\"3e41c4a\" data-element_type=\"section\" data-settings=\"{&quot;stretch_section&quot;:&quot;section-stretched&quot;,&quot;background_background&quot;:&quot;classic&quot;}\">\n\t\t\t\t\t\t<div class=\"elementor-container elementor-column-gap-wider\">\n\t\t\t\t\t<div class=\"elementor-column elementor-col-100 elementor-top-column elementor-element elementor-element-b382ebe\" data-id=\"b382ebe\" data-element_type=\"column\">\n\t\t\t<div class=\"elementor-widget-wrap elementor-element-populated\">\n\t\t\t\t\t\t<section class=\"elementor-section elementor-inner-section elementor-element elementor-element-a05f91a elementor-section-boxed elementor-section-height-default elementor-section-height-default\" data-id=\"a05f91a\" data-element_type=\"section\">\n\t\t\t\t\t\t<div class=\"elementor-container elementor-column-gap-default\">\n\t\t\t\t\t<div class=\"elementor-column elementor-col-50 elementor-inner-column elementor-element elementor-element-530dd7b\" data-id=\"530dd7b\" data-element_type=\"column\">\n\t\t\t<div class=\"elementor-widget-wrap elementor-element-populated\">\n\t\t\t\t\t\t<div class=\"elementor-element elementor-element-4d5caeb elementor-widget elementor-widget-image\" data-id=\"4d5caeb\" data-element_type=\"widget\" data-widget_type=\"image.default\">\n\t\t\t\t<div class=\"elementor-widget-container\">\n\t\t\t<style>\/*! elementor - v3.23.0 - 05-08-2024 *\/\n.elementor-widget-image{text-align:center}.elementor-widget-image a{display:inline-block}.elementor-widget-image a img[src$=\".svg\"]{width:48px}.elementor-widget-image img{vertical-align:middle;display:inline-block}<\/style>\t\t\t\t\t\t\t\t\t\t<img fetchpriority=\"high\" width=\"780\" height=\"1135\" src=\"https:\/\/dermacentro.com.br\/wp-content\/uploads\/2022\/07\/mamas-1.webp\" class=\"attachment-full size-full wp-image-1940\" alt=\"\" srcset=\"https:\/\/dermacentro.com.br\/wp-content\/uploads\/2022\/07\/mamas-1.webp 780w, https:\/\/dermacentro.com.br\/wp-content\/uploads\/2022\/07\/mamas-1-206x300.webp 206w, https:\/\/dermacentro.com.br\/wp-content\/uploads\/2022\/07\/mamas-1-704x1024.webp 704w, https:\/\/dermacentro.com.br\/wp-content\/uploads\/2022\/07\/mamas-1-768x1118.webp 768w, https:\/\/dermacentro.com.br\/wp-content\/uploads\/2022\/07\/mamas-1-100x146.webp 100w, https:\/\/dermacentro.com.br\/wp-content\/uploads\/2022\/07\/mamas-1-34x50.webp 34w, https:\/\/dermacentro.com.br\/wp-content\/uploads\/2022\/07\/mamas-1-52x75.webp 52w\" sizes=\"(max-width: 780px) 100vw, 780px\" \/>\t\t\t\t\t\t\t\t\t\t\t\t\t<\/div>\n\t\t\t\t<\/div>\n\t\t\t\t\t<\/div>\n\t\t<\/div>\n\t\t\t\t<div class=\"elementor-column elementor-col-50 elementor-inner-column elementor-element elementor-element-8599277\" data-id=\"8599277\" data-element_type=\"column\">\n\t\t\t<div class=\"elementor-widget-wrap elementor-element-populated\">\n\t\t\t\t\t\t<div class=\"elementor-element elementor-element-d53fc86 elementor-widget elementor-widget-text-editor\" data-id=\"d53fc86\" data-element_type=\"widget\" data-widget_type=\"text-editor.default\">\n\t\t\t\t<div class=\"elementor-widget-container\">\n\t\t\t<style>\/*! elementor - v3.23.0 - 05-08-2024 *\/\n.elementor-widget-text-editor.elementor-drop-cap-view-stacked .elementor-drop-cap{background-color:#69727d;color:#fff}.elementor-widget-text-editor.elementor-drop-cap-view-framed .elementor-drop-cap{color:#69727d;border:3px solid;background-color:transparent}.elementor-widget-text-editor:not(.elementor-drop-cap-view-default) .elementor-drop-cap{margin-top:8px}.elementor-widget-text-editor:not(.elementor-drop-cap-view-default) .elementor-drop-cap-letter{width:1em;height:1em}.elementor-widget-text-editor .elementor-drop-cap{float:left;text-align:center;line-height:1;font-size:50px}.elementor-widget-text-editor .elementor-drop-cap-letter{display:inline-block}<\/style>\t\t\t\t<h3><span style=\"color: #ffffff;\">Mamoplastia<\/span><\/h3>\t\t\t\t\t\t<\/div>\n\t\t\t\t<\/div>\n\t\t\t\t<div class=\"elementor-element elementor-element-d870478 elementor-widget elementor-widget-text-editor\" data-id=\"d870478\" data-element_type=\"widget\" data-widget_type=\"text-editor.default\">\n\t\t\t\t<div class=\"elementor-widget-container\">\n\t\t\t\t\t\t\t<p><span style=\"color: #ffffff;\">\u00c9 indicada para mamas muito volumosas, que promovem \u00e0 paciente desconforto visual e funcional, uma vez que frequentemente acarretam problemas para a coluna. Com a cirurgia, as mamas passam a ter o volume reduzido e o formato mais gracioso, em harmonia com o di\u00e2metro do t\u00f3rax da paciente. Al\u00e9m da redu\u00e7\u00e3o do volume, ocorre o seu reposicionamento, elevando-as.<\/span><\/p><p><span style=\"color: #ffffff;\">A cirurgia tamb\u00e9m pode ser indicada para suspender mamas ca\u00eddas ou corrigir mamas assim\u00e9tricas. Fatores como: amamenta\u00e7\u00e3o, idade, dificuldades ortop\u00e9dicas e oscila\u00e7\u00e3o no peso corporal, fazem com que a pele e o tecido mam\u00e1rio sofram queda, o que leva \u00e0 deforma\u00e7\u00e3o da mama.<\/span><\/p><p><span style=\"color: #ffffff;\">Na cirurgia, a pele em excesso \u00e9 retirada, podendo at\u00e9 mesmo eliminar algumas estrias que eventualmente estejam posicionadas na sua por\u00e7\u00e3o inferior. A mama, ar\u00e9olas, gl\u00e2ndulas e gordura s\u00e3o recolocadas internamente, deixando os seios eretos. A cicatriz costuma ser bem discreta.<\/span><\/p>\t\t\t\t\t\t<\/div>\n\t\t\t\t<\/div>\n\t\t\t\t<div class=\"elementor-element elementor-element-b91021b elementor-widget elementor-widget-spacer\" data-id=\"b91021b\" data-element_type=\"widget\" data-widget_type=\"spacer.default\">\n\t\t\t\t<div class=\"elementor-widget-container\">\n\t\t\t<style>\/*! elementor - v3.23.0 - 05-08-2024 *\/\n.elementor-column .elementor-spacer-inner{height:var(--spacer-size)}.e-con{--container-widget-width:100%}.e-con-inner>.elementor-widget-spacer,.e-con>.elementor-widget-spacer{width:var(--container-widget-width,var(--spacer-size));--align-self:var(--container-widget-align-self,initial);--flex-shrink:0}.e-con-inner>.elementor-widget-spacer>.elementor-widget-container,.e-con>.elementor-widget-spacer>.elementor-widget-container{height:100%;width:100%}.e-con-inner>.elementor-widget-spacer>.elementor-widget-container>.elementor-spacer,.e-con>.elementor-widget-spacer>.elementor-widget-container>.elementor-spacer{height:100%}.e-con-inner>.elementor-widget-spacer>.elementor-widget-container>.elementor-spacer>.elementor-spacer-inner,.e-con>.elementor-widget-spacer>.elementor-widget-container>.elementor-spacer>.elementor-spacer-inner{height:var(--container-widget-height,var(--spacer-size))}.e-con-inner>.elementor-widget-spacer.elementor-widget-empty,.e-con>.elementor-widget-spacer.elementor-widget-empty{position:relative;min-height:22px;min-width:22px}.e-con-inner>.elementor-widget-spacer.elementor-widget-empty .elementor-widget-empty-icon,.e-con>.elementor-widget-spacer.elementor-widget-empty .elementor-widget-empty-icon{position:absolute;top:0;bottom:0;left:0;right:0;margin:auto;padding:0;width:22px;height:22px}<\/style>\t\t<div class=\"elementor-spacer\">\n\t\t\t<div class=\"elementor-spacer-inner\"><\/div>\n\t\t<\/div>\n\t\t\t\t<\/div>\n\t\t\t\t<\/div>\n\t\t\t\t\t<\/div>\n\t\t<\/div>\n\t\t\t\t\t<\/div>\n\t\t<\/section>\n\t\t\t\t\t<\/div>\n\t\t<\/div>\n\t\t\t\t\t<\/div>\n\t\t<\/section>\n\t\t\t\t<section class=\"elementor-section elementor-top-section elementor-element elementor-element-23c64f6 elementor-section-stretched elementor-section-boxed elementor-section-height-default elementor-section-height-default\" data-id=\"23c64f6\" data-element_type=\"section\" data-settings=\"{&quot;stretch_section&quot;:&quot;section-stretched&quot;,&quot;background_background&quot;:&quot;classic&quot;}\">\n\t\t\t\t\t\t<div class=\"elementor-container elementor-column-gap-wider\">\n\t\t\t\t\t<div class=\"elementor-column elementor-col-100 elementor-top-column elementor-element elementor-element-536a83c\" data-id=\"536a83c\" data-element_type=\"column\">\n\t\t\t<div class=\"elementor-widget-wrap elementor-element-populated\">\n\t\t\t\t\t\t<section class=\"elementor-section elementor-inner-section elementor-element elementor-element-3a3b428 elementor-section-boxed elementor-section-height-default elementor-section-height-default\" data-id=\"3a3b428\" data-element_type=\"section\">\n\t\t\t\t\t\t<div class=\"elementor-container elementor-column-gap-default\">\n\t\t\t\t\t<div class=\"elementor-column elementor-col-100 elementor-inner-column elementor-element elementor-element-d665486\" data-id=\"d665486\" data-element_type=\"column\">\n\t\t\t<div class=\"elementor-widget-wrap elementor-element-populated\">\n\t\t\t\t\t\t<div class=\"elementor-element elementor-element-a8cfcb5 elementor-widget elementor-widget-text-editor\" data-id=\"a8cfcb5\" data-element_type=\"widget\" data-widget_type=\"text-editor.default\">\n\t\t\t\t<div class=\"elementor-widget-container\">\n\t\t\t\t\t\t\t<h4 style=\"text-align: left;\">Como \u00e9 a Anestesia?\u00a0<\/h4><p style=\"text-align: left;\">A cirurgia \u00e9 feita em ambiente hospitalar, sob anestesia regional com seda\u00e7\u00e3o.<\/p><h4 style=\"text-align: left;\">Como \u00e9 a cirurgia?\u00a0<\/h4><p style=\"text-align: left;\">Costuma ser razoavelmente simples, podendo durar em torno de duas horas. Na maioria dos casos, o tempo de interna\u00e7\u00e3o n\u00e3o costuma ser superior a vinte e quatro horas.<\/p><h4 style=\"text-align: left;\">Como s\u00e3o as cicatrizes?\u00a0<\/h4><p style=\"text-align: left;\">O cirurgi\u00e3o pl\u00e1stico far\u00e1 as cicatrizes da forma bem discreta, no sulco infra mam\u00e1rio, em formato de \u201cT\u201d invertido, em \u201cL\u201d ou em \u201cI\u201d. O resultado final depender\u00e1 das condi\u00e7\u00f5es da pele da paciente e do cuidado no p\u00f3s operat\u00f3rio. A cirurgia pl\u00e1stica das mamas evoluiu muito. As cicatrizes tendem a ser discretas. As cicatrizes devem ser bem cuidadas e passar\u00e3o por v\u00e1rias fases, at\u00e9 seu amadurecimento completo. As mamas operadas tamb\u00e9m passar\u00e3o por v\u00e1rios est\u00e1gios p\u00f3s cir\u00fargicos. Somente entre o oitavo e d\u00e9cimo oitavo m\u00eas \u00e9 que o resultado final ser\u00e1 atingido.<\/p><p style=\"text-align: left;\"><span style=\"font-family: Manrope, -apple-system, BlinkMacSystemFont, 'Segoe UI', Roboto, Oxygen-Sans, Ubuntu, Cantarell, 'Helvetica Neue', sans-serif; font-size: 24px; font-weight: bold; letter-spacing: 0px;\">Como \u00e9 o p\u00f3s-operat\u00f3rio?\u00a0<\/span><\/p><p style=\"text-align: left;\">\u00c9 esperado um p\u00f3s-operat\u00f3rio tranquilo, geralmente indolor, sendo necess\u00e1ria aten\u00e7\u00e3o redobrada neste per\u00edodo para que os excessos sejam evitados.<br \/>Recomenda-se que o paciente n\u00e3o fa\u00e7a esfor\u00e7os f\u00edsicos exagerados com os bra\u00e7os, embora se possa elevar levemente os antebra\u00e7os e as m\u00e3os nos primeiros dois ou tr\u00eas dias;<\/p><p style=\"text-align: left;\">Os pontos s\u00e3o retirados, normalmente, ap\u00f3s 12 a 15 dias;<\/p><p style=\"text-align: left;\">\u00c9 expressamente proibido dirigir nas primeiras duas semanas. Nos primeiros tr\u00eas meses n\u00e3o se deve elevar os cotovelos acima do n\u00edvel dos ombros, nem deitar sobre as mamas. Neste per\u00edodo, \u00e9 proibido ficar sem soutien nem que seja para andar, sentar, ficar em p\u00e9 ou deitar-se .<\/p><p style=\"text-align: left;\">Gin\u00e1sticas ou atividades f\u00edsicas cuja movimenta\u00e7\u00e3o com os bra\u00e7os seja repetitiva e intensa (ex: aer\u00f3bica, tenis, v\u00f4lei) tamb\u00e9m est\u00e3o proibidas;<\/p><p style=\"text-align: left;\">A cicatriza\u00e7\u00e3o deve ser cercada de cuidados. As fitas cir\u00fargicas (micropore) devem ser mantidas sobre as cicatrizes, nos primeiros tr\u00eas meses, podendo ser trocadas uma a duas vezes por semana. Ap\u00f3s o banho, devem ser bem secas com secador de cabelos ou toalha bem limpa; \u00c9 proibido passar \u00e1lcool, \u00e9ter, ou qualquer antiss\u00e9ptico sobre elas;<\/p><p style=\"text-align: left;\">A exposi\u00e7\u00e3o ao sol ou calor exagerado (sauna, piscina, etc.) deve ser totalmente evitada nos primeiros dois meses, e criteriosamente avaliada antes de se completarem tr\u00eas meses.<\/p><p style=\"text-align: left;\">\u00c9 recomendada a drenagem linf\u00e1tica p\u00f3s-operat\u00f3ria para acelerar o processo.<\/p>\t\t\t\t\t\t<\/div>\n\t\t\t\t<\/div>\n\t\t\t\t\t<\/div>\n\t\t<\/div>\n\t\t\t\t\t<\/div>\n\t\t<\/section>\n\t\t\t\t<div class=\"elementor-element elementor-element-23f000c elementor-widget elementor-widget-spacer\" data-id=\"23f000c\" data-element_type=\"widget\" data-widget_type=\"spacer.default\">\n\t\t\t\t<div class=\"elementor-widget-container\">\n\t\t\t\t\t<div class=\"elementor-spacer\">\n\t\t\t<div class=\"elementor-spacer-inner\"><\/div>\n\t\t<\/div>\n\t\t\t\t<\/div>\n\t\t\t\t<\/div>\n\t\t\t\t<section class=\"elementor-section elementor-inner-section elementor-element elementor-element-9636384 elementor-section-boxed elementor-section-height-default elementor-section-height-default\" data-id=\"9636384\" data-element_type=\"section\">\n\t\t\t\t\t\t<div class=\"elementor-container elementor-column-gap-default\">\n\t\t\t\t\t<div class=\"elementor-column elementor-col-100 elementor-inner-column elementor-element elementor-element-75e8f45\" data-id=\"75e8f45\" data-element_type=\"column\">\n\t\t\t<div class=\"elementor-widget-wrap\">\n\t\t\t\t\t\t\t<\/div>\n\t\t<\/div>\n\t\t\t\t\t<\/div>\n\t\t<\/section>\n\t\t\t\t\t<\/div>\n\t\t<\/div>\n\t\t\t\t\t<\/div>\n\t\t<\/section>\n\t\t\t\t<section class=\"elementor-section elementor-top-section elementor-element elementor-element-1e396e2 elementor-section-stretched elementor-section-boxed elementor-section-height-default elementor-section-height-default\" data-id=\"1e396e2\" data-element_type=\"section\" data-settings=\"{&quot;stretch_section&quot;:&quot;section-stretched&quot;,&quot;background_background&quot;:&quot;classic&quot;}\">\n\t\t\t\t\t\t<div class=\"elementor-container elementor-column-gap-wider\">\n\t\t\t\t\t<div class=\"elementor-column elementor-col-100 elementor-top-column elementor-element elementor-element-c87c65b\" data-id=\"c87c65b\" data-element_type=\"column\">\n\t\t\t<div class=\"elementor-widget-wrap elementor-element-populated\">\n\t\t\t\t\t\t<div class=\"elementor-element elementor-element-cf07036 elementor-widget elementor-widget-text-editor\" data-id=\"cf07036\" data-element_type=\"widget\" data-widget_type=\"text-editor.default\">\n\t\t\t\t<div class=\"elementor-widget-container\">\n\t\t\t\t\t\t\t<h4><span style=\"color: #ffffff;\">Pr\u00f3teses Mam\u00e1rias<\/span><\/h4><p><span style=\"color: #ffffff;\">T\u00e9cnica que utiliza pr\u00f3teses ou implantes para aumentar o volume das mamas ou para melhorar seu formato.As pr\u00f3teses mam\u00e1rias tem sido muito desejadas em nosso pa\u00eds.<\/span><br \/><br \/><\/p><h4><span style=\"color: #ffffff;\">Pode haver rejei\u00e7\u00e3o?\u00a0<\/span><\/h4><p><span style=\"color: #ffffff;\">Pode, em casos rar\u00edssimos.<\/span><\/p><h4><span style=\"color: #ffffff;\">A pr\u00f3tese de silicone pode provocar c\u00e2ncer?\u00a0<\/span><\/h4><p><span style=\"color: #ffffff;\">N\u00e3o. Muito se tem pesquisado a respeito e os resultados s\u00e3o totalmente tranquilizadores. Estudos realizados nos Estados Unidos e Canad\u00e1 avaliaram 11.676 mulheres que possu\u00edam pr\u00f3teses h\u00e1 mais de vinte anos e conclu\u00edram que n\u00e3o h\u00e1 qualquer rela\u00e7\u00e3o entre c\u00e2ncer de mama e a pr\u00f3tese de silicone. Entretanto, os exames de preven\u00e7\u00e3o s\u00e3o imprescind\u00edveis para todas as mulheres, n\u00e3o excluindo as mulheres portadoras de pr\u00f3teses mam\u00e1rias.<\/span><\/p><h4><br \/><span style=\"color: #ffffff;\">Onde \u00e9 colocada a pr\u00f3tese de silicone?\u00a0<\/span><\/h4><p><span style=\"color: #ffffff;\">Ela pode ficar situada acima do m\u00fasculo peitoral ou abaixo dele. Os resultados est\u00e9ticos finais s\u00e3o diferentes em cada uma das t\u00e9cnicas. A melhor indica\u00e7\u00e3o para cada caso pode ser discutida apropriadamente com o seu Cirurgi\u00e3o Pl\u00e1stico.<\/span><br \/><br \/><\/p><h4><span style=\"color: #ffffff;\">Qual tamanho a pr\u00f3tese deve ter?\u00a0<\/span><\/h4><p><span style=\"color: #ffffff;\">O tamanho da pr\u00f3tese deve ser determinada para que se estabele\u00e7a um equil\u00edbrio perfeito das propor\u00e7\u00f5es dos seios com as demais partes do corpo. O tamanho \u00e9 muito variado: h\u00e1 desde as pequenas pr\u00f3teses de 80ml at\u00e9 as grandes, que chegam a ter mais de 500ml. Somente o seu Cirurgi\u00e3o Pl\u00e1stico poder\u00e1 aconselh\u00e1-la a realizar a decis\u00e3o mais sensata e de acordo com suas expectativas.<\/span><\/p><h4><br \/><span style=\"color: #ffffff;\">As cicatrizes s\u00e3o percept\u00edveis?\u00a0<\/span><\/h4><p><span style=\"color: #ffffff;\">Existem v\u00e1rias t\u00e9cnicas para a coloca\u00e7\u00e3o das pr\u00f3teses. As cicatrizes resultantes podem ficar localizadas nos sulcos inframam\u00e1rios e devem medir entre 3 e 5cm de comprimento. Geralmente seu aspecto est\u00e9tico fica excelente, ap\u00f3s o per\u00edodo de cicatriza\u00e7\u00e3o estar completo. Outra t\u00e9cnica, produz cicatrizes ao redor dos mamilos. Ainda existe a t\u00e9cnica que utiliza-se de pequenos cortes nas axilas. Obviamente, os resultados finais ser\u00e3o diferentes a cada m\u00e9todo. As vantagens ou desvantagens de cada um, bem como a melhor op\u00e7\u00e3o para cada paciente, poder\u00e1 ser discutido com o seu Cirurgi\u00e3o Pl\u00e1stico que a conduzir\u00e1 pelo melhor caminho para que seus objetivos sejam alcan\u00e7ados.<\/span><br \/><br \/><\/p><h4><span style=\"color: #ffffff;\">Pode haver problema caso ocorra uma gravidez ap\u00f3s a coloca\u00e7\u00e3o da pr\u00f3tese de mama?\u00a0<\/span><\/h4><p><span style=\"color: #ffffff;\">N\u00e3o h\u00e1 qualquer problema. Nem mesmo a amamenta\u00e7\u00e3o ser\u00e1 prejudicada, uma vez que a pr\u00f3tese \u00e9 implantada abaixo da gl\u00e2ndula mam\u00e1ria. Assim, o aleitamento poder\u00e1 ser perfeitamente normal.<\/span><\/p>\t\t\t\t\t\t<\/div>\n\t\t\t\t<\/div>\n\t\t\t\t\t<\/div>\n\t\t<\/div>\n\t\t\t\t\t<\/div>\n\t\t<\/section>\n\t\t\t\t<section class=\"elementor-section elementor-top-section elementor-element elementor-element-1e1d461 elementor-section-stretched elementor-section-boxed elementor-section-height-default elementor-section-height-default\" data-id=\"1e1d461\" data-element_type=\"section\" data-settings=\"{&quot;stretch_section&quot;:&quot;section-stretched&quot;}\">\n\t\t\t\t\t\t<div class=\"elementor-container elementor-column-gap-wider\">\n\t\t\t\t\t<div class=\"elementor-column elementor-col-100 elementor-top-column elementor-element elementor-element-98eea6e\" data-id=\"98eea6e\" data-element_type=\"column\">\n\t\t\t<div class=\"elementor-widget-wrap elementor-element-populated\">\n\t\t\t\t\t\t<section class=\"elementor-section elementor-inner-section elementor-element elementor-element-8caea67 elementor-section-boxed elementor-section-height-default elementor-section-height-default\" data-id=\"8caea67\" data-element_type=\"section\" data-settings=\"{&quot;background_background&quot;:&quot;classic&quot;}\">\n\t\t\t\t\t\t<div class=\"elementor-container elementor-column-gap-default\">\n\t\t\t\t\t<div class=\"elementor-column elementor-col-100 elementor-inner-column elementor-element elementor-element-7cbc67d\" data-id=\"7cbc67d\" data-element_type=\"column\" data-settings=\"{&quot;background_background&quot;:&quot;classic&quot;}\">\n\t\t\t<div class=\"elementor-widget-wrap elementor-element-populated\">\n\t\t\t\t\t\t<div class=\"elementor-element elementor-element-aa9989b elementor-widget elementor-widget-text-editor\" data-id=\"aa9989b\" data-element_type=\"widget\" data-widget_type=\"text-editor.default\">\n\t\t\t\t<div class=\"elementor-widget-container\">\n\t\t\t\t\t\t\t<h2><b>Contato<\/b><\/h2><div><b>Entre em contato conosco para tirar uma d\u00favida ou agendar uma consulta.<\/b><\/div>\t\t\t\t\t\t<\/div>\n\t\t\t\t<\/div>\n\t\t\t\t<div class=\"elementor-element elementor-element-d89342c elementor-widget elementor-widget-spacer\" data-id=\"d89342c\" data-element_type=\"widget\" data-widget_type=\"spacer.default\">\n\t\t\t\t<div class=\"elementor-widget-container\">\n\t\t\t\t\t<div class=\"elementor-spacer\">\n\t\t\t<div class=\"elementor-spacer-inner\"><\/div>\n\t\t<\/div>\n\t\t\t\t<\/div>\n\t\t\t\t<\/div>\n\t\t\t\t<div class=\"elementor-element elementor-element-8c37a5d elementor-widget elementor-widget-shortcode\" data-id=\"8c37a5d\" data-element_type=\"widget\" data-widget_type=\"shortcode.default\">\n\t\t\t\t<div class=\"elementor-widget-container\">\n\t\t\t\t\t<div class=\"elementor-shortcode\">\n<div class=\"wpcf7 no-js\" id=\"wpcf7-f112-o1\" lang=\"en-US\" dir=\"ltr\">\n<div class=\"screen-reader-response\"><p role=\"status\" aria-live=\"polite\" aria-atomic=\"true\"><\/p> <ul><\/ul><\/div>\n<form action=\"\/index.php\/wp-json\/wp\/v2\/pages\/1798#wpcf7-f112-o1\" method=\"post\" class=\"wpcf7-form init\" aria-label=\"Contact form\" novalidate=\"novalidate\" data-status=\"init\">\n<div style=\"display: none;\">\n<input type=\"hidden\" name=\"_wpcf7\" value=\"112\" \/>\n<input type=\"hidden\" name=\"_wpcf7_version\" value=\"5.7.7\" \/>\n<input type=\"hidden\" name=\"_wpcf7_locale\" value=\"en_US\" \/>\n<input type=\"hidden\" name=\"_wpcf7_unit_tag\" value=\"wpcf7-f112-o1\" \/>\n<input type=\"hidden\" name=\"_wpcf7_container_post\" value=\"0\" \/>\n<input type=\"hidden\" name=\"_wpcf7_posted_data_hash\" value=\"\" \/>\n<\/div>\n<div class=\"column one-second\">\n\t<p><span class=\"wpcf7-form-control-wrap\" data-name=\"your-name\"><input size=\"40\" class=\"wpcf7-form-control wpcf7-text wpcf7-validates-as-required\" aria-required=\"true\" aria-invalid=\"false\" placeholder=\"Nome\" value=\"\" type=\"text\" name=\"your-name\" \/><\/span>\n\t<\/p>\n<\/div>\n<div class=\"column one-second\">\n\t<p><span class=\"wpcf7-form-control-wrap\" data-name=\"your-phone\"><input size=\"40\" class=\"wpcf7-form-control wpcf7-text wpcf7-tel wpcf7-validates-as-tel\" aria-invalid=\"false\" placeholder=\"Telefone\" value=\"\" type=\"tel\" name=\"your-phone\" \/><\/span>\n\t<\/p>\n<\/div>\n<div class=\"column one\">\n\t<p><span class=\"wpcf7-form-control-wrap\" data-name=\"E-mail\"><input size=\"40\" class=\"wpcf7-form-control wpcf7-text wpcf7-email wpcf7-validates-as-required wpcf7-validates-as-email\" aria-required=\"true\" aria-invalid=\"false\" placeholder=\"E-mail\" value=\"\" type=\"email\" name=\"E-mail\" \/><\/span>\n\t<\/p>\n<\/div>\n<div class=\"column one\">\n\t<p><span class=\"wpcf7-form-control-wrap\" data-name=\"your-message\"><textarea cols=\"40\" rows=\"1\" class=\"wpcf7-form-control wpcf7-textarea\" aria-invalid=\"false\" placeholder=\"Mensagem\" name=\"your-message\"><\/textarea><\/span>\n\t<\/p>\n<\/div>\n<div class=\"column one\" style=\"text-align: center;\">\n\t<p><input class=\"wpcf7-form-control has-spinner wpcf7-submit\" type=\"submit\" value=\"Enviar Mensagem\" \/>\n\t<\/p>\n<\/div><div class=\"wpcf7-response-output\" aria-hidden=\"true\"><\/div>\n<\/form>\n<\/div>\n<\/div>\n\t\t\t\t<\/div>\n\t\t\t\t<\/div>\n\t\t\t\t\t<\/div>\n\t\t<\/div>\n\t\t\t\t\t<\/div>\n\t\t<\/section>\n\t\t\t\t\t<\/div>\n\t\t<\/div>\n\t\t\t\t\t<\/div>\n\t\t<\/section>\n\t\t\t\t<\/div>\n\t\t","protected":false},"excerpt":{"rendered":"<p>Mamoplastia \u00c9 indicada para mamas muito volumosas, que promovem \u00e0 paciente desconforto visual e funcional, uma vez que frequentemente acarretam problemas para a coluna. Com a<span class=\"excerpt-hellip\"> [\u2026]<\/span><\/p>\n","protected":false},"author":1,"featured_media":0,"parent":1778,"menu_order":0,"comment_status":"closed","ping_status":"closed","template":"","meta":{"_joinchat":[]},"_links":{"self":[{"href":"https:\/\/dermacentro.com.br\/index.php\/wp-json\/wp\/v2\/pages\/1798"}],"collection":[{"href":"https:\/\/dermacentro.com.br\/index.php\/wp-json\/wp\/v2\/pages"}],"about":[{"href":"https:\/\/dermacentro.com.br\/index.php\/wp-json\/wp\/v2\/types\/page"}],"author":[{"embeddable":true,"href":"https:\/\/dermacentro.com.br\/index.php\/wp-json\/wp\/v2\/users\/1"}],"replies":[{"embeddable":true,"href":"https:\/\/dermacentro.com.br\/index.php\/wp-json\/wp\/v2\/comments?post=1798"}],"version-history":[{"count":7,"href":"https:\/\/dermacentro.com.br\/index.php\/wp-json\/wp\/v2\/pages\/1798\/revisions"}],"predecessor-version":[{"id":1943,"href":"https:\/\/dermacentro.com.br\/index.php\/wp-json\/wp\/v2\/pages\/1798\/revisions\/1943"}],"up":[{"embeddable":true,"href":"https:\/\/dermacentro.com.br\/index.php\/wp-json\/wp\/v2\/pages\/1778"}],"wp:attachment":[{"href":"https:\/\/dermacentro.com.br\/index.php\/wp-json\/wp\/v2\/media?parent=1798"}],"curies":[{"name":"wp","href":"https:\/\/api.w.org\/{rel}","templated":true}]}}