{"id":1736,"date":"2022-07-19T19:06:33","date_gmt":"2022-07-19T22:06:33","guid":{"rendered":"http:\/\/dermacentro.com.br\/?page_id=1736"},"modified":"2022-07-26T10:49:16","modified_gmt":"2022-07-26T13:49:16","slug":"massagens","status":"publish","type":"page","link":"https:\/\/dermacentro.com.br\/index.php\/dermacentro-estetica\/massagens\/","title":{"rendered":"Massagens"},"content":{"rendered":"\t\t<div data-elementor-type=\"wp-page\" data-elementor-id=\"1736\" class=\"elementor elementor-1736\">\n\t\t\t\t\t\t<section class=\"elementor-section elementor-top-section elementor-element elementor-element-0c5fb4f elementor-section-stretched elementor-section-boxed elementor-section-height-default elementor-section-height-default\" data-id=\"0c5fb4f\" data-element_type=\"section\" data-settings=\"{&quot;stretch_section&quot;:&quot;section-stretched&quot;,&quot;background_background&quot;:&quot;classic&quot;}\">\n\t\t\t\t\t\t\t<div class=\"elementor-background-overlay\"><\/div>\n\t\t\t\t\t\t\t<div class=\"elementor-container elementor-column-gap-default\">\n\t\t\t\t\t<div class=\"elementor-column elementor-col-100 elementor-top-column elementor-element elementor-element-b33aa50\" data-id=\"b33aa50\" data-element_type=\"column\">\n\t\t\t<div class=\"elementor-widget-wrap elementor-element-populated\">\n\t\t\t\t\t\t\t<\/div>\n\t\t<\/div>\n\t\t\t\t\t<\/div>\n\t\t<\/section>\n\t\t\t\t<section class=\"elementor-section elementor-top-section elementor-element elementor-element-3e41c4a elementor-section-stretched elementor-section-boxed elementor-section-height-default elementor-section-height-default\" data-id=\"3e41c4a\" data-element_type=\"section\" data-settings=\"{&quot;stretch_section&quot;:&quot;section-stretched&quot;,&quot;background_background&quot;:&quot;classic&quot;}\">\n\t\t\t\t\t\t<div class=\"elementor-container elementor-column-gap-wider\">\n\t\t\t\t\t<div class=\"elementor-column elementor-col-100 elementor-top-column elementor-element elementor-element-b382ebe\" data-id=\"b382ebe\" data-element_type=\"column\">\n\t\t\t<div class=\"elementor-widget-wrap elementor-element-populated\">\n\t\t\t\t\t\t<section class=\"elementor-section elementor-inner-section elementor-element elementor-element-a05f91a elementor-section-boxed elementor-section-height-default elementor-section-height-default\" data-id=\"a05f91a\" data-element_type=\"section\">\n\t\t\t\t\t\t<div class=\"elementor-container elementor-column-gap-default\">\n\t\t\t\t\t<div class=\"elementor-column elementor-col-50 elementor-inner-column elementor-element elementor-element-530dd7b\" data-id=\"530dd7b\" data-element_type=\"column\">\n\t\t\t<div class=\"elementor-widget-wrap elementor-element-populated\">\n\t\t\t\t\t\t<div class=\"elementor-element elementor-element-4d5caeb elementor-widget elementor-widget-image\" data-id=\"4d5caeb\" data-element_type=\"widget\" data-widget_type=\"image.default\">\n\t\t\t\t<div class=\"elementor-widget-container\">\n\t\t\t<style>\/*! elementor - v3.23.0 - 05-08-2024 *\/\n.elementor-widget-image{text-align:center}.elementor-widget-image a{display:inline-block}.elementor-widget-image a img[src$=\".svg\"]{width:48px}.elementor-widget-image img{vertical-align:middle;display:inline-block}<\/style>\t\t\t\t\t\t\t\t\t\t<img fetchpriority=\"high\" width=\"780\" height=\"1135\" src=\"https:\/\/dermacentro.com.br\/wp-content\/uploads\/2022\/07\/massagens.webp\" class=\"attachment-full size-full wp-image-2028\" alt=\"\" srcset=\"https:\/\/dermacentro.com.br\/wp-content\/uploads\/2022\/07\/massagens.webp 780w, https:\/\/dermacentro.com.br\/wp-content\/uploads\/2022\/07\/massagens-206x300.webp 206w, https:\/\/dermacentro.com.br\/wp-content\/uploads\/2022\/07\/massagens-704x1024.webp 704w, https:\/\/dermacentro.com.br\/wp-content\/uploads\/2022\/07\/massagens-768x1118.webp 768w, https:\/\/dermacentro.com.br\/wp-content\/uploads\/2022\/07\/massagens-100x146.webp 100w, https:\/\/dermacentro.com.br\/wp-content\/uploads\/2022\/07\/massagens-34x50.webp 34w, https:\/\/dermacentro.com.br\/wp-content\/uploads\/2022\/07\/massagens-52x75.webp 52w\" sizes=\"(max-width: 780px) 100vw, 780px\" \/>\t\t\t\t\t\t\t\t\t\t\t\t\t<\/div>\n\t\t\t\t<\/div>\n\t\t\t\t\t<\/div>\n\t\t<\/div>\n\t\t\t\t<div class=\"elementor-column elementor-col-50 elementor-inner-column elementor-element elementor-element-8599277\" data-id=\"8599277\" data-element_type=\"column\">\n\t\t\t<div class=\"elementor-widget-wrap elementor-element-populated\">\n\t\t\t\t\t\t<div class=\"elementor-element elementor-element-d53fc86 elementor-widget elementor-widget-text-editor\" data-id=\"d53fc86\" data-element_type=\"widget\" data-widget_type=\"text-editor.default\">\n\t\t\t\t<div class=\"elementor-widget-container\">\n\t\t\t<style>\/*! elementor - v3.23.0 - 05-08-2024 *\/\n.elementor-widget-text-editor.elementor-drop-cap-view-stacked .elementor-drop-cap{background-color:#69727d;color:#fff}.elementor-widget-text-editor.elementor-drop-cap-view-framed .elementor-drop-cap{color:#69727d;border:3px solid;background-color:transparent}.elementor-widget-text-editor:not(.elementor-drop-cap-view-default) .elementor-drop-cap{margin-top:8px}.elementor-widget-text-editor:not(.elementor-drop-cap-view-default) .elementor-drop-cap-letter{width:1em;height:1em}.elementor-widget-text-editor .elementor-drop-cap{float:left;text-align:center;line-height:1;font-size:50px}.elementor-widget-text-editor .elementor-drop-cap-letter{display:inline-block}<\/style>\t\t\t\t<h3><span style=\"color: #ffffff;\">Shiatsu<\/span><\/h3>\t\t\t\t\t\t<\/div>\n\t\t\t\t<\/div>\n\t\t\t\t<div class=\"elementor-element elementor-element-444a6ba elementor-widget elementor-widget-text-editor\" data-id=\"444a6ba\" data-element_type=\"widget\" data-widget_type=\"text-editor.default\">\n\t\t\t\t<div class=\"elementor-widget-container\">\n\t\t\t\t\t\t\t<p>Massagem de origem oriental, realizada com a press\u00e3o dos polegares , dedos e palmas das m\u00e3os sob o corpo com o objetivo de liberar a energia bloqueada, corrigindo as disfun\u00e7\u00f5es internas, promovendo a sa\u00fade e auxiliando no tratamentos de doen\u00e7as espec\u00edficas, visando o equil\u00edbrio energ\u00e9tico do corpo .<\/p><p><span style=\"letter-spacing: 0px;\">Estimula a circula\u00e7\u00e3o e alivia as tens\u00f5es musculares, al\u00e9m de estimular e acelerar a elimina\u00e7\u00e3o de toxinas. Do ponto de vista emocional, a massagem tem o poder de relaxar e equilibrar nossa mente.<\/span><\/p><p><span style=\"letter-spacing: 0px;\">Baseia-se nos princ\u00edpios da medicina oriental, o seu foco n\u00e3o \u00e9 curar uma doen\u00e7a, mas normalizar a fluidez da energia vital, dando condi\u00e7\u00f5es ao organismo para eliminar a enfermidade de forma natural. Segundo esta ci\u00eancia milenar, a energia vital flui pelo corpo formando canais energ\u00e9ticos, nomeados \u201cmeridianos\u201d, e o fluxo livre de energia pelo corpo \u00e9 essencial para a sa\u00fade f\u00edsica, emocional e intelectual. Altera\u00e7\u00f5es neste fluxo, geram d\u00e9ficit ou ac\u00famulo de energia em determinadas \u00e1reas do corpo. E \u00e9 a partir desses dist\u00farbios que se originam o que conhecemos como doen\u00e7as.<\/span><\/p><p><span style=\"letter-spacing: 0px;\">No Shiatsu os terapeutas atuam nos meridianos, aplicando press\u00e3o sobre eles para liberar o fluxo energ\u00e9tico que est\u00e1 prejudicado, estimulando o mecanismo de autoregula\u00e7\u00e3o, dando sa\u00fade, fortalecendo o corpo, e aumentando a alegria de viver, por meio do reequil\u00edbrio f\u00edsico e energ\u00e9tico. Ou seja, \u00e9 uma alternativa preventiva, dando \u00eanfase \u00e0 sa\u00fade e n\u00e3o \u00e0 doen\u00e7a.<\/span><\/p><h4>\u00a0<br \/><span style=\"color: #ffffff;\">Indica\u00e7\u00f5es:<\/span><\/h4><p>\u2022 Dores musculares.<br \/>\u2022 Doen\u00e7as respirat\u00f3rias: crises de bronquite, sinusite e rinite;<br \/>\u2022 Problemas vasculares &#8211; varizes;<br \/>\u2022 C\u00f3licas menstruais;<br \/>\u2022 S\u00edndrome do p\u00e2nico<br \/>\u2022 Depress\u00e3o<br \/>\u2022 Ansiedade.<\/p>\t\t\t\t\t\t<\/div>\n\t\t\t\t<\/div>\n\t\t\t\t\t<\/div>\n\t\t<\/div>\n\t\t\t\t\t<\/div>\n\t\t<\/section>\n\t\t\t\t\t<\/div>\n\t\t<\/div>\n\t\t\t\t\t<\/div>\n\t\t<\/section>\n\t\t\t\t<section class=\"elementor-section elementor-top-section elementor-element elementor-element-23c64f6 elementor-section-stretched elementor-section-boxed elementor-section-height-default elementor-section-height-default\" data-id=\"23c64f6\" data-element_type=\"section\" data-settings=\"{&quot;stretch_section&quot;:&quot;section-stretched&quot;,&quot;background_background&quot;:&quot;classic&quot;}\">\n\t\t\t\t\t\t<div class=\"elementor-container elementor-column-gap-wider\">\n\t\t\t\t\t<div class=\"elementor-column elementor-col-100 elementor-top-column elementor-element elementor-element-536a83c\" data-id=\"536a83c\" data-element_type=\"column\">\n\t\t\t<div class=\"elementor-widget-wrap elementor-element-populated\">\n\t\t\t\t\t\t<section class=\"elementor-section elementor-inner-section elementor-element elementor-element-21d1228 elementor-section-boxed elementor-section-height-default elementor-section-height-default\" data-id=\"21d1228\" data-element_type=\"section\">\n\t\t\t\t\t\t<div class=\"elementor-container elementor-column-gap-default\">\n\t\t\t\t\t<div class=\"elementor-column elementor-col-100 elementor-inner-column elementor-element elementor-element-5128357\" data-id=\"5128357\" data-element_type=\"column\">\n\t\t\t<div class=\"elementor-widget-wrap elementor-element-populated\">\n\t\t\t\t\t\t<div class=\"elementor-element elementor-element-942eadf elementor-widget elementor-widget-text-editor\" data-id=\"942eadf\" data-element_type=\"widget\" data-widget_type=\"text-editor.default\">\n\t\t\t\t<div class=\"elementor-widget-container\">\n\t\t\t\t\t\t\t<h3 style=\"text-align: left;\"><strong>Massagem com Pedras Quentes<\/strong><\/h3><p style=\"text-align: left;\">Massagem que faz uso de pedras de basalto aquecidas, que s\u00e3o colocadas em pontos estrat\u00e9gicos do corpo, promovendo al\u00edvio do estresse, relaxamento e sensa\u00e7\u00e3o de bem-estar.<\/p><p style=\"text-align: left;\">Inicia-se com uma massagem com \u00f3leo pelo corpo.<\/p><p style=\"text-align: left;\">Enquanto isso, a pedra \u00e9 aquecida.<\/p><p style=\"text-align: left;\">Depois, essas pedras s\u00e3o colocadas em pontos de acupress\u00e3o que s\u00e3o regi\u00f5es que possuem uma sobrecarga de tens\u00e3o muscular, ficando ali durante alguns minutos. Geralmente, estes\u00a0 pontos localizam-se\u00a0 na cabe\u00e7a, p\u00e9s e costas.<\/p><h4 style=\"text-align: left;\"><strong>Indica\u00e7\u00f5es:<\/strong><\/h4><ul><li style=\"text-align: left;\">Problemas circulat\u00f3rios.<\/li><li style=\"text-align: left;\">Tratamento de dores nas extremidades do corpo;<\/li><li style=\"text-align: left;\">Estimula a drenagem linf\u00e1tica do corpo;<\/li><li style=\"text-align: left;\">Al\u00edvio da tens\u00e3o e dor muscular;<\/li><li style=\"text-align: left;\">Redu\u00e7\u00e3o do estresse e da ansiedade;<\/li><li style=\"text-align: left;\">Aumento na sensa\u00e7\u00e3o de bem-estar;<\/li><li style=\"text-align: left;\">Al\u00edvio de dores de cabe\u00e7a e enxaquecas;<\/li><li style=\"text-align: left;\">Est\u00edmulo do funcionamento intestinal;<\/li><li style=\"text-align: left;\">Tratamento ins\u00f4nia. .<\/li><\/ul>\t\t\t\t\t\t<\/div>\n\t\t\t\t<\/div>\n\t\t\t\t\t<\/div>\n\t\t<\/div>\n\t\t\t\t\t<\/div>\n\t\t<\/section>\n\t\t\t\t\t<\/div>\n\t\t<\/div>\n\t\t\t\t\t<\/div>\n\t\t<\/section>\n\t\t\t\t<section class=\"elementor-section elementor-top-section elementor-element elementor-element-1e396e2 elementor-section-stretched elementor-section-boxed elementor-section-height-default elementor-section-height-default\" data-id=\"1e396e2\" data-element_type=\"section\" data-settings=\"{&quot;stretch_section&quot;:&quot;section-stretched&quot;,&quot;background_background&quot;:&quot;classic&quot;}\">\n\t\t\t\t\t\t<div class=\"elementor-container elementor-column-gap-wider\">\n\t\t\t\t\t<div class=\"elementor-column elementor-col-100 elementor-top-column elementor-element elementor-element-c87c65b\" data-id=\"c87c65b\" data-element_type=\"column\">\n\t\t\t<div class=\"elementor-widget-wrap elementor-element-populated\">\n\t\t\t\t\t\t<div class=\"elementor-element elementor-element-1e20649 elementor-widget elementor-widget-text-editor\" data-id=\"1e20649\" data-element_type=\"widget\" data-widget_type=\"text-editor.default\">\n\t\t\t\t<div class=\"elementor-widget-container\">\n\t\t\t\t\t\t\t<h3 style=\"text-align: left;\"><span style=\"color: #ffffff;\"><strong>Massagem Relaxante<\/strong><\/span><\/h3><p style=\"text-align: left;\"><span style=\"color: #ffffff;\">Massagem cl\u00e1ssica, realizada nas pontas de maior tens\u00e3o do corpo, como no caso os ombros. Com a finalidade de diminuir o estresse, amenizar as tens\u00f5es musculares e evitar torcicolos.<\/span><\/p><p>\u00a0<\/p><h4><span style=\"color: #ffffff;\">Contraindica\u00e7\u00f5es das Massagens:<\/span><\/h4><ul><li><span style=\"color: #ffffff;\">Febre;<\/span><\/li><li><span style=\"color: #ffffff;\">Infec\u00e7\u00f5es;<\/span><\/li><li><span style=\"color: #ffffff;\">Doen\u00e7as Dermatol\u00f3gicas.<\/span><\/li><li><span style=\"color: #ffffff;\">C\u00e2ncer;<\/span><\/li><li><span style=\"color: #ffffff;\">Gravidez:<\/span><\/li><\/ul>\t\t\t\t\t\t<\/div>\n\t\t\t\t<\/div>\n\t\t\t\t\t<\/div>\n\t\t<\/div>\n\t\t\t\t\t<\/div>\n\t\t<\/section>\n\t\t\t\t<section class=\"elementor-section elementor-top-section elementor-element elementor-element-1e1d461 elementor-section-stretched elementor-section-boxed elementor-section-height-default elementor-section-height-default\" data-id=\"1e1d461\" data-element_type=\"section\" data-settings=\"{&quot;stretch_section&quot;:&quot;section-stretched&quot;}\">\n\t\t\t\t\t\t<div class=\"elementor-container elementor-column-gap-wider\">\n\t\t\t\t\t<div class=\"elementor-column elementor-col-100 elementor-top-column elementor-element elementor-element-98eea6e\" data-id=\"98eea6e\" data-element_type=\"column\">\n\t\t\t<div class=\"elementor-widget-wrap elementor-element-populated\">\n\t\t\t\t\t\t<section class=\"elementor-section elementor-inner-section elementor-element elementor-element-8caea67 elementor-section-boxed elementor-section-height-default elementor-section-height-default\" data-id=\"8caea67\" data-element_type=\"section\" data-settings=\"{&quot;background_background&quot;:&quot;classic&quot;}\">\n\t\t\t\t\t\t<div class=\"elementor-container elementor-column-gap-default\">\n\t\t\t\t\t<div class=\"elementor-column elementor-col-100 elementor-inner-column elementor-element elementor-element-7cbc67d\" data-id=\"7cbc67d\" data-element_type=\"column\" data-settings=\"{&quot;background_background&quot;:&quot;classic&quot;}\">\n\t\t\t<div class=\"elementor-widget-wrap elementor-element-populated\">\n\t\t\t\t\t\t<div class=\"elementor-element elementor-element-aa9989b elementor-widget elementor-widget-text-editor\" data-id=\"aa9989b\" data-element_type=\"widget\" data-widget_type=\"text-editor.default\">\n\t\t\t\t<div class=\"elementor-widget-container\">\n\t\t\t\t\t\t\t<h2><b>Contato<\/b><\/h2><div><b>Entre em contato conosco para tirar uma d\u00favida ou agendar uma consulta.<\/b><\/div>\t\t\t\t\t\t<\/div>\n\t\t\t\t<\/div>\n\t\t\t\t<div class=\"elementor-element elementor-element-d89342c elementor-widget elementor-widget-spacer\" data-id=\"d89342c\" data-element_type=\"widget\" data-widget_type=\"spacer.default\">\n\t\t\t\t<div class=\"elementor-widget-container\">\n\t\t\t<style>\/*! elementor - v3.23.0 - 05-08-2024 *\/\n.elementor-column .elementor-spacer-inner{height:var(--spacer-size)}.e-con{--container-widget-width:100%}.e-con-inner>.elementor-widget-spacer,.e-con>.elementor-widget-spacer{width:var(--container-widget-width,var(--spacer-size));--align-self:var(--container-widget-align-self,initial);--flex-shrink:0}.e-con-inner>.elementor-widget-spacer>.elementor-widget-container,.e-con>.elementor-widget-spacer>.elementor-widget-container{height:100%;width:100%}.e-con-inner>.elementor-widget-spacer>.elementor-widget-container>.elementor-spacer,.e-con>.elementor-widget-spacer>.elementor-widget-container>.elementor-spacer{height:100%}.e-con-inner>.elementor-widget-spacer>.elementor-widget-container>.elementor-spacer>.elementor-spacer-inner,.e-con>.elementor-widget-spacer>.elementor-widget-container>.elementor-spacer>.elementor-spacer-inner{height:var(--container-widget-height,var(--spacer-size))}.e-con-inner>.elementor-widget-spacer.elementor-widget-empty,.e-con>.elementor-widget-spacer.elementor-widget-empty{position:relative;min-height:22px;min-width:22px}.e-con-inner>.elementor-widget-spacer.elementor-widget-empty .elementor-widget-empty-icon,.e-con>.elementor-widget-spacer.elementor-widget-empty .elementor-widget-empty-icon{position:absolute;top:0;bottom:0;left:0;right:0;margin:auto;padding:0;width:22px;height:22px}<\/style>\t\t<div class=\"elementor-spacer\">\n\t\t\t<div class=\"elementor-spacer-inner\"><\/div>\n\t\t<\/div>\n\t\t\t\t<\/div>\n\t\t\t\t<\/div>\n\t\t\t\t<div class=\"elementor-element elementor-element-8c37a5d elementor-widget elementor-widget-shortcode\" data-id=\"8c37a5d\" data-element_type=\"widget\" data-widget_type=\"shortcode.default\">\n\t\t\t\t<div class=\"elementor-widget-container\">\n\t\t\t\t\t<div class=\"elementor-shortcode\">\n<div class=\"wpcf7 no-js\" id=\"wpcf7-f112-o1\" lang=\"en-US\" dir=\"ltr\">\n<div class=\"screen-reader-response\"><p role=\"status\" aria-live=\"polite\" aria-atomic=\"true\"><\/p> <ul><\/ul><\/div>\n<form action=\"\/index.php\/wp-json\/wp\/v2\/pages\/1736#wpcf7-f112-o1\" method=\"post\" class=\"wpcf7-form init\" aria-label=\"Contact form\" novalidate=\"novalidate\" data-status=\"init\">\n<div style=\"display: none;\">\n<input type=\"hidden\" name=\"_wpcf7\" value=\"112\" \/>\n<input type=\"hidden\" name=\"_wpcf7_version\" value=\"5.7.7\" \/>\n<input type=\"hidden\" name=\"_wpcf7_locale\" value=\"en_US\" \/>\n<input type=\"hidden\" name=\"_wpcf7_unit_tag\" value=\"wpcf7-f112-o1\" \/>\n<input type=\"hidden\" name=\"_wpcf7_container_post\" value=\"0\" \/>\n<input type=\"hidden\" name=\"_wpcf7_posted_data_hash\" value=\"\" \/>\n<\/div>\n<div class=\"column one-second\">\n\t<p><span class=\"wpcf7-form-control-wrap\" data-name=\"your-name\"><input size=\"40\" class=\"wpcf7-form-control wpcf7-text wpcf7-validates-as-required\" aria-required=\"true\" aria-invalid=\"false\" placeholder=\"Nome\" value=\"\" type=\"text\" name=\"your-name\" \/><\/span>\n\t<\/p>\n<\/div>\n<div class=\"column one-second\">\n\t<p><span class=\"wpcf7-form-control-wrap\" data-name=\"your-phone\"><input size=\"40\" class=\"wpcf7-form-control wpcf7-text wpcf7-tel wpcf7-validates-as-tel\" aria-invalid=\"false\" placeholder=\"Telefone\" value=\"\" type=\"tel\" name=\"your-phone\" \/><\/span>\n\t<\/p>\n<\/div>\n<div class=\"column one\">\n\t<p><span class=\"wpcf7-form-control-wrap\" data-name=\"E-mail\"><input size=\"40\" class=\"wpcf7-form-control wpcf7-text wpcf7-email wpcf7-validates-as-required wpcf7-validates-as-email\" aria-required=\"true\" aria-invalid=\"false\" placeholder=\"E-mail\" value=\"\" type=\"email\" name=\"E-mail\" \/><\/span>\n\t<\/p>\n<\/div>\n<div class=\"column one\">\n\t<p><span class=\"wpcf7-form-control-wrap\" data-name=\"your-message\"><textarea cols=\"40\" rows=\"1\" class=\"wpcf7-form-control wpcf7-textarea\" aria-invalid=\"false\" placeholder=\"Mensagem\" name=\"your-message\"><\/textarea><\/span>\n\t<\/p>\n<\/div>\n<div class=\"column one\" style=\"text-align: center;\">\n\t<p><input class=\"wpcf7-form-control has-spinner wpcf7-submit\" type=\"submit\" value=\"Enviar Mensagem\" \/>\n\t<\/p>\n<\/div><div class=\"wpcf7-response-output\" aria-hidden=\"true\"><\/div>\n<\/form>\n<\/div>\n<\/div>\n\t\t\t\t<\/div>\n\t\t\t\t<\/div>\n\t\t\t\t\t<\/div>\n\t\t<\/div>\n\t\t\t\t\t<\/div>\n\t\t<\/section>\n\t\t\t\t\t<\/div>\n\t\t<\/div>\n\t\t\t\t\t<\/div>\n\t\t<\/section>\n\t\t\t\t<\/div>\n\t\t","protected":false},"excerpt":{"rendered":"<p>Shiatsu Massagem de origem oriental, realizada com a press\u00e3o dos polegares , dedos e palmas das m\u00e3os sob o corpo com o objetivo de liberar a<span class=\"excerpt-hellip\"> [\u2026]<\/span><\/p>\n","protected":false},"author":1,"featured_media":0,"parent":1696,"menu_order":0,"comment_status":"closed","ping_status":"closed","template":"","meta":{"_joinchat":[]},"_links":{"self":[{"href":"https:\/\/dermacentro.com.br\/index.php\/wp-json\/wp\/v2\/pages\/1736"}],"collection":[{"href":"https:\/\/dermacentro.com.br\/index.php\/wp-json\/wp\/v2\/pages"}],"about":[{"href":"https:\/\/dermacentro.com.br\/index.php\/wp-json\/wp\/v2\/types\/page"}],"author":[{"embeddable":true,"href":"https:\/\/dermacentro.com.br\/index.php\/wp-json\/wp\/v2\/users\/1"}],"replies":[{"embeddable":true,"href":"https:\/\/dermacentro.com.br\/index.php\/wp-json\/wp\/v2\/comments?post=1736"}],"version-history":[{"count":10,"href":"https:\/\/dermacentro.com.br\/index.php\/wp-json\/wp\/v2\/pages\/1736\/revisions"}],"predecessor-version":[{"id":2031,"href":"https:\/\/dermacentro.com.br\/index.php\/wp-json\/wp\/v2\/pages\/1736\/revisions\/2031"}],"up":[{"embeddable":true,"href":"https:\/\/dermacentro.com.br\/index.php\/wp-json\/wp\/v2\/pages\/1696"}],"wp:attachment":[{"href":"https:\/\/dermacentro.com.br\/index.php\/wp-json\/wp\/v2\/media?parent=1736"}],"curies":[{"name":"wp","href":"https:\/\/api.w.org\/{rel}","templated":true}]}}