{"id":1676,"date":"2022-07-11T12:08:52","date_gmt":"2022-07-11T15:08:52","guid":{"rendered":"http:\/\/dermacentro.com.br\/?page_id=1676"},"modified":"2022-07-21T08:23:56","modified_gmt":"2022-07-21T11:23:56","slug":"radiofrequencia-intima","status":"publish","type":"page","link":"https:\/\/dermacentro.com.br\/index.php\/dermatologia-intima\/radiofrequencia-intima\/","title":{"rendered":"Radiofrequ\u00eancia \u00cdntima"},"content":{"rendered":"\t\t<div data-elementor-type=\"wp-page\" data-elementor-id=\"1676\" class=\"elementor elementor-1676\">\n\t\t\t\t\t\t<section class=\"elementor-section elementor-top-section elementor-element elementor-element-0c5fb4f elementor-section-stretched elementor-section-boxed elementor-section-height-default elementor-section-height-default\" data-id=\"0c5fb4f\" data-element_type=\"section\" data-settings=\"{&quot;stretch_section&quot;:&quot;section-stretched&quot;,&quot;background_background&quot;:&quot;classic&quot;}\">\n\t\t\t\t\t\t\t<div class=\"elementor-background-overlay\"><\/div>\n\t\t\t\t\t\t\t<div class=\"elementor-container elementor-column-gap-default\">\n\t\t\t\t\t<div class=\"elementor-column elementor-col-100 elementor-top-column elementor-element elementor-element-b33aa50\" data-id=\"b33aa50\" data-element_type=\"column\">\n\t\t\t<div class=\"elementor-widget-wrap elementor-element-populated\">\n\t\t\t\t\t\t\t<\/div>\n\t\t<\/div>\n\t\t\t\t\t<\/div>\n\t\t<\/section>\n\t\t\t\t<section class=\"elementor-section elementor-top-section elementor-element elementor-element-3e41c4a elementor-section-stretched elementor-section-boxed elementor-section-height-default elementor-section-height-default\" data-id=\"3e41c4a\" data-element_type=\"section\" data-settings=\"{&quot;stretch_section&quot;:&quot;section-stretched&quot;,&quot;background_background&quot;:&quot;classic&quot;}\">\n\t\t\t\t\t\t<div class=\"elementor-container elementor-column-gap-wider\">\n\t\t\t\t\t<div class=\"elementor-column elementor-col-100 elementor-top-column elementor-element elementor-element-b382ebe\" data-id=\"b382ebe\" data-element_type=\"column\">\n\t\t\t<div class=\"elementor-widget-wrap elementor-element-populated\">\n\t\t\t\t\t\t<section class=\"elementor-section elementor-inner-section elementor-element elementor-element-a05f91a elementor-section-boxed elementor-section-height-default elementor-section-height-default\" data-id=\"a05f91a\" data-element_type=\"section\">\n\t\t\t\t\t\t<div class=\"elementor-container elementor-column-gap-default\">\n\t\t\t\t\t<div class=\"elementor-column elementor-col-50 elementor-inner-column elementor-element elementor-element-530dd7b\" data-id=\"530dd7b\" data-element_type=\"column\">\n\t\t\t<div class=\"elementor-widget-wrap elementor-element-populated\">\n\t\t\t\t\t\t<div class=\"elementor-element elementor-element-4d5caeb elementor-widget elementor-widget-image\" data-id=\"4d5caeb\" data-element_type=\"widget\" data-widget_type=\"image.default\">\n\t\t\t\t<div class=\"elementor-widget-container\">\n\t\t\t<style>\/*! elementor - v3.23.0 - 05-08-2024 *\/\n.elementor-widget-image{text-align:center}.elementor-widget-image a{display:inline-block}.elementor-widget-image a img[src$=\".svg\"]{width:48px}.elementor-widget-image img{vertical-align:middle;display:inline-block}<\/style>\t\t\t\t\t\t\t\t\t\t<img fetchpriority=\"high\" width=\"780\" height=\"1135\" src=\"https:\/\/dermacentro.com.br\/wp-content\/uploads\/2022\/07\/radio.webp\" class=\"attachment-full size-full wp-image-1896\" alt=\"\" srcset=\"https:\/\/dermacentro.com.br\/wp-content\/uploads\/2022\/07\/radio.webp 780w, https:\/\/dermacentro.com.br\/wp-content\/uploads\/2022\/07\/radio-206x300.webp 206w, https:\/\/dermacentro.com.br\/wp-content\/uploads\/2022\/07\/radio-704x1024.webp 704w, https:\/\/dermacentro.com.br\/wp-content\/uploads\/2022\/07\/radio-768x1118.webp 768w, https:\/\/dermacentro.com.br\/wp-content\/uploads\/2022\/07\/radio-100x146.webp 100w, https:\/\/dermacentro.com.br\/wp-content\/uploads\/2022\/07\/radio-34x50.webp 34w, https:\/\/dermacentro.com.br\/wp-content\/uploads\/2022\/07\/radio-52x75.webp 52w\" sizes=\"(max-width: 780px) 100vw, 780px\" \/>\t\t\t\t\t\t\t\t\t\t\t\t\t<\/div>\n\t\t\t\t<\/div>\n\t\t\t\t\t<\/div>\n\t\t<\/div>\n\t\t\t\t<div class=\"elementor-column elementor-col-50 elementor-inner-column elementor-element elementor-element-8599277\" data-id=\"8599277\" data-element_type=\"column\">\n\t\t\t<div class=\"elementor-widget-wrap elementor-element-populated\">\n\t\t\t\t\t\t<div class=\"elementor-element elementor-element-d53fc86 elementor-widget elementor-widget-text-editor\" data-id=\"d53fc86\" data-element_type=\"widget\" data-widget_type=\"text-editor.default\">\n\t\t\t\t<div class=\"elementor-widget-container\">\n\t\t\t<style>\/*! elementor - v3.23.0 - 05-08-2024 *\/\n.elementor-widget-text-editor.elementor-drop-cap-view-stacked .elementor-drop-cap{background-color:#69727d;color:#fff}.elementor-widget-text-editor.elementor-drop-cap-view-framed .elementor-drop-cap{color:#69727d;border:3px solid;background-color:transparent}.elementor-widget-text-editor:not(.elementor-drop-cap-view-default) .elementor-drop-cap{margin-top:8px}.elementor-widget-text-editor:not(.elementor-drop-cap-view-default) .elementor-drop-cap-letter{width:1em;height:1em}.elementor-widget-text-editor .elementor-drop-cap{float:left;text-align:center;line-height:1;font-size:50px}.elementor-widget-text-editor .elementor-drop-cap-letter{display:inline-block}<\/style>\t\t\t\t<h3><span style=\"color: #ffffff;\">O que \u00e9?<\/span><\/h3>\t\t\t\t\t\t<\/div>\n\t\t\t\t<\/div>\n\t\t\t\t<div class=\"elementor-element elementor-element-d870478 elementor-widget elementor-widget-text-editor\" data-id=\"d870478\" data-element_type=\"widget\" data-widget_type=\"text-editor.default\">\n\t\t\t\t<div class=\"elementor-widget-container\">\n\t\t\t\t\t\t\t<p><span style=\"color: #ffffff;\">O que \u00e9 rejuvenescimento \u00edntimo com radiofrequ\u00eancia?<br \/>Rejuvenescimento \u00edntimo com radiofrequ\u00eancia \u00e9 um nome que vem sendo utilizado para tratamentos na regi\u00e3o da vulva, grandes l\u00e1bios, pequenos l\u00e1bios e vagina, promovendo o aumento da autoestima, pois a t\u00e9cnica melhora os sintomas cl\u00ednicos e atinge bons resultados est\u00e9ticos.<br \/>A Radiofrequencia \u00cdntima visa a corre\u00e7\u00e3o de problemas que podem gerar desconforto, com foco na melhoria da qualidade de vida das mulheres e da sa\u00fade \u00edntima da mulher. <\/span><\/p><h4><span style=\"color: #ffffff;\">Como age:<\/span><\/h4><p><span style=\"color: #ffffff;\">Trata-se de uma t\u00e9cnica que utiliza uma energia eletromagn\u00e9tica para promover um dano t\u00e9rmico controlado, gerando calor no tecido subcut\u00e2neo que induz a produ\u00e7\u00e3o de novas fibras de col\u00e1geno, aumento do t\u00f4nus das fibras antigas al\u00e9m de aumentar a vasculariza\u00e7\u00e3o da regi\u00e3o, melhorando est\u00e9tica e funcionalmente a regi\u00e3o genital feminina.<\/span><br \/><span style=\"color: #ffffff;\">Os sintomas da atrofia genital, causada pela redu\u00e7\u00e3o das taxas hormonais, costumam aparecer em cerca de 60% das mulheres, em m\u00e9dia, 4 anos ap\u00f3s o in\u00edcio da menopausa. A mucosa da vagina fica mais cada vez mais fr\u00e1gil, ressecada, irrit\u00e1vel e com mais facilidade de surgimento de les\u00f5es, ap\u00f3s exposi\u00e7\u00e3o a traumas.<\/span><\/p>\t\t\t\t\t\t<\/div>\n\t\t\t\t<\/div>\n\t\t\t\t\t<\/div>\n\t\t<\/div>\n\t\t\t\t\t<\/div>\n\t\t<\/section>\n\t\t\t\t\t<\/div>\n\t\t<\/div>\n\t\t\t\t\t<\/div>\n\t\t<\/section>\n\t\t\t\t<section class=\"elementor-section elementor-top-section elementor-element elementor-element-23c64f6 elementor-section-stretched elementor-section-boxed elementor-section-height-default elementor-section-height-default\" data-id=\"23c64f6\" data-element_type=\"section\" data-settings=\"{&quot;stretch_section&quot;:&quot;section-stretched&quot;,&quot;background_background&quot;:&quot;classic&quot;}\">\n\t\t\t\t\t\t<div class=\"elementor-container elementor-column-gap-wider\">\n\t\t\t\t\t<div class=\"elementor-column elementor-col-100 elementor-top-column elementor-element elementor-element-536a83c\" data-id=\"536a83c\" data-element_type=\"column\">\n\t\t\t<div class=\"elementor-widget-wrap elementor-element-populated\">\n\t\t\t\t\t\t<section class=\"elementor-section elementor-inner-section elementor-element elementor-element-21d1228 elementor-section-boxed elementor-section-height-default elementor-section-height-default\" data-id=\"21d1228\" data-element_type=\"section\">\n\t\t\t\t\t\t<div class=\"elementor-container elementor-column-gap-default\">\n\t\t\t\t\t<div class=\"elementor-column elementor-col-100 elementor-inner-column elementor-element elementor-element-5128357\" data-id=\"5128357\" data-element_type=\"column\">\n\t\t\t<div class=\"elementor-widget-wrap elementor-element-populated\">\n\t\t\t\t\t\t<div class=\"elementor-element elementor-element-942eadf elementor-widget elementor-widget-text-editor\" data-id=\"942eadf\" data-element_type=\"widget\" data-widget_type=\"text-editor.default\">\n\t\t\t\t<div class=\"elementor-widget-container\">\n\t\t\t\t\t\t\t<h4 style=\"text-align: left;\"><strong>Como \u00e9 o Tratamento?<\/strong><\/h4><p style=\"text-align: left;\">Por meio de aplicadores posicionados na pele da vulva e no interior da vagina, onde s\u00e3o realizados disparos de radiofrequ\u00eancia nos locais a serem \u00a0tratados. O tratamento \u00e9 r\u00e1pido e completamente indolor\u00a0 ou com um desconforto m\u00ednimo.<\/p><p style=\"text-align: left;\">Geralmznte, s\u00e3o necess\u00e1rias 4 sess\u00f5es, uma a cada semana, ap\u00f3s as quais a paciente\u00a0 j\u00e1 apresenta excelentes resultados<\/p><p style=\"text-align: left;\">\u00a0<\/p><h4 style=\"text-align: left;\"><strong>Quais s\u00e3o os benef\u00edcios?<\/strong><\/h4><p style=\"text-align: left;\">Al\u00e9m dos resultados est\u00e9ticos, a t\u00e9cnica auxilia no aumento da lubrifica\u00e7\u00e3o vaginal, diminui\u00e7\u00e3o das dores durante as rela\u00e7\u00f5es sexuais, diminui\u00e7\u00e3o do escape espont\u00e2neo de urina e ajuda no problema da atrofia genital, melhorando o aspecto externo da vulva e dos l\u00e1bios vaginais.<\/p><p style=\"text-align: left;\">\u00a0<\/p><h4 style=\"text-align: left;\"><strong>O que posso Esperar deste Tratamento?<\/strong><\/h4><p style=\"text-align: left;\">A taxa de satisfa\u00e7\u00e3o entre as mulheres \u00e9 de aproximadamente 85% das mulheres.<\/p><p style=\"text-align: left;\">De maneira geral, t\u00eam um resultado excelente para resolu\u00e7\u00e3o destes sintomas, com cerca de 80-90% de melhora.<\/p><p style=\"text-align: left;\">\u00a0<\/p><h4 style=\"text-align: left;\"><strong>Quanto Tempo Duram os Resultados?<\/strong><\/h4><p style=\"text-align: left;\">A necessidade de refazer o tratamento pode surgir de 6 a 18 meses, variando em cada caso individualmente. Podem ser realizadas sess\u00f5es anuais \u00a0de manuten\u00e7\u00e3o, de acordo com a necessidade<\/p><p style=\"text-align: left;\">\u00a0<\/p><h4 style=\"text-align: left;\"><strong>Indica\u00e7\u00f5es:<\/strong><\/h4><ul><li style=\"text-align: left;\">Frouxid\u00e3o vaginal;<\/li><li style=\"text-align: left;\">Ressecamento vaginal;<\/li><li style=\"text-align: left;\">Dor durante as rela\u00e7\u00f5es sexuais (de profundidade e\u00a0vaginismo);<\/li><li style=\"text-align: left;\">Ard\u00eancia ou coceira na vagina;<\/li><li style=\"text-align: left;\">Dor para urinar;<\/li><li style=\"text-align: left;\">Incontin\u00eancia urin\u00e1ria leve;<\/li><li style=\"text-align: left;\">Urg\u00eancia miccional;<\/li><li style=\"text-align: left;\">Pele fina e fr\u00e1gil (atrofia genital);<\/li><li style=\"text-align: left;\">Altera\u00e7\u00f5es de tamanho e estrutura nos pequenos l\u00e1bios;<\/li><li style=\"text-align: left;\">Frouxid\u00e3o vaginal p\u00f3s-parto: Ap\u00f3s o parto ocorrem mudan\u00e7as no corpo da mulher e uma diminui\u00e7\u00e3o relativa do estrog\u00eanio, causando sintomas como a falta de lubrifica\u00e7\u00e3o e a frouxid\u00e3o vaginal;<\/li><li style=\"text-align: left;\">Incontin\u00eancia urin\u00e1ria;<\/li><li style=\"text-align: left;\">Aumento dos grandes l\u00e1bios;<\/li><li style=\"text-align: left;\">Frouxid\u00e3o vaginal P\u00f3s Cirurgia Bari\u00e1trica.<\/li><\/ul>\t\t\t\t\t\t<\/div>\n\t\t\t\t<\/div>\n\t\t\t\t\t<\/div>\n\t\t<\/div>\n\t\t\t\t\t<\/div>\n\t\t<\/section>\n\t\t\t\t\t<\/div>\n\t\t<\/div>\n\t\t\t\t\t<\/div>\n\t\t<\/section>\n\t\t\t\t<section class=\"elementor-section elementor-top-section elementor-element elementor-element-1e396e2 elementor-section-stretched elementor-section-boxed elementor-section-height-default elementor-section-height-default\" data-id=\"1e396e2\" data-element_type=\"section\" data-settings=\"{&quot;stretch_section&quot;:&quot;section-stretched&quot;,&quot;background_background&quot;:&quot;classic&quot;}\">\n\t\t\t\t\t\t<div class=\"elementor-container elementor-column-gap-wider\">\n\t\t\t\t\t<div class=\"elementor-column elementor-col-100 elementor-top-column elementor-element elementor-element-c87c65b\" data-id=\"c87c65b\" data-element_type=\"column\">\n\t\t\t<div class=\"elementor-widget-wrap elementor-element-populated\">\n\t\t\t\t\t\t<div class=\"elementor-element elementor-element-1e20649 elementor-widget elementor-widget-text-editor\" data-id=\"1e20649\" data-element_type=\"widget\" data-widget_type=\"text-editor.default\">\n\t\t\t\t<div class=\"elementor-widget-container\">\n\t\t\t\t\t\t\t<h4><span style=\"color: #ffffff;\"><strong>Quem pode fazer o rejuvenescimento \u00edntimo?<\/strong><\/span><\/h4>\n<p><span style=\"color: #ffffff;\">O rejuvenescimento \u00edntimo pode ser realizado em mulheres de todas as idades.<\/span><\/p>\n<p><span style=\"color: #ffffff;\">&nbsp;Antes de qualquer tipo de tratamento deve existir uma consulta ginecol\u00f3gica, para avaliar se existe indica\u00e7\u00e3o ou contraindica\u00e7\u00e3o para o tratamento.<\/span><\/p>\n<p><\/p>\n<h4><span style=\"color: #ffffff;\"><strong>Pr\u00e9 Tratamento:<\/strong><\/span><\/h4>\n<p><span style=\"color: #ffffff;\">Depila\u00e7\u00e3o entre 3 e 5 dias antes do procedimento;<\/span><\/p>\n<p><span style=\"color: #ffffff;\">N\u00e3o estar menstruada;<\/span><\/p>\n<p><span style=\"color: #ffffff;\">Exame de Papanicolau recente e normal;<\/span><\/p>\n<p><span style=\"color: #ffffff;\">Profilaxia para herperv\u00edrus com medica\u00e7\u00e3o, caso tenha hist\u00f3ria pr\u00e9via de herpes genital.<\/span><\/p>\n<p><span style=\"color: #ffffff;\">P\u00f3s Tratamento:<\/span><\/p>\n<p><span style=\"color: #ffffff;\">Depois do tratamento, a pele pode ficar levemente avermelhada por 2 a 3 horas.<\/span><\/p>\n<p><span style=\"color: #ffffff;\">Ap\u00f3s, a aplica\u00e7\u00e3o \u00e9 praticamente&nbsp; impercept\u00edvel .<\/span><\/p>\n<p><span style=\"color: #ffffff;\">Os resultados surgem a partir de 15 dias da primeira sess\u00e3o.<\/span><\/p>\n<p><\/p>\n<h4><span style=\"color: #ffffff;\"><strong>Contra Indica\u00e7\u00f5es: &nbsp;<\/strong><\/span><\/h4>\n<ul>\n<li><span style=\"color: #ffffff;\">Gravidez;<\/span><\/li>\n<li><span style=\"color: #ffffff;\">Usu\u00e1ria de marcapasso;<\/span><\/li>\n<li><span style=\"color: #ffffff;\">Exame de Papanicolau alterado.<\/span><strong style=\"letter-spacing: 0px;\">&nbsp;<\/strong><\/li><\/ul>\t\t\t\t\t\t<\/div>\n\t\t\t\t<\/div>\n\t\t\t\t\t<\/div>\n\t\t<\/div>\n\t\t\t\t\t<\/div>\n\t\t<\/section>\n\t\t\t\t<section class=\"elementor-section elementor-top-section elementor-element elementor-element-1e1d461 elementor-section-stretched elementor-section-boxed elementor-section-height-default elementor-section-height-default\" data-id=\"1e1d461\" data-element_type=\"section\" data-settings=\"{&quot;stretch_section&quot;:&quot;section-stretched&quot;}\">\n\t\t\t\t\t\t<div class=\"elementor-container elementor-column-gap-wider\">\n\t\t\t\t\t<div class=\"elementor-column elementor-col-100 elementor-top-column elementor-element elementor-element-98eea6e\" data-id=\"98eea6e\" data-element_type=\"column\">\n\t\t\t<div class=\"elementor-widget-wrap elementor-element-populated\">\n\t\t\t\t\t\t<section class=\"elementor-section elementor-inner-section elementor-element elementor-element-8caea67 elementor-section-boxed elementor-section-height-default elementor-section-height-default\" data-id=\"8caea67\" data-element_type=\"section\" data-settings=\"{&quot;background_background&quot;:&quot;classic&quot;}\">\n\t\t\t\t\t\t<div class=\"elementor-container elementor-column-gap-default\">\n\t\t\t\t\t<div class=\"elementor-column elementor-col-100 elementor-inner-column elementor-element elementor-element-7cbc67d\" data-id=\"7cbc67d\" data-element_type=\"column\" data-settings=\"{&quot;background_background&quot;:&quot;classic&quot;}\">\n\t\t\t<div class=\"elementor-widget-wrap elementor-element-populated\">\n\t\t\t\t\t\t<div class=\"elementor-element elementor-element-aa9989b elementor-widget elementor-widget-text-editor\" data-id=\"aa9989b\" data-element_type=\"widget\" data-widget_type=\"text-editor.default\">\n\t\t\t\t<div class=\"elementor-widget-container\">\n\t\t\t\t\t\t\t<h2><b>Contato<\/b><\/h2><div><b>Entre em contato conosco para tirar uma d\u00favida ou agendar uma consulta.<\/b><\/div>\t\t\t\t\t\t<\/div>\n\t\t\t\t<\/div>\n\t\t\t\t<div class=\"elementor-element elementor-element-d89342c elementor-widget elementor-widget-spacer\" data-id=\"d89342c\" data-element_type=\"widget\" data-widget_type=\"spacer.default\">\n\t\t\t\t<div class=\"elementor-widget-container\">\n\t\t\t<style>\/*! elementor - v3.23.0 - 05-08-2024 *\/\n.elementor-column .elementor-spacer-inner{height:var(--spacer-size)}.e-con{--container-widget-width:100%}.e-con-inner>.elementor-widget-spacer,.e-con>.elementor-widget-spacer{width:var(--container-widget-width,var(--spacer-size));--align-self:var(--container-widget-align-self,initial);--flex-shrink:0}.e-con-inner>.elementor-widget-spacer>.elementor-widget-container,.e-con>.elementor-widget-spacer>.elementor-widget-container{height:100%;width:100%}.e-con-inner>.elementor-widget-spacer>.elementor-widget-container>.elementor-spacer,.e-con>.elementor-widget-spacer>.elementor-widget-container>.elementor-spacer{height:100%}.e-con-inner>.elementor-widget-spacer>.elementor-widget-container>.elementor-spacer>.elementor-spacer-inner,.e-con>.elementor-widget-spacer>.elementor-widget-container>.elementor-spacer>.elementor-spacer-inner{height:var(--container-widget-height,var(--spacer-size))}.e-con-inner>.elementor-widget-spacer.elementor-widget-empty,.e-con>.elementor-widget-spacer.elementor-widget-empty{position:relative;min-height:22px;min-width:22px}.e-con-inner>.elementor-widget-spacer.elementor-widget-empty .elementor-widget-empty-icon,.e-con>.elementor-widget-spacer.elementor-widget-empty .elementor-widget-empty-icon{position:absolute;top:0;bottom:0;left:0;right:0;margin:auto;padding:0;width:22px;height:22px}<\/style>\t\t<div class=\"elementor-spacer\">\n\t\t\t<div class=\"elementor-spacer-inner\"><\/div>\n\t\t<\/div>\n\t\t\t\t<\/div>\n\t\t\t\t<\/div>\n\t\t\t\t<div class=\"elementor-element elementor-element-8c37a5d elementor-widget elementor-widget-shortcode\" data-id=\"8c37a5d\" data-element_type=\"widget\" data-widget_type=\"shortcode.default\">\n\t\t\t\t<div class=\"elementor-widget-container\">\n\t\t\t\t\t<div class=\"elementor-shortcode\">\n<div class=\"wpcf7 no-js\" id=\"wpcf7-f112-o1\" lang=\"en-US\" dir=\"ltr\">\n<div class=\"screen-reader-response\"><p role=\"status\" aria-live=\"polite\" aria-atomic=\"true\"><\/p> <ul><\/ul><\/div>\n<form action=\"\/index.php\/wp-json\/wp\/v2\/pages\/1676#wpcf7-f112-o1\" method=\"post\" class=\"wpcf7-form init\" aria-label=\"Contact form\" novalidate=\"novalidate\" data-status=\"init\">\n<div style=\"display: none;\">\n<input type=\"hidden\" name=\"_wpcf7\" value=\"112\" \/>\n<input type=\"hidden\" name=\"_wpcf7_version\" value=\"5.7.7\" \/>\n<input type=\"hidden\" name=\"_wpcf7_locale\" value=\"en_US\" \/>\n<input type=\"hidden\" name=\"_wpcf7_unit_tag\" value=\"wpcf7-f112-o1\" \/>\n<input type=\"hidden\" name=\"_wpcf7_container_post\" value=\"0\" \/>\n<input type=\"hidden\" name=\"_wpcf7_posted_data_hash\" value=\"\" \/>\n<\/div>\n<div class=\"column one-second\">\n\t<p><span class=\"wpcf7-form-control-wrap\" data-name=\"your-name\"><input size=\"40\" class=\"wpcf7-form-control wpcf7-text wpcf7-validates-as-required\" aria-required=\"true\" aria-invalid=\"false\" placeholder=\"Nome\" value=\"\" type=\"text\" name=\"your-name\" \/><\/span>\n\t<\/p>\n<\/div>\n<div class=\"column one-second\">\n\t<p><span class=\"wpcf7-form-control-wrap\" data-name=\"your-phone\"><input size=\"40\" class=\"wpcf7-form-control wpcf7-text wpcf7-tel wpcf7-validates-as-tel\" aria-invalid=\"false\" placeholder=\"Telefone\" value=\"\" type=\"tel\" name=\"your-phone\" \/><\/span>\n\t<\/p>\n<\/div>\n<div class=\"column one\">\n\t<p><span class=\"wpcf7-form-control-wrap\" data-name=\"E-mail\"><input size=\"40\" class=\"wpcf7-form-control wpcf7-text wpcf7-email wpcf7-validates-as-required wpcf7-validates-as-email\" aria-required=\"true\" aria-invalid=\"false\" placeholder=\"E-mail\" value=\"\" type=\"email\" name=\"E-mail\" \/><\/span>\n\t<\/p>\n<\/div>\n<div class=\"column one\">\n\t<p><span class=\"wpcf7-form-control-wrap\" data-name=\"your-message\"><textarea cols=\"40\" rows=\"1\" class=\"wpcf7-form-control wpcf7-textarea\" aria-invalid=\"false\" placeholder=\"Mensagem\" name=\"your-message\"><\/textarea><\/span>\n\t<\/p>\n<\/div>\n<div class=\"column one\" style=\"text-align: center;\">\n\t<p><input class=\"wpcf7-form-control has-spinner wpcf7-submit\" type=\"submit\" value=\"Enviar Mensagem\" \/>\n\t<\/p>\n<\/div><div class=\"wpcf7-response-output\" aria-hidden=\"true\"><\/div>\n<\/form>\n<\/div>\n<\/div>\n\t\t\t\t<\/div>\n\t\t\t\t<\/div>\n\t\t\t\t\t<\/div>\n\t\t<\/div>\n\t\t\t\t\t<\/div>\n\t\t<\/section>\n\t\t\t\t\t<\/div>\n\t\t<\/div>\n\t\t\t\t\t<\/div>\n\t\t<\/section>\n\t\t\t\t<\/div>\n\t\t","protected":false},"excerpt":{"rendered":"<p>O que \u00e9? O que \u00e9 rejuvenescimento \u00edntimo com radiofrequ\u00eancia?Rejuvenescimento \u00edntimo com radiofrequ\u00eancia \u00e9 um nome que vem sendo utilizado para tratamentos na regi\u00e3o da vulva,<span class=\"excerpt-hellip\"> [\u2026]<\/span><\/p>\n","protected":false},"author":1,"featured_media":0,"parent":1638,"menu_order":0,"comment_status":"closed","ping_status":"closed","template":"","meta":{"_joinchat":[]},"_links":{"self":[{"href":"https:\/\/dermacentro.com.br\/index.php\/wp-json\/wp\/v2\/pages\/1676"}],"collection":[{"href":"https:\/\/dermacentro.com.br\/index.php\/wp-json\/wp\/v2\/pages"}],"about":[{"href":"https:\/\/dermacentro.com.br\/index.php\/wp-json\/wp\/v2\/types\/page"}],"author":[{"embeddable":true,"href":"https:\/\/dermacentro.com.br\/index.php\/wp-json\/wp\/v2\/users\/1"}],"replies":[{"embeddable":true,"href":"https:\/\/dermacentro.com.br\/index.php\/wp-json\/wp\/v2\/comments?post=1676"}],"version-history":[{"count":10,"href":"https:\/\/dermacentro.com.br\/index.php\/wp-json\/wp\/v2\/pages\/1676\/revisions"}],"predecessor-version":[{"id":1912,"href":"https:\/\/dermacentro.com.br\/index.php\/wp-json\/wp\/v2\/pages\/1676\/revisions\/1912"}],"up":[{"embeddable":true,"href":"https:\/\/dermacentro.com.br\/index.php\/wp-json\/wp\/v2\/pages\/1638"}],"wp:attachment":[{"href":"https:\/\/dermacentro.com.br\/index.php\/wp-json\/wp\/v2\/media?parent=1676"}],"curies":[{"name":"wp","href":"https:\/\/api.w.org\/{rel}","templated":true}]}}