{"id":1658,"date":"2022-07-11T11:43:15","date_gmt":"2022-07-11T14:43:15","guid":{"rendered":"http:\/\/dermacentro.com.br\/?page_id=1658"},"modified":"2022-08-18T19:44:15","modified_gmt":"2022-08-18T22:44:15","slug":"preenchimento-intimo-com-acido-hialuronico-quatro-pontos-do-prazer","status":"publish","type":"page","link":"https:\/\/dermacentro.com.br\/index.php\/dermatologia-intima\/preenchimento-intimo-com-acido-hialuronico-quatro-pontos-do-prazer\/","title":{"rendered":"Preenchimento \u00cdntimo com \u00c1cido Hialur\u00f4nico: (Quatro Pontos do Prazer)"},"content":{"rendered":"\t\t<div data-elementor-type=\"wp-page\" data-elementor-id=\"1658\" class=\"elementor elementor-1658\">\n\t\t\t\t\t\t<section class=\"elementor-section elementor-top-section elementor-element elementor-element-0c5fb4f elementor-section-stretched elementor-section-boxed elementor-section-height-default elementor-section-height-default\" data-id=\"0c5fb4f\" data-element_type=\"section\" data-settings=\"{&quot;stretch_section&quot;:&quot;section-stretched&quot;,&quot;background_background&quot;:&quot;classic&quot;}\">\n\t\t\t\t\t\t\t<div class=\"elementor-background-overlay\"><\/div>\n\t\t\t\t\t\t\t<div class=\"elementor-container elementor-column-gap-default\">\n\t\t\t\t\t<div class=\"elementor-column elementor-col-100 elementor-top-column elementor-element elementor-element-b33aa50\" data-id=\"b33aa50\" data-element_type=\"column\">\n\t\t\t<div class=\"elementor-widget-wrap elementor-element-populated\">\n\t\t\t\t\t\t\t<\/div>\n\t\t<\/div>\n\t\t\t\t\t<\/div>\n\t\t<\/section>\n\t\t\t\t<section class=\"elementor-section elementor-top-section elementor-element elementor-element-3e41c4a elementor-section-stretched elementor-section-boxed elementor-section-height-default elementor-section-height-default\" data-id=\"3e41c4a\" data-element_type=\"section\" data-settings=\"{&quot;stretch_section&quot;:&quot;section-stretched&quot;,&quot;background_background&quot;:&quot;classic&quot;}\">\n\t\t\t\t\t\t<div class=\"elementor-container elementor-column-gap-wider\">\n\t\t\t\t\t<div class=\"elementor-column elementor-col-100 elementor-top-column elementor-element elementor-element-b382ebe\" data-id=\"b382ebe\" data-element_type=\"column\">\n\t\t\t<div class=\"elementor-widget-wrap elementor-element-populated\">\n\t\t\t\t\t\t<section class=\"elementor-section elementor-inner-section elementor-element elementor-element-a05f91a elementor-section-boxed elementor-section-height-default elementor-section-height-default\" data-id=\"a05f91a\" data-element_type=\"section\">\n\t\t\t\t\t\t<div class=\"elementor-container elementor-column-gap-default\">\n\t\t\t\t\t<div class=\"elementor-column elementor-col-50 elementor-inner-column elementor-element elementor-element-530dd7b\" data-id=\"530dd7b\" data-element_type=\"column\">\n\t\t\t<div class=\"elementor-widget-wrap elementor-element-populated\">\n\t\t\t\t\t\t<div class=\"elementor-element elementor-element-4d5caeb elementor-widget elementor-widget-image\" data-id=\"4d5caeb\" data-element_type=\"widget\" data-widget_type=\"image.default\">\n\t\t\t\t<div class=\"elementor-widget-container\">\n\t\t\t<style>\/*! elementor - v3.23.0 - 05-08-2024 *\/\n.elementor-widget-image{text-align:center}.elementor-widget-image a{display:inline-block}.elementor-widget-image a img[src$=\".svg\"]{width:48px}.elementor-widget-image img{vertical-align:middle;display:inline-block}<\/style>\t\t\t\t\t\t\t\t\t\t<img fetchpriority=\"high\" width=\"1000\" height=\"667\" src=\"https:\/\/dermacentro.com.br\/wp-content\/uploads\/2022\/08\/acido.jpg\" class=\"attachment-full size-full wp-image-2341\" alt=\"\" srcset=\"https:\/\/dermacentro.com.br\/wp-content\/uploads\/2022\/08\/acido.jpg 1000w, https:\/\/dermacentro.com.br\/wp-content\/uploads\/2022\/08\/acido-300x200.jpg 300w, https:\/\/dermacentro.com.br\/wp-content\/uploads\/2022\/08\/acido-768x512.jpg 768w, https:\/\/dermacentro.com.br\/wp-content\/uploads\/2022\/08\/acido-219x146.jpg 219w, https:\/\/dermacentro.com.br\/wp-content\/uploads\/2022\/08\/acido-50x33.jpg 50w, https:\/\/dermacentro.com.br\/wp-content\/uploads\/2022\/08\/acido-112x75.jpg 112w\" sizes=\"(max-width: 1000px) 100vw, 1000px\" \/>\t\t\t\t\t\t\t\t\t\t\t\t\t<\/div>\n\t\t\t\t<\/div>\n\t\t\t\t\t<\/div>\n\t\t<\/div>\n\t\t\t\t<div class=\"elementor-column elementor-col-50 elementor-inner-column elementor-element elementor-element-8599277\" data-id=\"8599277\" data-element_type=\"column\">\n\t\t\t<div class=\"elementor-widget-wrap elementor-element-populated\">\n\t\t\t\t\t\t<div class=\"elementor-element elementor-element-d53fc86 elementor-widget elementor-widget-text-editor\" data-id=\"d53fc86\" data-element_type=\"widget\" data-widget_type=\"text-editor.default\">\n\t\t\t\t<div class=\"elementor-widget-container\">\n\t\t\t<style>\/*! elementor - v3.23.0 - 05-08-2024 *\/\n.elementor-widget-text-editor.elementor-drop-cap-view-stacked .elementor-drop-cap{background-color:#69727d;color:#fff}.elementor-widget-text-editor.elementor-drop-cap-view-framed .elementor-drop-cap{color:#69727d;border:3px solid;background-color:transparent}.elementor-widget-text-editor:not(.elementor-drop-cap-view-default) .elementor-drop-cap{margin-top:8px}.elementor-widget-text-editor:not(.elementor-drop-cap-view-default) .elementor-drop-cap-letter{width:1em;height:1em}.elementor-widget-text-editor .elementor-drop-cap{float:left;text-align:center;line-height:1;font-size:50px}.elementor-widget-text-editor .elementor-drop-cap-letter{display:inline-block}<\/style>\t\t\t\t<h3><span style=\"color: #ffffff;\">O que \u00e9?<\/span><\/h3>\t\t\t\t\t\t<\/div>\n\t\t\t\t<\/div>\n\t\t\t\t<div class=\"elementor-element elementor-element-d870478 elementor-widget elementor-widget-text-editor\" data-id=\"d870478\" data-element_type=\"widget\" data-widget_type=\"text-editor.default\">\n\t\t\t\t<div class=\"elementor-widget-container\">\n\t\t\t\t\t\t\t<p><span style=\"color: #ffffff;\">O processo de envelhecimento \u00e9 igual para todas as partes do corpo humano, mas se torna mais vis\u00edvel na pele, com a perda de elasticidade, vigor, brilho e aumento progressivo da flacidez. Na regi\u00e3o \u00edntima n\u00e3o poderia ser diferente: a absor\u00e7\u00e3o do col\u00e1geno acontece intensamente na vulva e na mucosa vaginal, principalmente no per\u00edodo p\u00f3s-menopausa. A diminui\u00e7\u00e3o da elasticidade, da lubrifica\u00e7\u00e3o, do prazer sexual e a preocupa\u00e7\u00e3o com a est\u00e9tica s\u00e3o os principais motivos que levam as mulheres ao consult\u00f3rio em busca de tratamentos para rejuvenescimento \u00edntimo.<\/span><\/p>\n<p><span style=\"color: #ffffff;\"> O preenchimento de vulva \u00e9 um procedimento que melhora a apar\u00eancia e a flacidez dos grandes l\u00e1bios, a partir da aplica\u00e7\u00e3o de preenchedores de \u00e1cido hialur\u00f4nico, com o objetivo de restaurar o volume perdido com o envelhecimento al\u00e9m da estimula\u00e7\u00e3o de col\u00e1geno contribui para redu\u00e7\u00e3o da flacidez e defini\u00e7\u00e3o do contorno da regi\u00e3o.<\/span><\/p>\n<p><span style=\"color: #ffffff;\">A flacidez vaginal \u00e9 resultado n\u00e3o apenas da perda de col\u00e1geno mas tamb\u00e9m da redu\u00e7\u00e3o de volume da pele e da camada de gordura que preenche os grandes l\u00e1bios. O preenchimento vaginal estimula o crescimento de um novo tecido rico em col\u00e1geno colaborando para sustenta\u00e7\u00e3o e contribuindo para uma pele hidratada e macia.<\/span><\/p>\n<p><span style=\"color: #ffffff;\">Muitas vezes, uma pequena corre\u00e7\u00e3o promove mudan\u00e7as substanciais na vida da paciente, renovando sua autoestima, aumentando sua auto-confian\u00e7a e ampliando sua satisfa\u00e7\u00e3o sexual.<br \/><\/span><\/p>\t\t\t\t\t\t<\/div>\n\t\t\t\t<\/div>\n\t\t\t\t\t<\/div>\n\t\t<\/div>\n\t\t\t\t\t<\/div>\n\t\t<\/section>\n\t\t\t\t\t<\/div>\n\t\t<\/div>\n\t\t\t\t\t<\/div>\n\t\t<\/section>\n\t\t\t\t<section class=\"elementor-section elementor-top-section elementor-element elementor-element-23c64f6 elementor-section-stretched elementor-section-boxed elementor-section-height-default elementor-section-height-default\" data-id=\"23c64f6\" data-element_type=\"section\" data-settings=\"{&quot;stretch_section&quot;:&quot;section-stretched&quot;,&quot;background_background&quot;:&quot;classic&quot;}\">\n\t\t\t\t\t\t<div class=\"elementor-container elementor-column-gap-wider\">\n\t\t\t\t\t<div class=\"elementor-column elementor-col-100 elementor-top-column elementor-element elementor-element-536a83c\" data-id=\"536a83c\" data-element_type=\"column\">\n\t\t\t<div class=\"elementor-widget-wrap elementor-element-populated\">\n\t\t\t\t\t\t<section class=\"elementor-section elementor-inner-section elementor-element elementor-element-21d1228 elementor-section-boxed elementor-section-height-default elementor-section-height-default\" data-id=\"21d1228\" data-element_type=\"section\">\n\t\t\t\t\t\t<div class=\"elementor-container elementor-column-gap-default\">\n\t\t\t\t\t<div class=\"elementor-column elementor-col-100 elementor-inner-column elementor-element elementor-element-5128357\" data-id=\"5128357\" data-element_type=\"column\">\n\t\t\t<div class=\"elementor-widget-wrap elementor-element-populated\">\n\t\t\t\t\t\t<div class=\"elementor-element elementor-element-942eadf elementor-widget elementor-widget-text-editor\" data-id=\"942eadf\" data-element_type=\"widget\" data-widget_type=\"text-editor.default\">\n\t\t\t\t<div class=\"elementor-widget-container\">\n\t\t\t\t\t\t\t<h4 style=\"text-align: left;\">O que \u00e9 o \u00c1cido Hialuronico?<\/h4>\n<p style=\"text-align: left;\">\u00c9 um componente natural da pele humana, formando o gel que comp\u00f5e a estrutura na qual est\u00e3o imersas as fibras de col\u00e1geno que conferem elasticidade e sustenta\u00e7\u00e3o para nossa pele.<\/p>\n<p style=\"text-align: left;\">Pol\u00edmeros do \u00e1cido hialuronico produzidos em laborat\u00f3rio por processo de biotecnologia s\u00e3o estruturalmente id\u00eanticos ao produzido por n\u00f3s, n\u00e3o sendo\u00a0reconhecidos como estranhos pelo nosso sistema imunol\u00f3gico.<\/p>\n<p style=\"text-align: left;\">Sendo assim, \u00e9 totalmente biocompat\u00edvel, portanto, extremamente seguro.\u00a0<\/p>\n<p style=\"text-align: left;\">Excelente op\u00e7\u00e3o de tratamento dado ao seu baixo risco de complica\u00e7\u00f5es e durabilidade m\u00e9dia.\u00a0\u00a0<\/p>\n<p style=\"text-align: left;\">Atualmente, encontramos apresenta\u00e7\u00f5es em diversas densidades e em diferentes tamanhos de part\u00edculas, destinando-se ao tratamento de diferentes regi\u00f5es e finalidades.<\/p>\n<p style=\"text-align: left;\">\u00a0<\/p>\n<h4 style=\"text-align: left;\"><strong>Indica\u00e7\u00f5es:<\/strong><\/h4>\n<ul>\n<li style=\"text-align: left;\">Perda de volume dos grandes l\u00e1bios.<\/li>\n<li style=\"text-align: left;\">Flacidez dos grandes l\u00e1bios.<\/li>\n<li style=\"text-align: left;\">Frouxid\u00e3o dos grandes l\u00e1bios.<\/li>\n<li style=\"text-align: left;\">Corre\u00e7\u00e3o de assimetria dos grandes l\u00e1bios.<\/li>\n<li style=\"text-align: left;\">Para melhora est\u00e9tica na regi\u00e3o \u00edntima<\/li>\n<li style=\"text-align: left;\">Rejuvenescimento \u00edntimo.<\/li>\n<li style=\"text-align: left;\">Aumento da satisfa\u00e7\u00e3o sexual.<\/li>\n<\/ul>\n<p style=\"text-align: left;\">\u00a0<\/p>\n<h4 style=\"text-align: left;\"><strong>\u00a0Como \u00e9 o Procedimento?<\/strong><\/h4>\n<p style=\"text-align: left;\">O preenchimento com \u00e1cido hialur\u00f4nico \u00e9 feito em quatro pontos espec\u00edficos para aumentar a libido, deixar o canal vaginal mais fechado e bonito.<\/p>\n<p style=\"text-align: left;\">\u00a0A aplica\u00e7\u00e3o \u00e9 realizada no consult\u00f3rio apenas com anestesia t\u00f3pica e compressas de gelo. \u00a0<\/p>\n<p style=\"text-align: left;\">Pode ser realizado na cl\u00ednica dermatol\u00f3gica. \u00c9 um procedimento r\u00e1pido e n\u00e3o invasivo.<\/p>\n<p style=\"text-align: left;\">Deve ser aplicada por meio de agulha e o procedimento feito por um m\u00e9dico, seja o ginecologista ou o dermatologista.<\/p>\n<p style=\"text-align: left;\">\u00a0<\/p>\n<p style=\"text-align: left;\">O procedimento \u00e9 realizado\u00a0no pr\u00f3prio consult\u00f3rio m\u00e9dico com anestesia local utilizando agulhas sem ponta chamadas\u00a0microc\u00e2nulas, que preservam a integridade dos tecidos\u00a0e\u00a0vasos sangu\u00edneos\u00a0reduzindo as chances de hematomas e\u00a0equimoses.\u00a0A c\u00e2nula\u00a0ir\u00e1 ajudar a distribuir o implante uniformemente em ambos os lados, que ser\u00e3o em seguida massageados pelo m\u00e9dico para melhor defini\u00e7\u00e3o do contorno.\u00a0O produto implantado serve de pilar para o desenvolvimento de um novo tecido rico em col\u00e1geno, o que ajuda na redu\u00e7\u00e3o da flacidez vaginal e contribui para hidrata\u00e7\u00e3o e maciez.\u00a0<\/p>\n<p style=\"text-align: left;\">O tratamento tem como finalidade est\u00e9tica repor o volume absorvido e estimular o col\u00e1geno.<\/p>\n<p style=\"text-align: left;\">A subst\u00e2ncia utilizada mais comum hoje em dia \u00e9 o \u00e1cido hialur\u00f4nico, que \u00e9 biocompat\u00edvel.<\/p>\n<p style=\"text-align: left;\">O procedimento n\u00e3o \u00e9 invasivo e \u00e9 praticamente indolor, devido ao uso de anest\u00e9sicos. Ele deve ser realizado em um consult\u00f3rio devidamente equipado e ministrado por um m\u00e9dico especialista na \u00e1rea.<\/p>\n<p style=\"text-align: left;\">Pelo fato do \u00e1cido hialur\u00f4nico ser uma subst\u00e2ncia produzida pelo pr\u00f3prio corpo humano, essa \u00e9 uma t\u00e9cnica muito segura e moderna contra os sinais do envelhecimento.<\/p>\n<p style=\"text-align: left;\">O preenchimento visa refor\u00e7ar esta subst\u00e2ncia no local injetado, proporcionando uma sustenta\u00e7\u00e3o e aumento do volume, al\u00e9m de maior hidrata\u00e7\u00e3o e beleza da pele por conta do est\u00edmulo da forma\u00e7\u00e3o de col\u00e1geno.<\/p>\n<p style=\"text-align: left;\">Vale ressaltar que como todo procedimento, cada caso deve passar por uma consulta m\u00e9dica individual, para que seja poss\u00edvel compreender as queixas, necessidades e indica\u00e7\u00f5es de cada paciente.<\/p>\t\t\t\t\t\t<\/div>\n\t\t\t\t<\/div>\n\t\t\t\t\t<\/div>\n\t\t<\/div>\n\t\t\t\t\t<\/div>\n\t\t<\/section>\n\t\t\t\t\t<\/div>\n\t\t<\/div>\n\t\t\t\t\t<\/div>\n\t\t<\/section>\n\t\t\t\t<section class=\"elementor-section elementor-top-section elementor-element elementor-element-1e396e2 elementor-section-stretched elementor-section-boxed elementor-section-height-default elementor-section-height-default\" data-id=\"1e396e2\" data-element_type=\"section\" data-settings=\"{&quot;stretch_section&quot;:&quot;section-stretched&quot;,&quot;background_background&quot;:&quot;classic&quot;}\">\n\t\t\t\t\t\t<div class=\"elementor-container elementor-column-gap-wider\">\n\t\t\t\t\t<div class=\"elementor-column elementor-col-100 elementor-top-column elementor-element elementor-element-c87c65b\" data-id=\"c87c65b\" data-element_type=\"column\">\n\t\t\t<div class=\"elementor-widget-wrap elementor-element-populated\">\n\t\t\t\t\t\t<div class=\"elementor-element elementor-element-1e20649 elementor-widget elementor-widget-text-editor\" data-id=\"1e20649\" data-element_type=\"widget\" data-widget_type=\"text-editor.default\">\n\t\t\t\t<div class=\"elementor-widget-container\">\n\t\t\t\t\t\t\t<h4><span style=\"color: #ffffff;\"><strong>Como \u00e9 o P\u00f3s-Procedimento?<\/strong><\/span><\/h4>\n<p><span style=\"color: #ffffff;\">O retorno as atividades \u00e9 imediato.<\/span><\/p>\n<p><span style=\"color: #ffffff;\">Depois do procedimento, recomenda-se evitar a\u00a0atividade sexual por uma semana\u00a0e massagear o local por dois ou tr\u00eas minutos, pelo menos quatro vezes por dia\u00a0nas primeiras 72 horas para um efeito mais uniforme.\u00a0<\/span><\/p>\n<p><span style=\"color: #ffffff;\">A consulta de revis\u00e3o costuma ser agendada\u00a0dentro de 60 dias para acompanhamento, quando poder\u00e1 ser realizada complementa\u00e7\u00e3o se necess\u00e1rio. \u00a0<\/span><\/p>\n<p>\u00a0<\/p>\n<h4><span style=\"color: #ffffff;\"><strong>Quanto tempo dura o Procedimento?<\/strong><\/span><\/h4>\n<p><span style=\"color: #ffffff;\">\u00a0A dura\u00e7\u00e3o m\u00e9dia de 12 a 18 meses.<\/span><\/p>\n<p><span style=\"color: #ffffff;\">O efeito pode durar at\u00e9 cerca de dois anos.<\/span><\/p>\n<p><span style=\"color: #ffffff;\">Ap\u00f3s este per\u00edodo, \u00e9 necess\u00e1ria nova aplica\u00e7\u00e3o para manuten\u00e7\u00e3o dos resultados.<\/span><\/p>\t\t\t\t\t\t<\/div>\n\t\t\t\t<\/div>\n\t\t\t\t\t<\/div>\n\t\t<\/div>\n\t\t\t\t\t<\/div>\n\t\t<\/section>\n\t\t\t\t<section class=\"elementor-section elementor-top-section elementor-element elementor-element-1e1d461 elementor-section-stretched elementor-section-boxed elementor-section-height-default elementor-section-height-default\" data-id=\"1e1d461\" data-element_type=\"section\" data-settings=\"{&quot;stretch_section&quot;:&quot;section-stretched&quot;}\">\n\t\t\t\t\t\t<div class=\"elementor-container elementor-column-gap-wider\">\n\t\t\t\t\t<div class=\"elementor-column elementor-col-100 elementor-top-column elementor-element elementor-element-98eea6e\" data-id=\"98eea6e\" data-element_type=\"column\">\n\t\t\t<div class=\"elementor-widget-wrap elementor-element-populated\">\n\t\t\t\t\t\t<section class=\"elementor-section elementor-inner-section elementor-element elementor-element-8caea67 elementor-section-boxed elementor-section-height-default elementor-section-height-default\" data-id=\"8caea67\" data-element_type=\"section\" data-settings=\"{&quot;background_background&quot;:&quot;classic&quot;}\">\n\t\t\t\t\t\t<div class=\"elementor-container elementor-column-gap-default\">\n\t\t\t\t\t<div class=\"elementor-column elementor-col-100 elementor-inner-column elementor-element elementor-element-7cbc67d\" data-id=\"7cbc67d\" data-element_type=\"column\" data-settings=\"{&quot;background_background&quot;:&quot;classic&quot;}\">\n\t\t\t<div class=\"elementor-widget-wrap elementor-element-populated\">\n\t\t\t\t\t\t<div class=\"elementor-element elementor-element-aa9989b elementor-widget elementor-widget-text-editor\" data-id=\"aa9989b\" data-element_type=\"widget\" data-widget_type=\"text-editor.default\">\n\t\t\t\t<div class=\"elementor-widget-container\">\n\t\t\t\t\t\t\t<h2><b>Contato<\/b><\/h2><div><b>Entre em contato conosco para tirar uma d\u00favida ou agendar uma consulta.<\/b><\/div>\t\t\t\t\t\t<\/div>\n\t\t\t\t<\/div>\n\t\t\t\t<div class=\"elementor-element elementor-element-d89342c elementor-widget elementor-widget-spacer\" data-id=\"d89342c\" data-element_type=\"widget\" data-widget_type=\"spacer.default\">\n\t\t\t\t<div class=\"elementor-widget-container\">\n\t\t\t<style>\/*! elementor - v3.23.0 - 05-08-2024 *\/\n.elementor-column .elementor-spacer-inner{height:var(--spacer-size)}.e-con{--container-widget-width:100%}.e-con-inner>.elementor-widget-spacer,.e-con>.elementor-widget-spacer{width:var(--container-widget-width,var(--spacer-size));--align-self:var(--container-widget-align-self,initial);--flex-shrink:0}.e-con-inner>.elementor-widget-spacer>.elementor-widget-container,.e-con>.elementor-widget-spacer>.elementor-widget-container{height:100%;width:100%}.e-con-inner>.elementor-widget-spacer>.elementor-widget-container>.elementor-spacer,.e-con>.elementor-widget-spacer>.elementor-widget-container>.elementor-spacer{height:100%}.e-con-inner>.elementor-widget-spacer>.elementor-widget-container>.elementor-spacer>.elementor-spacer-inner,.e-con>.elementor-widget-spacer>.elementor-widget-container>.elementor-spacer>.elementor-spacer-inner{height:var(--container-widget-height,var(--spacer-size))}.e-con-inner>.elementor-widget-spacer.elementor-widget-empty,.e-con>.elementor-widget-spacer.elementor-widget-empty{position:relative;min-height:22px;min-width:22px}.e-con-inner>.elementor-widget-spacer.elementor-widget-empty .elementor-widget-empty-icon,.e-con>.elementor-widget-spacer.elementor-widget-empty .elementor-widget-empty-icon{position:absolute;top:0;bottom:0;left:0;right:0;margin:auto;padding:0;width:22px;height:22px}<\/style>\t\t<div class=\"elementor-spacer\">\n\t\t\t<div class=\"elementor-spacer-inner\"><\/div>\n\t\t<\/div>\n\t\t\t\t<\/div>\n\t\t\t\t<\/div>\n\t\t\t\t<div class=\"elementor-element elementor-element-8c37a5d elementor-widget elementor-widget-shortcode\" data-id=\"8c37a5d\" data-element_type=\"widget\" data-widget_type=\"shortcode.default\">\n\t\t\t\t<div class=\"elementor-widget-container\">\n\t\t\t\t\t<div class=\"elementor-shortcode\">\n<div class=\"wpcf7 no-js\" id=\"wpcf7-f112-o1\" lang=\"en-US\" dir=\"ltr\">\n<div class=\"screen-reader-response\"><p role=\"status\" aria-live=\"polite\" aria-atomic=\"true\"><\/p> <ul><\/ul><\/div>\n<form action=\"\/index.php\/wp-json\/wp\/v2\/pages\/1658#wpcf7-f112-o1\" method=\"post\" class=\"wpcf7-form init\" aria-label=\"Contact form\" novalidate=\"novalidate\" data-status=\"init\">\n<div style=\"display: none;\">\n<input type=\"hidden\" name=\"_wpcf7\" value=\"112\" \/>\n<input type=\"hidden\" name=\"_wpcf7_version\" value=\"5.7.7\" \/>\n<input type=\"hidden\" name=\"_wpcf7_locale\" value=\"en_US\" \/>\n<input type=\"hidden\" name=\"_wpcf7_unit_tag\" value=\"wpcf7-f112-o1\" \/>\n<input type=\"hidden\" name=\"_wpcf7_container_post\" value=\"0\" \/>\n<input type=\"hidden\" name=\"_wpcf7_posted_data_hash\" value=\"\" \/>\n<\/div>\n<div class=\"column one-second\">\n\t<p><span class=\"wpcf7-form-control-wrap\" data-name=\"your-name\"><input size=\"40\" class=\"wpcf7-form-control wpcf7-text wpcf7-validates-as-required\" aria-required=\"true\" aria-invalid=\"false\" placeholder=\"Nome\" value=\"\" type=\"text\" name=\"your-name\" \/><\/span>\n\t<\/p>\n<\/div>\n<div class=\"column one-second\">\n\t<p><span class=\"wpcf7-form-control-wrap\" data-name=\"your-phone\"><input size=\"40\" class=\"wpcf7-form-control wpcf7-text wpcf7-tel wpcf7-validates-as-tel\" aria-invalid=\"false\" placeholder=\"Telefone\" value=\"\" type=\"tel\" name=\"your-phone\" \/><\/span>\n\t<\/p>\n<\/div>\n<div class=\"column one\">\n\t<p><span class=\"wpcf7-form-control-wrap\" data-name=\"E-mail\"><input size=\"40\" class=\"wpcf7-form-control wpcf7-text wpcf7-email wpcf7-validates-as-required wpcf7-validates-as-email\" aria-required=\"true\" aria-invalid=\"false\" placeholder=\"E-mail\" value=\"\" type=\"email\" name=\"E-mail\" \/><\/span>\n\t<\/p>\n<\/div>\n<div class=\"column one\">\n\t<p><span class=\"wpcf7-form-control-wrap\" data-name=\"your-message\"><textarea cols=\"40\" rows=\"1\" class=\"wpcf7-form-control wpcf7-textarea\" aria-invalid=\"false\" placeholder=\"Mensagem\" name=\"your-message\"><\/textarea><\/span>\n\t<\/p>\n<\/div>\n<div class=\"column one\" style=\"text-align: center;\">\n\t<p><input class=\"wpcf7-form-control has-spinner wpcf7-submit\" type=\"submit\" value=\"Enviar Mensagem\" \/>\n\t<\/p>\n<\/div><div class=\"wpcf7-response-output\" aria-hidden=\"true\"><\/div>\n<\/form>\n<\/div>\n<\/div>\n\t\t\t\t<\/div>\n\t\t\t\t<\/div>\n\t\t\t\t\t<\/div>\n\t\t<\/div>\n\t\t\t\t\t<\/div>\n\t\t<\/section>\n\t\t\t\t\t<\/div>\n\t\t<\/div>\n\t\t\t\t\t<\/div>\n\t\t<\/section>\n\t\t\t\t<\/div>\n\t\t","protected":false},"excerpt":{"rendered":"<p>O que \u00e9? O processo de envelhecimento \u00e9 igual para todas as partes do corpo humano, mas se torna mais vis\u00edvel na pele, com a perda<span class=\"excerpt-hellip\"> [\u2026]<\/span><\/p>\n","protected":false},"author":1,"featured_media":0,"parent":1638,"menu_order":0,"comment_status":"closed","ping_status":"closed","template":"","meta":{"_joinchat":[]},"_links":{"self":[{"href":"https:\/\/dermacentro.com.br\/index.php\/wp-json\/wp\/v2\/pages\/1658"}],"collection":[{"href":"https:\/\/dermacentro.com.br\/index.php\/wp-json\/wp\/v2\/pages"}],"about":[{"href":"https:\/\/dermacentro.com.br\/index.php\/wp-json\/wp\/v2\/types\/page"}],"author":[{"embeddable":true,"href":"https:\/\/dermacentro.com.br\/index.php\/wp-json\/wp\/v2\/users\/1"}],"replies":[{"embeddable":true,"href":"https:\/\/dermacentro.com.br\/index.php\/wp-json\/wp\/v2\/comments?post=1658"}],"version-history":[{"count":13,"href":"https:\/\/dermacentro.com.br\/index.php\/wp-json\/wp\/v2\/pages\/1658\/revisions"}],"predecessor-version":[{"id":2348,"href":"https:\/\/dermacentro.com.br\/index.php\/wp-json\/wp\/v2\/pages\/1658\/revisions\/2348"}],"up":[{"embeddable":true,"href":"https:\/\/dermacentro.com.br\/index.php\/wp-json\/wp\/v2\/pages\/1638"}],"wp:attachment":[{"href":"https:\/\/dermacentro.com.br\/index.php\/wp-json\/wp\/v2\/media?parent=1658"}],"curies":[{"name":"wp","href":"https:\/\/api.w.org\/{rel}","templated":true}]}}