{"id":1086,"date":"2022-04-19T18:19:20","date_gmt":"2022-04-19T21:19:20","guid":{"rendered":"http:\/\/dermacentro.com.br\/?page_id=1086"},"modified":"2022-08-18T20:11:01","modified_gmt":"2022-08-18T23:11:01","slug":"laser-ablativo-fracionado","status":"publish","type":"page","link":"https:\/\/dermacentro.com.br\/index.php\/tratamentos-faciais\/laser-ablativo-fracionado\/","title":{"rendered":"Laser Ablativo Fracionado"},"content":{"rendered":"\t\t<div data-elementor-type=\"wp-page\" data-elementor-id=\"1086\" class=\"elementor elementor-1086\">\n\t\t\t\t\t\t<section class=\"elementor-section elementor-top-section elementor-element elementor-element-0c5fb4f elementor-section-stretched elementor-section-boxed elementor-section-height-default elementor-section-height-default\" data-id=\"0c5fb4f\" data-element_type=\"section\" data-settings=\"{&quot;stretch_section&quot;:&quot;section-stretched&quot;,&quot;background_background&quot;:&quot;classic&quot;}\">\n\t\t\t\t\t\t\t<div class=\"elementor-background-overlay\"><\/div>\n\t\t\t\t\t\t\t<div class=\"elementor-container elementor-column-gap-default\">\n\t\t\t\t\t<div class=\"elementor-column elementor-col-100 elementor-top-column elementor-element elementor-element-b33aa50\" data-id=\"b33aa50\" data-element_type=\"column\">\n\t\t\t<div class=\"elementor-widget-wrap elementor-element-populated\">\n\t\t\t\t\t\t\t<\/div>\n\t\t<\/div>\n\t\t\t\t\t<\/div>\n\t\t<\/section>\n\t\t\t\t<section class=\"elementor-section elementor-top-section elementor-element elementor-element-3e41c4a elementor-section-stretched elementor-section-boxed elementor-section-height-default elementor-section-height-default\" data-id=\"3e41c4a\" data-element_type=\"section\" data-settings=\"{&quot;stretch_section&quot;:&quot;section-stretched&quot;,&quot;background_background&quot;:&quot;classic&quot;}\">\n\t\t\t\t\t\t<div class=\"elementor-container elementor-column-gap-wider\">\n\t\t\t\t\t<div class=\"elementor-column elementor-col-100 elementor-top-column elementor-element elementor-element-b382ebe\" data-id=\"b382ebe\" data-element_type=\"column\">\n\t\t\t<div class=\"elementor-widget-wrap elementor-element-populated\">\n\t\t\t\t\t\t<section class=\"elementor-section elementor-inner-section elementor-element elementor-element-a05f91a elementor-section-boxed elementor-section-height-default elementor-section-height-default\" data-id=\"a05f91a\" data-element_type=\"section\">\n\t\t\t\t\t\t<div class=\"elementor-container elementor-column-gap-default\">\n\t\t\t\t\t<div class=\"elementor-column elementor-col-50 elementor-inner-column elementor-element elementor-element-530dd7b\" data-id=\"530dd7b\" data-element_type=\"column\">\n\t\t\t<div class=\"elementor-widget-wrap elementor-element-populated\">\n\t\t\t\t\t\t<div class=\"elementor-element elementor-element-4d5caeb elementor-widget elementor-widget-image\" data-id=\"4d5caeb\" data-element_type=\"widget\" data-widget_type=\"image.default\">\n\t\t\t\t<div class=\"elementor-widget-container\">\n\t\t\t<style>\/*! elementor - v3.23.0 - 05-08-2024 *\/\n.elementor-widget-image{text-align:center}.elementor-widget-image a{display:inline-block}.elementor-widget-image a img[src$=\".svg\"]{width:48px}.elementor-widget-image img{vertical-align:middle;display:inline-block}<\/style>\t\t\t\t\t\t\t\t\t\t<img fetchpriority=\"high\" width=\"1000\" height=\"667\" src=\"https:\/\/dermacentro.com.br\/wp-content\/uploads\/2022\/08\/laserablativo.webp\" class=\"attachment-full size-full wp-image-2394\" alt=\"\" srcset=\"https:\/\/dermacentro.com.br\/wp-content\/uploads\/2022\/08\/laserablativo.webp 1000w, https:\/\/dermacentro.com.br\/wp-content\/uploads\/2022\/08\/laserablativo-300x200.webp 300w, https:\/\/dermacentro.com.br\/wp-content\/uploads\/2022\/08\/laserablativo-768x512.webp 768w, https:\/\/dermacentro.com.br\/wp-content\/uploads\/2022\/08\/laserablativo-219x146.webp 219w, https:\/\/dermacentro.com.br\/wp-content\/uploads\/2022\/08\/laserablativo-50x33.webp 50w, https:\/\/dermacentro.com.br\/wp-content\/uploads\/2022\/08\/laserablativo-112x75.webp 112w\" sizes=\"(max-width: 1000px) 100vw, 1000px\" \/>\t\t\t\t\t\t\t\t\t\t\t\t\t<\/div>\n\t\t\t\t<\/div>\n\t\t\t\t\t<\/div>\n\t\t<\/div>\n\t\t\t\t<div class=\"elementor-column elementor-col-50 elementor-inner-column elementor-element elementor-element-8599277\" data-id=\"8599277\" data-element_type=\"column\">\n\t\t\t<div class=\"elementor-widget-wrap elementor-element-populated\">\n\t\t\t\t\t\t<div class=\"elementor-element elementor-element-d53fc86 elementor-widget elementor-widget-text-editor\" data-id=\"d53fc86\" data-element_type=\"widget\" data-widget_type=\"text-editor.default\">\n\t\t\t\t<div class=\"elementor-widget-container\">\n\t\t\t<style>\/*! elementor - v3.23.0 - 05-08-2024 *\/\n.elementor-widget-text-editor.elementor-drop-cap-view-stacked .elementor-drop-cap{background-color:#69727d;color:#fff}.elementor-widget-text-editor.elementor-drop-cap-view-framed .elementor-drop-cap{color:#69727d;border:3px solid;background-color:transparent}.elementor-widget-text-editor:not(.elementor-drop-cap-view-default) .elementor-drop-cap{margin-top:8px}.elementor-widget-text-editor:not(.elementor-drop-cap-view-default) .elementor-drop-cap-letter{width:1em;height:1em}.elementor-widget-text-editor .elementor-drop-cap{float:left;text-align:center;line-height:1;font-size:50px}.elementor-widget-text-editor .elementor-drop-cap-letter{display:inline-block}<\/style>\t\t\t\t<h3><span style=\"color: #ffffff;\">O que \u00e9?<\/span><\/h3>\t\t\t\t\t\t<\/div>\n\t\t\t\t<\/div>\n\t\t\t\t<div class=\"elementor-element elementor-element-444a6ba elementor-widget elementor-widget-text-editor\" data-id=\"444a6ba\" data-element_type=\"widget\" data-widget_type=\"text-editor.default\">\n\t\t\t\t<div class=\"elementor-widget-container\">\n\t\t\t\t\t\t\t<p>O objetivo da t\u00e9cnica de resurfacing \u00e9 substituir a pele envelhecida por uma nova, revitalizada.<\/p><p>O laser subablativo j\u00e1 se comprovou como o tipo de equipamento que oferece resultados efetivos no rejuvenescimento e no tratamento de remodela\u00e7\u00e3o da pele envelhecida ou com cicatrizes ou estrias atr\u00f3ficas,sem que a sess\u00e3o seja extremamente desagrad\u00e1vel e sem que haja um tempo de recupera\u00e7\u00e3o prolongado e inconveniente, permitindo que o paciente retorne muito mais breve \u00e0s suas atividades normais.<\/p><p>O tratamento pode ser realizado com diferentes gradua\u00e7\u00f5es em sua intensidade permitindo que se fa\u00e7a um resurfacing mais ou menos intenso, em sess\u00f5es \u00fanicas ou m\u00faltiplas dependendo do grau de comprometimento da pele e da conveni\u00eancia do paciente que se submete ao tratamento.<\/p><p>A regra geral \u00e9: Quanto maior a energia do laser, maiores os danos t\u00e9rmicos \u00e0 pele e melhores os resultados finais alcan\u00e7ados.<\/p><h4><span style=\"color: #ffffff;\">Como Age:<\/span><\/h4><p>Baseia-se na emiss\u00e3o de milhares de microfeixes de luz que tem grande afinidade pela \u00e1gua presente na pele, causando seu aquecimento r\u00e1pido e a cria\u00e7\u00e3o de zonas de necrose t\u00e9rmica em colunas, criando microzonas de les\u00e3o, entretanto mantendo praticamente intacta a superf\u00edcie da pele, entremeadas\u00a0por colunas de pele intacta que cont\u00e9m c\u00e9lulas com capacidade de promover a r\u00e1pida cura, encurtando o tempo de recupera\u00e7\u00e3o.\u00a0<\/p><p>\u00a0A energia que \u00e9 emitida pelo LASER em colunas, al\u00e9m de agir diretamente sobre a pele envelhecida se propaga lateralmente e leva ao aquecimento das\u00a0camadas mais profundas da pele levando a um est\u00edmulo na produ\u00e7\u00e3o, remodela\u00e7\u00e3o e contra\u00e7\u00e3o do col\u00e1geno, aumento da densidade das fibras el\u00e1sticas e de\u00a0elastina, melhorando a elasticidade, resist\u00eancia e firmeza da pele, clareamento da cor com redu\u00e7\u00e3o significativa das manchas, diminui\u00e7\u00e3o da flacidez,\u00a0suaviza\u00e7\u00e3o da textura, alisamento da e evidente efeito lifting.<\/p>\t\t\t\t\t\t<\/div>\n\t\t\t\t<\/div>\n\t\t\t\t\t<\/div>\n\t\t<\/div>\n\t\t\t\t\t<\/div>\n\t\t<\/section>\n\t\t\t\t\t<\/div>\n\t\t<\/div>\n\t\t\t\t\t<\/div>\n\t\t<\/section>\n\t\t\t\t<section class=\"elementor-section elementor-top-section elementor-element elementor-element-23c64f6 elementor-section-stretched elementor-section-boxed elementor-section-height-default elementor-section-height-default\" data-id=\"23c64f6\" data-element_type=\"section\" data-settings=\"{&quot;stretch_section&quot;:&quot;section-stretched&quot;,&quot;background_background&quot;:&quot;classic&quot;}\">\n\t\t\t\t\t\t<div class=\"elementor-container elementor-column-gap-wider\">\n\t\t\t\t\t<div class=\"elementor-column elementor-col-100 elementor-top-column elementor-element elementor-element-536a83c\" data-id=\"536a83c\" data-element_type=\"column\">\n\t\t\t<div class=\"elementor-widget-wrap elementor-element-populated\">\n\t\t\t\t\t\t<section class=\"elementor-section elementor-inner-section elementor-element elementor-element-21d1228 elementor-section-boxed elementor-section-height-default elementor-section-height-default\" data-id=\"21d1228\" data-element_type=\"section\">\n\t\t\t\t\t\t<div class=\"elementor-container elementor-column-gap-default\">\n\t\t\t\t\t<div class=\"elementor-column elementor-col-100 elementor-inner-column elementor-element elementor-element-5128357\" data-id=\"5128357\" data-element_type=\"column\">\n\t\t\t<div class=\"elementor-widget-wrap elementor-element-populated\">\n\t\t\t\t\t\t<div class=\"elementor-element elementor-element-942eadf elementor-widget elementor-widget-text-editor\" data-id=\"942eadf\" data-element_type=\"widget\" data-widget_type=\"text-editor.default\">\n\t\t\t\t<div class=\"elementor-widget-container\">\n\t\t\t\t\t\t\t<p style=\"text-align: left;\">O CO2 Totalmente Ablativo (m\u00e9todo antigo) atinge toda a extens\u00e3o da pele.\u00a0\u00a0O processo de cicatriza\u00e7\u00e3o \u00e9 mais dif\u00edcil, caso seja aplicado em grandes \u00e1reas.\u00a0Atualmente, \u00e9 mais usado para tratamento de pequenas les\u00f5es dermatol\u00f3gicas.<\/p><p style=\"text-align: left;\">O CO2 Fracionado atinge a pele como microfeixes de luz, que podem ser mais ou menos concentrados, dependendo do que se quer tratar e do tempo de\u00a0recupera\u00e7\u00e3o esperado. \u00c9 realizado em sess\u00f5es e assim, a cada novo tratamento mais \u00e1reas da pele ser\u00e3o atingidas. Estima-se que ap\u00f3s a terceira aplica\u00e7\u00e3o,\u00a0a pele do rosto dever\u00e1 estar tratada em sua totalidade. Dentre suas vantagens est\u00e3o a velocidade de recupera\u00e7\u00e3o da pele e menor desconforto durante o\u00a0procedimento, que pode ser realizado apenas com o uso de um creme anest\u00e9sico. \u00c9 eficiente no tratamento de grandes \u00e1reas, como toda a face, pesco\u00e7o e\u00a0colo, propiciando uma recupera\u00e7\u00e3o tranquila e sem complica\u00e7\u00f5es.\u00a0<\/p><h4 style=\"text-align: left;\">Como \u00e9 o Tratamento?<\/h4><p style=\"text-align: left;\">O paciente n\u00e3o deve estar bronzeado e deve utilizar protetores solares habitualmente.\u00a0\u00a0<\/p><p style=\"text-align: left;\">Aproximadamente 90 minutos antes do procedimento podemos usar um anest\u00e9sico t\u00f3pico para assegurar o conforto durante a aplica\u00e7\u00e3o. Para as pacientes\u00a0mais sens\u00edveis um comprimido relaxante pode ser usado 1 hora antes do procedimento, desde que o paciente n\u00e3o v\u00e1 dirigir imediatamente ap\u00f3s a sess\u00e3o.<\/p><p style=\"text-align: left;\">Ap\u00f3s a aplica\u00e7\u00e3o, a pele fica vermelha e h\u00e1 uma sensa\u00e7\u00e3o de ard\u00eancia ou queima\u00e7\u00e3o.<\/p><p style=\"text-align: left;\">Geralmente, s\u00e3o realizados procedimentos de apoio como a m\u00e1scara\u00a0calmante ou exposi\u00e7\u00e3o a uma l\u00e2mpada de fototerapia (LED) que ser\u00e1 especialmente programada para devolver ao paciente a sensa\u00e7\u00e3o de conforto.<\/p><p style=\"text-align: left;\">O\u00a0paciente s\u00f3 deve deixar a cl\u00ednica ao superar a desagrad\u00e1vel sensa\u00e7\u00e3o inicial de ardor.<\/p><p style=\"text-align: left;\">S\u00e3o fornecidos os cremes de uso necess\u00e1rio nas primeiras horas, bem\u00a0como detalhadas instru\u00e7\u00f5es por escrito de como proceder nas primeiras horas, ap\u00f3s o tratamento.<\/p><h4 style=\"text-align: left;\">Indica\u00e7\u00f5es:<\/h4><ul><li style=\"text-align: left;\">Rejuvenescimento da pele do rosto, pesco\u00e7o, colo, bra\u00e7os e dorso das m\u00e3os.<\/li><li style=\"text-align: left;\">Cicatrizes de acne<\/li><li style=\"text-align: left;\">Estrias antigas ou recentes<\/li><li style=\"text-align: left;\">Cicatrizes p\u00f3s traumas ou p\u00f3s procedimentos cir\u00fargicos.<\/li><li style=\"text-align: left;\">Cicatrizes hipertr\u00f3ficas ou quel\u00f3ides.<\/li><\/ul>\t\t\t\t\t\t<\/div>\n\t\t\t\t<\/div>\n\t\t\t\t\t<\/div>\n\t\t<\/div>\n\t\t\t\t\t<\/div>\n\t\t<\/section>\n\t\t\t\t\t<\/div>\n\t\t<\/div>\n\t\t\t\t\t<\/div>\n\t\t<\/section>\n\t\t\t\t<section class=\"elementor-section elementor-top-section elementor-element elementor-element-1e396e2 elementor-section-stretched elementor-section-boxed elementor-section-height-default elementor-section-height-default\" data-id=\"1e396e2\" data-element_type=\"section\" data-settings=\"{&quot;stretch_section&quot;:&quot;section-stretched&quot;,&quot;background_background&quot;:&quot;classic&quot;}\">\n\t\t\t\t\t\t<div class=\"elementor-container elementor-column-gap-wider\">\n\t\t\t\t\t<div class=\"elementor-column elementor-col-100 elementor-top-column elementor-element elementor-element-c87c65b\" data-id=\"c87c65b\" data-element_type=\"column\">\n\t\t\t<div class=\"elementor-widget-wrap elementor-element-populated\">\n\t\t\t\t\t\t<div class=\"elementor-element elementor-element-1e20649 elementor-widget elementor-widget-text-editor\" data-id=\"1e20649\" data-element_type=\"widget\" data-widget_type=\"text-editor.default\">\n\t\t\t\t<div class=\"elementor-widget-container\">\n\t\t\t\t\t\t\t<h4><span style=\"color: #ffffff;\">Quantos Tratamentos S\u00e3o Necess\u00e1rios?<\/span><\/h4>\n<p>S\u00e3o preconizadas 3 a 4 sess\u00f5es com intervalos m\u00ednimos de 30 dias.<\/p>\n<p>Os resultados aparecem progressivamente a cada aplica\u00e7\u00e3o e a pele continua a melhorar&nbsp;at\u00e9 aproximadamente 6 meses, ap\u00f3s a \u00faltima sess\u00e3o.<\/p>\n<h4><span style=\"color: #ffffff;\">Quais as recomenda\u00e7\u00f5es ap\u00f3s o tratamento?&nbsp;&nbsp;<\/span><\/h4>\n<ul>\n<li>Imediatamente ap\u00f3s o tratamento, o paciente sente uma sensa\u00e7\u00e3o que lembra a de queimadura de sol, devido ao processo inflamat\u00f3rio instalado.&nbsp;Este \u00e9 leve e diminui no mesmo dia.<\/li>\n<li>No dia seguinte \u00e0 aplica\u00e7\u00e3o, a pele assume um tom de \u201cbronzeado\u201d, que dura por volta de um ou dois dias.<\/li>\n<li>Procedimentos de apoio (realiza\u00e7\u00e3o de m\u00e1scara calmante ou fototerapia por LED) podem ser repetidos nos primeiros dias ap\u00f3s o procedimento&nbsp;uma vez que estimulam a cicatriza\u00e7\u00e3o e promovem conforto.<\/li>\n<li>A partir da\u00ed, inicia-se a fase da descama\u00e7\u00e3o que se assemelha ao da pele que descasca ap\u00f3s ser queimada pelo sol. \u00c9 importante que as&nbsp;pequenas crostas se despreguem naturalmente, sem serem retiradas antes do momento certo, o que certamente acarretaria preju\u00edzo e&nbsp;poss\u00edvel complica\u00e7\u00e3o.<\/li>\n<li>&nbsp;Esta fase persistir\u00e1 at\u00e9 o s\u00e9timo dia, aproximadamente.<\/li>\n<li>Ap\u00f3s a descama\u00e7\u00e3o se completar, a pele pode permanecer avermelhada at\u00e9 2 semanas.<\/li>\n<li>As mulheres podem aplicar maquiagem e o homem pode fazer a barba, desde o primeiro dia, ap\u00f3s o tratamento.<\/li>\n<li>N\u00e3o se pode limpar ou esfoliar a pele vigorosamente a pele para acelerar a troca da crosta pela nova epiderme.<\/li>\n<li>\u00c9 recomendada apenas a aplica\u00e7\u00e3o de hidratante suave, sabonete neutro e bloqueador solar nas primeiras duas semanas.<\/li>\n<li>A exposi\u00e7\u00e3o ao sol deve ser realizada com extremo cuidado no dia a dia e \u00e9 necess\u00e1rio o uso constante de protetor solar, pois esta nova pele&nbsp;recuperada e ainda em cicatriza\u00e7\u00e3o, est\u00e1 mais sens\u00edvel e pass\u00edvel de manchar com maior facilidade.<\/li>\n<li>Reiniciar o uso dos cremes de rotina a crit\u00e9rio do seu Dermatologista.<\/li>\n<li>O paciente deve se abster de sol por 2 a 3 meses ap\u00f3s a \u00faltima aplica\u00e7\u00e3o. Nunca deve esquecer o uso do filtro solar.<\/li>\n<li>Os resultados surgem gradualmente, \u00e0 medida que o col\u00e1geno se reorganiza, sendo esperadas melhoras at\u00e9 o sexto mes ap\u00f3s a \u00faltima sess\u00e3o.<\/li>\n<li>Manter o uso cont\u00ednuo de filtro solar de amplo espectro.<\/li>\n<\/ul>\t\t\t\t\t\t<\/div>\n\t\t\t\t<\/div>\n\t\t\t\t\t<\/div>\n\t\t<\/div>\n\t\t\t\t\t<\/div>\n\t\t<\/section>\n\t\t\t\t<section class=\"elementor-section elementor-top-section elementor-element elementor-element-1e1d461 elementor-section-stretched elementor-section-boxed elementor-section-height-default elementor-section-height-default\" data-id=\"1e1d461\" data-element_type=\"section\" data-settings=\"{&quot;stretch_section&quot;:&quot;section-stretched&quot;}\">\n\t\t\t\t\t\t<div class=\"elementor-container elementor-column-gap-wider\">\n\t\t\t\t\t<div class=\"elementor-column elementor-col-100 elementor-top-column elementor-element elementor-element-98eea6e\" data-id=\"98eea6e\" data-element_type=\"column\">\n\t\t\t<div class=\"elementor-widget-wrap elementor-element-populated\">\n\t\t\t\t\t\t<section class=\"elementor-section elementor-inner-section elementor-element elementor-element-8caea67 elementor-section-boxed elementor-section-height-default elementor-section-height-default\" data-id=\"8caea67\" data-element_type=\"section\" data-settings=\"{&quot;background_background&quot;:&quot;classic&quot;}\">\n\t\t\t\t\t\t<div class=\"elementor-container elementor-column-gap-default\">\n\t\t\t\t\t<div class=\"elementor-column elementor-col-100 elementor-inner-column elementor-element elementor-element-7cbc67d\" data-id=\"7cbc67d\" data-element_type=\"column\" data-settings=\"{&quot;background_background&quot;:&quot;classic&quot;}\">\n\t\t\t<div class=\"elementor-widget-wrap elementor-element-populated\">\n\t\t\t\t\t\t<div class=\"elementor-element elementor-element-aa9989b elementor-widget elementor-widget-text-editor\" data-id=\"aa9989b\" data-element_type=\"widget\" data-widget_type=\"text-editor.default\">\n\t\t\t\t<div class=\"elementor-widget-container\">\n\t\t\t\t\t\t\t<h2><b>Contato<\/b><\/h2><div><b>Entre em contato conosco para tirar uma d\u00favida ou agendar uma consulta.<\/b><\/div>\t\t\t\t\t\t<\/div>\n\t\t\t\t<\/div>\n\t\t\t\t<div class=\"elementor-element elementor-element-d89342c elementor-widget elementor-widget-spacer\" data-id=\"d89342c\" data-element_type=\"widget\" data-widget_type=\"spacer.default\">\n\t\t\t\t<div class=\"elementor-widget-container\">\n\t\t\t<style>\/*! elementor - v3.23.0 - 05-08-2024 *\/\n.elementor-column .elementor-spacer-inner{height:var(--spacer-size)}.e-con{--container-widget-width:100%}.e-con-inner>.elementor-widget-spacer,.e-con>.elementor-widget-spacer{width:var(--container-widget-width,var(--spacer-size));--align-self:var(--container-widget-align-self,initial);--flex-shrink:0}.e-con-inner>.elementor-widget-spacer>.elementor-widget-container,.e-con>.elementor-widget-spacer>.elementor-widget-container{height:100%;width:100%}.e-con-inner>.elementor-widget-spacer>.elementor-widget-container>.elementor-spacer,.e-con>.elementor-widget-spacer>.elementor-widget-container>.elementor-spacer{height:100%}.e-con-inner>.elementor-widget-spacer>.elementor-widget-container>.elementor-spacer>.elementor-spacer-inner,.e-con>.elementor-widget-spacer>.elementor-widget-container>.elementor-spacer>.elementor-spacer-inner{height:var(--container-widget-height,var(--spacer-size))}.e-con-inner>.elementor-widget-spacer.elementor-widget-empty,.e-con>.elementor-widget-spacer.elementor-widget-empty{position:relative;min-height:22px;min-width:22px}.e-con-inner>.elementor-widget-spacer.elementor-widget-empty .elementor-widget-empty-icon,.e-con>.elementor-widget-spacer.elementor-widget-empty .elementor-widget-empty-icon{position:absolute;top:0;bottom:0;left:0;right:0;margin:auto;padding:0;width:22px;height:22px}<\/style>\t\t<div class=\"elementor-spacer\">\n\t\t\t<div class=\"elementor-spacer-inner\"><\/div>\n\t\t<\/div>\n\t\t\t\t<\/div>\n\t\t\t\t<\/div>\n\t\t\t\t<div class=\"elementor-element elementor-element-8c37a5d elementor-widget elementor-widget-shortcode\" data-id=\"8c37a5d\" data-element_type=\"widget\" data-widget_type=\"shortcode.default\">\n\t\t\t\t<div class=\"elementor-widget-container\">\n\t\t\t\t\t<div class=\"elementor-shortcode\">\n<div class=\"wpcf7 no-js\" id=\"wpcf7-f112-o1\" lang=\"en-US\" dir=\"ltr\">\n<div class=\"screen-reader-response\"><p role=\"status\" aria-live=\"polite\" aria-atomic=\"true\"><\/p> <ul><\/ul><\/div>\n<form action=\"\/index.php\/wp-json\/wp\/v2\/pages\/1086#wpcf7-f112-o1\" method=\"post\" class=\"wpcf7-form init\" aria-label=\"Contact form\" novalidate=\"novalidate\" data-status=\"init\">\n<div style=\"display: none;\">\n<input type=\"hidden\" name=\"_wpcf7\" value=\"112\" \/>\n<input type=\"hidden\" name=\"_wpcf7_version\" value=\"5.7.7\" \/>\n<input type=\"hidden\" name=\"_wpcf7_locale\" value=\"en_US\" \/>\n<input type=\"hidden\" name=\"_wpcf7_unit_tag\" value=\"wpcf7-f112-o1\" \/>\n<input type=\"hidden\" name=\"_wpcf7_container_post\" value=\"0\" \/>\n<input type=\"hidden\" name=\"_wpcf7_posted_data_hash\" value=\"\" \/>\n<\/div>\n<div class=\"column one-second\">\n\t<p><span class=\"wpcf7-form-control-wrap\" data-name=\"your-name\"><input size=\"40\" class=\"wpcf7-form-control wpcf7-text wpcf7-validates-as-required\" aria-required=\"true\" aria-invalid=\"false\" placeholder=\"Nome\" value=\"\" type=\"text\" name=\"your-name\" \/><\/span>\n\t<\/p>\n<\/div>\n<div class=\"column one-second\">\n\t<p><span class=\"wpcf7-form-control-wrap\" data-name=\"your-phone\"><input size=\"40\" class=\"wpcf7-form-control wpcf7-text wpcf7-tel wpcf7-validates-as-tel\" aria-invalid=\"false\" placeholder=\"Telefone\" value=\"\" type=\"tel\" name=\"your-phone\" \/><\/span>\n\t<\/p>\n<\/div>\n<div class=\"column one\">\n\t<p><span class=\"wpcf7-form-control-wrap\" data-name=\"E-mail\"><input size=\"40\" class=\"wpcf7-form-control wpcf7-text wpcf7-email wpcf7-validates-as-required wpcf7-validates-as-email\" aria-required=\"true\" aria-invalid=\"false\" placeholder=\"E-mail\" value=\"\" type=\"email\" name=\"E-mail\" \/><\/span>\n\t<\/p>\n<\/div>\n<div class=\"column one\">\n\t<p><span class=\"wpcf7-form-control-wrap\" data-name=\"your-message\"><textarea cols=\"40\" rows=\"1\" class=\"wpcf7-form-control wpcf7-textarea\" aria-invalid=\"false\" placeholder=\"Mensagem\" name=\"your-message\"><\/textarea><\/span>\n\t<\/p>\n<\/div>\n<div class=\"column one\" style=\"text-align: center;\">\n\t<p><input class=\"wpcf7-form-control has-spinner wpcf7-submit\" type=\"submit\" value=\"Enviar Mensagem\" \/>\n\t<\/p>\n<\/div><div class=\"wpcf7-response-output\" aria-hidden=\"true\"><\/div>\n<\/form>\n<\/div>\n<\/div>\n\t\t\t\t<\/div>\n\t\t\t\t<\/div>\n\t\t\t\t\t<\/div>\n\t\t<\/div>\n\t\t\t\t\t<\/div>\n\t\t<\/section>\n\t\t\t\t\t<\/div>\n\t\t<\/div>\n\t\t\t\t\t<\/div>\n\t\t<\/section>\n\t\t\t\t<\/div>\n\t\t","protected":false},"excerpt":{"rendered":"<p>O que \u00e9? O objetivo da t\u00e9cnica de resurfacing \u00e9 substituir a pele envelhecida por uma nova, revitalizada. O laser subablativo j\u00e1 se comprovou como o<span class=\"excerpt-hellip\"> [\u2026]<\/span><\/p>\n","protected":false},"author":1,"featured_media":0,"parent":976,"menu_order":0,"comment_status":"closed","ping_status":"closed","template":"","meta":{"_joinchat":[]},"_links":{"self":[{"href":"https:\/\/dermacentro.com.br\/index.php\/wp-json\/wp\/v2\/pages\/1086"}],"collection":[{"href":"https:\/\/dermacentro.com.br\/index.php\/wp-json\/wp\/v2\/pages"}],"about":[{"href":"https:\/\/dermacentro.com.br\/index.php\/wp-json\/wp\/v2\/types\/page"}],"author":[{"embeddable":true,"href":"https:\/\/dermacentro.com.br\/index.php\/wp-json\/wp\/v2\/users\/1"}],"replies":[{"embeddable":true,"href":"https:\/\/dermacentro.com.br\/index.php\/wp-json\/wp\/v2\/comments?post=1086"}],"version-history":[{"count":14,"href":"https:\/\/dermacentro.com.br\/index.php\/wp-json\/wp\/v2\/pages\/1086\/revisions"}],"predecessor-version":[{"id":2397,"href":"https:\/\/dermacentro.com.br\/index.php\/wp-json\/wp\/v2\/pages\/1086\/revisions\/2397"}],"up":[{"embeddable":true,"href":"https:\/\/dermacentro.com.br\/index.php\/wp-json\/wp\/v2\/pages\/976"}],"wp:attachment":[{"href":"https:\/\/dermacentro.com.br\/index.php\/wp-json\/wp\/v2\/media?parent=1086"}],"curies":[{"name":"wp","href":"https:\/\/api.w.org\/{rel}","templated":true}]}}