{"id":1058,"date":"2022-04-19T17:55:03","date_gmt":"2022-04-19T20:55:03","guid":{"rendered":"http:\/\/dermacentro.com.br\/?page_id=1058"},"modified":"2022-08-18T20:14:01","modified_gmt":"2022-08-18T23:14:01","slug":"laser-intraoral-com-tecnologia-4d","status":"publish","type":"page","link":"https:\/\/dermacentro.com.br\/index.php\/tratamentos-faciais\/laser-intraoral-com-tecnologia-4d\/","title":{"rendered":"Laser Intraoral com Tecnologia 4D"},"content":{"rendered":"\t\t<div data-elementor-type=\"wp-page\" data-elementor-id=\"1058\" class=\"elementor elementor-1058\">\n\t\t\t\t\t\t<section class=\"elementor-section elementor-top-section elementor-element elementor-element-0c5fb4f elementor-section-stretched elementor-section-boxed elementor-section-height-default elementor-section-height-default\" data-id=\"0c5fb4f\" data-element_type=\"section\" data-settings=\"{&quot;stretch_section&quot;:&quot;section-stretched&quot;,&quot;background_background&quot;:&quot;classic&quot;}\">\n\t\t\t\t\t\t\t<div class=\"elementor-background-overlay\"><\/div>\n\t\t\t\t\t\t\t<div class=\"elementor-container elementor-column-gap-default\">\n\t\t\t\t\t<div class=\"elementor-column elementor-col-100 elementor-top-column elementor-element elementor-element-b33aa50\" data-id=\"b33aa50\" data-element_type=\"column\">\n\t\t\t<div class=\"elementor-widget-wrap elementor-element-populated\">\n\t\t\t\t\t\t\t<\/div>\n\t\t<\/div>\n\t\t\t\t\t<\/div>\n\t\t<\/section>\n\t\t\t\t<section class=\"elementor-section elementor-top-section elementor-element elementor-element-3e41c4a elementor-section-stretched elementor-section-boxed elementor-section-height-default elementor-section-height-default\" data-id=\"3e41c4a\" data-element_type=\"section\" data-settings=\"{&quot;stretch_section&quot;:&quot;section-stretched&quot;,&quot;background_background&quot;:&quot;classic&quot;}\">\n\t\t\t\t\t\t<div class=\"elementor-container elementor-column-gap-wider\">\n\t\t\t\t\t<div class=\"elementor-column elementor-col-100 elementor-top-column elementor-element elementor-element-b382ebe\" data-id=\"b382ebe\" data-element_type=\"column\">\n\t\t\t<div class=\"elementor-widget-wrap elementor-element-populated\">\n\t\t\t\t\t\t<section class=\"elementor-section elementor-inner-section elementor-element elementor-element-a05f91a elementor-section-boxed elementor-section-height-default elementor-section-height-default\" data-id=\"a05f91a\" data-element_type=\"section\">\n\t\t\t\t\t\t<div class=\"elementor-container elementor-column-gap-default\">\n\t\t\t\t\t<div class=\"elementor-column elementor-col-50 elementor-inner-column elementor-element elementor-element-530dd7b\" data-id=\"530dd7b\" data-element_type=\"column\">\n\t\t\t<div class=\"elementor-widget-wrap elementor-element-populated\">\n\t\t\t\t\t\t<div class=\"elementor-element elementor-element-4d5caeb elementor-widget elementor-widget-image\" data-id=\"4d5caeb\" data-element_type=\"widget\" data-widget_type=\"image.default\">\n\t\t\t\t<div class=\"elementor-widget-container\">\n\t\t\t<style>\/*! elementor - v3.23.0 - 05-08-2024 *\/\n.elementor-widget-image{text-align:center}.elementor-widget-image a{display:inline-block}.elementor-widget-image a img[src$=\".svg\"]{width:48px}.elementor-widget-image img{vertical-align:middle;display:inline-block}<\/style>\t\t\t\t\t\t\t\t\t\t<img fetchpriority=\"high\" width=\"490\" height=\"327\" src=\"https:\/\/dermacentro.com.br\/wp-content\/uploads\/2022\/08\/laseroral.webp\" class=\"attachment-full size-full wp-image-2399\" alt=\"\" srcset=\"https:\/\/dermacentro.com.br\/wp-content\/uploads\/2022\/08\/laseroral.webp 490w, https:\/\/dermacentro.com.br\/wp-content\/uploads\/2022\/08\/laseroral-300x200.webp 300w, https:\/\/dermacentro.com.br\/wp-content\/uploads\/2022\/08\/laseroral-219x146.webp 219w, https:\/\/dermacentro.com.br\/wp-content\/uploads\/2022\/08\/laseroral-50x33.webp 50w, https:\/\/dermacentro.com.br\/wp-content\/uploads\/2022\/08\/laseroral-112x75.webp 112w\" sizes=\"(max-width: 490px) 100vw, 490px\" \/>\t\t\t\t\t\t\t\t\t\t\t\t\t<\/div>\n\t\t\t\t<\/div>\n\t\t\t\t\t<\/div>\n\t\t<\/div>\n\t\t\t\t<div class=\"elementor-column elementor-col-50 elementor-inner-column elementor-element elementor-element-8599277\" data-id=\"8599277\" data-element_type=\"column\">\n\t\t\t<div class=\"elementor-widget-wrap elementor-element-populated\">\n\t\t\t\t\t\t<div class=\"elementor-element elementor-element-d53fc86 elementor-widget elementor-widget-text-editor\" data-id=\"d53fc86\" data-element_type=\"widget\" data-widget_type=\"text-editor.default\">\n\t\t\t\t<div class=\"elementor-widget-container\">\n\t\t\t<style>\/*! elementor - v3.23.0 - 05-08-2024 *\/\n.elementor-widget-text-editor.elementor-drop-cap-view-stacked .elementor-drop-cap{background-color:#69727d;color:#fff}.elementor-widget-text-editor.elementor-drop-cap-view-framed .elementor-drop-cap{color:#69727d;border:3px solid;background-color:transparent}.elementor-widget-text-editor:not(.elementor-drop-cap-view-default) .elementor-drop-cap{margin-top:8px}.elementor-widget-text-editor:not(.elementor-drop-cap-view-default) .elementor-drop-cap-letter{width:1em;height:1em}.elementor-widget-text-editor .elementor-drop-cap{float:left;text-align:center;line-height:1;font-size:50px}.elementor-widget-text-editor .elementor-drop-cap-letter{display:inline-block}<\/style>\t\t\t\t<h3><span style=\"color: #ffffff;\">O que \u00e9?<\/span><\/h3>\t\t\t\t\t\t<\/div>\n\t\t\t\t<\/div>\n\t\t\t\t<div class=\"elementor-element elementor-element-444a6ba elementor-widget elementor-widget-text-editor\" data-id=\"444a6ba\" data-element_type=\"widget\" data-widget_type=\"text-editor.default\">\n\t\t\t\t<div class=\"elementor-widget-container\">\n\t\t\t\t\t\t\t<p>\u00c9 a nova gera\u00e7\u00e3o dos lasers pois combate com efici\u00eancia a flacidez facial profunda porque atua em todas as camadas da pele atrav\u00e9s da utiliza\u00e7\u00e3o de diversas ponteiras, dentre elas, inclusive, a ponteira intraoral que \u00e9 respons\u00e1vel pelo tratamento da flacidez mucosa.<\/p><h4><span style=\"color: #ffffff;\">Como age:<\/span><\/h4><p>S\u00e3o utilizadas tr\u00eas a quatro ponteiras. A primeira promove a renova\u00e7\u00e3o celular, promovendo um suave peeling superficial, com resultados compar\u00e1veis aos dos lasers ablativos. Excelente para o tratamento de manchas, queratoses e linhas finas.<\/p><p>A segunda ponteira age sobre os vasos e fibras col\u00e1genas, melhorando a textura e a irriga\u00e7\u00e3o da pele, melhorando o vi\u00e7o, a firmeza e eliminando os vasos indesej\u00e1veis.<\/p><p>A terceira ponteira \u00e9 a intraoral e \u00e9 respons\u00e1vel pela melhora da espessura e do t\u00f4nus da pele, agindo de dentro para fora, provocando a contra\u00e7\u00e3o volum\u00e9trica da regi\u00e3o.<\/p><p>A quarta ponteira libera energia para os tecidos profundos da pele, sendo respons\u00e1vel por importante melhora na textura e t\u00f4nus da pele.<\/p><h4><span style=\"color: #ffffff;\">Como \u00e9 o tratamento?<\/span><\/h4><p>As sess\u00f5es duram cerca de 30 a 60 minutos.<\/p><p>O tratamento intraoral \u00e9 completamente indolor.<\/p><p>A aplica\u00e7\u00e3o com as ponteiras que tratam os vasos e a compacta\u00e7\u00e3o de col\u00e1geno s\u00e3o praticamente indolores.<\/p><p>A aplica\u00e7\u00e3o do laser de \u00c9rbium \u00e9 levemente mais inc\u00f4moda,e, embora a dor seja vari\u00e1vel, geralmente a aplica\u00e7\u00e3o \u00e9 muito bem tolerada.<\/p><p>O uso de creme anest\u00e9sico pr\u00e9vio \u00e9 comum e auxilia muito.<\/p><p>\u00a0Pacientes mais sens\u00edveis podem necessitar de analg\u00e9sicos orais, algum tempo antes da sess\u00e3o.<\/p>\t\t\t\t\t\t<\/div>\n\t\t\t\t<\/div>\n\t\t\t\t\t<\/div>\n\t\t<\/div>\n\t\t\t\t\t<\/div>\n\t\t<\/section>\n\t\t\t\t\t<\/div>\n\t\t<\/div>\n\t\t\t\t\t<\/div>\n\t\t<\/section>\n\t\t\t\t<section class=\"elementor-section elementor-top-section elementor-element elementor-element-23c64f6 elementor-section-stretched elementor-section-boxed elementor-section-height-default elementor-section-height-default\" data-id=\"23c64f6\" data-element_type=\"section\" data-settings=\"{&quot;stretch_section&quot;:&quot;section-stretched&quot;,&quot;background_background&quot;:&quot;classic&quot;}\">\n\t\t\t\t\t\t<div class=\"elementor-container elementor-column-gap-wider\">\n\t\t\t\t\t<div class=\"elementor-column elementor-col-100 elementor-top-column elementor-element elementor-element-536a83c\" data-id=\"536a83c\" data-element_type=\"column\">\n\t\t\t<div class=\"elementor-widget-wrap elementor-element-populated\">\n\t\t\t\t\t\t<section class=\"elementor-section elementor-inner-section elementor-element elementor-element-21d1228 elementor-section-boxed elementor-section-height-default elementor-section-height-default\" data-id=\"21d1228\" data-element_type=\"section\">\n\t\t\t\t\t\t<div class=\"elementor-container elementor-column-gap-default\">\n\t\t\t\t\t<div class=\"elementor-column elementor-col-100 elementor-inner-column elementor-element elementor-element-5128357\" data-id=\"5128357\" data-element_type=\"column\">\n\t\t\t<div class=\"elementor-widget-wrap elementor-element-populated\">\n\t\t\t\t\t\t<div class=\"elementor-element elementor-element-942eadf elementor-widget elementor-widget-text-editor\" data-id=\"942eadf\" data-element_type=\"widget\" data-widget_type=\"text-editor.default\">\n\t\t\t\t<div class=\"elementor-widget-container\">\n\t\t\t\t\t\t\t<h4 style=\"text-align: left;\">Indica\u00e7\u00f5es:<\/h4><ul style=\"text-align: left;\"><li>Flacidez Global: Efeito Lifting do Rosto.<\/li><li>Flacidez e Rugas Periorais. (Pela A\u00e7\u00e3o da Ponteira IntraOral).<\/li><li>Flacidez da face, pesco\u00e7o e colo.<\/li><li>Flacidez das p\u00e1lpebras superiores e\/ou inferiores.<\/li><li>Bolsas palpebrais.<\/li><li>Rugas Palpebrais.<\/li><li>Linhas finas do Rosto<\/li><li>Melhora da Textura Global da Pele<\/li><li>Rugas ao Redor dos L\u00e1bios<\/li><li>Aumento de Volume dos L\u00e1bios.<\/li><li>Manchas na pele da face, Pesco\u00e7o e Colo.<\/li><li>Melasma (Protocolo Espec\u00edfico)<\/li><li>Ros\u00e1cea.<\/li><li>Vasos do Rosto.<\/li><li>L\u00e1bios Desidratados.<\/li><li>Perda do contorno do Rosto.<\/li><li>Olheiras<\/li><li>Cicatrizes de Acne<\/li><li>Cicatrizes P\u00f3s Cir\u00fargicas<\/li><li>Tratamento do Ronco<\/li><li>Protocolo Glow (V\u00e9u de Noiva).<\/li><\/ul><h4 style=\"text-align: left;\">Quantos Tratamentos S\u00e3o Necess\u00e1rios?\u00a0<\/h4><p style=\"text-align: left;\">S\u00e3o preconizadas 3 a 4 sess\u00f5es com intervalos m\u00ednimos de 30 dias.<\/p><p style=\"text-align: left;\">\u00a0Os resultados aparecem progressivamente a\u00a0cada aplica\u00e7\u00e3o e a pele continua a melhorar at\u00e9 6 meses, ap\u00f3s a \u00faltima sess\u00e3o.<\/p><p style=\"text-align: left;\">Periodicidade: Mensal.<\/p><h4 style=\"text-align: left;\">Cuidados p\u00f3s-procedimento:<\/h4><p style=\"text-align: left;\">A \u00e1rea tratada pode ficar quente e avermelhada por at\u00e9 90 minutos, ap\u00f3s a sess\u00e3o.<\/p><p style=\"text-align: left;\">Imediatamente ap\u00f3s o tratamento, h\u00e1 uma sensa\u00e7\u00e3o de ard\u00eancia ou queima\u00e7\u00e3o que \u00e9 leve e diminui progressivamente na primeira hora.<\/p><p style=\"text-align: left;\">Geralmente, s\u00e3o realizados procedimentos de apoio como a m\u00e1scara\u00a0calmante ou exposi\u00e7\u00e3o a uma l\u00e2mpada de fototerapia (LED) que ser\u00e1 especialmente programada para devolver ao paciente a sensa\u00e7\u00e3o de conforto.<\/p><p style=\"text-align: left;\">O\u00a0paciente s\u00f3 deve deixar a cl\u00ednica ao superar a sensa\u00e7\u00e3o inicial de ardor.<\/p><p style=\"text-align: left;\">S\u00e3o fornecidos os cremes de uso necess\u00e1rio nas primeiras horas, bem\u00a0como detalhadas instru\u00e7\u00f5es por escrito.\u00a0<\/p><p style=\"text-align: left;\">No dia seguinte \u00e0 aplica\u00e7\u00e3o, a pele assume um tom de bronzeado, que dura cerca de 1 dia.<\/p><p style=\"text-align: left;\">A descama\u00e7\u00e3o \u00e9 suave, muito fina e ocorre por 3 a 5 dias.<\/p><p style=\"text-align: left;\">\u00c9 importante que as pequenas crostas despreguem-se naturalmente, e n\u00e3o removidas antes do momento certo, o que certamente acarretaria preju\u00edzo e poss\u00edvel complica\u00e7\u00e3o.<\/p><p style=\"text-align: left;\">\u00a0N\u00e3o se deve limpar nem esfoliar a pele vigorosamente para acelerar a elimina\u00e7\u00e3o das crostas.<\/p><p style=\"text-align: left;\">\u00a0As mulheres podem aplicar maquiagem e o homem pode fazer a barba, desde o primeiro dia ap\u00f3s o tratamento.<\/p><p style=\"text-align: left;\">N\u00e3o \u00e9 necess\u00e1rio afastamento das atividades de rotina.<\/p><p style=\"text-align: left;\">\u00a0\u00c9 recomendada apenas a aplica\u00e7\u00e3o de hidratante suave, sabonete neutro e bloqueador solar nas primeiras semanas, at\u00e9 o processo de descama\u00e7\u00e3o estar completo.\u00a0<\/p><p style=\"text-align: left;\">\u00a0O paciente deve abster-se do sol por um mes, ap\u00f3s a \u00faltima aplica\u00e7\u00e3o, pois a pele rec\u00e9m recuperada ainda estar\u00e1 em processo de cicatriza\u00e7\u00e3o, estando ainda mais sens\u00edvel e suscept\u00edvel a manchas. \u00c9 necess\u00e1rio o uso constante de protetor solar.<\/p><p style=\"text-align: left;\">\u00a0Reiniciar o uso dos cremes de rotina a crit\u00e9rio do seu Dermatologista.<\/p><p style=\"text-align: left;\">Manter o uso cont\u00ednuo de filtro solar de amplo espectro.<\/p>\t\t\t\t\t\t<\/div>\n\t\t\t\t<\/div>\n\t\t\t\t\t<\/div>\n\t\t<\/div>\n\t\t\t\t\t<\/div>\n\t\t<\/section>\n\t\t\t\t\t<\/div>\n\t\t<\/div>\n\t\t\t\t\t<\/div>\n\t\t<\/section>\n\t\t\t\t<section class=\"elementor-section elementor-top-section elementor-element elementor-element-1e396e2 elementor-section-stretched elementor-section-boxed elementor-section-height-default elementor-section-height-default\" data-id=\"1e396e2\" data-element_type=\"section\" data-settings=\"{&quot;stretch_section&quot;:&quot;section-stretched&quot;,&quot;background_background&quot;:&quot;classic&quot;}\">\n\t\t\t\t\t\t<div class=\"elementor-container elementor-column-gap-wider\">\n\t\t\t\t\t<div class=\"elementor-column elementor-col-100 elementor-top-column elementor-element elementor-element-c87c65b\" data-id=\"c87c65b\" data-element_type=\"column\">\n\t\t\t<div class=\"elementor-widget-wrap elementor-element-populated\">\n\t\t\t\t\t\t<div class=\"elementor-element elementor-element-1e20649 elementor-widget elementor-widget-text-editor\" data-id=\"1e20649\" data-element_type=\"widget\" data-widget_type=\"text-editor.default\">\n\t\t\t\t<div class=\"elementor-widget-container\">\n\t\t\t\t\t\t\t<h4><span style=\"color: #ffffff;\">Quanto tempo dura o efeito do tratamento?<\/span><\/h4><p>A melhora da pele \u00e9 imediata, ap\u00f3s a recupera\u00e7\u00e3o, mas a dr\u00e1stica redu\u00e7\u00e3o da flacidez ocorre a partir de 30 dias, ap\u00f3s a sess\u00e3o, tendo seu pico de a\u00e7\u00e3o entre 3 e 4 meses.<\/p><p>Os resultados s\u00e3o individuais e variam em cada caso. Mas, geralmente tem efeito prolongado, costumando surgir gradualmente, \u00e0 medida que o col\u00e1geno se reorganiza, sendo observadas melhoras, at\u00e9 seis meses, ap\u00f3s a \u00faltima sess\u00e3o.<\/p><p>\u00cb recomendada uma sess\u00e3o anual, como tratamento de manuten\u00e7\u00e3o.<\/p><h4><span style=\"color: #ffffff;\">Contraindica\u00e7\u00f5es:<\/span><\/h4><ul><li>Gravidez<\/li><li>Doen\u00e7as de pele na \u00e1rea tratada<\/li><li>Marca-passo<\/li><li>Tumores malignos ativos,<\/li><li>Doen\u00e7as Cr\u00f4nicas Descontroladas.<\/li><li>Hist\u00f3rico de doen\u00e7as estimuladas pelo calor.<\/li><\/ul><p>Observa\u00e7\u00e3o: Pacientes com hist\u00f3rico de Herpes Simples devem ser tratados profilaticamente.<\/p>\t\t\t\t\t\t<\/div>\n\t\t\t\t<\/div>\n\t\t\t\t\t<\/div>\n\t\t<\/div>\n\t\t\t\t\t<\/div>\n\t\t<\/section>\n\t\t\t\t<section class=\"elementor-section elementor-top-section elementor-element elementor-element-1e1d461 elementor-section-stretched elementor-section-boxed elementor-section-height-default elementor-section-height-default\" data-id=\"1e1d461\" data-element_type=\"section\" data-settings=\"{&quot;stretch_section&quot;:&quot;section-stretched&quot;}\">\n\t\t\t\t\t\t<div class=\"elementor-container elementor-column-gap-wider\">\n\t\t\t\t\t<div class=\"elementor-column elementor-col-100 elementor-top-column elementor-element elementor-element-98eea6e\" data-id=\"98eea6e\" data-element_type=\"column\">\n\t\t\t<div class=\"elementor-widget-wrap elementor-element-populated\">\n\t\t\t\t\t\t<section class=\"elementor-section elementor-inner-section elementor-element elementor-element-8caea67 elementor-section-boxed elementor-section-height-default elementor-section-height-default\" data-id=\"8caea67\" data-element_type=\"section\" data-settings=\"{&quot;background_background&quot;:&quot;classic&quot;}\">\n\t\t\t\t\t\t<div class=\"elementor-container elementor-column-gap-default\">\n\t\t\t\t\t<div class=\"elementor-column elementor-col-100 elementor-inner-column elementor-element elementor-element-7cbc67d\" data-id=\"7cbc67d\" data-element_type=\"column\" data-settings=\"{&quot;background_background&quot;:&quot;classic&quot;}\">\n\t\t\t<div class=\"elementor-widget-wrap elementor-element-populated\">\n\t\t\t\t\t\t<div class=\"elementor-element elementor-element-aa9989b elementor-widget elementor-widget-text-editor\" data-id=\"aa9989b\" data-element_type=\"widget\" data-widget_type=\"text-editor.default\">\n\t\t\t\t<div class=\"elementor-widget-container\">\n\t\t\t\t\t\t\t<h2><b>Contato<\/b><\/h2><div><b>Entre em contato conosco para tirar uma d\u00favida ou agendar uma consulta.<\/b><\/div>\t\t\t\t\t\t<\/div>\n\t\t\t\t<\/div>\n\t\t\t\t<div class=\"elementor-element elementor-element-d89342c elementor-widget elementor-widget-spacer\" data-id=\"d89342c\" data-element_type=\"widget\" data-widget_type=\"spacer.default\">\n\t\t\t\t<div class=\"elementor-widget-container\">\n\t\t\t<style>\/*! elementor - v3.23.0 - 05-08-2024 *\/\n.elementor-column .elementor-spacer-inner{height:var(--spacer-size)}.e-con{--container-widget-width:100%}.e-con-inner>.elementor-widget-spacer,.e-con>.elementor-widget-spacer{width:var(--container-widget-width,var(--spacer-size));--align-self:var(--container-widget-align-self,initial);--flex-shrink:0}.e-con-inner>.elementor-widget-spacer>.elementor-widget-container,.e-con>.elementor-widget-spacer>.elementor-widget-container{height:100%;width:100%}.e-con-inner>.elementor-widget-spacer>.elementor-widget-container>.elementor-spacer,.e-con>.elementor-widget-spacer>.elementor-widget-container>.elementor-spacer{height:100%}.e-con-inner>.elementor-widget-spacer>.elementor-widget-container>.elementor-spacer>.elementor-spacer-inner,.e-con>.elementor-widget-spacer>.elementor-widget-container>.elementor-spacer>.elementor-spacer-inner{height:var(--container-widget-height,var(--spacer-size))}.e-con-inner>.elementor-widget-spacer.elementor-widget-empty,.e-con>.elementor-widget-spacer.elementor-widget-empty{position:relative;min-height:22px;min-width:22px}.e-con-inner>.elementor-widget-spacer.elementor-widget-empty .elementor-widget-empty-icon,.e-con>.elementor-widget-spacer.elementor-widget-empty .elementor-widget-empty-icon{position:absolute;top:0;bottom:0;left:0;right:0;margin:auto;padding:0;width:22px;height:22px}<\/style>\t\t<div class=\"elementor-spacer\">\n\t\t\t<div class=\"elementor-spacer-inner\"><\/div>\n\t\t<\/div>\n\t\t\t\t<\/div>\n\t\t\t\t<\/div>\n\t\t\t\t<div class=\"elementor-element elementor-element-8c37a5d elementor-widget elementor-widget-shortcode\" data-id=\"8c37a5d\" data-element_type=\"widget\" data-widget_type=\"shortcode.default\">\n\t\t\t\t<div class=\"elementor-widget-container\">\n\t\t\t\t\t<div class=\"elementor-shortcode\">\n<div class=\"wpcf7 no-js\" id=\"wpcf7-f112-o1\" lang=\"en-US\" dir=\"ltr\">\n<div class=\"screen-reader-response\"><p role=\"status\" aria-live=\"polite\" aria-atomic=\"true\"><\/p> <ul><\/ul><\/div>\n<form action=\"\/index.php\/wp-json\/wp\/v2\/pages\/1058#wpcf7-f112-o1\" method=\"post\" class=\"wpcf7-form init\" aria-label=\"Contact form\" novalidate=\"novalidate\" data-status=\"init\">\n<div style=\"display: none;\">\n<input type=\"hidden\" name=\"_wpcf7\" value=\"112\" \/>\n<input type=\"hidden\" name=\"_wpcf7_version\" value=\"5.7.7\" \/>\n<input type=\"hidden\" name=\"_wpcf7_locale\" value=\"en_US\" \/>\n<input type=\"hidden\" name=\"_wpcf7_unit_tag\" value=\"wpcf7-f112-o1\" \/>\n<input type=\"hidden\" name=\"_wpcf7_container_post\" value=\"0\" \/>\n<input type=\"hidden\" name=\"_wpcf7_posted_data_hash\" value=\"\" \/>\n<\/div>\n<div class=\"column one-second\">\n\t<p><span class=\"wpcf7-form-control-wrap\" data-name=\"your-name\"><input size=\"40\" class=\"wpcf7-form-control wpcf7-text wpcf7-validates-as-required\" aria-required=\"true\" aria-invalid=\"false\" placeholder=\"Nome\" value=\"\" type=\"text\" name=\"your-name\" \/><\/span>\n\t<\/p>\n<\/div>\n<div class=\"column one-second\">\n\t<p><span class=\"wpcf7-form-control-wrap\" data-name=\"your-phone\"><input size=\"40\" class=\"wpcf7-form-control wpcf7-text wpcf7-tel wpcf7-validates-as-tel\" aria-invalid=\"false\" placeholder=\"Telefone\" value=\"\" type=\"tel\" name=\"your-phone\" \/><\/span>\n\t<\/p>\n<\/div>\n<div class=\"column one\">\n\t<p><span class=\"wpcf7-form-control-wrap\" data-name=\"E-mail\"><input size=\"40\" class=\"wpcf7-form-control wpcf7-text wpcf7-email wpcf7-validates-as-required wpcf7-validates-as-email\" aria-required=\"true\" aria-invalid=\"false\" placeholder=\"E-mail\" value=\"\" type=\"email\" name=\"E-mail\" \/><\/span>\n\t<\/p>\n<\/div>\n<div class=\"column one\">\n\t<p><span class=\"wpcf7-form-control-wrap\" data-name=\"your-message\"><textarea cols=\"40\" rows=\"1\" class=\"wpcf7-form-control wpcf7-textarea\" aria-invalid=\"false\" placeholder=\"Mensagem\" name=\"your-message\"><\/textarea><\/span>\n\t<\/p>\n<\/div>\n<div class=\"column one\" style=\"text-align: center;\">\n\t<p><input class=\"wpcf7-form-control has-spinner wpcf7-submit\" type=\"submit\" value=\"Enviar Mensagem\" \/>\n\t<\/p>\n<\/div><div class=\"wpcf7-response-output\" aria-hidden=\"true\"><\/div>\n<\/form>\n<\/div>\n<\/div>\n\t\t\t\t<\/div>\n\t\t\t\t<\/div>\n\t\t\t\t\t<\/div>\n\t\t<\/div>\n\t\t\t\t\t<\/div>\n\t\t<\/section>\n\t\t\t\t\t<\/div>\n\t\t<\/div>\n\t\t\t\t\t<\/div>\n\t\t<\/section>\n\t\t\t\t<\/div>\n\t\t","protected":false},"excerpt":{"rendered":"<p>O que \u00e9? \u00c9 a nova gera\u00e7\u00e3o dos lasers pois combate com efici\u00eancia a flacidez facial profunda porque atua em todas as camadas da pele atrav\u00e9s<span class=\"excerpt-hellip\"> [\u2026]<\/span><\/p>\n","protected":false},"author":1,"featured_media":0,"parent":976,"menu_order":0,"comment_status":"closed","ping_status":"closed","template":"","meta":{"_joinchat":[]},"_links":{"self":[{"href":"https:\/\/dermacentro.com.br\/index.php\/wp-json\/wp\/v2\/pages\/1058"}],"collection":[{"href":"https:\/\/dermacentro.com.br\/index.php\/wp-json\/wp\/v2\/pages"}],"about":[{"href":"https:\/\/dermacentro.com.br\/index.php\/wp-json\/wp\/v2\/types\/page"}],"author":[{"embeddable":true,"href":"https:\/\/dermacentro.com.br\/index.php\/wp-json\/wp\/v2\/users\/1"}],"replies":[{"embeddable":true,"href":"https:\/\/dermacentro.com.br\/index.php\/wp-json\/wp\/v2\/comments?post=1058"}],"version-history":[{"count":11,"href":"https:\/\/dermacentro.com.br\/index.php\/wp-json\/wp\/v2\/pages\/1058\/revisions"}],"predecessor-version":[{"id":2404,"href":"https:\/\/dermacentro.com.br\/index.php\/wp-json\/wp\/v2\/pages\/1058\/revisions\/2404"}],"up":[{"embeddable":true,"href":"https:\/\/dermacentro.com.br\/index.php\/wp-json\/wp\/v2\/pages\/976"}],"wp:attachment":[{"href":"https:\/\/dermacentro.com.br\/index.php\/wp-json\/wp\/v2\/media?parent=1058"}],"curies":[{"name":"wp","href":"https:\/\/api.w.org\/{rel}","templated":true}]}}