{"id":1030,"date":"2022-04-19T17:15:00","date_gmt":"2022-04-19T20:15:00","guid":{"rendered":"http:\/\/dermacentro.com.br\/?page_id=1030"},"modified":"2022-07-26T11:42:18","modified_gmt":"2022-07-26T14:42:18","slug":"tratamento-de-olheiras","status":"publish","type":"page","link":"https:\/\/dermacentro.com.br\/index.php\/tratamentos-faciais\/tratamento-de-olheiras\/","title":{"rendered":"Tratamento de Olheiras"},"content":{"rendered":"\t\t<div data-elementor-type=\"wp-page\" data-elementor-id=\"1030\" class=\"elementor elementor-1030\">\n\t\t\t\t\t\t<section class=\"elementor-section elementor-top-section elementor-element elementor-element-0c5fb4f elementor-section-stretched elementor-section-boxed elementor-section-height-default elementor-section-height-default\" data-id=\"0c5fb4f\" data-element_type=\"section\" data-settings=\"{&quot;stretch_section&quot;:&quot;section-stretched&quot;,&quot;background_background&quot;:&quot;classic&quot;}\">\n\t\t\t\t\t\t\t<div class=\"elementor-background-overlay\"><\/div>\n\t\t\t\t\t\t\t<div class=\"elementor-container elementor-column-gap-default\">\n\t\t\t\t\t<div class=\"elementor-column elementor-col-100 elementor-top-column elementor-element elementor-element-b33aa50\" data-id=\"b33aa50\" data-element_type=\"column\">\n\t\t\t<div class=\"elementor-widget-wrap elementor-element-populated\">\n\t\t\t\t\t\t\t<\/div>\n\t\t<\/div>\n\t\t\t\t\t<\/div>\n\t\t<\/section>\n\t\t\t\t<section class=\"elementor-section elementor-top-section elementor-element elementor-element-3e41c4a elementor-section-stretched elementor-section-boxed elementor-section-height-default elementor-section-height-default\" data-id=\"3e41c4a\" data-element_type=\"section\" data-settings=\"{&quot;stretch_section&quot;:&quot;section-stretched&quot;,&quot;background_background&quot;:&quot;classic&quot;}\">\n\t\t\t\t\t\t<div class=\"elementor-container elementor-column-gap-wider\">\n\t\t\t\t\t<div class=\"elementor-column elementor-col-100 elementor-top-column elementor-element elementor-element-b382ebe\" data-id=\"b382ebe\" data-element_type=\"column\">\n\t\t\t<div class=\"elementor-widget-wrap elementor-element-populated\">\n\t\t\t\t\t\t<section class=\"elementor-section elementor-inner-section elementor-element elementor-element-a05f91a elementor-section-boxed elementor-section-height-default elementor-section-height-default\" data-id=\"a05f91a\" data-element_type=\"section\">\n\t\t\t\t\t\t<div class=\"elementor-container elementor-column-gap-default\">\n\t\t\t\t\t<div class=\"elementor-column elementor-col-50 elementor-inner-column elementor-element elementor-element-530dd7b\" data-id=\"530dd7b\" data-element_type=\"column\">\n\t\t\t<div class=\"elementor-widget-wrap elementor-element-populated\">\n\t\t\t\t\t\t<div class=\"elementor-element elementor-element-4d5caeb elementor-widget elementor-widget-image\" data-id=\"4d5caeb\" data-element_type=\"widget\" data-widget_type=\"image.default\">\n\t\t\t\t<div class=\"elementor-widget-container\">\n\t\t\t<style>\/*! elementor - v3.23.0 - 05-08-2024 *\/\n.elementor-widget-image{text-align:center}.elementor-widget-image a{display:inline-block}.elementor-widget-image a img[src$=\".svg\"]{width:48px}.elementor-widget-image img{vertical-align:middle;display:inline-block}<\/style>\t\t\t\t\t\t\t\t\t\t<img fetchpriority=\"high\" width=\"780\" height=\"1135\" src=\"https:\/\/dermacentro.com.br\/wp-content\/uploads\/2022\/07\/olheira-2.webp\" class=\"attachment-full size-full wp-image-2153\" alt=\"\" srcset=\"https:\/\/dermacentro.com.br\/wp-content\/uploads\/2022\/07\/olheira-2.webp 780w, https:\/\/dermacentro.com.br\/wp-content\/uploads\/2022\/07\/olheira-2-206x300.webp 206w, https:\/\/dermacentro.com.br\/wp-content\/uploads\/2022\/07\/olheira-2-704x1024.webp 704w, https:\/\/dermacentro.com.br\/wp-content\/uploads\/2022\/07\/olheira-2-768x1118.webp 768w, https:\/\/dermacentro.com.br\/wp-content\/uploads\/2022\/07\/olheira-2-100x146.webp 100w, https:\/\/dermacentro.com.br\/wp-content\/uploads\/2022\/07\/olheira-2-34x50.webp 34w, https:\/\/dermacentro.com.br\/wp-content\/uploads\/2022\/07\/olheira-2-52x75.webp 52w\" sizes=\"(max-width: 780px) 100vw, 780px\" \/>\t\t\t\t\t\t\t\t\t\t\t\t\t<\/div>\n\t\t\t\t<\/div>\n\t\t\t\t\t<\/div>\n\t\t<\/div>\n\t\t\t\t<div class=\"elementor-column elementor-col-50 elementor-inner-column elementor-element elementor-element-8599277\" data-id=\"8599277\" data-element_type=\"column\">\n\t\t\t<div class=\"elementor-widget-wrap elementor-element-populated\">\n\t\t\t\t\t\t<div class=\"elementor-element elementor-element-d53fc86 elementor-widget elementor-widget-text-editor\" data-id=\"d53fc86\" data-element_type=\"widget\" data-widget_type=\"text-editor.default\">\n\t\t\t\t<div class=\"elementor-widget-container\">\n\t\t\t<style>\/*! elementor - v3.23.0 - 05-08-2024 *\/\n.elementor-widget-text-editor.elementor-drop-cap-view-stacked .elementor-drop-cap{background-color:#69727d;color:#fff}.elementor-widget-text-editor.elementor-drop-cap-view-framed .elementor-drop-cap{color:#69727d;border:3px solid;background-color:transparent}.elementor-widget-text-editor:not(.elementor-drop-cap-view-default) .elementor-drop-cap{margin-top:8px}.elementor-widget-text-editor:not(.elementor-drop-cap-view-default) .elementor-drop-cap-letter{width:1em;height:1em}.elementor-widget-text-editor .elementor-drop-cap{float:left;text-align:center;line-height:1;font-size:50px}.elementor-widget-text-editor .elementor-drop-cap-letter{display:inline-block}<\/style>\t\t\t\t<h3><span style=\"color: #ffffff;\">O que \u00e9?<\/span><\/h3>\t\t\t\t\t\t<\/div>\n\t\t\t\t<\/div>\n\t\t\t\t<div class=\"elementor-element elementor-element-444a6ba elementor-widget elementor-widget-text-editor\" data-id=\"444a6ba\" data-element_type=\"widget\" data-widget_type=\"text-editor.default\">\n\t\t\t\t<div class=\"elementor-widget-container\">\n\t\t\t\t\t\t\t<p>S\u00e3o os c\u00edrculos escuros ao redor dos olhos. Inconvenientes, acometem pessoas de todas as idades e d\u00e3o ao rosto aspecto cansado, envelhecido, triste, sombrio, podendo at\u00e9 ser associadas ao uso de bebidas e drogas, quando muito extremas.<\/p><p>S\u00e3o socialmente estigmatizantes e existem m\u00faltiplas t\u00e9cnicas para escond\u00ea-las, variando da maquiagem at\u00e9 a micropigmenta\u00e7\u00e3o.<\/p><p>Conviver com as olheiras costuma ter grande impacto negativo para a autoestima.<\/p><p>S\u00e3o causadas por m\u00faltiplos fatores e podem ser classificadas em:<\/p><ul><li><strong>Olheiras Vasculares:<\/strong> Onde h\u00e1 o predom\u00ednio da altera\u00e7\u00e3o de cor. Geralmente causada pela combina\u00e7\u00e3o da pele fina, permitindo a visualiza\u00e7\u00e3o dos vasos subjacentes.<\/li><li><strong>Olheiras de Pigmenta\u00e7\u00e3o Mista:<\/strong> Tamb\u00e9m h\u00e1 o predom\u00ednio da altera\u00e7\u00e3o de cor, mas, sua pigmenta\u00e7\u00e3o \u00e9 um misto de pigmentos vasculares e de melanina. Com o passar do tempo, as olheiras vasculares tendem a evoluir para este tipo de olheiras, pois o pigmento vascular, pela cont\u00ednua exposi\u00e7\u00e3o \u00e0 claridade, tende a \u201ctatuar\u201d a pele sobrejacente, tornando mista a pigmenta\u00e7\u00e3o da pele.<\/li><li><strong>Olheiras Profundas:<\/strong> Geralmente relacionadas ao formato da estrutura facial. Tendem a piorar com o envelhecimento.<\/li><li><strong>Olheiras com Bolsas de Gordura:<\/strong> s\u00e3o formadasa pela flacidez da musculatura ao redor dos olhos, permitindo a hernia\u00e7\u00e3o da gordura subjacente.<\/li><li><strong>Olheiras Mistas:<\/strong> s\u00e3o formadas pela associa\u00e7\u00e3o de dois ou mais fatotes.<\/li><\/ul><p>A identifica\u00e7\u00e3o da causa das olheiras \u00e9 imprescind\u00edvel para o sucesso do tratamento.<\/p>\t\t\t\t\t\t<\/div>\n\t\t\t\t<\/div>\n\t\t\t\t\t<\/div>\n\t\t<\/div>\n\t\t\t\t\t<\/div>\n\t\t<\/section>\n\t\t\t\t\t<\/div>\n\t\t<\/div>\n\t\t\t\t\t<\/div>\n\t\t<\/section>\n\t\t\t\t<section class=\"elementor-section elementor-top-section elementor-element elementor-element-23c64f6 elementor-section-stretched elementor-section-boxed elementor-section-height-default elementor-section-height-default\" data-id=\"23c64f6\" data-element_type=\"section\" data-settings=\"{&quot;stretch_section&quot;:&quot;section-stretched&quot;,&quot;background_background&quot;:&quot;classic&quot;}\">\n\t\t\t\t\t\t<div class=\"elementor-container elementor-column-gap-wider\">\n\t\t\t\t\t<div class=\"elementor-column elementor-col-100 elementor-top-column elementor-element elementor-element-536a83c\" data-id=\"536a83c\" data-element_type=\"column\">\n\t\t\t<div class=\"elementor-widget-wrap elementor-element-populated\">\n\t\t\t\t\t\t<section class=\"elementor-section elementor-inner-section elementor-element elementor-element-21d1228 elementor-section-boxed elementor-section-height-default elementor-section-height-default\" data-id=\"21d1228\" data-element_type=\"section\">\n\t\t\t\t\t\t<div class=\"elementor-container elementor-column-gap-default\">\n\t\t\t\t\t<div class=\"elementor-column elementor-col-100 elementor-inner-column elementor-element elementor-element-5128357\" data-id=\"5128357\" data-element_type=\"column\">\n\t\t\t<div class=\"elementor-widget-wrap elementor-element-populated\">\n\t\t\t\t\t\t<div class=\"elementor-element elementor-element-942eadf elementor-widget elementor-widget-text-editor\" data-id=\"942eadf\" data-element_type=\"widget\" data-widget_type=\"text-editor.default\">\n\t\t\t\t<div class=\"elementor-widget-container\">\n\t\t\t\t\t\t\t<h4 style=\"text-align: left;\">Como \u00e9 Feito o Tratamento das Olheiras?<\/h4><ul style=\"text-align: left;\"><li style=\"text-align: left;\"><strong>Olheiras Vasculares:\u00a0<\/strong> s\u00e3o tratadas atrav\u00e9s da aplica\u00e7\u00e3o de lasers que destroem os vasos, como o Laser Q-Switched.<\/li><li style=\"text-align: left;\"><strong>Olheiras de Pigmenta\u00e7\u00e3o Mista:<\/strong> s\u00e3o tratadas atrav\u00e9s da aplica\u00e7\u00e3o de lasers que destroem os vasos e pigmentos de melanina, como o Laser Q-Switched e a Luz Intensa Pulsada. Tamb\u00e9m podem ser usados peelings espec\u00edficos para o seu clareamento.\u00a0Peelings m\u00e9dios e profundos tamb\u00e9m s\u00e3o \u00fateis, pois, promovem o clareamento e a tonifica\u00e7\u00e3o da pele.<\/li><li style=\"text-align: left;\"><strong>Olheiras Profundas:<\/strong> Tratadas com preenchimento de \u00c1cido Hialuronico de part\u00edculas finas com o objetivo de devolver a hidrata\u00e7\u00e3o e o contorno, sem alterar o formato do rosto.<\/li><li style=\"text-align: left;\"><strong>Olheiras com Bolsas de Gordura:<\/strong> Podem ser tratadas atrav\u00e9s do Ultrassom Microfocado e da Radiofrequencia, pois tratam a flacidez da pele e diminuem a gordura subjacente.<\/li><li style=\"text-align: left;\"><strong>Olheiras Mistas:<\/strong> Neste tipo de olheiras, associamos diversos tratamentos, sempre focando preferencialmente na neutraliza\u00e7\u00e3o das causas das que levaram a forma\u00e7\u00e3o das olheiras.<\/li><\/ul><p style=\"text-align: left;\">\u00a0Olheiras que misturam altera\u00e7\u00e3o de cor e profundidade, se tamb\u00e9m apresentarem altera\u00e7\u00e3o de textura, al\u00e9m de serem tratadas com o Laser Q-Switched, com a Luz Intensa Pulsada e os peelings, tamb\u00e9m podem ser beneficiados pela utiliza\u00e7\u00e3o do Laser 4 D, do Laser Ablativo Fracionado, do Laser SubAblativo Fracionado, do Microagulhamento , da Microinfus\u00e3o de Medicamentos na Pele (MMP) e da Hidrata\u00e7\u00e3o Profunda. \u00a0Os m\u00e9todos ablativos s\u00e3o especialmente \u00fateis para pacientes que n\u00e3o tem o h\u00e1bito de se expor ao sol.<\/p><p style=\"text-align: left;\">A escolha do m\u00e9todo de tratamento, do n\u00famero de seringas necess\u00e1rias para o preenchimento e da periodicidade das sess\u00f5es dever\u00e1 ser determinada pelo m\u00e9dico especialista em comum acordo com o paciente, levando em conta suas necessidades, expectativas, preferencias e estilo de vida<\/p><h4 style=\"text-align: left;\">\u00a0Como \u00e9 o Procedimento?<\/h4><p style=\"text-align: left;\">Pode ser realizado atrav\u00e9s do Preenchimento com \u00c1cido Hialur\u00f4nico de diferentes densidades e tamanhos de part\u00edculas,podendo at\u00e9 ser usada a Hidrata\u00e7\u00e3o Injet\u00e1vel ou os Skinboosters, dependendo do caso.<\/p><p style=\"text-align: left;\">O procedimento \u00e9 simples, r\u00e1pido (cerca de 30 minutos), realizado no consult\u00f3rio, sob anestesia t\u00f3pica (cremes anest\u00e9sicos) ou anestesia de bloqueio local (semelhante \u00e0 usada\u00a0pelos dentistas), geralmente associado a compressas de gelo para diminuir a dor e a incid\u00eancia de equimoses ou manchas arroxeadas.<\/p><p style=\"text-align: left;\">Medicamentos antiinflamat\u00f3rios e contra a dor podem ser utilizados imediatamente antes da sess\u00e3o, com a orienta\u00e7\u00e3o do m\u00e9dico, desde que seja a vontade do paciente.<\/p><p style=\"text-align: left;\">O procedimento de preenchimento \u00e9 realizado em sess\u00e3o \u00fanica, podendo ser necess\u00e1rios pequenos retoques.<\/p><p style=\"text-align: left;\">O laser Q-Switched, a Luz Intensa Pulsada, o Laser 4D, o Laser Fracionado Ablativo e o Laser Fracionado Subablativo tamb\u00e9m s\u00e3o de aplica\u00e7\u00e3o r\u00e1pida e n\u00e3o causam dor significativa. Para os lasers ablativos pode ser usada anestesia t\u00f3pica (cremes anest\u00e9sicos), associados ou n\u00e3o a medicamentos antiinflamat\u00f3rios e contra a dor, desde que seja a vontade do paciente.<\/p><p style=\"text-align: left;\">Altera\u00e7\u00f5es de textura da pele quando associadas a manchas podem ser tratadas com diversos tipos de peelings qu\u00edmicos, visando o clareamento da pele e melhora da sua estrutura. Este estilo de tratamento \u00e9 mais indicado para pacientes que n\u00e3o tem o h\u00e1bito de se expor ao sol.<\/p>\t\t\t\t\t\t<\/div>\n\t\t\t\t<\/div>\n\t\t\t\t\t<\/div>\n\t\t<\/div>\n\t\t\t\t\t<\/div>\n\t\t<\/section>\n\t\t\t\t\t<\/div>\n\t\t<\/div>\n\t\t\t\t\t<\/div>\n\t\t<\/section>\n\t\t\t\t<section class=\"elementor-section elementor-top-section elementor-element elementor-element-1e396e2 elementor-section-stretched elementor-section-boxed elementor-section-height-default elementor-section-height-default\" data-id=\"1e396e2\" data-element_type=\"section\" data-settings=\"{&quot;stretch_section&quot;:&quot;section-stretched&quot;,&quot;background_background&quot;:&quot;classic&quot;}\">\n\t\t\t\t\t\t<div class=\"elementor-container elementor-column-gap-wider\">\n\t\t\t\t\t<div class=\"elementor-column elementor-col-100 elementor-top-column elementor-element elementor-element-c87c65b\" data-id=\"c87c65b\" data-element_type=\"column\">\n\t\t\t<div class=\"elementor-widget-wrap elementor-element-populated\">\n\t\t\t\t\t\t<div class=\"elementor-element elementor-element-1e20649 elementor-widget elementor-widget-text-editor\" data-id=\"1e20649\" data-element_type=\"widget\" data-widget_type=\"text-editor.default\">\n\t\t\t\t<div class=\"elementor-widget-container\">\n\t\t\t\t\t\t\t<h4 class=\"MsoNormal\"><span style=\"color: #ffffff;\">Como \u00e9 o P\u00f3s-Procedimento?<\/span><\/h4><p class=\"MsoNormal\">O Laser Q-Switched,com\u00a0 a Luz Intensa Pulsada, a Hidrata\u00e7\u00e3o Injet\u00e1vel (Skinboosters), e a aplica\u00e7\u00e3o com \u00c1cido Hialur\u00f4nico\u00a0 n\u00e3o exige cuidados especiais nem o afastamento das atividades de rotina nos primeiros dias depois da aplica\u00e7\u00e3o.<\/p><p class=\"MsoNormal\">Imediatamente ap\u00f3s o procedimento, pode ocorrer leve incha\u00e7o, vermelhid\u00e3o ou arroxeamento nas \u00e1reas das picadas.<\/p><p class=\"MsoNormal\">Estes normalmente involuem e desaparecem\u00a0espontaneamente em alguns dias.<\/p><p class=\"MsoNormal\">Podem ser aplicadas compressas geladas por cerca de dez minutos a cada 3 horas nos dois primeiros dias, ap\u00f3s a sess\u00e3o.<\/p><p class=\"MsoNormal\">O uso de analg\u00e9sicos geralmente \u00e9 desnecess\u00e1rio.<\/p><p class=\"MsoNormal\">J\u00e1 os peelings e o Laser 4D, o Laser Fracionado Ablativo e o Laser Fracionado Subablativo v\u00e3o provocar renova\u00e7\u00e3o da pele, podendo restringir brevemente os encontros sociais.<\/p><p class=\"MsoNormal\">O sol \u00e9 expressamente proibido, at\u00e9 2 meses, ap\u00f3s a \u00faltima aplica\u00e7\u00e3o.<\/p><p class=\"MsoNormal\">Maquiagem corretiva pode ser aplicada 24 horas, ap\u00f3s o tratamento.<\/p><p class=\"MsoNormal\">Exerc\u00edcios somente podem ser retomados um dia, ap\u00f3s a sess\u00e3o.<\/p><h4 class=\"MsoNormal\"><span style=\"color: #ffffff;\">Quanto tempo dura o efeito do Tratamento das Olheiras?<\/span><\/h4><p class=\"MsoNormal\">A varia\u00e7\u00e3o quanto a sua durabilidade depende do tipo de tratamento realizado, do volume do produto empregado a e da resposta individual de cada paciente.<\/p><p class=\"MsoNormal\">A aplica\u00e7\u00e3o de \u00c1cido Hialur\u00f4nico costuma durar entre 12 e 18 meses.<\/p><p class=\"MsoNormal\">A durabilidade dos lasers e dos peelings dependem diretamente do estilo de vida e dos h\u00e1bitos do paciente. Quanto maior for a exposi\u00e7\u00e3o ao sol e menores os cuidados com o filtro solar, mais r\u00e1pido as olheiras retornar\u00e3o.<\/p><p class=\"MsoNormal\">Recomenda-se fazer a manuten\u00e7\u00e3o do tratamento com uma sess\u00e3o semestral.<\/p><h4 class=\"MsoNormal\"><span style=\"color: #ffffff;\">H\u00e1 algum efeito colateral?<\/span><\/h4><p class=\"MsoNormal\">Os efeitos colaterais s\u00e3o m\u00ednimos e geralmente relacionados aos pequenos traumas nos locais das perfura\u00e7\u00f5es.<\/p><p>Os poss\u00edveis efeitos s\u00e3o leves e tempor\u00e1rios e n\u00e3o limitam significativamente as atividades do paciente.<\/p><h4><span style=\"color: #ffffff;\">Contraindica\u00e7\u00f5es:<\/span><\/h4><ul><li>Gestantes;<\/li><li>Lactentes;<\/li><li>Imunossuprimidos;<\/li><li>Pacientes portadores de doen\u00e7as auto-imunes em atividade;<\/li><li>Pacientes portadores de doen\u00e7as com dist\u00farbio da coagula\u00e7\u00e3o;<\/li><li>Pacientes com infec\u00e7\u00f5es de pele.<\/li><\/ul>\t\t\t\t\t\t<\/div>\n\t\t\t\t<\/div>\n\t\t\t\t\t<\/div>\n\t\t<\/div>\n\t\t\t\t\t<\/div>\n\t\t<\/section>\n\t\t\t\t<section class=\"elementor-section elementor-top-section elementor-element elementor-element-1e1d461 elementor-section-stretched elementor-section-boxed elementor-section-height-default elementor-section-height-default\" data-id=\"1e1d461\" data-element_type=\"section\" data-settings=\"{&quot;stretch_section&quot;:&quot;section-stretched&quot;}\">\n\t\t\t\t\t\t<div class=\"elementor-container elementor-column-gap-wider\">\n\t\t\t\t\t<div class=\"elementor-column elementor-col-100 elementor-top-column elementor-element elementor-element-98eea6e\" data-id=\"98eea6e\" data-element_type=\"column\">\n\t\t\t<div class=\"elementor-widget-wrap elementor-element-populated\">\n\t\t\t\t\t\t<section class=\"elementor-section elementor-inner-section elementor-element elementor-element-8caea67 elementor-section-boxed elementor-section-height-default elementor-section-height-default\" data-id=\"8caea67\" data-element_type=\"section\" data-settings=\"{&quot;background_background&quot;:&quot;classic&quot;}\">\n\t\t\t\t\t\t<div class=\"elementor-container elementor-column-gap-default\">\n\t\t\t\t\t<div class=\"elementor-column elementor-col-100 elementor-inner-column elementor-element elementor-element-7cbc67d\" data-id=\"7cbc67d\" data-element_type=\"column\" data-settings=\"{&quot;background_background&quot;:&quot;classic&quot;}\">\n\t\t\t<div class=\"elementor-widget-wrap elementor-element-populated\">\n\t\t\t\t\t\t<div class=\"elementor-element elementor-element-aa9989b elementor-widget elementor-widget-text-editor\" data-id=\"aa9989b\" data-element_type=\"widget\" data-widget_type=\"text-editor.default\">\n\t\t\t\t<div class=\"elementor-widget-container\">\n\t\t\t\t\t\t\t<h2><b>Contato<\/b><\/h2><div><b>Entre em contato conosco para tirar uma d\u00favida ou agendar uma consulta.<\/b><\/div>\t\t\t\t\t\t<\/div>\n\t\t\t\t<\/div>\n\t\t\t\t<div class=\"elementor-element elementor-element-d89342c elementor-widget elementor-widget-spacer\" data-id=\"d89342c\" data-element_type=\"widget\" data-widget_type=\"spacer.default\">\n\t\t\t\t<div class=\"elementor-widget-container\">\n\t\t\t<style>\/*! elementor - v3.23.0 - 05-08-2024 *\/\n.elementor-column .elementor-spacer-inner{height:var(--spacer-size)}.e-con{--container-widget-width:100%}.e-con-inner>.elementor-widget-spacer,.e-con>.elementor-widget-spacer{width:var(--container-widget-width,var(--spacer-size));--align-self:var(--container-widget-align-self,initial);--flex-shrink:0}.e-con-inner>.elementor-widget-spacer>.elementor-widget-container,.e-con>.elementor-widget-spacer>.elementor-widget-container{height:100%;width:100%}.e-con-inner>.elementor-widget-spacer>.elementor-widget-container>.elementor-spacer,.e-con>.elementor-widget-spacer>.elementor-widget-container>.elementor-spacer{height:100%}.e-con-inner>.elementor-widget-spacer>.elementor-widget-container>.elementor-spacer>.elementor-spacer-inner,.e-con>.elementor-widget-spacer>.elementor-widget-container>.elementor-spacer>.elementor-spacer-inner{height:var(--container-widget-height,var(--spacer-size))}.e-con-inner>.elementor-widget-spacer.elementor-widget-empty,.e-con>.elementor-widget-spacer.elementor-widget-empty{position:relative;min-height:22px;min-width:22px}.e-con-inner>.elementor-widget-spacer.elementor-widget-empty .elementor-widget-empty-icon,.e-con>.elementor-widget-spacer.elementor-widget-empty .elementor-widget-empty-icon{position:absolute;top:0;bottom:0;left:0;right:0;margin:auto;padding:0;width:22px;height:22px}<\/style>\t\t<div class=\"elementor-spacer\">\n\t\t\t<div class=\"elementor-spacer-inner\"><\/div>\n\t\t<\/div>\n\t\t\t\t<\/div>\n\t\t\t\t<\/div>\n\t\t\t\t<div class=\"elementor-element elementor-element-8c37a5d elementor-widget elementor-widget-shortcode\" data-id=\"8c37a5d\" data-element_type=\"widget\" data-widget_type=\"shortcode.default\">\n\t\t\t\t<div class=\"elementor-widget-container\">\n\t\t\t\t\t<div class=\"elementor-shortcode\">\n<div class=\"wpcf7 no-js\" id=\"wpcf7-f112-o1\" lang=\"en-US\" dir=\"ltr\">\n<div class=\"screen-reader-response\"><p role=\"status\" aria-live=\"polite\" aria-atomic=\"true\"><\/p> <ul><\/ul><\/div>\n<form action=\"\/index.php\/wp-json\/wp\/v2\/pages\/1030#wpcf7-f112-o1\" method=\"post\" class=\"wpcf7-form init\" aria-label=\"Contact form\" novalidate=\"novalidate\" data-status=\"init\">\n<div style=\"display: none;\">\n<input type=\"hidden\" name=\"_wpcf7\" value=\"112\" \/>\n<input type=\"hidden\" name=\"_wpcf7_version\" value=\"5.7.7\" \/>\n<input type=\"hidden\" name=\"_wpcf7_locale\" value=\"en_US\" \/>\n<input type=\"hidden\" name=\"_wpcf7_unit_tag\" value=\"wpcf7-f112-o1\" \/>\n<input type=\"hidden\" name=\"_wpcf7_container_post\" value=\"0\" \/>\n<input type=\"hidden\" name=\"_wpcf7_posted_data_hash\" value=\"\" \/>\n<\/div>\n<div class=\"column one-second\">\n\t<p><span class=\"wpcf7-form-control-wrap\" data-name=\"your-name\"><input size=\"40\" class=\"wpcf7-form-control wpcf7-text wpcf7-validates-as-required\" aria-required=\"true\" aria-invalid=\"false\" placeholder=\"Nome\" value=\"\" type=\"text\" name=\"your-name\" \/><\/span>\n\t<\/p>\n<\/div>\n<div class=\"column one-second\">\n\t<p><span class=\"wpcf7-form-control-wrap\" data-name=\"your-phone\"><input size=\"40\" class=\"wpcf7-form-control wpcf7-text wpcf7-tel wpcf7-validates-as-tel\" aria-invalid=\"false\" placeholder=\"Telefone\" value=\"\" type=\"tel\" name=\"your-phone\" \/><\/span>\n\t<\/p>\n<\/div>\n<div class=\"column one\">\n\t<p><span class=\"wpcf7-form-control-wrap\" data-name=\"E-mail\"><input size=\"40\" class=\"wpcf7-form-control wpcf7-text wpcf7-email wpcf7-validates-as-required wpcf7-validates-as-email\" aria-required=\"true\" aria-invalid=\"false\" placeholder=\"E-mail\" value=\"\" type=\"email\" name=\"E-mail\" \/><\/span>\n\t<\/p>\n<\/div>\n<div class=\"column one\">\n\t<p><span class=\"wpcf7-form-control-wrap\" data-name=\"your-message\"><textarea cols=\"40\" rows=\"1\" class=\"wpcf7-form-control wpcf7-textarea\" aria-invalid=\"false\" placeholder=\"Mensagem\" name=\"your-message\"><\/textarea><\/span>\n\t<\/p>\n<\/div>\n<div class=\"column one\" style=\"text-align: center;\">\n\t<p><input class=\"wpcf7-form-control has-spinner wpcf7-submit\" type=\"submit\" value=\"Enviar Mensagem\" \/>\n\t<\/p>\n<\/div><div class=\"wpcf7-response-output\" aria-hidden=\"true\"><\/div>\n<\/form>\n<\/div>\n<\/div>\n\t\t\t\t<\/div>\n\t\t\t\t<\/div>\n\t\t\t\t\t<\/div>\n\t\t<\/div>\n\t\t\t\t\t<\/div>\n\t\t<\/section>\n\t\t\t\t\t<\/div>\n\t\t<\/div>\n\t\t\t\t\t<\/div>\n\t\t<\/section>\n\t\t\t\t<\/div>\n\t\t","protected":false},"excerpt":{"rendered":"<p>O que \u00e9? S\u00e3o os c\u00edrculos escuros ao redor dos olhos. Inconvenientes, acometem pessoas de todas as idades e d\u00e3o ao rosto aspecto cansado, envelhecido, triste,<span class=\"excerpt-hellip\"> [\u2026]<\/span><\/p>\n","protected":false},"author":1,"featured_media":0,"parent":976,"menu_order":0,"comment_status":"closed","ping_status":"closed","template":"","meta":{"_joinchat":[]},"_links":{"self":[{"href":"https:\/\/dermacentro.com.br\/index.php\/wp-json\/wp\/v2\/pages\/1030"}],"collection":[{"href":"https:\/\/dermacentro.com.br\/index.php\/wp-json\/wp\/v2\/pages"}],"about":[{"href":"https:\/\/dermacentro.com.br\/index.php\/wp-json\/wp\/v2\/types\/page"}],"author":[{"embeddable":true,"href":"https:\/\/dermacentro.com.br\/index.php\/wp-json\/wp\/v2\/users\/1"}],"replies":[{"embeddable":true,"href":"https:\/\/dermacentro.com.br\/index.php\/wp-json\/wp\/v2\/comments?post=1030"}],"version-history":[{"count":8,"href":"https:\/\/dermacentro.com.br\/index.php\/wp-json\/wp\/v2\/pages\/1030\/revisions"}],"predecessor-version":[{"id":2160,"href":"https:\/\/dermacentro.com.br\/index.php\/wp-json\/wp\/v2\/pages\/1030\/revisions\/2160"}],"up":[{"embeddable":true,"href":"https:\/\/dermacentro.com.br\/index.php\/wp-json\/wp\/v2\/pages\/976"}],"wp:attachment":[{"href":"https:\/\/dermacentro.com.br\/index.php\/wp-json\/wp\/v2\/media?parent=1030"}],"curies":[{"name":"wp","href":"https:\/\/api.w.org\/{rel}","templated":true}]}}