{"id":1025,"date":"2022-04-19T17:10:04","date_gmt":"2022-04-19T20:10:04","guid":{"rendered":"http:\/\/dermacentro.com.br\/?page_id=1025"},"modified":"2022-07-26T11:45:01","modified_gmt":"2022-07-26T14:45:01","slug":"rinomodelacao-nao-cirurgica-remodelacao-do-nariz","status":"publish","type":"page","link":"https:\/\/dermacentro.com.br\/index.php\/tratamentos-faciais\/rinomodelacao-nao-cirurgica-remodelacao-do-nariz\/","title":{"rendered":"Rinomodela\u00e7\u00e3o n\u00e3o Cir\u00fargica\/Remodela\u00e7\u00e3o do Nariz"},"content":{"rendered":"\t\t<div data-elementor-type=\"wp-page\" data-elementor-id=\"1025\" class=\"elementor elementor-1025\">\n\t\t\t\t\t\t<section class=\"elementor-section elementor-top-section elementor-element elementor-element-0c5fb4f elementor-section-stretched elementor-section-boxed elementor-section-height-default elementor-section-height-default\" data-id=\"0c5fb4f\" data-element_type=\"section\" data-settings=\"{&quot;stretch_section&quot;:&quot;section-stretched&quot;,&quot;background_background&quot;:&quot;classic&quot;}\">\n\t\t\t\t\t\t\t<div class=\"elementor-background-overlay\"><\/div>\n\t\t\t\t\t\t\t<div class=\"elementor-container elementor-column-gap-default\">\n\t\t\t\t\t<div class=\"elementor-column elementor-col-100 elementor-top-column elementor-element elementor-element-b33aa50\" data-id=\"b33aa50\" data-element_type=\"column\">\n\t\t\t<div class=\"elementor-widget-wrap elementor-element-populated\">\n\t\t\t\t\t\t\t<\/div>\n\t\t<\/div>\n\t\t\t\t\t<\/div>\n\t\t<\/section>\n\t\t\t\t<section class=\"elementor-section elementor-top-section elementor-element elementor-element-3e41c4a elementor-section-stretched elementor-section-boxed elementor-section-height-default elementor-section-height-default\" data-id=\"3e41c4a\" data-element_type=\"section\" data-settings=\"{&quot;stretch_section&quot;:&quot;section-stretched&quot;,&quot;background_background&quot;:&quot;classic&quot;}\">\n\t\t\t\t\t\t<div class=\"elementor-container elementor-column-gap-wider\">\n\t\t\t\t\t<div class=\"elementor-column elementor-col-100 elementor-top-column elementor-element elementor-element-b382ebe\" data-id=\"b382ebe\" data-element_type=\"column\">\n\t\t\t<div class=\"elementor-widget-wrap elementor-element-populated\">\n\t\t\t\t\t\t<section class=\"elementor-section elementor-inner-section elementor-element elementor-element-a05f91a elementor-section-boxed elementor-section-height-default elementor-section-height-default\" data-id=\"a05f91a\" data-element_type=\"section\">\n\t\t\t\t\t\t<div class=\"elementor-container elementor-column-gap-default\">\n\t\t\t\t\t<div class=\"elementor-column elementor-col-50 elementor-inner-column elementor-element elementor-element-530dd7b\" data-id=\"530dd7b\" data-element_type=\"column\">\n\t\t\t<div class=\"elementor-widget-wrap elementor-element-populated\">\n\t\t\t\t\t\t<div class=\"elementor-element elementor-element-4d5caeb elementor-widget elementor-widget-image\" data-id=\"4d5caeb\" data-element_type=\"widget\" data-widget_type=\"image.default\">\n\t\t\t\t<div class=\"elementor-widget-container\">\n\t\t\t<style>\/*! elementor - v3.23.0 - 05-08-2024 *\/\n.elementor-widget-image{text-align:center}.elementor-widget-image a{display:inline-block}.elementor-widget-image a img[src$=\".svg\"]{width:48px}.elementor-widget-image img{vertical-align:middle;display:inline-block}<\/style>\t\t\t\t\t\t\t\t\t\t<img fetchpriority=\"high\" width=\"780\" height=\"1135\" src=\"https:\/\/dermacentro.com.br\/wp-content\/uploads\/2022\/07\/rinomodelacao-copiar-2.webp\" class=\"attachment-full size-full wp-image-2172\" alt=\"\" srcset=\"https:\/\/dermacentro.com.br\/wp-content\/uploads\/2022\/07\/rinomodelacao-copiar-2.webp 780w, https:\/\/dermacentro.com.br\/wp-content\/uploads\/2022\/07\/rinomodelacao-copiar-2-206x300.webp 206w, https:\/\/dermacentro.com.br\/wp-content\/uploads\/2022\/07\/rinomodelacao-copiar-2-704x1024.webp 704w, https:\/\/dermacentro.com.br\/wp-content\/uploads\/2022\/07\/rinomodelacao-copiar-2-768x1118.webp 768w, https:\/\/dermacentro.com.br\/wp-content\/uploads\/2022\/07\/rinomodelacao-copiar-2-100x146.webp 100w, https:\/\/dermacentro.com.br\/wp-content\/uploads\/2022\/07\/rinomodelacao-copiar-2-34x50.webp 34w, https:\/\/dermacentro.com.br\/wp-content\/uploads\/2022\/07\/rinomodelacao-copiar-2-52x75.webp 52w\" sizes=\"(max-width: 780px) 100vw, 780px\" \/>\t\t\t\t\t\t\t\t\t\t\t\t\t<\/div>\n\t\t\t\t<\/div>\n\t\t\t\t\t<\/div>\n\t\t<\/div>\n\t\t\t\t<div class=\"elementor-column elementor-col-50 elementor-inner-column elementor-element elementor-element-8599277\" data-id=\"8599277\" data-element_type=\"column\">\n\t\t\t<div class=\"elementor-widget-wrap elementor-element-populated\">\n\t\t\t\t\t\t<div class=\"elementor-element elementor-element-d53fc86 elementor-widget elementor-widget-text-editor\" data-id=\"d53fc86\" data-element_type=\"widget\" data-widget_type=\"text-editor.default\">\n\t\t\t\t<div class=\"elementor-widget-container\">\n\t\t\t<style>\/*! elementor - v3.23.0 - 05-08-2024 *\/\n.elementor-widget-text-editor.elementor-drop-cap-view-stacked .elementor-drop-cap{background-color:#69727d;color:#fff}.elementor-widget-text-editor.elementor-drop-cap-view-framed .elementor-drop-cap{color:#69727d;border:3px solid;background-color:transparent}.elementor-widget-text-editor:not(.elementor-drop-cap-view-default) .elementor-drop-cap{margin-top:8px}.elementor-widget-text-editor:not(.elementor-drop-cap-view-default) .elementor-drop-cap-letter{width:1em;height:1em}.elementor-widget-text-editor .elementor-drop-cap{float:left;text-align:center;line-height:1;font-size:50px}.elementor-widget-text-editor .elementor-drop-cap-letter{display:inline-block}<\/style>\t\t\t\t<h3><span style=\"color: #ffffff;\">O que \u00e9?<\/span><\/h3>\t\t\t\t\t\t<\/div>\n\t\t\t\t<\/div>\n\t\t\t\t<div class=\"elementor-element elementor-element-444a6ba elementor-widget elementor-widget-text-editor\" data-id=\"444a6ba\" data-element_type=\"widget\" data-widget_type=\"text-editor.default\">\n\t\t\t\t<div class=\"elementor-widget-container\">\n\t\t\t\t\t\t\t<p>O nariz \u00e9 uma das partes mais importantes do rosto e confere personalidade ao indiv\u00edduo. Historicamente, altera\u00e7\u00f5es na sua forma chegam a estigmatizar uma pessoa ( \u201cnariz de tucano\u201d, entre outros).<\/p><p>Altera\u00e7\u00f5es na ponta e no dorso do nariz costumam ser as mais desconfort\u00e1veis para os pacientes.<\/p><p>A rinomodela\u00e7\u00e3o \u00e9 um procedimento simples e r\u00e1pido, realizado na cl\u00ednica m\u00e9dica e traz resultados compar\u00e1veis a um procedimento cir\u00fargico, embora mais transit\u00f3rios.<\/p><h4><span style=\"color: #ffffff;\">O que \u00e9 Rinomodela\u00e7\u00e3o?<\/span><\/h4><p>\u00c9 uma t\u00e9cnica minimamente invasiva que visa tratar pequenas imperfei\u00e7\u00f5es do nariz, deixando-o mais agrad\u00e1vel esteticamente.<\/p><p>Pode ser realizado atrav\u00e9s do Preenchimento com \u00c1cido Hialur\u00f4nico ou corrigido com Fios de Tra\u00e7\u00e3o \/ Sustenta\u00e7\u00e3o.<\/p><p>A escolha do m\u00e9todo e da t\u00e9cnica de tratamento ser\u00e1 determinada pelo m\u00e9dico especialista em comum acordo com o paciente, no momento da consulta.<\/p><p>Este procedimento n\u00e3o compete com um procedimento cir\u00fargico, pois \u00e9 transit\u00f3rio e destinado apenas a altera\u00e7\u00f5es leves do nariz.<\/p><p>Entretanto, \u00e9 muito r\u00e1pido, com pequeno tempo de recupera\u00e7\u00e3o e n\u00e3o exige que o paciente se afaste de suas atividades por muito tempo.<\/p><p>\u00c9 um procedimento de excelente custo\/benef\u00edcio e pode ser usado, inclusive, como \u201cprojeto piloto\u201d para uma cirurgia pl\u00e1stica, para aqueles pacientes que desejam a cirurgia, mas temem seus resultados mais perenes.<\/p>\t\t\t\t\t\t<\/div>\n\t\t\t\t<\/div>\n\t\t\t\t\t<\/div>\n\t\t<\/div>\n\t\t\t\t\t<\/div>\n\t\t<\/section>\n\t\t\t\t\t<\/div>\n\t\t<\/div>\n\t\t\t\t\t<\/div>\n\t\t<\/section>\n\t\t\t\t<section class=\"elementor-section elementor-top-section elementor-element elementor-element-23c64f6 elementor-section-stretched elementor-section-boxed elementor-section-height-default elementor-section-height-default\" data-id=\"23c64f6\" data-element_type=\"section\" data-settings=\"{&quot;stretch_section&quot;:&quot;section-stretched&quot;,&quot;background_background&quot;:&quot;classic&quot;}\">\n\t\t\t\t\t\t<div class=\"elementor-container elementor-column-gap-wider\">\n\t\t\t\t\t<div class=\"elementor-column elementor-col-100 elementor-top-column elementor-element elementor-element-536a83c\" data-id=\"536a83c\" data-element_type=\"column\">\n\t\t\t<div class=\"elementor-widget-wrap elementor-element-populated\">\n\t\t\t\t\t\t<section class=\"elementor-section elementor-inner-section elementor-element elementor-element-21d1228 elementor-section-boxed elementor-section-height-default elementor-section-height-default\" data-id=\"21d1228\" data-element_type=\"section\">\n\t\t\t\t\t\t<div class=\"elementor-container elementor-column-gap-default\">\n\t\t\t\t\t<div class=\"elementor-column elementor-col-100 elementor-inner-column elementor-element elementor-element-5128357\" data-id=\"5128357\" data-element_type=\"column\">\n\t\t\t<div class=\"elementor-widget-wrap elementor-element-populated\">\n\t\t\t\t\t\t<div class=\"elementor-element elementor-element-942eadf elementor-widget elementor-widget-text-editor\" data-id=\"942eadf\" data-element_type=\"widget\" data-widget_type=\"text-editor.default\">\n\t\t\t\t<div class=\"elementor-widget-container\">\n\t\t\t\t\t\t\t<h4 style=\"text-align: left;\">Indica\u00e7\u00f5es:<\/h4><ul style=\"text-align: left;\"><li>Queda da Ponta do Nariz.<\/li><li>Ponta do Nariz pouco definida.<\/li><li>Curvatura do Dorso do Nariz.<\/li><li>Assimetrias do Nariz (pequenas).<\/li><li>Abertura Excessiva das Asas do Nariz.<\/li><li>Cicatrizes Atr\u00f3ficas no Nariz.<\/li><\/ul><h4 style=\"text-align: left;\">\u00a0Como \u00e9 o Procedimento?<\/h4><p style=\"text-align: left;\">O procedimento \u00e9 simples, r\u00e1pido (cerca de 30 a 60 minutos), realizado no consult\u00f3rio, sob anestesia t\u00f3pica (cremes anest\u00e9sicos) ou anestesia de bloqueio local (semelhante \u00e0 usada\u00a0pelos dentistas), geralmente associado a compressas de gelo para diminuir a dor e a incid\u00eancia de equimoses ou manchas arroxeadas.<\/p><p style=\"text-align: left;\">Medicamentos antiinflamat\u00f3rios e contra a dor podem ser utilizados imediatamente antes da sess\u00e3o, com a orienta\u00e7\u00e3o do m\u00e9dico, desde que seja a vontade do paciente.<\/p><p style=\"text-align: left;\">O profissional far\u00e1 aplica\u00e7\u00e3o do \u00c1cido Hialur\u00f4nico nas regi\u00f5es que se deseja tratar. Esta aplica\u00e7\u00e3o poder\u00e1 ser feita atrav\u00e9s de agulhas ou c\u00e2nulas. A elei\u00e7\u00e3o do m\u00e9todo de aplica\u00e7\u00e3o e do produto a ser usado em cada caso, dever\u00e1 ser feita pelo m\u00e9dico respons\u00e1vel, no momento do procedimento.<\/p><p style=\"text-align: left;\">Dependendo da necessidade, podemos utilizar Fios espec\u00edficos, indicados para eleva\u00e7\u00e3o da ponta do nariz, para dar mais delicadeza ao formato do nariz e para elevar o dorso do nariz. Da mesma forma, o tipo de fio e a t\u00e9cnica indicada devem ser escolhidos pelo m\u00e9dico respons\u00e1vel.<\/p><p style=\"text-align: left;\">Apesar da sensa\u00e7\u00e3o desagrad\u00e1vel, quase n\u00e3o h\u00e1 dor.<\/p><p style=\"text-align: left;\">O procedimento \u00e9 realizado em sess\u00e3o \u00fanica, podendo ser necess\u00e1rios pequenos retoques.<\/p><p style=\"text-align: left;\">Ambas as t\u00e9cnicas podem ser associadas em uma ou mais sess\u00f5es, dependendo da indica\u00e7\u00e3o de cada caso.<\/p><h4 style=\"text-align: left;\">Como \u00e9 o P\u00f3s-Procedimento?<\/h4><p style=\"text-align: left;\">A aplica\u00e7\u00e3o com \u00c1cido Hialur\u00f4nico costuma ser mais simples, costumeiramente n\u00e3o exigindo cuidados especiais nem o afastamento das atividades de rotina nos primeiros dias depois da aplica\u00e7\u00e3o.<\/p><p style=\"text-align: left;\">Imediatamente ap\u00f3s o procedimento, pode ocorrer leve incha\u00e7o, vermelhid\u00e3o ou arroxeamento nas \u00e1reas das picadas.<\/p><p style=\"text-align: left;\">Estes normalmente involuem e desaparecem\u00a0espontaneamente em alguns dias.<\/p><p style=\"text-align: left;\">Podem ser aplicadas compressas geladas por cerca de dez minutos a cada 3 horas nos dois primeiros dias, ap\u00f3s a sess\u00e3o.<\/p><p style=\"text-align: left;\">O uso de analg\u00e9sicos geralmente \u00e9 desnecess\u00e1rio.<\/p><p style=\"text-align: left;\">Maquiagem corretiva pode ser aplicada 48 horas, ap\u00f3s o tratamento.<\/p><p style=\"text-align: left;\">Procedimentos de apoio como laser para redu\u00e7\u00e3o das manchas arroxeadas e fototerapia por LED podem ser usados associados nos primeiros dias ap\u00f3s o\u00a0procedimento, uma vez que aceleram a involu\u00e7\u00e3o do processo inflamat\u00f3rio, facilitando a elimina\u00e7\u00e3o dos arroxeados.<\/p><p style=\"text-align: left;\">Durante o per\u00edodo em que houver manchas arroxeadas, podem ser aplicadas pomadas pr\u00f3prias para sua redu\u00e7\u00e3o.<\/p><p style=\"text-align: left;\">Neste per\u00edodo, o sol deve ser evitado.<\/p><p style=\"text-align: left;\">Exerc\u00edcios somente podem ser retomados uma semana, ap\u00f3s a sess\u00e3o.<\/p><p style=\"text-align: left;\">O paciente deve suspender o uso dos cremes dermatol\u00f3gicos, at\u00e9 a recupera\u00e7\u00e3o completa da pele.<\/p><p style=\"text-align: left;\">Para os pacientes tratados com fios, ap\u00f3s o procedimento, o nariz pode precisar de um pequeno curativo com micropore, nas primeiras 48 h.<\/p><p style=\"text-align: left;\">Recomenda-se que o paciente durma com o rosto virado para cima (n\u00e3o dormir de lado ou de bru\u00e7os) na primeira semana, pelo menos. O ideal \u00e9 que se mantenha o dec\u00fabito dorsal para dormir, nas primeiras tr\u00eas semanas.<\/p><p style=\"text-align: left;\">Lavar e secar o rosto com cuidado, sem esfregar, na primeira semana.<\/p><p style=\"text-align: left;\">Evitar lavar os cabelos por 48 horas, no m\u00ednimo.<\/p><p style=\"text-align: left;\">Evitar tratamentos est\u00e9ticos e massagens faciais por 3 semanas.<\/p><p style=\"text-align: left;\">Evitar esportes de impacto e de contato f\u00edsico direto por 3 semanas.<\/p><p style=\"text-align: left;\">Evitar completamente a exposi\u00e7\u00e3o ao sol.<\/p><p style=\"text-align: left;\">Maquiagem corretiva pode ser aplicada 48 horas, ap\u00f3s o tratamento.<\/p><p style=\"text-align: left;\">Durante o per\u00edodo em que houver manchas arroxeadas, podem ser aplicadas pomadas pr\u00f3prias para sua redu\u00e7\u00e3o.<\/p>\t\t\t\t\t\t<\/div>\n\t\t\t\t<\/div>\n\t\t\t\t\t<\/div>\n\t\t<\/div>\n\t\t\t\t\t<\/div>\n\t\t<\/section>\n\t\t\t\t\t<\/div>\n\t\t<\/div>\n\t\t\t\t\t<\/div>\n\t\t<\/section>\n\t\t\t\t<section class=\"elementor-section elementor-top-section elementor-element elementor-element-1e396e2 elementor-section-stretched elementor-section-boxed elementor-section-height-default elementor-section-height-default\" data-id=\"1e396e2\" data-element_type=\"section\" data-settings=\"{&quot;stretch_section&quot;:&quot;section-stretched&quot;,&quot;background_background&quot;:&quot;classic&quot;}\">\n\t\t\t\t\t\t<div class=\"elementor-container elementor-column-gap-wider\">\n\t\t\t\t\t<div class=\"elementor-column elementor-col-100 elementor-top-column elementor-element elementor-element-c87c65b\" data-id=\"c87c65b\" data-element_type=\"column\">\n\t\t\t<div class=\"elementor-widget-wrap elementor-element-populated\">\n\t\t\t\t\t\t<div class=\"elementor-element elementor-element-1e20649 elementor-widget elementor-widget-text-editor\" data-id=\"1e20649\" data-element_type=\"widget\" data-widget_type=\"text-editor.default\">\n\t\t\t\t<div class=\"elementor-widget-container\">\n\t\t\t\t\t\t\t<h4 class=\"MsoNormal\"><span style=\"color: #ffffff;\">Quanto tempo dura o efeito da Rinomodel\u00e7\u00e3o?<\/span><\/h4><p>A varia\u00e7\u00e3o quanto a sua durabilidade depende do n\u00famero da t\u00e9cnica utilizada,dos cuidados p\u00f3s-procedimento e da resposta\u00a0 individual de cada paciente.<\/p><p>A aplica\u00e7\u00e3o de \u00c1cido Hialur\u00f4nico costuma durar de 12 a 18 meses.<\/p><p>Os fios s\u00e3o completamente absorvidos entre 6 e 12 meses.<\/p><p>Mas, a biorremodela\u00e7\u00e3o por eles promovida mant\u00e9m seus efeitos, em geral, por at\u00e9 24 meses, podendo variar para mais e para menos.<\/p><h4 class=\"MsoNormal\"><span style=\"color: #ffffff;\">H\u00e1 algum efeito colateral?<\/span><\/h4><p class=\"MsoNormal\">Os efeitos colaterais s\u00e3o m\u00ednimos e geralmente relacionados aos pequenos traumas nos locais das perfura\u00e7\u00f5es.<\/p><p class=\"MsoNormal\">Maquiagem corretiva pode ser usada a partir de 48 horas ap\u00f3s o tratamento.<\/p><p class=\"MsoNormal\">Os poss\u00edveis efeitos s\u00e3o leves e tempor\u00e1rios e n\u00e3o limitam significativamente as atividades do paciente.<\/p><p class=\"MsoNormal\">Devem ser evitadas situa\u00e7\u00f5es que possibilitem trauma da regi\u00e3o tratada, pois \u00e9 necess\u00e1rio que o procedimento permane\u00e7a \u2018\u2019est\u00e1vel\u201d, pelo menos por 48 horas, ap\u00f3s a aplica\u00e7\u00e3o.<\/p><h4><span style=\"color: #ffffff;\">Contraindica\u00e7\u00f5es:<\/span><\/h4><ul><li>Gestantes;<\/li><li>Lactentes;<\/li><li>Imunossuprimidos;<\/li><li>Pacientes portadores de doen\u00e7as auto-imunes em atividade;<\/li><li>Pacientes portadores de doen\u00e7as com dist\u00farbio da coagula\u00e7\u00e3o;\u00a0<\/li><li>Pacientes com infec\u00e7\u00f5es de pele.<\/li><\/ul>\t\t\t\t\t\t<\/div>\n\t\t\t\t<\/div>\n\t\t\t\t\t<\/div>\n\t\t<\/div>\n\t\t\t\t\t<\/div>\n\t\t<\/section>\n\t\t\t\t<section class=\"elementor-section elementor-top-section elementor-element elementor-element-1e1d461 elementor-section-stretched elementor-section-boxed elementor-section-height-default elementor-section-height-default\" data-id=\"1e1d461\" data-element_type=\"section\" data-settings=\"{&quot;stretch_section&quot;:&quot;section-stretched&quot;}\">\n\t\t\t\t\t\t<div class=\"elementor-container elementor-column-gap-wider\">\n\t\t\t\t\t<div class=\"elementor-column elementor-col-100 elementor-top-column elementor-element elementor-element-98eea6e\" data-id=\"98eea6e\" data-element_type=\"column\">\n\t\t\t<div class=\"elementor-widget-wrap elementor-element-populated\">\n\t\t\t\t\t\t<section class=\"elementor-section elementor-inner-section elementor-element elementor-element-8caea67 elementor-section-boxed elementor-section-height-default elementor-section-height-default\" data-id=\"8caea67\" data-element_type=\"section\" data-settings=\"{&quot;background_background&quot;:&quot;classic&quot;}\">\n\t\t\t\t\t\t<div class=\"elementor-container elementor-column-gap-default\">\n\t\t\t\t\t<div class=\"elementor-column elementor-col-100 elementor-inner-column elementor-element elementor-element-7cbc67d\" data-id=\"7cbc67d\" data-element_type=\"column\" data-settings=\"{&quot;background_background&quot;:&quot;classic&quot;}\">\n\t\t\t<div class=\"elementor-widget-wrap elementor-element-populated\">\n\t\t\t\t\t\t<div class=\"elementor-element elementor-element-aa9989b elementor-widget elementor-widget-text-editor\" data-id=\"aa9989b\" data-element_type=\"widget\" data-widget_type=\"text-editor.default\">\n\t\t\t\t<div class=\"elementor-widget-container\">\n\t\t\t\t\t\t\t<h2><b>Contato<\/b><\/h2><div><b>Entre em contato conosco para tirar uma d\u00favida ou agendar uma consulta.<\/b><\/div>\t\t\t\t\t\t<\/div>\n\t\t\t\t<\/div>\n\t\t\t\t<div class=\"elementor-element elementor-element-d89342c elementor-widget elementor-widget-spacer\" data-id=\"d89342c\" data-element_type=\"widget\" data-widget_type=\"spacer.default\">\n\t\t\t\t<div class=\"elementor-widget-container\">\n\t\t\t<style>\/*! elementor - v3.23.0 - 05-08-2024 *\/\n.elementor-column .elementor-spacer-inner{height:var(--spacer-size)}.e-con{--container-widget-width:100%}.e-con-inner>.elementor-widget-spacer,.e-con>.elementor-widget-spacer{width:var(--container-widget-width,var(--spacer-size));--align-self:var(--container-widget-align-self,initial);--flex-shrink:0}.e-con-inner>.elementor-widget-spacer>.elementor-widget-container,.e-con>.elementor-widget-spacer>.elementor-widget-container{height:100%;width:100%}.e-con-inner>.elementor-widget-spacer>.elementor-widget-container>.elementor-spacer,.e-con>.elementor-widget-spacer>.elementor-widget-container>.elementor-spacer{height:100%}.e-con-inner>.elementor-widget-spacer>.elementor-widget-container>.elementor-spacer>.elementor-spacer-inner,.e-con>.elementor-widget-spacer>.elementor-widget-container>.elementor-spacer>.elementor-spacer-inner{height:var(--container-widget-height,var(--spacer-size))}.e-con-inner>.elementor-widget-spacer.elementor-widget-empty,.e-con>.elementor-widget-spacer.elementor-widget-empty{position:relative;min-height:22px;min-width:22px}.e-con-inner>.elementor-widget-spacer.elementor-widget-empty .elementor-widget-empty-icon,.e-con>.elementor-widget-spacer.elementor-widget-empty .elementor-widget-empty-icon{position:absolute;top:0;bottom:0;left:0;right:0;margin:auto;padding:0;width:22px;height:22px}<\/style>\t\t<div class=\"elementor-spacer\">\n\t\t\t<div class=\"elementor-spacer-inner\"><\/div>\n\t\t<\/div>\n\t\t\t\t<\/div>\n\t\t\t\t<\/div>\n\t\t\t\t<div class=\"elementor-element elementor-element-8c37a5d elementor-widget elementor-widget-shortcode\" data-id=\"8c37a5d\" data-element_type=\"widget\" data-widget_type=\"shortcode.default\">\n\t\t\t\t<div class=\"elementor-widget-container\">\n\t\t\t\t\t<div class=\"elementor-shortcode\">\n<div class=\"wpcf7 no-js\" id=\"wpcf7-f112-o1\" lang=\"en-US\" dir=\"ltr\">\n<div class=\"screen-reader-response\"><p role=\"status\" aria-live=\"polite\" aria-atomic=\"true\"><\/p> <ul><\/ul><\/div>\n<form action=\"\/index.php\/wp-json\/wp\/v2\/pages\/1025#wpcf7-f112-o1\" method=\"post\" class=\"wpcf7-form init\" aria-label=\"Contact form\" novalidate=\"novalidate\" data-status=\"init\">\n<div style=\"display: none;\">\n<input type=\"hidden\" name=\"_wpcf7\" value=\"112\" \/>\n<input type=\"hidden\" name=\"_wpcf7_version\" value=\"5.7.7\" \/>\n<input type=\"hidden\" name=\"_wpcf7_locale\" value=\"en_US\" \/>\n<input type=\"hidden\" name=\"_wpcf7_unit_tag\" value=\"wpcf7-f112-o1\" \/>\n<input type=\"hidden\" name=\"_wpcf7_container_post\" value=\"0\" \/>\n<input type=\"hidden\" name=\"_wpcf7_posted_data_hash\" value=\"\" \/>\n<\/div>\n<div class=\"column one-second\">\n\t<p><span class=\"wpcf7-form-control-wrap\" data-name=\"your-name\"><input size=\"40\" class=\"wpcf7-form-control wpcf7-text wpcf7-validates-as-required\" aria-required=\"true\" aria-invalid=\"false\" placeholder=\"Nome\" value=\"\" type=\"text\" name=\"your-name\" \/><\/span>\n\t<\/p>\n<\/div>\n<div class=\"column one-second\">\n\t<p><span class=\"wpcf7-form-control-wrap\" data-name=\"your-phone\"><input size=\"40\" class=\"wpcf7-form-control wpcf7-text wpcf7-tel wpcf7-validates-as-tel\" aria-invalid=\"false\" placeholder=\"Telefone\" value=\"\" type=\"tel\" name=\"your-phone\" \/><\/span>\n\t<\/p>\n<\/div>\n<div class=\"column one\">\n\t<p><span class=\"wpcf7-form-control-wrap\" data-name=\"E-mail\"><input size=\"40\" class=\"wpcf7-form-control wpcf7-text wpcf7-email wpcf7-validates-as-required wpcf7-validates-as-email\" aria-required=\"true\" aria-invalid=\"false\" placeholder=\"E-mail\" value=\"\" type=\"email\" name=\"E-mail\" \/><\/span>\n\t<\/p>\n<\/div>\n<div class=\"column one\">\n\t<p><span class=\"wpcf7-form-control-wrap\" data-name=\"your-message\"><textarea cols=\"40\" rows=\"1\" class=\"wpcf7-form-control wpcf7-textarea\" aria-invalid=\"false\" placeholder=\"Mensagem\" name=\"your-message\"><\/textarea><\/span>\n\t<\/p>\n<\/div>\n<div class=\"column one\" style=\"text-align: center;\">\n\t<p><input class=\"wpcf7-form-control has-spinner wpcf7-submit\" type=\"submit\" value=\"Enviar Mensagem\" \/>\n\t<\/p>\n<\/div><div class=\"wpcf7-response-output\" aria-hidden=\"true\"><\/div>\n<\/form>\n<\/div>\n<\/div>\n\t\t\t\t<\/div>\n\t\t\t\t<\/div>\n\t\t\t\t\t<\/div>\n\t\t<\/div>\n\t\t\t\t\t<\/div>\n\t\t<\/section>\n\t\t\t\t\t<\/div>\n\t\t<\/div>\n\t\t\t\t\t<\/div>\n\t\t<\/section>\n\t\t\t\t<\/div>\n\t\t","protected":false},"excerpt":{"rendered":"<p>O que \u00e9? O nariz \u00e9 uma das partes mais importantes do rosto e confere personalidade ao indiv\u00edduo. Historicamente, altera\u00e7\u00f5es na sua forma chegam a estigmatizar<span class=\"excerpt-hellip\"> [\u2026]<\/span><\/p>\n","protected":false},"author":1,"featured_media":0,"parent":976,"menu_order":0,"comment_status":"closed","ping_status":"closed","template":"","meta":{"_joinchat":[]},"_links":{"self":[{"href":"https:\/\/dermacentro.com.br\/index.php\/wp-json\/wp\/v2\/pages\/1025"}],"collection":[{"href":"https:\/\/dermacentro.com.br\/index.php\/wp-json\/wp\/v2\/pages"}],"about":[{"href":"https:\/\/dermacentro.com.br\/index.php\/wp-json\/wp\/v2\/types\/page"}],"author":[{"embeddable":true,"href":"https:\/\/dermacentro.com.br\/index.php\/wp-json\/wp\/v2\/users\/1"}],"replies":[{"embeddable":true,"href":"https:\/\/dermacentro.com.br\/index.php\/wp-json\/wp\/v2\/comments?post=1025"}],"version-history":[{"count":8,"href":"https:\/\/dermacentro.com.br\/index.php\/wp-json\/wp\/v2\/pages\/1025\/revisions"}],"predecessor-version":[{"id":2175,"href":"https:\/\/dermacentro.com.br\/index.php\/wp-json\/wp\/v2\/pages\/1025\/revisions\/2175"}],"up":[{"embeddable":true,"href":"https:\/\/dermacentro.com.br\/index.php\/wp-json\/wp\/v2\/pages\/976"}],"wp:attachment":[{"href":"https:\/\/dermacentro.com.br\/index.php\/wp-json\/wp\/v2\/media?parent=1025"}],"curies":[{"name":"wp","href":"https:\/\/api.w.org\/{rel}","templated":true}]}}