{"id":1014,"date":"2022-04-19T16:58:46","date_gmt":"2022-04-19T19:58:46","guid":{"rendered":"http:\/\/dermacentro.com.br\/?page_id=1014"},"modified":"2022-07-26T11:35:33","modified_gmt":"2022-07-26T14:35:33","slug":"lifting-com-fios-de-tracao","status":"publish","type":"page","link":"https:\/\/dermacentro.com.br\/index.php\/tratamentos-faciais\/lifting-com-fios-de-tracao\/","title":{"rendered":"Lifting com Fios de Tra\u00e7\u00e3o"},"content":{"rendered":"\t\t<div data-elementor-type=\"wp-page\" data-elementor-id=\"1014\" class=\"elementor elementor-1014\">\n\t\t\t\t\t\t<section class=\"elementor-section elementor-top-section elementor-element elementor-element-0c5fb4f elementor-section-stretched elementor-section-boxed elementor-section-height-default elementor-section-height-default\" data-id=\"0c5fb4f\" data-element_type=\"section\" data-settings=\"{&quot;stretch_section&quot;:&quot;section-stretched&quot;,&quot;background_background&quot;:&quot;classic&quot;}\">\n\t\t\t\t\t\t\t<div class=\"elementor-background-overlay\"><\/div>\n\t\t\t\t\t\t\t<div class=\"elementor-container elementor-column-gap-default\">\n\t\t\t\t\t<div class=\"elementor-column elementor-col-100 elementor-top-column elementor-element elementor-element-b33aa50\" data-id=\"b33aa50\" data-element_type=\"column\">\n\t\t\t<div class=\"elementor-widget-wrap elementor-element-populated\">\n\t\t\t\t\t\t\t<\/div>\n\t\t<\/div>\n\t\t\t\t\t<\/div>\n\t\t<\/section>\n\t\t\t\t<section class=\"elementor-section elementor-top-section elementor-element elementor-element-3e41c4a elementor-section-stretched elementor-section-boxed elementor-section-height-default elementor-section-height-default\" data-id=\"3e41c4a\" data-element_type=\"section\" data-settings=\"{&quot;stretch_section&quot;:&quot;section-stretched&quot;,&quot;background_background&quot;:&quot;classic&quot;}\">\n\t\t\t\t\t\t<div class=\"elementor-container elementor-column-gap-wider\">\n\t\t\t\t\t<div class=\"elementor-column elementor-col-100 elementor-top-column elementor-element elementor-element-b382ebe\" data-id=\"b382ebe\" data-element_type=\"column\">\n\t\t\t<div class=\"elementor-widget-wrap elementor-element-populated\">\n\t\t\t\t\t\t<section class=\"elementor-section elementor-inner-section elementor-element elementor-element-a05f91a elementor-section-boxed elementor-section-height-default elementor-section-height-default\" data-id=\"a05f91a\" data-element_type=\"section\">\n\t\t\t\t\t\t<div class=\"elementor-container elementor-column-gap-default\">\n\t\t\t\t\t<div class=\"elementor-column elementor-col-50 elementor-inner-column elementor-element elementor-element-530dd7b\" data-id=\"530dd7b\" data-element_type=\"column\">\n\t\t\t<div class=\"elementor-widget-wrap elementor-element-populated\">\n\t\t\t\t\t\t<div class=\"elementor-element elementor-element-4d5caeb elementor-widget elementor-widget-image\" data-id=\"4d5caeb\" data-element_type=\"widget\" data-widget_type=\"image.default\">\n\t\t\t\t<div class=\"elementor-widget-container\">\n\t\t\t<style>\/*! elementor - v3.23.0 - 05-08-2024 *\/\n.elementor-widget-image{text-align:center}.elementor-widget-image a{display:inline-block}.elementor-widget-image a img[src$=\".svg\"]{width:48px}.elementor-widget-image img{vertical-align:middle;display:inline-block}<\/style>\t\t\t\t\t\t\t\t\t\t<img fetchpriority=\"high\" width=\"780\" height=\"1135\" src=\"https:\/\/dermacentro.com.br\/wp-content\/uploads\/2022\/07\/Lifting-copiar-2.webp\" class=\"attachment-full size-full wp-image-2085\" alt=\"\" srcset=\"https:\/\/dermacentro.com.br\/wp-content\/uploads\/2022\/07\/Lifting-copiar-2.webp 780w, https:\/\/dermacentro.com.br\/wp-content\/uploads\/2022\/07\/Lifting-copiar-2-206x300.webp 206w, https:\/\/dermacentro.com.br\/wp-content\/uploads\/2022\/07\/Lifting-copiar-2-704x1024.webp 704w, https:\/\/dermacentro.com.br\/wp-content\/uploads\/2022\/07\/Lifting-copiar-2-768x1118.webp 768w, https:\/\/dermacentro.com.br\/wp-content\/uploads\/2022\/07\/Lifting-copiar-2-100x146.webp 100w, https:\/\/dermacentro.com.br\/wp-content\/uploads\/2022\/07\/Lifting-copiar-2-34x50.webp 34w, https:\/\/dermacentro.com.br\/wp-content\/uploads\/2022\/07\/Lifting-copiar-2-52x75.webp 52w\" sizes=\"(max-width: 780px) 100vw, 780px\" \/>\t\t\t\t\t\t\t\t\t\t\t\t\t<\/div>\n\t\t\t\t<\/div>\n\t\t\t\t\t<\/div>\n\t\t<\/div>\n\t\t\t\t<div class=\"elementor-column elementor-col-50 elementor-inner-column elementor-element elementor-element-8599277\" data-id=\"8599277\" data-element_type=\"column\">\n\t\t\t<div class=\"elementor-widget-wrap elementor-element-populated\">\n\t\t\t\t\t\t<div class=\"elementor-element elementor-element-d53fc86 elementor-widget elementor-widget-text-editor\" data-id=\"d53fc86\" data-element_type=\"widget\" data-widget_type=\"text-editor.default\">\n\t\t\t\t<div class=\"elementor-widget-container\">\n\t\t\t<style>\/*! elementor - v3.23.0 - 05-08-2024 *\/\n.elementor-widget-text-editor.elementor-drop-cap-view-stacked .elementor-drop-cap{background-color:#69727d;color:#fff}.elementor-widget-text-editor.elementor-drop-cap-view-framed .elementor-drop-cap{color:#69727d;border:3px solid;background-color:transparent}.elementor-widget-text-editor:not(.elementor-drop-cap-view-default) .elementor-drop-cap{margin-top:8px}.elementor-widget-text-editor:not(.elementor-drop-cap-view-default) .elementor-drop-cap-letter{width:1em;height:1em}.elementor-widget-text-editor .elementor-drop-cap{float:left;text-align:center;line-height:1;font-size:50px}.elementor-widget-text-editor .elementor-drop-cap-letter{display:inline-block}<\/style>\t\t\t\t<h3><span style=\"color: #ffffff;\">O que \u00e9?<\/span><\/h3>\t\t\t\t\t\t<\/div>\n\t\t\t\t<\/div>\n\t\t\t\t<div class=\"elementor-element elementor-element-444a6ba elementor-widget elementor-widget-text-editor\" data-id=\"444a6ba\" data-element_type=\"widget\" data-widget_type=\"text-editor.default\">\n\t\t\t\t<div class=\"elementor-widget-container\">\n\t\t\t\t\t\t\t<p>Tratamento que utiliza fios totalmente absorv\u00edveis para dar defini\u00e7\u00e3o e efeito lifting ao rosto e ao pesco\u00e7o, com recupera\u00e7\u00e3o do contorno, diminui\u00e7\u00e3o da flacidez e melhora da textura da pele.<\/p><h4><span style=\"color: #ffffff;\">O que \u00e9 o tratamento com Fios de Tra\u00e7\u00e3o?<\/span><\/h4><p>\u00c9 a aplica\u00e7\u00e3o de fios extremamente finos no tecido subcut\u00e2neo, imediatamente abaixo da derme profunda, atrav\u00e9s de pequenas agulhas ou de microc\u00e2nulas.<\/p><p>Estes fios s\u00e3o extremamente seguros e totalmente absorvidos pelo organismo.<\/p><p>\u00c0 medida que v\u00e3o sendo absorvidos, promovem a estimula\u00e7\u00e3o do col\u00e1geno, promovendo o aumento da textura e da firmeza da pele de maneira suave, progressiva e natural.<\/p><p>Os fios que tem pequenas garras ou cones fixam-se ao tecido subcut\u00e2neo impedindo seu deslocamento e promovendo efeito lifting e maior sustenta\u00e7\u00e3o da pele, deixando-a mais firme, el\u00e1stica e uniforme.<\/p><p>Estes fios s\u00e3o totalmente absorvidos. Entretanto, formam ao seu redor uma estrutura de col\u00e1geno de alta qualidade que mant\u00e9m o efeito lifting inicial.<\/p>\t\t\t\t\t\t<\/div>\n\t\t\t\t<\/div>\n\t\t\t\t\t<\/div>\n\t\t<\/div>\n\t\t\t\t\t<\/div>\n\t\t<\/section>\n\t\t\t\t\t<\/div>\n\t\t<\/div>\n\t\t\t\t\t<\/div>\n\t\t<\/section>\n\t\t\t\t<section class=\"elementor-section elementor-top-section elementor-element elementor-element-23c64f6 elementor-section-stretched elementor-section-boxed elementor-section-height-default elementor-section-height-default\" data-id=\"23c64f6\" data-element_type=\"section\" data-settings=\"{&quot;stretch_section&quot;:&quot;section-stretched&quot;,&quot;background_background&quot;:&quot;classic&quot;}\">\n\t\t\t\t\t\t<div class=\"elementor-container elementor-column-gap-wider\">\n\t\t\t\t\t<div class=\"elementor-column elementor-col-100 elementor-top-column elementor-element elementor-element-536a83c\" data-id=\"536a83c\" data-element_type=\"column\">\n\t\t\t<div class=\"elementor-widget-wrap elementor-element-populated\">\n\t\t\t\t\t\t<section class=\"elementor-section elementor-inner-section elementor-element elementor-element-21d1228 elementor-section-boxed elementor-section-height-default elementor-section-height-default\" data-id=\"21d1228\" data-element_type=\"section\">\n\t\t\t\t\t\t<div class=\"elementor-container elementor-column-gap-default\">\n\t\t\t\t\t<div class=\"elementor-column elementor-col-100 elementor-inner-column elementor-element elementor-element-5128357\" data-id=\"5128357\" data-element_type=\"column\">\n\t\t\t<div class=\"elementor-widget-wrap elementor-element-populated\">\n\t\t\t\t\t\t<div class=\"elementor-element elementor-element-942eadf elementor-widget elementor-widget-text-editor\" data-id=\"942eadf\" data-element_type=\"widget\" data-widget_type=\"text-editor.default\">\n\t\t\t\t<div class=\"elementor-widget-container\">\n\t\t\t\t\t\t\t<h4 style=\"text-align: left;\">O que s\u00e3o os Fios de Tra\u00e7\u00e3o \/ Sustenta\u00e7\u00e3o?<\/h4><p style=\"text-align: left;\">S\u00e3o fios de material biocompat\u00edvel feitos de PDO ( Polidioxanona ), de PLLA ( Acido Poli-L-L\u00e1ctico ) ou de Caprolactona. Estes materiais s\u00e3o extremamente conhecidos e usados h\u00e1 mais de tr\u00eas d\u00e9cadas nos fios de sutura comuns.<\/p><p style=\"text-align: left;\">Estes fios podem conter cones ou garras, sendo indicados para elevar ou tracionar \u00e1reas do rosto e pesco\u00e7o que necessitam reposicionamento.<\/p><p style=\"text-align: left;\">Quando inseridos sob a pele, estes fios cruzam os septos de tecido conjuntivo, reconectando a pele aos tecidos profundos, melhorando significativamente sua sustenta\u00e7\u00e3o.<\/p><p style=\"text-align: left;\">Os fios lisos s\u00e3o respons\u00e1veis por melhor a textura e densidade da pele, pois promovem a forma\u00e7\u00e3o natural de col\u00e1geno Tipo I, fibras el\u00e1sticas e \u00e1cido hialur\u00f4nico.<\/p><p style=\"text-align: left;\">Por sua estrutura extremamente delgada e por produzirem uma rea\u00e7\u00e3o tecidual natural, os fios n\u00e3o levam ao aumento de volume no local em que foram aplicados.<\/p><p style=\"text-align: left;\">Os fios podem e devem ser combinados a outros tipos de tratamento para potencializar seu efeito de biorremodel\u00e7\u00e3o, promovendo os efeitos de tra\u00e7\u00e3o, bioestimula\u00e7\u00e3o e redesenho do contorno da pele.<\/p><h4 style=\"text-align: left;\">Indica\u00e7\u00f5es:<\/h4><ul style=\"text-align: left;\"><li>Flacidez da pele das p\u00e1lpebras.<\/li><li>Rugas e Flacidez da pele ao redor dos l\u00e1bios.<\/li><li>Flacidez e perda de contorno da pele do rosto.<\/li><li>Tratamento das bolsas mandibulares (efeito \u201cbuldogue\u201d)<\/li><li>Flacidez e perda de contorno da pele do Pesco\u00e7o<\/li><li>Rugas Glabelares e Frontais de dif\u00edcil tratamento.<\/li><li>Rugas e Flacidez da pele do Colo.<\/li><li>Cicatrizes de Acne<\/li><li>Alternativa para pacientes que n\u00e3o podem realizar procedimentos cir\u00fargicos.<\/li><\/ul><h4 style=\"text-align: left;\">\u00a0Como \u00e9 o Procedimento?<\/h4><p style=\"text-align: left;\">O procedimento \u00e9 simples, r\u00e1pido (cerca de 60 minutos), realizado no consult\u00f3rio, sob anestesia t\u00f3pica (cremes anest\u00e9sicos) ou anestesia de bloqueio local (semelhante \u00e0 usada\u00a0pelos dentistas), geralmente associado a compressas de gelo para diminuir a dor e a incid\u00eancia de equimoses ou manchas arroxeadas.<\/p><p style=\"text-align: left;\">Medicamentos antiinflamat\u00f3rios e contra a dor podem ser utilizados imediatamente antes da sess\u00e3o, com a orienta\u00e7\u00e3o do m\u00e9dico, desde que seja a vontade do paciente.<\/p><p style=\"text-align: left;\">Os fios s\u00e3o colocados logo abaixo da superf\u00edcie da pele, promovendo a biorremodela\u00e7\u00e3o nas \u00e1reas tratadas.<\/p><p style=\"text-align: left;\">Na aplica\u00e7\u00e3o dos fios de tra\u00e7\u00e3o o m\u00e9dico realiza pequenas tra\u00e7\u00f5es para promover a eleva\u00e7\u00e3o da pele, de acordo com a necessidade de cada paciente.<\/p><p style=\"text-align: left;\">O procedimento \u00e9 realizado em sess\u00e3o \u00fanica.<\/p><p style=\"text-align: left;\">O efeito obtido \u00e9 proporcional ao n\u00famero de fios utilizados. Sendo assim, pessoas mais jovens ter\u00e3o necessidade menor do que os pacientes com mais idade e flacidez.<\/p><p style=\"text-align: left;\">Cabe ao m\u00e9dico com seu expertise e profundo conhecimento eleger os fios ideais a serem utilizados bem como o n\u00famero m\u00ednimo de fios necess\u00e1rios para que o tratamento d\u00ea o resultado desejado.<\/p><p style=\"text-align: left;\">\u00c9 importante que o paciente e seu m\u00e9dico alinhem as expectativas, desejos e necessidades e que juntos fa\u00e7am um planejamento estrat\u00e9gico do tratamento, equalizando os custos com os prov\u00e1veis resultados finais.<\/p><h4 style=\"text-align: left;\">Quantas Sess\u00f5es s\u00e3o necess\u00e1rias?<\/h4><p style=\"text-align: left;\">Geralmente s\u00e3o realizados em sess\u00e3o \u00fanica.<\/p><h4 style=\"text-align: left;\">\u00a0Quanto tempo dura o efeito dos Fios de Tra\u00e7\u00e3o \/ Sustenta\u00e7\u00e3o?<\/h4><p style=\"text-align: left;\">Os fios s\u00e3o completamente absorvidos entre 6 e 12 meses.<\/p><p style=\"text-align: left;\">Mas, a biorremodela\u00e7\u00e3o por eles promovida mant\u00e9m seus efeitos por at\u00e9 24 meses.<\/p><p style=\"text-align: left;\">A varia\u00e7\u00e3o quanto a sua durabilidade depende do n\u00famero de fios utilizados, da capacidade individual de produ\u00e7\u00e3o de col\u00e1geno, elastina e \u00e1cido hialur\u00f4nico, da dieta e do metabolismo individual de cada paciente.<\/p><p style=\"text-align: left;\">Pacientes que n\u00e3o consomem prote\u00edna em quantidade adequada podem apresentar resultados mais pobres.<\/p><p style=\"text-align: left;\">Pode ser associado a todos os procedimentos dermatol\u00f3gicos, funcionando de maneira sin\u00e9rgica com todos.<\/p>\t\t\t\t\t\t<\/div>\n\t\t\t\t<\/div>\n\t\t\t\t\t<\/div>\n\t\t<\/div>\n\t\t\t\t\t<\/div>\n\t\t<\/section>\n\t\t\t\t\t<\/div>\n\t\t<\/div>\n\t\t\t\t\t<\/div>\n\t\t<\/section>\n\t\t\t\t<section class=\"elementor-section elementor-top-section elementor-element elementor-element-1e396e2 elementor-section-stretched elementor-section-boxed elementor-section-height-default elementor-section-height-default\" data-id=\"1e396e2\" data-element_type=\"section\" data-settings=\"{&quot;stretch_section&quot;:&quot;section-stretched&quot;,&quot;background_background&quot;:&quot;classic&quot;}\">\n\t\t\t\t\t\t<div class=\"elementor-container elementor-column-gap-wider\">\n\t\t\t\t\t<div class=\"elementor-column elementor-col-100 elementor-top-column elementor-element elementor-element-c87c65b\" data-id=\"c87c65b\" data-element_type=\"column\">\n\t\t\t<div class=\"elementor-widget-wrap elementor-element-populated\">\n\t\t\t\t\t\t<div class=\"elementor-element elementor-element-1e20649 elementor-widget elementor-widget-text-editor\" data-id=\"1e20649\" data-element_type=\"widget\" data-widget_type=\"text-editor.default\">\n\t\t\t\t<div class=\"elementor-widget-container\">\n\t\t\t\t\t\t\t<h4><span style=\"color: #ffffff;\">Como \u00e9 o P\u00f3s-Procedimento:<\/span><\/h4><p>Na maioria das vezes, o paciente deve permanecer com um curativo por cerca de 48 h. Este \u00e9 extremamente importante para que os fios permane\u00e7am est\u00e1veis nas primeiras horas, ap\u00f3s o procedimento.<\/p><p>Imediatamente ap\u00f3s o procedimento, pode ocorrer leve incha\u00e7o, vermelhid\u00e3o ou arroxeamento nas \u00e1reas das tratadas.<\/p><p>Estes normalmente involuem e desaparecem\u00a0espontaneamente em alguns dias.<\/p><p>Embora n\u00e3o seja comum, podem ocorrer leves ondula\u00e7\u00f5es na pele decorrentes da sua tra\u00e7\u00e3o. Estes inc\u00f4modos desaparecem completamente, nos primeiros dias de p\u00f3s tratamento.<\/p><p>Podem ser aplicadas compressas geladas por cerca de dez minutos a cada 3 horas nos dois primeiros dias, ap\u00f3s a sess\u00e3o.<\/p><p>O uso de analg\u00e9sicos pode ser necess\u00e1rio.<\/p><p>O paciente deve dormir com a cabe\u00e7a elevada, nas primeiras 2 noites.<\/p><p>Recomenda-se que o paciente durma com o rosto virado para cima (n\u00e3o dormir de lado ou de bru\u00e7os) na primeira semana, pelo menos. O ideal \u00e9 que se mantenha o dec\u00fabito dorsal para dormir, nas primeiras tr\u00eas semanas.<\/p><p>Lavar e secar o rosto com cuidado, sem esfregar, na primeira semana.<\/p><p>Evitar lavar os cabelos ou barbear-se por 72 horas, no m\u00ednimo.<\/p><p>Evitar tratamentos est\u00e9ticos e massagens faciais por 3 semanas.<\/p><p>Evitar esportes de impacto e de contato f\u00edsico direto por 3 semanas.<\/p><p>Evitar procedimentos odontol\u00f3gicos por 1 m\u00eas.<\/p><p>Evitar saunas na primeira semana.<\/p><p>Evitar movimentos faciais excessivos (como chorar, bocejar, mastigar vigorosamente, rir muito), na primeira semana.<\/p><p>Evitar completamente a exposi\u00e7\u00e3o ao sol.<\/p><p>Maquiagem corretiva pode ser aplicada 48 horas, ap\u00f3s o tratamento.<\/p><p>Durante o per\u00edodo em que houver manchas arroxeadas, podem ser aplicadas pomadas pr\u00f3prias para sua redu\u00e7\u00e3o.<\/p><p>Neste per\u00edodo, o sol deve ser evitado.<\/p><h4><span style=\"color: #ffffff;\">H\u00e1 algum efeito colateral?<\/span><\/h4><p>Os efeitos colaterais s\u00e3o m\u00ednimos e geralmente relacionados aos pequenos traumas nos locais da inje\u00e7\u00e3o. Dores ou forma\u00e7\u00e3o de leves arroxeados podem ocorrer, mas s\u00e3o facilmente resolvidos.<\/p><p>Maquiagem corretiva pode ser usada a partir de 48 horas ap\u00f3s o tratamento.<\/p><p>Pode haver dor de cabe\u00e7a tempor\u00e1ria.<\/p><p>N\u00e3o h\u00e1 relatos de alergias ou rejei\u00e7\u00e3o em rela\u00e7\u00e3o aos fios.<\/p><p>Eventuais situa\u00e7\u00f5es de desconforto s\u00e3o leves e tempor\u00e1rias e n\u00e3o limitam significativamente as atividades do paciente.<\/p><p>Os resultados alcan\u00e7ados est\u00e3o diretamente associados \u00e0 habilidade t\u00e9cnica do m\u00e9dico e de seu profundo conhecimento da anatomia e da fisiologia da regi\u00e3o tratada.<\/p><h4><span style=\"color: #ffffff;\">Contraindica\u00e7\u00f5es:<\/span><\/h4><ul><li>Gestantes;<\/li><li>Lactentes;<\/li><li>Imunossuprimidos;<\/li><li>Pacientes portadores de doen\u00e7as auto-imunes;<\/li><li>Pacientes com infec\u00e7\u00f5es de pele.<\/li><\/ul>\t\t\t\t\t\t<\/div>\n\t\t\t\t<\/div>\n\t\t\t\t\t<\/div>\n\t\t<\/div>\n\t\t\t\t\t<\/div>\n\t\t<\/section>\n\t\t\t\t<section class=\"elementor-section elementor-top-section elementor-element elementor-element-1e1d461 elementor-section-stretched elementor-section-boxed elementor-section-height-default elementor-section-height-default\" data-id=\"1e1d461\" data-element_type=\"section\" data-settings=\"{&quot;stretch_section&quot;:&quot;section-stretched&quot;}\">\n\t\t\t\t\t\t<div class=\"elementor-container elementor-column-gap-wider\">\n\t\t\t\t\t<div class=\"elementor-column elementor-col-100 elementor-top-column elementor-element elementor-element-98eea6e\" data-id=\"98eea6e\" data-element_type=\"column\">\n\t\t\t<div class=\"elementor-widget-wrap elementor-element-populated\">\n\t\t\t\t\t\t<section class=\"elementor-section elementor-inner-section elementor-element elementor-element-8caea67 elementor-section-boxed elementor-section-height-default elementor-section-height-default\" data-id=\"8caea67\" data-element_type=\"section\" data-settings=\"{&quot;background_background&quot;:&quot;classic&quot;}\">\n\t\t\t\t\t\t<div class=\"elementor-container elementor-column-gap-default\">\n\t\t\t\t\t<div class=\"elementor-column elementor-col-100 elementor-inner-column elementor-element elementor-element-7cbc67d\" data-id=\"7cbc67d\" data-element_type=\"column\" data-settings=\"{&quot;background_background&quot;:&quot;classic&quot;}\">\n\t\t\t<div class=\"elementor-widget-wrap elementor-element-populated\">\n\t\t\t\t\t\t<div class=\"elementor-element elementor-element-aa9989b elementor-widget elementor-widget-text-editor\" data-id=\"aa9989b\" data-element_type=\"widget\" data-widget_type=\"text-editor.default\">\n\t\t\t\t<div class=\"elementor-widget-container\">\n\t\t\t\t\t\t\t<h2><b>Contato<\/b><\/h2><div><b>Entre em contato conosco para tirar uma d\u00favida ou agendar uma consulta.<\/b><\/div>\t\t\t\t\t\t<\/div>\n\t\t\t\t<\/div>\n\t\t\t\t<div class=\"elementor-element elementor-element-d89342c elementor-widget elementor-widget-spacer\" data-id=\"d89342c\" data-element_type=\"widget\" data-widget_type=\"spacer.default\">\n\t\t\t\t<div class=\"elementor-widget-container\">\n\t\t\t<style>\/*! elementor - v3.23.0 - 05-08-2024 *\/\n.elementor-column .elementor-spacer-inner{height:var(--spacer-size)}.e-con{--container-widget-width:100%}.e-con-inner>.elementor-widget-spacer,.e-con>.elementor-widget-spacer{width:var(--container-widget-width,var(--spacer-size));--align-self:var(--container-widget-align-self,initial);--flex-shrink:0}.e-con-inner>.elementor-widget-spacer>.elementor-widget-container,.e-con>.elementor-widget-spacer>.elementor-widget-container{height:100%;width:100%}.e-con-inner>.elementor-widget-spacer>.elementor-widget-container>.elementor-spacer,.e-con>.elementor-widget-spacer>.elementor-widget-container>.elementor-spacer{height:100%}.e-con-inner>.elementor-widget-spacer>.elementor-widget-container>.elementor-spacer>.elementor-spacer-inner,.e-con>.elementor-widget-spacer>.elementor-widget-container>.elementor-spacer>.elementor-spacer-inner{height:var(--container-widget-height,var(--spacer-size))}.e-con-inner>.elementor-widget-spacer.elementor-widget-empty,.e-con>.elementor-widget-spacer.elementor-widget-empty{position:relative;min-height:22px;min-width:22px}.e-con-inner>.elementor-widget-spacer.elementor-widget-empty .elementor-widget-empty-icon,.e-con>.elementor-widget-spacer.elementor-widget-empty .elementor-widget-empty-icon{position:absolute;top:0;bottom:0;left:0;right:0;margin:auto;padding:0;width:22px;height:22px}<\/style>\t\t<div class=\"elementor-spacer\">\n\t\t\t<div class=\"elementor-spacer-inner\"><\/div>\n\t\t<\/div>\n\t\t\t\t<\/div>\n\t\t\t\t<\/div>\n\t\t\t\t<div class=\"elementor-element elementor-element-8c37a5d elementor-widget elementor-widget-shortcode\" data-id=\"8c37a5d\" data-element_type=\"widget\" data-widget_type=\"shortcode.default\">\n\t\t\t\t<div class=\"elementor-widget-container\">\n\t\t\t\t\t<div class=\"elementor-shortcode\">\n<div class=\"wpcf7 no-js\" id=\"wpcf7-f112-o1\" lang=\"en-US\" dir=\"ltr\">\n<div class=\"screen-reader-response\"><p role=\"status\" aria-live=\"polite\" aria-atomic=\"true\"><\/p> <ul><\/ul><\/div>\n<form action=\"\/index.php\/wp-json\/wp\/v2\/pages\/1014#wpcf7-f112-o1\" method=\"post\" class=\"wpcf7-form init\" aria-label=\"Contact form\" novalidate=\"novalidate\" data-status=\"init\">\n<div style=\"display: none;\">\n<input type=\"hidden\" name=\"_wpcf7\" value=\"112\" \/>\n<input type=\"hidden\" name=\"_wpcf7_version\" value=\"5.7.7\" \/>\n<input type=\"hidden\" name=\"_wpcf7_locale\" value=\"en_US\" \/>\n<input type=\"hidden\" name=\"_wpcf7_unit_tag\" value=\"wpcf7-f112-o1\" \/>\n<input type=\"hidden\" name=\"_wpcf7_container_post\" value=\"0\" \/>\n<input type=\"hidden\" name=\"_wpcf7_posted_data_hash\" value=\"\" \/>\n<\/div>\n<div class=\"column one-second\">\n\t<p><span class=\"wpcf7-form-control-wrap\" data-name=\"your-name\"><input size=\"40\" class=\"wpcf7-form-control wpcf7-text wpcf7-validates-as-required\" aria-required=\"true\" aria-invalid=\"false\" placeholder=\"Nome\" value=\"\" type=\"text\" name=\"your-name\" \/><\/span>\n\t<\/p>\n<\/div>\n<div class=\"column one-second\">\n\t<p><span class=\"wpcf7-form-control-wrap\" data-name=\"your-phone\"><input size=\"40\" class=\"wpcf7-form-control wpcf7-text wpcf7-tel wpcf7-validates-as-tel\" aria-invalid=\"false\" placeholder=\"Telefone\" value=\"\" type=\"tel\" name=\"your-phone\" \/><\/span>\n\t<\/p>\n<\/div>\n<div class=\"column one\">\n\t<p><span class=\"wpcf7-form-control-wrap\" data-name=\"E-mail\"><input size=\"40\" class=\"wpcf7-form-control wpcf7-text wpcf7-email wpcf7-validates-as-required wpcf7-validates-as-email\" aria-required=\"true\" aria-invalid=\"false\" placeholder=\"E-mail\" value=\"\" type=\"email\" name=\"E-mail\" \/><\/span>\n\t<\/p>\n<\/div>\n<div class=\"column one\">\n\t<p><span class=\"wpcf7-form-control-wrap\" data-name=\"your-message\"><textarea cols=\"40\" rows=\"1\" class=\"wpcf7-form-control wpcf7-textarea\" aria-invalid=\"false\" placeholder=\"Mensagem\" name=\"your-message\"><\/textarea><\/span>\n\t<\/p>\n<\/div>\n<div class=\"column one\" style=\"text-align: center;\">\n\t<p><input class=\"wpcf7-form-control has-spinner wpcf7-submit\" type=\"submit\" value=\"Enviar Mensagem\" \/>\n\t<\/p>\n<\/div><div class=\"wpcf7-response-output\" aria-hidden=\"true\"><\/div>\n<\/form>\n<\/div>\n<\/div>\n\t\t\t\t<\/div>\n\t\t\t\t<\/div>\n\t\t\t\t\t<\/div>\n\t\t<\/div>\n\t\t\t\t\t<\/div>\n\t\t<\/section>\n\t\t\t\t\t<\/div>\n\t\t<\/div>\n\t\t\t\t\t<\/div>\n\t\t<\/section>\n\t\t\t\t<\/div>\n\t\t","protected":false},"excerpt":{"rendered":"<p>O que \u00e9? Tratamento que utiliza fios totalmente absorv\u00edveis para dar defini\u00e7\u00e3o e efeito lifting ao rosto e ao pesco\u00e7o, com recupera\u00e7\u00e3o do contorno, diminui\u00e7\u00e3o da<span class=\"excerpt-hellip\"> [\u2026]<\/span><\/p>\n","protected":false},"author":1,"featured_media":0,"parent":976,"menu_order":0,"comment_status":"closed","ping_status":"closed","template":"","meta":{"_joinchat":[]},"_links":{"self":[{"href":"https:\/\/dermacentro.com.br\/index.php\/wp-json\/wp\/v2\/pages\/1014"}],"collection":[{"href":"https:\/\/dermacentro.com.br\/index.php\/wp-json\/wp\/v2\/pages"}],"about":[{"href":"https:\/\/dermacentro.com.br\/index.php\/wp-json\/wp\/v2\/types\/page"}],"author":[{"embeddable":true,"href":"https:\/\/dermacentro.com.br\/index.php\/wp-json\/wp\/v2\/users\/1"}],"replies":[{"embeddable":true,"href":"https:\/\/dermacentro.com.br\/index.php\/wp-json\/wp\/v2\/comments?post=1014"}],"version-history":[{"count":8,"href":"https:\/\/dermacentro.com.br\/index.php\/wp-json\/wp\/v2\/pages\/1014\/revisions"}],"predecessor-version":[{"id":2088,"href":"https:\/\/dermacentro.com.br\/index.php\/wp-json\/wp\/v2\/pages\/1014\/revisions\/2088"}],"up":[{"embeddable":true,"href":"https:\/\/dermacentro.com.br\/index.php\/wp-json\/wp\/v2\/pages\/976"}],"wp:attachment":[{"href":"https:\/\/dermacentro.com.br\/index.php\/wp-json\/wp\/v2\/media?parent=1014"}],"curies":[{"name":"wp","href":"https:\/\/api.w.org\/{rel}","templated":true}]}}