{"id":1003,"date":"2022-04-19T16:46:59","date_gmt":"2022-04-19T19:46:59","guid":{"rendered":"http:\/\/dermacentro.com.br\/?page_id=1003"},"modified":"2022-08-19T07:40:20","modified_gmt":"2022-08-19T10:40:20","slug":"harmonizacao-facial","status":"publish","type":"page","link":"https:\/\/dermacentro.com.br\/index.php\/tratamentos-faciais\/harmonizacao-facial\/","title":{"rendered":"Harmoniza\u00e7\u00e3o Facial"},"content":{"rendered":"\t\t<div data-elementor-type=\"wp-page\" data-elementor-id=\"1003\" class=\"elementor elementor-1003\">\n\t\t\t\t\t\t<section class=\"elementor-section elementor-top-section elementor-element elementor-element-0c5fb4f elementor-section-stretched elementor-section-boxed elementor-section-height-default elementor-section-height-default\" data-id=\"0c5fb4f\" data-element_type=\"section\" data-settings=\"{&quot;stretch_section&quot;:&quot;section-stretched&quot;,&quot;background_background&quot;:&quot;classic&quot;}\">\n\t\t\t\t\t\t\t<div class=\"elementor-background-overlay\"><\/div>\n\t\t\t\t\t\t\t<div class=\"elementor-container elementor-column-gap-default\">\n\t\t\t\t\t<div class=\"elementor-column elementor-col-100 elementor-top-column elementor-element elementor-element-b33aa50\" data-id=\"b33aa50\" data-element_type=\"column\">\n\t\t\t<div class=\"elementor-widget-wrap elementor-element-populated\">\n\t\t\t\t\t\t\t<\/div>\n\t\t<\/div>\n\t\t\t\t\t<\/div>\n\t\t<\/section>\n\t\t\t\t<section class=\"elementor-section elementor-top-section elementor-element elementor-element-3e41c4a elementor-section-stretched elementor-section-boxed elementor-section-height-default elementor-section-height-default\" data-id=\"3e41c4a\" data-element_type=\"section\" data-settings=\"{&quot;stretch_section&quot;:&quot;section-stretched&quot;,&quot;background_background&quot;:&quot;classic&quot;}\">\n\t\t\t\t\t\t<div class=\"elementor-container elementor-column-gap-wider\">\n\t\t\t\t\t<div class=\"elementor-column elementor-col-100 elementor-top-column elementor-element elementor-element-b382ebe\" data-id=\"b382ebe\" data-element_type=\"column\">\n\t\t\t<div class=\"elementor-widget-wrap elementor-element-populated\">\n\t\t\t\t\t\t<section class=\"elementor-section elementor-inner-section elementor-element elementor-element-a05f91a elementor-section-boxed elementor-section-height-default elementor-section-height-default\" data-id=\"a05f91a\" data-element_type=\"section\">\n\t\t\t\t\t\t<div class=\"elementor-container elementor-column-gap-default\">\n\t\t\t\t\t<div class=\"elementor-column elementor-col-50 elementor-inner-column elementor-element elementor-element-530dd7b\" data-id=\"530dd7b\" data-element_type=\"column\">\n\t\t\t<div class=\"elementor-widget-wrap elementor-element-populated\">\n\t\t\t\t\t\t<div class=\"elementor-element elementor-element-4d5caeb elementor-widget elementor-widget-image\" data-id=\"4d5caeb\" data-element_type=\"widget\" data-widget_type=\"image.default\">\n\t\t\t\t<div class=\"elementor-widget-container\">\n\t\t\t<style>\/*! elementor - v3.23.0 - 05-08-2024 *\/\n.elementor-widget-image{text-align:center}.elementor-widget-image a{display:inline-block}.elementor-widget-image a img[src$=\".svg\"]{width:48px}.elementor-widget-image img{vertical-align:middle;display:inline-block}<\/style>\t\t\t\t\t\t\t\t\t\t<img fetchpriority=\"high\" width=\"780\" height=\"1135\" src=\"https:\/\/dermacentro.com.br\/wp-content\/uploads\/2022\/07\/harmonizacao-facial-copiar-2.webp\" class=\"attachment-full size-full wp-image-2060\" alt=\"\" srcset=\"https:\/\/dermacentro.com.br\/wp-content\/uploads\/2022\/07\/harmonizacao-facial-copiar-2.webp 780w, https:\/\/dermacentro.com.br\/wp-content\/uploads\/2022\/07\/harmonizacao-facial-copiar-2-206x300.webp 206w, https:\/\/dermacentro.com.br\/wp-content\/uploads\/2022\/07\/harmonizacao-facial-copiar-2-704x1024.webp 704w, https:\/\/dermacentro.com.br\/wp-content\/uploads\/2022\/07\/harmonizacao-facial-copiar-2-768x1118.webp 768w, https:\/\/dermacentro.com.br\/wp-content\/uploads\/2022\/07\/harmonizacao-facial-copiar-2-100x146.webp 100w, https:\/\/dermacentro.com.br\/wp-content\/uploads\/2022\/07\/harmonizacao-facial-copiar-2-34x50.webp 34w, https:\/\/dermacentro.com.br\/wp-content\/uploads\/2022\/07\/harmonizacao-facial-copiar-2-52x75.webp 52w\" sizes=\"(max-width: 780px) 100vw, 780px\" \/>\t\t\t\t\t\t\t\t\t\t\t\t\t<\/div>\n\t\t\t\t<\/div>\n\t\t\t\t\t<\/div>\n\t\t<\/div>\n\t\t\t\t<div class=\"elementor-column elementor-col-50 elementor-inner-column elementor-element elementor-element-8599277\" data-id=\"8599277\" data-element_type=\"column\">\n\t\t\t<div class=\"elementor-widget-wrap elementor-element-populated\">\n\t\t\t\t\t\t<div class=\"elementor-element elementor-element-d53fc86 elementor-widget elementor-widget-text-editor\" data-id=\"d53fc86\" data-element_type=\"widget\" data-widget_type=\"text-editor.default\">\n\t\t\t\t<div class=\"elementor-widget-container\">\n\t\t\t<style>\/*! elementor - v3.23.0 - 05-08-2024 *\/\n.elementor-widget-text-editor.elementor-drop-cap-view-stacked .elementor-drop-cap{background-color:#69727d;color:#fff}.elementor-widget-text-editor.elementor-drop-cap-view-framed .elementor-drop-cap{color:#69727d;border:3px solid;background-color:transparent}.elementor-widget-text-editor:not(.elementor-drop-cap-view-default) .elementor-drop-cap{margin-top:8px}.elementor-widget-text-editor:not(.elementor-drop-cap-view-default) .elementor-drop-cap-letter{width:1em;height:1em}.elementor-widget-text-editor .elementor-drop-cap{float:left;text-align:center;line-height:1;font-size:50px}.elementor-widget-text-editor .elementor-drop-cap-letter{display:inline-block}<\/style>\t\t\t\t<h3><span style=\"color: #ffffff;\">O que \u00e9?<\/span><\/h3>\t\t\t\t\t\t<\/div>\n\t\t\t\t<\/div>\n\t\t\t\t<div class=\"elementor-element elementor-element-444a6ba elementor-widget elementor-widget-text-editor\" data-id=\"444a6ba\" data-element_type=\"widget\" data-widget_type=\"text-editor.default\">\n\t\t\t\t<div class=\"elementor-widget-container\">\n\t\t\t\t\t\t\tA Naturaliza\u00e7\u00e3o Facial \u00e9 uma nova tend\u00eancia de tratamento no envelhecimento facial e baseia-se em uma avalia\u00e7\u00e3o tridimensional do rosto.\n\nA otimiza\u00e7\u00e3o dos resultados em tratamentos faciais \u00e9 a grande demanda atual.\n<h4><span style=\"color: #ffffff;\">O que \u00e9 a T\u00e9cnica de Naturaliza\u00e7\u00e3o Facial?<\/span><\/h4>\nEste tratamento combina a a\u00e7\u00e3o suavizadora dos preenchimentos nas rugas faciais e a a\u00e7\u00e3o de Relaxamento da Toxina Botul\u00ednica.\n\nA grande maioria das pessoas acredita que a Toxina Botul\u00ednica somente diminui a for\u00e7a de contra\u00e7\u00e3o dos m\u00fasculos de express\u00e3o enquanto os preenchedores d\u00e3o volume ou \u201crecheiam\u201d os sulcos do rosto. Mas, suas a\u00e7\u00f5es n\u00e3o param por a\u00ed: por diminuir a for\u00e7a de contra\u00e7\u00e3o dos m\u00fasculos da m\u00edmica facial, a Toxina Botul\u00ednica produzir\u00e1 uma suave eleva\u00e7\u00e3o do rosto, pela diminui\u00e7\u00e3o da tra\u00e7\u00e3o muscular, al\u00e9m de ter car\u00e1ter \u201ceducativo\u201d, condicionando os m\u00fasculos de express\u00e3o facial do rosto a contra\u00edrem com menos for\u00e7a.\n\nPor sua vez, os preenchedores faciais, al\u00e9m de volumizarem os rostos devolvem a ele o aspecto mais suave e natural, eliminando a express\u00e3o zangada, triste e cansada, promovendo a harmoniza\u00e7\u00e3o de suas linhas e de suas express\u00f5es.\t\t\t\t\t\t<\/div>\n\t\t\t\t<\/div>\n\t\t\t\t\t<\/div>\n\t\t<\/div>\n\t\t\t\t\t<\/div>\n\t\t<\/section>\n\t\t\t\t\t<\/div>\n\t\t<\/div>\n\t\t\t\t\t<\/div>\n\t\t<\/section>\n\t\t\t\t<section class=\"elementor-section elementor-top-section elementor-element elementor-element-23c64f6 elementor-section-stretched elementor-section-boxed elementor-section-height-default elementor-section-height-default\" data-id=\"23c64f6\" data-element_type=\"section\" data-settings=\"{&quot;stretch_section&quot;:&quot;section-stretched&quot;,&quot;background_background&quot;:&quot;classic&quot;}\">\n\t\t\t\t\t\t<div class=\"elementor-container elementor-column-gap-wider\">\n\t\t\t\t\t<div class=\"elementor-column elementor-col-100 elementor-top-column elementor-element elementor-element-536a83c\" data-id=\"536a83c\" data-element_type=\"column\">\n\t\t\t<div class=\"elementor-widget-wrap elementor-element-populated\">\n\t\t\t\t\t\t<section class=\"elementor-section elementor-inner-section elementor-element elementor-element-21d1228 elementor-section-boxed elementor-section-height-default elementor-section-height-default\" data-id=\"21d1228\" data-element_type=\"section\">\n\t\t\t\t\t\t<div class=\"elementor-container elementor-column-gap-default\">\n\t\t\t\t\t<div class=\"elementor-column elementor-col-100 elementor-inner-column elementor-element elementor-element-5128357\" data-id=\"5128357\" data-element_type=\"column\">\n\t\t\t<div class=\"elementor-widget-wrap elementor-element-populated\">\n\t\t\t\t\t\t<div class=\"elementor-element elementor-element-942eadf elementor-widget elementor-widget-text-editor\" data-id=\"942eadf\" data-element_type=\"widget\" data-widget_type=\"text-editor.default\">\n\t\t\t\t<div class=\"elementor-widget-container\">\n\t\t\t\t\t\t\t<h4 style=\"text-align: left;\">Indica\u00e7\u00f5es:<\/h4><ul style=\"text-align: left;\"><li>Rugas de express\u00e3o ou rugas din\u00e2micas da regi\u00e3o frontal<\/li><li>Rugas de express\u00e3o ou rugas din\u00e2micas ao redor dos olhos.<\/li><li>Eleva\u00e7\u00e3o das sobrancelhas.<\/li><li>Lift de Nefertite.<\/li><li>Tratamento do pesco\u00e7o.<\/li><li>Eleva\u00e7\u00e3o dos cantos da boca.<\/li><li>Tratamento das linhas ao redor da boca, conhecidas popularmente como \u201cc\u00f3digo de barras\u201d.<\/li><li>Tratamento das rugas nasais<\/li><li>Eleva\u00e7\u00e3o da ponta do nariz.<\/li><li>Diminui\u00e7\u00e3o da intensidade de contra\u00e7\u00e3o da musculatura da mastiga\u00e7\u00e3o, especialmente \u00fatil nos casos de bruxismo.<\/li><li>Preenchimento de Olheiras<\/li><li>Top Model Look<\/li><li>Sulcos e Rugas ( Ex: Bigode Chin\u00eas, Linhas de Marionete, C\u00f3digo de Barras)<\/li><li>Aumento, Defini\u00e7\u00e3o e Hidrata\u00e7\u00e3o dos L\u00e1bios.<\/li><li>Remodela\u00e7\u00e3o e eleva\u00e7\u00e3o da ponta do nariz.<\/li><li>Aumento do Queixo<\/li><li>Redesenho do Contorno Facial.<\/li><li>Defini\u00e7\u00e3o do Contorno da Mand\u00edbula<\/li><li>Preenchimento de Cicatrizes<\/li><li>Corre\u00e7\u00e3o de Assimetrias do Rosto<\/li><li>Volumiza\u00e7\u00e3o Facial<\/li><\/ul><h4 style=\"text-align: left;\">Como \u00e9 feita a aplica\u00e7\u00e3o?<\/h4><p style=\"text-align: left;\">\u00c9 realizada em consult\u00f3rio m\u00e9dico.<\/p><p style=\"text-align: left;\">Na maioria dos casos, utilizam-se previamente cremes anest\u00e9sicos (cremes anest\u00e9sicos) ou anestesia de bloqueio local (semelhante \u00e0 usada\u00a0pelos dentistas).<\/p><p style=\"text-align: left;\">Geralmente \u00e9 realizada a aplica\u00e7\u00e3o de \u00a0gelo local para tornar mais confort\u00e1vel o procedimento.<\/p><p style=\"text-align: left;\">Medicamentos antiinflamat\u00f3rios e contra a dor podem ser utilizados imediatamente antes da sess\u00e3o, com a orienta\u00e7\u00e3o do m\u00e9dico, desde que seja a vontade do paciente.<\/p><p style=\"text-align: left;\">A subst\u00e2ncia preenchedora \u00e9 injetada logo abaixo da superf\u00edcie da pele, dando volume e defini\u00e7\u00e3o \u00e0s \u00e1reas tratadas.<\/p><p style=\"text-align: left;\">Geralmente realizado em sess\u00e3o \u00fanica, podendo haver necessidade de retoque, que dever\u00e1 ser feito nos primeiros trinta dias.<\/p><p style=\"text-align: left;\">Demora de 30 a 60 minutos.<\/p><p style=\"text-align: left;\">O sucesso do tratamento \u00e9 diretamente proporcional \u00e0 experi\u00eancia clinica do m\u00e9dico injetor que escolher\u00e1 as \u00e1reas a serem tratadas e a quantidade e o tipo de produto a ser utilizado.<\/p>\t\t\t\t\t\t<\/div>\n\t\t\t\t<\/div>\n\t\t\t\t\t<\/div>\n\t\t<\/div>\n\t\t\t\t\t<\/div>\n\t\t<\/section>\n\t\t\t\t\t<\/div>\n\t\t<\/div>\n\t\t\t\t\t<\/div>\n\t\t<\/section>\n\t\t\t\t<section class=\"elementor-section elementor-top-section elementor-element elementor-element-1e396e2 elementor-section-stretched elementor-section-boxed elementor-section-height-default elementor-section-height-default\" data-id=\"1e396e2\" data-element_type=\"section\" data-settings=\"{&quot;stretch_section&quot;:&quot;section-stretched&quot;,&quot;background_background&quot;:&quot;classic&quot;}\">\n\t\t\t\t\t\t<div class=\"elementor-container elementor-column-gap-wider\">\n\t\t\t\t\t<div class=\"elementor-column elementor-col-100 elementor-top-column elementor-element elementor-element-c87c65b\" data-id=\"c87c65b\" data-element_type=\"column\">\n\t\t\t<div class=\"elementor-widget-wrap elementor-element-populated\">\n\t\t\t\t\t\t<div class=\"elementor-element elementor-element-1e20649 elementor-widget elementor-widget-text-editor\" data-id=\"1e20649\" data-element_type=\"widget\" data-widget_type=\"text-editor.default\">\n\t\t\t\t<div class=\"elementor-widget-container\">\n\t\t\t\t\t\t\t<h4><span style=\"color: #ffffff;\">Cuidados P\u00f3s-Procedimento:<\/span><\/h4><p>Ap\u00f3s a aplica\u00e7\u00e3o, o paciente pode movimentar muito os m\u00fasculos tratados para potencializar a a\u00e7\u00e3o da toxina.<\/p><p>\u00c9 ultrapassado o conceito de que se deve evitar abaixar a cabe\u00e7a e n\u00e3o deitar durante as quatro primeiras horas.<\/p><p>N\u00e3o s\u00e3o necess\u00e1rios cuidados especiais nem o afastamento das atividades de rotina nos primeiros dias depois de sua realiza\u00e7\u00e3o.<\/p><p>Imediatamente ap\u00f3s o procedimento, pode ocorrer incha\u00e7o, vermelhid\u00e3o ou arroxeamento tempor\u00e1rio. Estes sinais normalmente involuem e desaparecem\u00a0espontaneamente em alguns dias.<\/p><p>Podem ser aplicadas compressas geladas por cerca de dez minutos a cada 3 horas nos dois primeiros dias ap\u00f3s a sess\u00e3o.<\/p><p>O uso de analg\u00e9sicos \u00e9 quase sempre desnecess\u00e1rio.<\/p><p>Maquiagem corretiva pode ser aplicada 24 horas, ap\u00f3s a sess\u00e3o.<\/p><p>Procedimentos de apoio como drenagem linf\u00e1tica facial, radiofrequ\u00eancia, fototerapia por LED \u00a0e laser para roxos podem ser usados associados nos primeiros dias ap\u00f3s o\u00a0procedimento, uma vez que aceleram a regress\u00e3o do processo inflamat\u00f3rio, facilitando a elimina\u00e7\u00e3o dos incha\u00e7os e arroxeados.<\/p><p>Durante o per\u00edodo em que houver manchas arroxeadas, podem ser aplicadas cremes espec\u00edficos para sua redu\u00e7\u00e3o.<\/p><p>Enquanto houver manchas arroxeadas, o sol deve ser evitado.<\/p><p>Exerc\u00edcios podem ser retomados em aproximadamente vinte e quatro horas ap\u00f3s a sess\u00e3o.<\/p><h4><span style=\"color: #ffffff;\">Contraindica\u00e7\u00f5es:<\/span><\/h4><ul><li>Gestantes;<\/li><li>Lactentes;<\/li><li>Imunossuprimidos;<\/li><li>Portadores de distrofias musculares;<\/li><li>Portadores de doen\u00e7as autoimunes em atividade; \u00a0<\/li><li>Portadores de infec\u00e7\u00f5es de pele.<\/li><\/ul>\t\t\t\t\t\t<\/div>\n\t\t\t\t<\/div>\n\t\t\t\t\t<\/div>\n\t\t<\/div>\n\t\t\t\t\t<\/div>\n\t\t<\/section>\n\t\t\t\t<section class=\"elementor-section elementor-top-section elementor-element elementor-element-1e1d461 elementor-section-stretched elementor-section-boxed elementor-section-height-default elementor-section-height-default\" data-id=\"1e1d461\" data-element_type=\"section\" data-settings=\"{&quot;stretch_section&quot;:&quot;section-stretched&quot;}\">\n\t\t\t\t\t\t<div class=\"elementor-container elementor-column-gap-wider\">\n\t\t\t\t\t<div class=\"elementor-column elementor-col-100 elementor-top-column elementor-element elementor-element-98eea6e\" data-id=\"98eea6e\" data-element_type=\"column\">\n\t\t\t<div class=\"elementor-widget-wrap elementor-element-populated\">\n\t\t\t\t\t\t<section class=\"elementor-section elementor-inner-section elementor-element elementor-element-8caea67 elementor-section-boxed elementor-section-height-default elementor-section-height-default\" data-id=\"8caea67\" data-element_type=\"section\" data-settings=\"{&quot;background_background&quot;:&quot;classic&quot;}\">\n\t\t\t\t\t\t<div class=\"elementor-container elementor-column-gap-default\">\n\t\t\t\t\t<div class=\"elementor-column elementor-col-100 elementor-inner-column elementor-element elementor-element-7cbc67d\" data-id=\"7cbc67d\" data-element_type=\"column\" data-settings=\"{&quot;background_background&quot;:&quot;classic&quot;}\">\n\t\t\t<div class=\"elementor-widget-wrap elementor-element-populated\">\n\t\t\t\t\t\t<div class=\"elementor-element elementor-element-aa9989b elementor-widget elementor-widget-text-editor\" data-id=\"aa9989b\" data-element_type=\"widget\" data-widget_type=\"text-editor.default\">\n\t\t\t\t<div class=\"elementor-widget-container\">\n\t\t\t\t\t\t\t<h2><b>Contato<\/b><\/h2><div><b>Entre em contato conosco para tirar uma d\u00favida ou agendar uma consulta.<\/b><\/div>\t\t\t\t\t\t<\/div>\n\t\t\t\t<\/div>\n\t\t\t\t<div class=\"elementor-element elementor-element-d89342c elementor-widget elementor-widget-spacer\" data-id=\"d89342c\" data-element_type=\"widget\" data-widget_type=\"spacer.default\">\n\t\t\t\t<div class=\"elementor-widget-container\">\n\t\t\t<style>\/*! elementor - v3.23.0 - 05-08-2024 *\/\n.elementor-column .elementor-spacer-inner{height:var(--spacer-size)}.e-con{--container-widget-width:100%}.e-con-inner>.elementor-widget-spacer,.e-con>.elementor-widget-spacer{width:var(--container-widget-width,var(--spacer-size));--align-self:var(--container-widget-align-self,initial);--flex-shrink:0}.e-con-inner>.elementor-widget-spacer>.elementor-widget-container,.e-con>.elementor-widget-spacer>.elementor-widget-container{height:100%;width:100%}.e-con-inner>.elementor-widget-spacer>.elementor-widget-container>.elementor-spacer,.e-con>.elementor-widget-spacer>.elementor-widget-container>.elementor-spacer{height:100%}.e-con-inner>.elementor-widget-spacer>.elementor-widget-container>.elementor-spacer>.elementor-spacer-inner,.e-con>.elementor-widget-spacer>.elementor-widget-container>.elementor-spacer>.elementor-spacer-inner{height:var(--container-widget-height,var(--spacer-size))}.e-con-inner>.elementor-widget-spacer.elementor-widget-empty,.e-con>.elementor-widget-spacer.elementor-widget-empty{position:relative;min-height:22px;min-width:22px}.e-con-inner>.elementor-widget-spacer.elementor-widget-empty .elementor-widget-empty-icon,.e-con>.elementor-widget-spacer.elementor-widget-empty .elementor-widget-empty-icon{position:absolute;top:0;bottom:0;left:0;right:0;margin:auto;padding:0;width:22px;height:22px}<\/style>\t\t<div class=\"elementor-spacer\">\n\t\t\t<div class=\"elementor-spacer-inner\"><\/div>\n\t\t<\/div>\n\t\t\t\t<\/div>\n\t\t\t\t<\/div>\n\t\t\t\t<div class=\"elementor-element elementor-element-8c37a5d elementor-widget elementor-widget-shortcode\" data-id=\"8c37a5d\" data-element_type=\"widget\" data-widget_type=\"shortcode.default\">\n\t\t\t\t<div class=\"elementor-widget-container\">\n\t\t\t\t\t<div class=\"elementor-shortcode\">\n<div class=\"wpcf7 no-js\" id=\"wpcf7-f112-o1\" lang=\"en-US\" dir=\"ltr\">\n<div class=\"screen-reader-response\"><p role=\"status\" aria-live=\"polite\" aria-atomic=\"true\"><\/p> <ul><\/ul><\/div>\n<form action=\"\/index.php\/wp-json\/wp\/v2\/pages\/1003#wpcf7-f112-o1\" method=\"post\" class=\"wpcf7-form init\" aria-label=\"Contact form\" novalidate=\"novalidate\" data-status=\"init\">\n<div style=\"display: none;\">\n<input type=\"hidden\" name=\"_wpcf7\" value=\"112\" \/>\n<input type=\"hidden\" name=\"_wpcf7_version\" value=\"5.7.7\" \/>\n<input type=\"hidden\" name=\"_wpcf7_locale\" value=\"en_US\" \/>\n<input type=\"hidden\" name=\"_wpcf7_unit_tag\" value=\"wpcf7-f112-o1\" \/>\n<input type=\"hidden\" name=\"_wpcf7_container_post\" value=\"0\" \/>\n<input type=\"hidden\" name=\"_wpcf7_posted_data_hash\" value=\"\" \/>\n<\/div>\n<div class=\"column one-second\">\n\t<p><span class=\"wpcf7-form-control-wrap\" data-name=\"your-name\"><input size=\"40\" class=\"wpcf7-form-control wpcf7-text wpcf7-validates-as-required\" aria-required=\"true\" aria-invalid=\"false\" placeholder=\"Nome\" value=\"\" type=\"text\" name=\"your-name\" \/><\/span>\n\t<\/p>\n<\/div>\n<div class=\"column one-second\">\n\t<p><span class=\"wpcf7-form-control-wrap\" data-name=\"your-phone\"><input size=\"40\" class=\"wpcf7-form-control wpcf7-text wpcf7-tel wpcf7-validates-as-tel\" aria-invalid=\"false\" placeholder=\"Telefone\" value=\"\" type=\"tel\" name=\"your-phone\" \/><\/span>\n\t<\/p>\n<\/div>\n<div class=\"column one\">\n\t<p><span class=\"wpcf7-form-control-wrap\" data-name=\"E-mail\"><input size=\"40\" class=\"wpcf7-form-control wpcf7-text wpcf7-email wpcf7-validates-as-required wpcf7-validates-as-email\" aria-required=\"true\" aria-invalid=\"false\" placeholder=\"E-mail\" value=\"\" type=\"email\" name=\"E-mail\" \/><\/span>\n\t<\/p>\n<\/div>\n<div class=\"column one\">\n\t<p><span class=\"wpcf7-form-control-wrap\" data-name=\"your-message\"><textarea cols=\"40\" rows=\"1\" class=\"wpcf7-form-control wpcf7-textarea\" aria-invalid=\"false\" placeholder=\"Mensagem\" name=\"your-message\"><\/textarea><\/span>\n\t<\/p>\n<\/div>\n<div class=\"column one\" style=\"text-align: center;\">\n\t<p><input class=\"wpcf7-form-control has-spinner wpcf7-submit\" type=\"submit\" value=\"Enviar Mensagem\" \/>\n\t<\/p>\n<\/div><div class=\"wpcf7-response-output\" aria-hidden=\"true\"><\/div>\n<\/form>\n<\/div>\n<\/div>\n\t\t\t\t<\/div>\n\t\t\t\t<\/div>\n\t\t\t\t\t<\/div>\n\t\t<\/div>\n\t\t\t\t\t<\/div>\n\t\t<\/section>\n\t\t\t\t\t<\/div>\n\t\t<\/div>\n\t\t\t\t\t<\/div>\n\t\t<\/section>\n\t\t\t\t<\/div>\n\t\t","protected":false},"excerpt":{"rendered":"<p>O que \u00e9? A Harmoniza\u00e7\u00e3o Facial \u00e9 uma nova tend\u00eancia de tratamento no envelhecimento facial e baseia-se em uma avalia\u00e7\u00e3o tridimensional do rosto. A otimiza\u00e7\u00e3o dos<span class=\"excerpt-hellip\"> [\u2026]<\/span><\/p>\n","protected":false},"author":1,"featured_media":0,"parent":976,"menu_order":0,"comment_status":"closed","ping_status":"closed","template":"","meta":{"_joinchat":[]},"_links":{"self":[{"href":"https:\/\/dermacentro.com.br\/index.php\/wp-json\/wp\/v2\/pages\/1003"}],"collection":[{"href":"https:\/\/dermacentro.com.br\/index.php\/wp-json\/wp\/v2\/pages"}],"about":[{"href":"https:\/\/dermacentro.com.br\/index.php\/wp-json\/wp\/v2\/types\/page"}],"author":[{"embeddable":true,"href":"https:\/\/dermacentro.com.br\/index.php\/wp-json\/wp\/v2\/users\/1"}],"replies":[{"embeddable":true,"href":"https:\/\/dermacentro.com.br\/index.php\/wp-json\/wp\/v2\/comments?post=1003"}],"version-history":[{"count":13,"href":"https:\/\/dermacentro.com.br\/index.php\/wp-json\/wp\/v2\/pages\/1003\/revisions"}],"predecessor-version":[{"id":2533,"href":"https:\/\/dermacentro.com.br\/index.php\/wp-json\/wp\/v2\/pages\/1003\/revisions\/2533"}],"up":[{"embeddable":true,"href":"https:\/\/dermacentro.com.br\/index.php\/wp-json\/wp\/v2\/pages\/976"}],"wp:attachment":[{"href":"https:\/\/dermacentro.com.br\/index.php\/wp-json\/wp\/v2\/media?parent=1003"}],"curies":[{"name":"wp","href":"https:\/\/api.w.org\/{rel}","templated":true}]}}